{"id":4768,"date":"2024-07-10T16:21:58","date_gmt":"2024-07-10T14:21:58","guid":{"rendered":"https:\/\/www.ankarsrum.com\/no\/product\/deigrulle\/"},"modified":"2026-05-02T07:06:43","modified_gmt":"2026-05-02T05:06:43","slug":"deigrulle","status":"publish","type":"product","link":"https:\/\/www.ankarsrum.com\/no\/product\/deigrulle\/","title":{"rendered":"Deigrulle"},"content":{"rendered":"<p>\u2022 Bruk deigrullen sammen med deigkniven som f\u00f8rer deigen inn mot midten av bollen<br \/>\u2022 Deigrullen passer til Assistent Original-modeller N6-N30<\/p>\n<p>Hva skal du bruke, deigrullen eller deigkroken? Dette er et sp\u00f8rsm\u00e5l om smak og behag. Deigrullen valser og knar deigen mens deigkroken trekker og drar deigen. Deigrullen har v\u00e6rt med siden produktets opprinnelse, mens deigkrok f\u00f8rst kom til i forbindelse med lanseringen av Assistent Original i USA. V\u00e5rt r\u00e5d er \u00e5 pr\u00f8ve begge og selv bed\u00f8mme hva du foretrekker. Et punkt som er verdt \u00e5 merke seg er at deigkroken er best egnet for st\u00f8rre deiger.<\/p>","protected":false},"excerpt":{"rendered":"<p>Deigrullen &#8211; en unik m\u00e5te \u00e5 elte deig. Et Ankarsrum-ikon siden begynnelsen!<\/p>\n","protected":false},"featured_media":18138,"comment_status":"open","ping_status":"closed","template":"","meta":{"_acf_changed":false,"content-type":"","editor_notices":[]},"product_brand":[],"product_cat":[450],"product_tag":[],"product-tag":[],"machines":[234,256,259,261,262,264,269,273,275,280,237,283,242,243,248,252,229,236],"filter":[299],"class_list":{"0":"post-4768","1":"product","2":"type-product","3":"status-publish","4":"has-post-thumbnail","6":"product_cat-ankarsrum-deler","7":"machines-02-n1","8":"machines-09_n10","9":"machines-10-n100","10":"machines-11-n20","11":"machines-12-n21","12":"machines-13-n22","13":"machines-14-n23","14":"machines-15-n24","15":"machines-16-n25","16":"machines-17-n28","17":"machines-04-n3","18":"machines-19-n30","19":"machines-05-n4","20":"machines-06-n6","21":"machines-07-n7","22":"machines-08-n8","23":"machines-01-ng1","24":"machines-03-nx1","25":"filter-standardpakke","27":"first","28":"instock","29":"taxable","30":"shipping-taxable","31":"purchasable","32":"product-type-simple"},"bundled_by":[],"bundle_stock_status":"instock","bundle_stock_quantity":26,"bundle_virtual":false,"bundle_layout":"","bundle_add_to_cart_form_location":"","bundle_editable_in_cart":false,"bundle_sold_individually_context":"","bundle_item_grouping":"","bundle_min_size":"","bundle_max_size":"","bundle_price":[],"bundled_items":[],"bundle_sell_ids":[],"acf":[],"shsp-ext":{"main":{},"variations":[]},"yoast_head":"<!-- This site is optimized with the Yoast SEO Premium plugin v26.6 (Yoast SEO v26.6) - https:\/\/yoast.com\/wordpress\/plugins\/seo\/ -->\n<title>Deigrulle \u2013 Perfekt for jevn og enkel baking<\/title>\n<meta name=\"description\" content=\"Deigrulle som gj\u00f8r det enkelt \u00e5 kna og forme deig. Designet for effektiv baking, kompatibel med Ankarsrum kj\u00f8kkenmaskin for optimale resultater.\" \/>\n<meta name=\"robots\" content=\"index, follow, max-snippet:-1, max-image-preview:large, max-video-preview:-1\" \/>\n<link rel=\"canonical\" href=\"https:\/\/www.ankarsrum.com\/no\/product\/deigrulle\/\" \/>\n<meta property=\"og:locale\" content=\"nb_NO\" \/>\n<meta property=\"og:type\" content=\"article\" \/>\n<meta property=\"og:title\" content=\"Deigrulle\" \/>\n<meta property=\"og:description\" content=\"Deigrulle som gj\u00f8r det enkelt \u00e5 kna og forme deig. Designet for effektiv baking, kompatibel med Ankarsrum kj\u00f8kkenmaskin for optimale resultater.\" \/>\n<meta property=\"og:url\" content=\"https:\/\/www.ankarsrum.com\/no\/product\/deigrulle\/\" \/>\n<meta property=\"og:site_name\" content=\"Ankarsrum Norway\" \/>\n<meta property=\"article:modified_time\" content=\"2026-05-02T05:06:43+00:00\" \/>\n<meta property=\"og:image\" content=\"https:\/\/www.ankarsrum.com\/no\/wp-content\/uploads\/sites\/14\/2024\/09\/dough-roller-920900018.jpg\" \/>\n\t<meta property=\"og:image:width\" content=\"1200\" \/>\n\t<meta property=\"og:image:height\" content=\"630\" \/>\n\t<meta property=\"og:image:type\" content=\"image\/jpeg\" \/>\n<meta name=\"twitter:card\" content=\"summary_large_image\" \/>\n<meta name=\"twitter:label1\" content=\"Ansl. lesetid\" \/>\n\t<meta name=\"twitter:data1\" content=\"1 minutt\" \/>\n<script type=\"application\/ld+json\" class=\"yoast-schema-graph\">{\"@context\":\"https:\/\/schema.org\",\"@graph\":[{\"@type\":\"WebPage\",\"@id\":\"https:\/\/www.ankarsrum.com\/no\/product\/deigrulle\/\",\"url\":\"https:\/\/www.ankarsrum.com\/no\/product\/deigrulle\/\",\"name\":\"Deigrulle \u2013 Perfekt for jevn og enkel baking\",\"isPartOf\":{\"@id\":\"https:\/\/www.ankarsrum.com\/no\/#website\"},\"primaryImageOfPage\":{\"@id\":\"https:\/\/www.ankarsrum.com\/no\/product\/deigrulle\/#primaryimage\"},\"image\":{\"@id\":\"https:\/\/www.ankarsrum.com\/no\/product\/deigrulle\/#primaryimage\"},\"thumbnailUrl\":\"https:\/\/www.ankarsrum.com\/img-srv\/zDXgQXqMwwSrY1bXs98CjfxfnxjkVLcoQCJhEk1XHbc\/resizing_type:auto\/width:0\/height:0\/gravity:sm\/enlarge:1\/ext:webp\/strip_metadata:1\/quality:90\/cachebuster:filesize-78114\/bG9jYWw6Ly8vd3d3LmFua2Fyc3J1bS5jb20vd3AtY29udGVudC91cGxvYWRzL3NpdGVzLzE0LzIwMjQvMDkvZG91Z2gtcm9sbGVyLTkyMDkwMDAxOC5qcGc.webp\",\"datePublished\":\"2024-07-10T14:21:58+00:00\",\"dateModified\":\"2026-05-02T05:06:43+00:00\",\"description\":\"Deigrulle som gj\u00f8r det enkelt \u00e5 kna og forme deig. Designet for effektiv baking, kompatibel med Ankarsrum kj\u00f8kkenmaskin for optimale resultater.\",\"breadcrumb\":{\"@id\":\"https:\/\/www.ankarsrum.com\/no\/product\/deigrulle\/#breadcrumb\"},\"inLanguage\":\"nb-NO\",\"potentialAction\":[{\"@type\":\"ReadAction\",\"target\":[\"https:\/\/www.ankarsrum.com\/no\/product\/deigrulle\/\"]}]},{\"@type\":\"ImageObject\",\"inLanguage\":\"nb-NO\",\"@id\":\"https:\/\/www.ankarsrum.com\/no\/product\/deigrulle\/#primaryimage\",\"url\":\"https:\/\/www.ankarsrum.com\/img-srv\/zDXgQXqMwwSrY1bXs98CjfxfnxjkVLcoQCJhEk1XHbc\/resizing_type:auto\/width:0\/height:0\/gravity:sm\/enlarge:1\/ext:webp\/strip_metadata:1\/quality:90\/cachebuster:filesize-78114\/bG9jYWw6Ly8vd3d3LmFua2Fyc3J1bS5jb20vd3AtY29udGVudC91cGxvYWRzL3NpdGVzLzE0LzIwMjQvMDkvZG91Z2gtcm9sbGVyLTkyMDkwMDAxOC5qcGc.webp\",\"contentUrl\":\"https:\/\/www.ankarsrum.com\/img-srv\/zDXgQXqMwwSrY1bXs98CjfxfnxjkVLcoQCJhEk1XHbc\/resizing_type:auto\/width:0\/height:0\/gravity:sm\/enlarge:1\/ext:webp\/strip_metadata:1\/quality:90\/cachebuster:filesize-78114\/bG9jYWw6Ly8vd3d3LmFua2Fyc3J1bS5jb20vd3AtY29udGVudC91cGxvYWRzL3NpdGVzLzE0LzIwMjQvMDkvZG91Z2gtcm9sbGVyLTkyMDkwMDAxOC5qcGc.webp\",\"width\":1835,\"height\":1835},{\"@type\":\"BreadcrumbList\",\"@id\":\"https:\/\/www.ankarsrum.com\/no\/product\/deigrulle\/#breadcrumb\",\"itemListElement\":[{\"@type\":\"ListItem\",\"position\":1,\"name\":\"Home\",\"item\":\"https:\/\/www.ankarsrum.com\/no\/\"},{\"@type\":\"ListItem\",\"position\":2,\"name\":\"Produce name\",\"item\":\"https:\/\/www.ankarsrum.com\/no\/shop\/\"},{\"@type\":\"ListItem\",\"position\":3,\"name\":\"Deigrulle\"}]},{\"@type\":\"WebSite\",\"@id\":\"https:\/\/www.ankarsrum.com\/no\/#website\",\"url\":\"https:\/\/www.ankarsrum.com\/no\/\",\"name\":\"Ankarsrum Norway\",\"description\":\"The bread of the world\",\"potentialAction\":[{\"@type\":\"SearchAction\",\"target\":{\"@type\":\"EntryPoint\",\"urlTemplate\":\"https:\/\/www.ankarsrum.com\/no\/?s={search_term_string}\"},\"query-input\":{\"@type\":\"PropertyValueSpecification\",\"valueRequired\":true,\"valueName\":\"search_term_string\"}}],\"inLanguage\":\"nb-NO\"}]}<\/script>\n<!-- \/ Yoast SEO Premium plugin. -->","yoast_head_json":{"title":"Deigrulle \u2013 Perfekt for jevn og enkel baking","description":"Deigrulle som gj\u00f8r det enkelt \u00e5 kna og forme deig. Designet for effektiv baking, kompatibel med Ankarsrum kj\u00f8kkenmaskin for optimale resultater.","robots":{"index":"index","follow":"follow","max-snippet":"max-snippet:-1","max-image-preview":"max-image-preview:large","max-video-preview":"max-video-preview:-1"},"canonical":"https:\/\/www.ankarsrum.com\/no\/product\/deigrulle\/","og_locale":"nb_NO","og_type":"article","og_title":"Deigrulle","og_description":"Deigrulle som gj\u00f8r det enkelt \u00e5 kna og forme deig. Designet for effektiv baking, kompatibel med Ankarsrum kj\u00f8kkenmaskin for optimale resultater.","og_url":"https:\/\/www.ankarsrum.com\/no\/product\/deigrulle\/","og_site_name":"Ankarsrum Norway","article_modified_time":"2026-05-02T05:06:43+00:00","og_image":[{"width":1200,"height":630,"url":"https:\/\/www.ankarsrum.com\/no\/wp-content\/uploads\/sites\/14\/2024\/09\/dough-roller-920900018.jpg","type":"image\/jpeg"}],"twitter_card":"summary_large_image","twitter_misc":{"Ansl. lesetid":"1 minutt"},"schema":{"@context":"https:\/\/schema.org","@graph":[{"@type":"WebPage","@id":"https:\/\/www.ankarsrum.com\/no\/product\/deigrulle\/","url":"https:\/\/www.ankarsrum.com\/no\/product\/deigrulle\/","name":"Deigrulle \u2013 Perfekt for jevn og enkel baking","isPartOf":{"@id":"https:\/\/www.ankarsrum.com\/no\/#website"},"primaryImageOfPage":{"@id":"https:\/\/www.ankarsrum.com\/no\/product\/deigrulle\/#primaryimage"},"image":{"@id":"https:\/\/www.ankarsrum.com\/no\/product\/deigrulle\/#primaryimage"},"thumbnailUrl":"https:\/\/www.ankarsrum.com\/img-srv\/zDXgQXqMwwSrY1bXs98CjfxfnxjkVLcoQCJhEk1XHbc\/resizing_type:auto\/width:0\/height:0\/gravity:sm\/enlarge:1\/ext:webp\/strip_metadata:1\/quality:90\/cachebuster:filesize-78114\/bG9jYWw6Ly8vd3d3LmFua2Fyc3J1bS5jb20vd3AtY29udGVudC91cGxvYWRzL3NpdGVzLzE0LzIwMjQvMDkvZG91Z2gtcm9sbGVyLTkyMDkwMDAxOC5qcGc.webp","datePublished":"2024-07-10T14:21:58+00:00","dateModified":"2026-05-02T05:06:43+00:00","description":"Deigrulle som gj\u00f8r det enkelt \u00e5 kna og forme deig. Designet for effektiv baking, kompatibel med Ankarsrum kj\u00f8kkenmaskin for optimale resultater.","breadcrumb":{"@id":"https:\/\/www.ankarsrum.com\/no\/product\/deigrulle\/#breadcrumb"},"inLanguage":"nb-NO","potentialAction":[{"@type":"ReadAction","target":["https:\/\/www.ankarsrum.com\/no\/product\/deigrulle\/"]}]},{"@type":"ImageObject","inLanguage":"nb-NO","@id":"https:\/\/www.ankarsrum.com\/no\/product\/deigrulle\/#primaryimage","url":"https:\/\/www.ankarsrum.com\/img-srv\/zDXgQXqMwwSrY1bXs98CjfxfnxjkVLcoQCJhEk1XHbc\/resizing_type:auto\/width:0\/height:0\/gravity:sm\/enlarge:1\/ext:webp\/strip_metadata:1\/quality:90\/cachebuster:filesize-78114\/bG9jYWw6Ly8vd3d3LmFua2Fyc3J1bS5jb20vd3AtY29udGVudC91cGxvYWRzL3NpdGVzLzE0LzIwMjQvMDkvZG91Z2gtcm9sbGVyLTkyMDkwMDAxOC5qcGc.webp","contentUrl":"https:\/\/www.ankarsrum.com\/img-srv\/zDXgQXqMwwSrY1bXs98CjfxfnxjkVLcoQCJhEk1XHbc\/resizing_type:auto\/width:0\/height:0\/gravity:sm\/enlarge:1\/ext:webp\/strip_metadata:1\/quality:90\/cachebuster:filesize-78114\/bG9jYWw6Ly8vd3d3LmFua2Fyc3J1bS5jb20vd3AtY29udGVudC91cGxvYWRzL3NpdGVzLzE0LzIwMjQvMDkvZG91Z2gtcm9sbGVyLTkyMDkwMDAxOC5qcGc.webp","width":1835,"height":1835},{"@type":"BreadcrumbList","@id":"https:\/\/www.ankarsrum.com\/no\/product\/deigrulle\/#breadcrumb","itemListElement":[{"@type":"ListItem","position":1,"name":"Home","item":"https:\/\/www.ankarsrum.com\/no\/"},{"@type":"ListItem","position":2,"name":"Produce name","item":"https:\/\/www.ankarsrum.com\/no\/shop\/"},{"@type":"ListItem","position":3,"name":"Deigrulle"}]},{"@type":"WebSite","@id":"https:\/\/www.ankarsrum.com\/no\/#website","url":"https:\/\/www.ankarsrum.com\/no\/","name":"Ankarsrum Norway","description":"The bread of the world","potentialAction":[{"@type":"SearchAction","target":{"@type":"EntryPoint","urlTemplate":"https:\/\/www.ankarsrum.com\/no\/?s={search_term_string}"},"query-input":{"@type":"PropertyValueSpecification","valueRequired":true,"valueName":"search_term_string"}}],"inLanguage":"nb-NO"}]}},"_links":{"self":[{"href":"https:\/\/www.ankarsrum.com\/no\/wp-json\/wp\/v2\/product\/4768","targetHints":{"allow":["GET"]}}],"collection":[{"href":"https:\/\/www.ankarsrum.com\/no\/wp-json\/wp\/v2\/product"}],"about":[{"href":"https:\/\/www.ankarsrum.com\/no\/wp-json\/wp\/v2\/types\/product"}],"replies":[{"embeddable":true,"href":"https:\/\/www.ankarsrum.com\/no\/wp-json\/wp\/v2\/comments?post=4768"}],"wp:featuredmedia":[{"embeddable":true,"href":"https:\/\/www.ankarsrum.com\/no\/wp-json\/wp\/v2\/media\/18138"}],"wp:attachment":[{"href":"https:\/\/www.ankarsrum.com\/no\/wp-json\/wp\/v2\/media?parent=4768"}],"wp:term":[{"taxonomy":"product_brand","embeddable":true,"href":"https:\/\/www.ankarsrum.com\/no\/wp-json\/wp\/v2\/product_brand?post=4768"},{"taxonomy":"product_cat","embeddable":true,"href":"https:\/\/www.ankarsrum.com\/no\/wp-json\/wp\/v2\/product_cat?post=4768"},{"taxonomy":"product_tag","embeddable":true,"href":"https:\/\/www.ankarsrum.com\/no\/wp-json\/wp\/v2\/product_tag?post=4768"},{"taxonomy":"product-tag","embeddable":true,"href":"https:\/\/www.ankarsrum.com\/no\/wp-json\/wp\/v2\/product-tag?post=4768"},{"taxonomy":"machines","embeddable":true,"href":"https:\/\/www.ankarsrum.com\/no\/wp-json\/wp\/v2\/machines?post=4768"},{"taxonomy":"filter","embeddable":true,"href":"https:\/\/www.ankarsrum.com\/no\/wp-json\/wp\/v2\/filter?post=4768"}],"curies":[{"name":"wp","href":"https:\/\/api.w.org\/{rel}","templated":true}]}}