{"id":4770,"date":"2024-07-10T16:30:33","date_gmt":"2024-07-10T14:30:33","guid":{"rendered":"https:\/\/www.ankarsrum.com\/no\/product\/deigkrok\/"},"modified":"2026-04-16T05:46:25","modified_gmt":"2026-04-16T03:46:25","slug":"deigkrok","status":"publish","type":"product","link":"https:\/\/www.ankarsrum.com\/no\/product\/deigkrok\/","title":{"rendered":"Deigkrok"},"content":{"rendered":"<p>\u2022 Deigkroken benyttes prim\u00e6rt til br\u00f8dbaking!<br \/>\u2022 Bruk alltid deigkroken sammen med deigkniven som f\u00f8rer deigen inn mot midten av bollen.<br \/>\u2022 Deigenkroken passer nyere Assistent Original-modeller (N25-N30)<\/p>\n<p>Hva skal du bruke, deigrullen eller deigkroken? Dette er et sp\u00f8rsm\u00e5l om smak og behag. Deigrullen valser og knar deigen mens deigkroken trekker og drar deigen. Deigrullen har v\u00e6rt med siden produktets opprinnelse, mens deigkrok f\u00f8rst kom til i forbindelse med lanseringen av Assistent Original i USA. V\u00e5rt r\u00e5d er \u00e5 pr\u00f8ve begge og selv bed\u00f8mme hva du foretrekker. Et punkt som er verdt \u00e5 merke seg er at deigkroken er best egnet for st\u00f8rre deiger.<\/p>","protected":false},"excerpt":{"rendered":"<p>Dough kroken i rustfritt st\u00e5l som &#34;trekker&#34; deigen. Anbefales ved Baking av st\u00f8rre deiger.<\/p>\n","protected":false},"featured_media":18132,"comment_status":"open","ping_status":"closed","template":"","meta":{"_acf_changed":false,"content-type":"","editor_notices":[]},"product_brand":[],"product_cat":[450],"product_tag":[],"product-tag":[],"machines":[275,280,283],"filter":[299],"class_list":{"0":"post-4770","1":"product","2":"type-product","3":"status-publish","4":"has-post-thumbnail","6":"product_cat-ankarsrum-deler","7":"machines-16-n25","8":"machines-17-n28","9":"machines-19-n30","10":"filter-standardpakke","12":"first","13":"instock","14":"taxable","15":"shipping-taxable","16":"purchasable","17":"product-type-simple"},"bundled_by":[],"bundle_stock_status":"instock","bundle_stock_quantity":20,"bundle_virtual":false,"bundle_layout":"","bundle_add_to_cart_form_location":"","bundle_editable_in_cart":false,"bundle_sold_individually_context":"","bundle_item_grouping":"","bundle_min_size":"","bundle_max_size":"","bundle_price":[],"bundled_items":[],"bundle_sell_ids":[],"acf":[],"shsp-ext":{"main":{},"variations":[]},"yoast_head":"<!-- This site is optimized with the Yoast SEO Premium plugin v26.6 (Yoast SEO v26.6) - https:\/\/yoast.com\/wordpress\/plugins\/seo\/ -->\n<title>Deigkrok \u2013 Kraftig elting for perfekte deiger<\/title>\n<meta name=\"description\" content=\"Deigkrok som gir jevn og kraftig elting av tunge deiger. Ideell for baking, kompatibel med Ankarsrum kj\u00f8kkenmaskin for optimale resultater.\" \/>\n<meta name=\"robots\" content=\"index, follow, max-snippet:-1, max-image-preview:large, max-video-preview:-1\" \/>\n<link rel=\"canonical\" href=\"https:\/\/www.ankarsrum.com\/no\/product\/deigkrok\/\" \/>\n<meta property=\"og:locale\" content=\"nb_NO\" \/>\n<meta property=\"og:type\" content=\"article\" \/>\n<meta property=\"og:title\" content=\"Deigkrok\" \/>\n<meta property=\"og:description\" content=\"Deigkrok som gir jevn og kraftig elting av tunge deiger. Ideell for baking, kompatibel med Ankarsrum kj\u00f8kkenmaskin for optimale resultater.\" \/>\n<meta property=\"og:url\" content=\"https:\/\/www.ankarsrum.com\/no\/product\/deigkrok\/\" \/>\n<meta property=\"og:site_name\" content=\"Ankarsrum Norway\" \/>\n<meta property=\"article:modified_time\" content=\"2026-04-16T03:46:25+00:00\" \/>\n<meta property=\"og:image\" content=\"https:\/\/www.ankarsrum.com\/no\/wp-content\/uploads\/sites\/14\/2024\/09\/dough-hook-920900021.jpg\" \/>\n\t<meta property=\"og:image:width\" content=\"1200\" \/>\n\t<meta property=\"og:image:height\" content=\"630\" \/>\n\t<meta property=\"og:image:type\" content=\"image\/jpeg\" \/>\n<meta name=\"twitter:card\" content=\"summary_large_image\" \/>\n<meta name=\"twitter:label1\" content=\"Ansl. lesetid\" \/>\n\t<meta name=\"twitter:data1\" content=\"1 minutt\" \/>\n<script type=\"application\/ld+json\" class=\"yoast-schema-graph\">{\"@context\":\"https:\/\/schema.org\",\"@graph\":[{\"@type\":\"WebPage\",\"@id\":\"https:\/\/www.ankarsrum.com\/no\/product\/deigkrok\/\",\"url\":\"https:\/\/www.ankarsrum.com\/no\/product\/deigkrok\/\",\"name\":\"Deigkrok \u2013 Kraftig elting for perfekte deiger\",\"isPartOf\":{\"@id\":\"https:\/\/www.ankarsrum.com\/no\/#website\"},\"primaryImageOfPage\":{\"@id\":\"https:\/\/www.ankarsrum.com\/no\/product\/deigkrok\/#primaryimage\"},\"image\":{\"@id\":\"https:\/\/www.ankarsrum.com\/no\/product\/deigkrok\/#primaryimage\"},\"thumbnailUrl\":\"https:\/\/www.ankarsrum.com\/img-srv\/ME_qQx7NdD2PXdJd32peyf8oD-d4-ccthPxAv1lHlSE\/resizing_type:auto\/width:0\/height:0\/gravity:sm\/enlarge:1\/ext:webp\/strip_metadata:1\/quality:90\/cachebuster:filesize-154778\/bG9jYWw6Ly8vd3d3LmFua2Fyc3J1bS5jb20vd3AtY29udGVudC91cGxvYWRzL3NpdGVzLzE0LzIwMjQvMDkvZG91Z2gtaG9vay05MjA5MDAwMjEuanBn.webp\",\"datePublished\":\"2024-07-10T14:30:33+00:00\",\"dateModified\":\"2026-04-16T03:46:25+00:00\",\"description\":\"Deigkrok som gir jevn og kraftig elting av tunge deiger. Ideell for baking, kompatibel med Ankarsrum kj\u00f8kkenmaskin for optimale resultater.\",\"breadcrumb\":{\"@id\":\"https:\/\/www.ankarsrum.com\/no\/product\/deigkrok\/#breadcrumb\"},\"inLanguage\":\"nb-NO\",\"potentialAction\":[{\"@type\":\"ReadAction\",\"target\":[\"https:\/\/www.ankarsrum.com\/no\/product\/deigkrok\/\"]}]},{\"@type\":\"ImageObject\",\"inLanguage\":\"nb-NO\",\"@id\":\"https:\/\/www.ankarsrum.com\/no\/product\/deigkrok\/#primaryimage\",\"url\":\"https:\/\/www.ankarsrum.com\/img-srv\/ME_qQx7NdD2PXdJd32peyf8oD-d4-ccthPxAv1lHlSE\/resizing_type:auto\/width:0\/height:0\/gravity:sm\/enlarge:1\/ext:webp\/strip_metadata:1\/quality:90\/cachebuster:filesize-154778\/bG9jYWw6Ly8vd3d3LmFua2Fyc3J1bS5jb20vd3AtY29udGVudC91cGxvYWRzL3NpdGVzLzE0LzIwMjQvMDkvZG91Z2gtaG9vay05MjA5MDAwMjEuanBn.webp\",\"contentUrl\":\"https:\/\/www.ankarsrum.com\/img-srv\/ME_qQx7NdD2PXdJd32peyf8oD-d4-ccthPxAv1lHlSE\/resizing_type:auto\/width:0\/height:0\/gravity:sm\/enlarge:1\/ext:webp\/strip_metadata:1\/quality:90\/cachebuster:filesize-154778\/bG9jYWw6Ly8vd3d3LmFua2Fyc3J1bS5jb20vd3AtY29udGVudC91cGxvYWRzL3NpdGVzLzE0LzIwMjQvMDkvZG91Z2gtaG9vay05MjA5MDAwMjEuanBn.webp\",\"width\":2384,\"height\":2550},{\"@type\":\"BreadcrumbList\",\"@id\":\"https:\/\/www.ankarsrum.com\/no\/product\/deigkrok\/#breadcrumb\",\"itemListElement\":[{\"@type\":\"ListItem\",\"position\":1,\"name\":\"Home\",\"item\":\"https:\/\/www.ankarsrum.com\/no\/\"},{\"@type\":\"ListItem\",\"position\":2,\"name\":\"Produce name\",\"item\":\"https:\/\/www.ankarsrum.com\/no\/shop\/\"},{\"@type\":\"ListItem\",\"position\":3,\"name\":\"Deigkrok\"}]},{\"@type\":\"WebSite\",\"@id\":\"https:\/\/www.ankarsrum.com\/no\/#website\",\"url\":\"https:\/\/www.ankarsrum.com\/no\/\",\"name\":\"Ankarsrum Norway\",\"description\":\"The bread of the world\",\"potentialAction\":[{\"@type\":\"SearchAction\",\"target\":{\"@type\":\"EntryPoint\",\"urlTemplate\":\"https:\/\/www.ankarsrum.com\/no\/?s={search_term_string}\"},\"query-input\":{\"@type\":\"PropertyValueSpecification\",\"valueRequired\":true,\"valueName\":\"search_term_string\"}}],\"inLanguage\":\"nb-NO\"}]}<\/script>\n<!-- \/ Yoast SEO Premium plugin. -->","yoast_head_json":{"title":"Deigkrok \u2013 Kraftig elting for perfekte deiger","description":"Deigkrok som gir jevn og kraftig elting av tunge deiger. Ideell for baking, kompatibel med Ankarsrum kj\u00f8kkenmaskin for optimale resultater.","robots":{"index":"index","follow":"follow","max-snippet":"max-snippet:-1","max-image-preview":"max-image-preview:large","max-video-preview":"max-video-preview:-1"},"canonical":"https:\/\/www.ankarsrum.com\/no\/product\/deigkrok\/","og_locale":"nb_NO","og_type":"article","og_title":"Deigkrok","og_description":"Deigkrok som gir jevn og kraftig elting av tunge deiger. Ideell for baking, kompatibel med Ankarsrum kj\u00f8kkenmaskin for optimale resultater.","og_url":"https:\/\/www.ankarsrum.com\/no\/product\/deigkrok\/","og_site_name":"Ankarsrum Norway","article_modified_time":"2026-04-16T03:46:25+00:00","og_image":[{"width":1200,"height":630,"url":"https:\/\/www.ankarsrum.com\/no\/wp-content\/uploads\/sites\/14\/2024\/09\/dough-hook-920900021.jpg","type":"image\/jpeg"}],"twitter_card":"summary_large_image","twitter_misc":{"Ansl. lesetid":"1 minutt"},"schema":{"@context":"https:\/\/schema.org","@graph":[{"@type":"WebPage","@id":"https:\/\/www.ankarsrum.com\/no\/product\/deigkrok\/","url":"https:\/\/www.ankarsrum.com\/no\/product\/deigkrok\/","name":"Deigkrok \u2013 Kraftig elting for perfekte deiger","isPartOf":{"@id":"https:\/\/www.ankarsrum.com\/no\/#website"},"primaryImageOfPage":{"@id":"https:\/\/www.ankarsrum.com\/no\/product\/deigkrok\/#primaryimage"},"image":{"@id":"https:\/\/www.ankarsrum.com\/no\/product\/deigkrok\/#primaryimage"},"thumbnailUrl":"https:\/\/www.ankarsrum.com\/img-srv\/ME_qQx7NdD2PXdJd32peyf8oD-d4-ccthPxAv1lHlSE\/resizing_type:auto\/width:0\/height:0\/gravity:sm\/enlarge:1\/ext:webp\/strip_metadata:1\/quality:90\/cachebuster:filesize-154778\/bG9jYWw6Ly8vd3d3LmFua2Fyc3J1bS5jb20vd3AtY29udGVudC91cGxvYWRzL3NpdGVzLzE0LzIwMjQvMDkvZG91Z2gtaG9vay05MjA5MDAwMjEuanBn.webp","datePublished":"2024-07-10T14:30:33+00:00","dateModified":"2026-04-16T03:46:25+00:00","description":"Deigkrok som gir jevn og kraftig elting av tunge deiger. Ideell for baking, kompatibel med Ankarsrum kj\u00f8kkenmaskin for optimale resultater.","breadcrumb":{"@id":"https:\/\/www.ankarsrum.com\/no\/product\/deigkrok\/#breadcrumb"},"inLanguage":"nb-NO","potentialAction":[{"@type":"ReadAction","target":["https:\/\/www.ankarsrum.com\/no\/product\/deigkrok\/"]}]},{"@type":"ImageObject","inLanguage":"nb-NO","@id":"https:\/\/www.ankarsrum.com\/no\/product\/deigkrok\/#primaryimage","url":"https:\/\/www.ankarsrum.com\/img-srv\/ME_qQx7NdD2PXdJd32peyf8oD-d4-ccthPxAv1lHlSE\/resizing_type:auto\/width:0\/height:0\/gravity:sm\/enlarge:1\/ext:webp\/strip_metadata:1\/quality:90\/cachebuster:filesize-154778\/bG9jYWw6Ly8vd3d3LmFua2Fyc3J1bS5jb20vd3AtY29udGVudC91cGxvYWRzL3NpdGVzLzE0LzIwMjQvMDkvZG91Z2gtaG9vay05MjA5MDAwMjEuanBn.webp","contentUrl":"https:\/\/www.ankarsrum.com\/img-srv\/ME_qQx7NdD2PXdJd32peyf8oD-d4-ccthPxAv1lHlSE\/resizing_type:auto\/width:0\/height:0\/gravity:sm\/enlarge:1\/ext:webp\/strip_metadata:1\/quality:90\/cachebuster:filesize-154778\/bG9jYWw6Ly8vd3d3LmFua2Fyc3J1bS5jb20vd3AtY29udGVudC91cGxvYWRzL3NpdGVzLzE0LzIwMjQvMDkvZG91Z2gtaG9vay05MjA5MDAwMjEuanBn.webp","width":2384,"height":2550},{"@type":"BreadcrumbList","@id":"https:\/\/www.ankarsrum.com\/no\/product\/deigkrok\/#breadcrumb","itemListElement":[{"@type":"ListItem","position":1,"name":"Home","item":"https:\/\/www.ankarsrum.com\/no\/"},{"@type":"ListItem","position":2,"name":"Produce name","item":"https:\/\/www.ankarsrum.com\/no\/shop\/"},{"@type":"ListItem","position":3,"name":"Deigkrok"}]},{"@type":"WebSite","@id":"https:\/\/www.ankarsrum.com\/no\/#website","url":"https:\/\/www.ankarsrum.com\/no\/","name":"Ankarsrum Norway","description":"The bread of the world","potentialAction":[{"@type":"SearchAction","target":{"@type":"EntryPoint","urlTemplate":"https:\/\/www.ankarsrum.com\/no\/?s={search_term_string}"},"query-input":{"@type":"PropertyValueSpecification","valueRequired":true,"valueName":"search_term_string"}}],"inLanguage":"nb-NO"}]}},"_links":{"self":[{"href":"https:\/\/www.ankarsrum.com\/no\/wp-json\/wp\/v2\/product\/4770","targetHints":{"allow":["GET"]}}],"collection":[{"href":"https:\/\/www.ankarsrum.com\/no\/wp-json\/wp\/v2\/product"}],"about":[{"href":"https:\/\/www.ankarsrum.com\/no\/wp-json\/wp\/v2\/types\/product"}],"replies":[{"embeddable":true,"href":"https:\/\/www.ankarsrum.com\/no\/wp-json\/wp\/v2\/comments?post=4770"}],"wp:featuredmedia":[{"embeddable":true,"href":"https:\/\/www.ankarsrum.com\/no\/wp-json\/wp\/v2\/media\/18132"}],"wp:attachment":[{"href":"https:\/\/www.ankarsrum.com\/no\/wp-json\/wp\/v2\/media?parent=4770"}],"wp:term":[{"taxonomy":"product_brand","embeddable":true,"href":"https:\/\/www.ankarsrum.com\/no\/wp-json\/wp\/v2\/product_brand?post=4770"},{"taxonomy":"product_cat","embeddable":true,"href":"https:\/\/www.ankarsrum.com\/no\/wp-json\/wp\/v2\/product_cat?post=4770"},{"taxonomy":"product_tag","embeddable":true,"href":"https:\/\/www.ankarsrum.com\/no\/wp-json\/wp\/v2\/product_tag?post=4770"},{"taxonomy":"product-tag","embeddable":true,"href":"https:\/\/www.ankarsrum.com\/no\/wp-json\/wp\/v2\/product-tag?post=4770"},{"taxonomy":"machines","embeddable":true,"href":"https:\/\/www.ankarsrum.com\/no\/wp-json\/wp\/v2\/machines?post=4770"},{"taxonomy":"filter","embeddable":true,"href":"https:\/\/www.ankarsrum.com\/no\/wp-json\/wp\/v2\/filter?post=4770"}],"curies":[{"name":"wp","href":"https:\/\/api.w.org\/{rel}","templated":true}]}}