{"id":4774,"date":"2024-07-04T09:07:22","date_gmt":"2024-07-04T07:07:22","guid":{"rendered":"https:\/\/www.ankarsrum.com\/no\/product\/sitruspresse\/"},"modified":"2026-04-14T05:35:37","modified_gmt":"2026-04-14T03:35:37","slug":"sitruspresse","status":"publish","type":"product","link":"https:\/\/www.ankarsrum.com\/no\/product\/sitruspresse\/","title":{"rendered":"Sitruspresse"},"content":{"rendered":"<p><span>Ankarsrums sitruspresse gj\u00f8r det enkelt \u00e5 presse frukt \u2013 og det er like effektivt som det er enkelt. Monter sitruspressen p\u00e5 din Ankarsrum Assistent Original og la maskinen gj\u00f8re jobben for deg. Enten du vil presse lime til maten eller servere fersk appelsinjuice til frokosten f\u00e5r du ut maksimalt juice med minimal innsats. Perfekt til alt fra appelsiner og sitroner til lime og grapefrukt!<\/span><\/p>\n<p><span>Det smarte designet med sil fanger fr\u00f8 og fruktkj\u00f8tt, mens rennen s\u00f8rger for at bitterheten fra frukten ikke f\u00f8lger med. Med en kapasitet p\u00e5 1,2 liter kan du enkelt lage juice til hele familien, og den BPA-frie beholderen gj\u00f8r det enkelt \u00e5 helle rett fra bollen. Gj\u00f8r hver dag litt friskere med Ankarsrum Sitruspresse \u2013 den perfekte hjelperen p\u00e5 kj\u00f8kkenet ditt!<\/span><\/p>\n<p><strong><span>Sitruspressen passer til alle modeller av Assistent Original N1-N30.<\/span><\/strong><\/p>\n<p><span>Hva er inkludert?<\/span><\/p>\n<ul>\n<li><span>Beholder\/bolle<\/span><\/li>\n<li><span>Sitruspresse<\/span><span style=\"font-size: 12.0pt; line-height: 115%; font-family: &#039;Aptos&#039;,sans-serif; mso-ascii-theme-font: minor-latin; mso-fareast-font-family: &#039;Times New Roman&#039;; mso-hansi-theme-font: minor-latin; mso-bidi-font-family: &#039;Times New Roman&#039;; mso-font-kerning: 0pt; mso-ligatures: none; mso-ansi-language: NO-BOK; mso-fareast-language: SV; mso-bidi-language: AR-SA;\"> <br \/><br \/><\/span><\/li>\n<\/ul>","protected":false},"excerpt":{"rendered":"<p><span>Gi morgenene en forfriskende start med ferskpresset juice \u2013 enkelt fikset med Ankarsrums Sitruspresse. Enten det er appelsin, lime eller grapefrukt, vil sitruspressen bli en uunnv\u00e6rlig del av kj\u00f8kkenet for hele familien \u00e5 nyte.<\/span><\/p>\n","protected":false},"featured_media":17802,"comment_status":"open","ping_status":"closed","template":"","meta":{"_acf_changed":false,"content-type":"","editor_notices":[]},"product_brand":[],"product_cat":[453],"product_tag":[],"product-tag":[],"machines":[256,259,261,262,264,269,273,275,280,283],"filter":[309],"class_list":{"0":"post-4774","1":"product","2":"type-product","3":"status-publish","4":"has-post-thumbnail","6":"product_cat-ankarsrum-tilbehor","7":"machines-09_n10","8":"machines-10-n100","9":"machines-11-n20","10":"machines-12-n21","11":"machines-13-n22","12":"machines-14-n23","13":"machines-15-n24","14":"machines-16-n25","15":"machines-17-n28","16":"machines-19-n30","17":"filter-frukt-gront","19":"first","20":"outofstock","21":"taxable","22":"shipping-taxable","23":"purchasable","24":"product-type-simple"},"bundled_by":[],"bundle_stock_status":"outofstock","bundle_stock_quantity":0,"bundle_virtual":false,"bundle_layout":"","bundle_add_to_cart_form_location":"","bundle_editable_in_cart":false,"bundle_sold_individually_context":"","bundle_item_grouping":"","bundle_min_size":"","bundle_max_size":"","bundle_price":[],"bundled_items":[],"bundle_sell_ids":[],"acf":[],"shsp-ext":{"main":{},"variations":[]},"yoast_head":"<!-- This site is optimized with the Yoast SEO Premium plugin v26.6 (Yoast SEO v26.6) - https:\/\/yoast.com\/wordpress\/plugins\/seo\/ -->\n<title>Sitruspresse \u2013 Ferskpresset juice p\u00e5 null tid<\/title>\n<meta name=\"description\" content=\"Sitruspresse som gir deg ferskpresset juice raskt og enkelt. Perfekt for appelsiner, sitroner og lime til frokost eller matlaging.\" \/>\n<meta name=\"robots\" content=\"index, follow, max-snippet:-1, max-image-preview:large, max-video-preview:-1\" \/>\n<link rel=\"canonical\" href=\"https:\/\/www.ankarsrum.com\/no\/product\/sitruspresse\/\" \/>\n<meta property=\"og:locale\" content=\"nb_NO\" \/>\n<meta property=\"og:type\" content=\"article\" \/>\n<meta property=\"og:title\" content=\"Sitruspresse\" \/>\n<meta property=\"og:description\" content=\"Sitruspresse som gir deg ferskpresset juice raskt og enkelt. Perfekt for appelsiner, sitroner og lime til frokost eller matlaging.\" \/>\n<meta property=\"og:url\" content=\"https:\/\/www.ankarsrum.com\/no\/product\/sitruspresse\/\" \/>\n<meta property=\"og:site_name\" content=\"Ankarsrum Norway\" \/>\n<meta property=\"article:modified_time\" content=\"2026-04-14T03:35:37+00:00\" \/>\n<meta property=\"og:image\" content=\"https:\/\/www.ankarsrum.com\/no\/wp-content\/uploads\/sites\/14\/2024\/09\/citruspress-scaled.jpg\" \/>\n\t<meta property=\"og:image:width\" content=\"1200\" \/>\n\t<meta property=\"og:image:height\" content=\"630\" \/>\n\t<meta property=\"og:image:type\" content=\"image\/jpeg\" \/>\n<meta name=\"twitter:card\" content=\"summary_large_image\" \/>\n<meta name=\"twitter:label1\" content=\"Ansl. lesetid\" \/>\n\t<meta name=\"twitter:data1\" content=\"1 minutt\" \/>\n<script type=\"application\/ld+json\" class=\"yoast-schema-graph\">{\"@context\":\"https:\/\/schema.org\",\"@graph\":[{\"@type\":\"WebPage\",\"@id\":\"https:\/\/www.ankarsrum.com\/no\/product\/sitruspresse\/\",\"url\":\"https:\/\/www.ankarsrum.com\/no\/product\/sitruspresse\/\",\"name\":\"Sitruspresse \u2013 Ferskpresset juice p\u00e5 null tid\",\"isPartOf\":{\"@id\":\"https:\/\/www.ankarsrum.com\/no\/#website\"},\"primaryImageOfPage\":{\"@id\":\"https:\/\/www.ankarsrum.com\/no\/product\/sitruspresse\/#primaryimage\"},\"image\":{\"@id\":\"https:\/\/www.ankarsrum.com\/no\/product\/sitruspresse\/#primaryimage\"},\"thumbnailUrl\":\"https:\/\/www.ankarsrum.com\/img-srv\/3pbIpI-HyhwdKrRtL73mSX-gOnTSAGSl1sKiFo6B50s\/resizing_type:auto\/width:0\/height:0\/gravity:sm\/enlarge:1\/ext:webp\/strip_metadata:1\/quality:90\/cachebuster:filesize-210432\/bG9jYWw6Ly8vd3d3LmFua2Fyc3J1bS5jb20vd3AtY29udGVudC91cGxvYWRzL3NpdGVzLzE0LzIwMjQvMDkvY2l0cnVzcHJlc3Mtc2NhbGVkLmpwZw.webp\",\"datePublished\":\"2024-07-04T07:07:22+00:00\",\"dateModified\":\"2026-04-14T03:35:37+00:00\",\"description\":\"Sitruspresse som gir deg ferskpresset juice raskt og enkelt. Perfekt for appelsiner, sitroner og lime til frokost eller matlaging.\",\"breadcrumb\":{\"@id\":\"https:\/\/www.ankarsrum.com\/no\/product\/sitruspresse\/#breadcrumb\"},\"inLanguage\":\"nb-NO\",\"potentialAction\":[{\"@type\":\"ReadAction\",\"target\":[\"https:\/\/www.ankarsrum.com\/no\/product\/sitruspresse\/\"]}]},{\"@type\":\"ImageObject\",\"inLanguage\":\"nb-NO\",\"@id\":\"https:\/\/www.ankarsrum.com\/no\/product\/sitruspresse\/#primaryimage\",\"url\":\"https:\/\/www.ankarsrum.com\/img-srv\/3pbIpI-HyhwdKrRtL73mSX-gOnTSAGSl1sKiFo6B50s\/resizing_type:auto\/width:0\/height:0\/gravity:sm\/enlarge:1\/ext:webp\/strip_metadata:1\/quality:90\/cachebuster:filesize-210432\/bG9jYWw6Ly8vd3d3LmFua2Fyc3J1bS5jb20vd3AtY29udGVudC91cGxvYWRzL3NpdGVzLzE0LzIwMjQvMDkvY2l0cnVzcHJlc3Mtc2NhbGVkLmpwZw.webp\",\"contentUrl\":\"https:\/\/www.ankarsrum.com\/img-srv\/3pbIpI-HyhwdKrRtL73mSX-gOnTSAGSl1sKiFo6B50s\/resizing_type:auto\/width:0\/height:0\/gravity:sm\/enlarge:1\/ext:webp\/strip_metadata:1\/quality:90\/cachebuster:filesize-210432\/bG9jYWw6Ly8vd3d3LmFua2Fyc3J1bS5jb20vd3AtY29udGVudC91cGxvYWRzL3NpdGVzLzE0LzIwMjQvMDkvY2l0cnVzcHJlc3Mtc2NhbGVkLmpwZw.webp\",\"width\":2560,\"height\":2560},{\"@type\":\"BreadcrumbList\",\"@id\":\"https:\/\/www.ankarsrum.com\/no\/product\/sitruspresse\/#breadcrumb\",\"itemListElement\":[{\"@type\":\"ListItem\",\"position\":1,\"name\":\"Home\",\"item\":\"https:\/\/www.ankarsrum.com\/no\/\"},{\"@type\":\"ListItem\",\"position\":2,\"name\":\"Produce name\",\"item\":\"https:\/\/www.ankarsrum.com\/no\/shop\/\"},{\"@type\":\"ListItem\",\"position\":3,\"name\":\"Sitruspresse\"}]},{\"@type\":\"WebSite\",\"@id\":\"https:\/\/www.ankarsrum.com\/no\/#website\",\"url\":\"https:\/\/www.ankarsrum.com\/no\/\",\"name\":\"Ankarsrum Norway\",\"description\":\"The bread of the world\",\"potentialAction\":[{\"@type\":\"SearchAction\",\"target\":{\"@type\":\"EntryPoint\",\"urlTemplate\":\"https:\/\/www.ankarsrum.com\/no\/?s={search_term_string}\"},\"query-input\":{\"@type\":\"PropertyValueSpecification\",\"valueRequired\":true,\"valueName\":\"search_term_string\"}}],\"inLanguage\":\"nb-NO\"}]}<\/script>\n<!-- \/ Yoast SEO Premium plugin. -->","yoast_head_json":{"title":"Sitruspresse \u2013 Ferskpresset juice p\u00e5 null tid","description":"Sitruspresse som gir deg ferskpresset juice raskt og enkelt. Perfekt for appelsiner, sitroner og lime til frokost eller matlaging.","robots":{"index":"index","follow":"follow","max-snippet":"max-snippet:-1","max-image-preview":"max-image-preview:large","max-video-preview":"max-video-preview:-1"},"canonical":"https:\/\/www.ankarsrum.com\/no\/product\/sitruspresse\/","og_locale":"nb_NO","og_type":"article","og_title":"Sitruspresse","og_description":"Sitruspresse som gir deg ferskpresset juice raskt og enkelt. Perfekt for appelsiner, sitroner og lime til frokost eller matlaging.","og_url":"https:\/\/www.ankarsrum.com\/no\/product\/sitruspresse\/","og_site_name":"Ankarsrum Norway","article_modified_time":"2026-04-14T03:35:37+00:00","og_image":[{"width":1200,"height":630,"url":"https:\/\/www.ankarsrum.com\/no\/wp-content\/uploads\/sites\/14\/2024\/09\/citruspress-scaled.jpg","type":"image\/jpeg"}],"twitter_card":"summary_large_image","twitter_misc":{"Ansl. lesetid":"1 minutt"},"schema":{"@context":"https:\/\/schema.org","@graph":[{"@type":"WebPage","@id":"https:\/\/www.ankarsrum.com\/no\/product\/sitruspresse\/","url":"https:\/\/www.ankarsrum.com\/no\/product\/sitruspresse\/","name":"Sitruspresse \u2013 Ferskpresset juice p\u00e5 null tid","isPartOf":{"@id":"https:\/\/www.ankarsrum.com\/no\/#website"},"primaryImageOfPage":{"@id":"https:\/\/www.ankarsrum.com\/no\/product\/sitruspresse\/#primaryimage"},"image":{"@id":"https:\/\/www.ankarsrum.com\/no\/product\/sitruspresse\/#primaryimage"},"thumbnailUrl":"https:\/\/www.ankarsrum.com\/img-srv\/3pbIpI-HyhwdKrRtL73mSX-gOnTSAGSl1sKiFo6B50s\/resizing_type:auto\/width:0\/height:0\/gravity:sm\/enlarge:1\/ext:webp\/strip_metadata:1\/quality:90\/cachebuster:filesize-210432\/bG9jYWw6Ly8vd3d3LmFua2Fyc3J1bS5jb20vd3AtY29udGVudC91cGxvYWRzL3NpdGVzLzE0LzIwMjQvMDkvY2l0cnVzcHJlc3Mtc2NhbGVkLmpwZw.webp","datePublished":"2024-07-04T07:07:22+00:00","dateModified":"2026-04-14T03:35:37+00:00","description":"Sitruspresse som gir deg ferskpresset juice raskt og enkelt. Perfekt for appelsiner, sitroner og lime til frokost eller matlaging.","breadcrumb":{"@id":"https:\/\/www.ankarsrum.com\/no\/product\/sitruspresse\/#breadcrumb"},"inLanguage":"nb-NO","potentialAction":[{"@type":"ReadAction","target":["https:\/\/www.ankarsrum.com\/no\/product\/sitruspresse\/"]}]},{"@type":"ImageObject","inLanguage":"nb-NO","@id":"https:\/\/www.ankarsrum.com\/no\/product\/sitruspresse\/#primaryimage","url":"https:\/\/www.ankarsrum.com\/img-srv\/3pbIpI-HyhwdKrRtL73mSX-gOnTSAGSl1sKiFo6B50s\/resizing_type:auto\/width:0\/height:0\/gravity:sm\/enlarge:1\/ext:webp\/strip_metadata:1\/quality:90\/cachebuster:filesize-210432\/bG9jYWw6Ly8vd3d3LmFua2Fyc3J1bS5jb20vd3AtY29udGVudC91cGxvYWRzL3NpdGVzLzE0LzIwMjQvMDkvY2l0cnVzcHJlc3Mtc2NhbGVkLmpwZw.webp","contentUrl":"https:\/\/www.ankarsrum.com\/img-srv\/3pbIpI-HyhwdKrRtL73mSX-gOnTSAGSl1sKiFo6B50s\/resizing_type:auto\/width:0\/height:0\/gravity:sm\/enlarge:1\/ext:webp\/strip_metadata:1\/quality:90\/cachebuster:filesize-210432\/bG9jYWw6Ly8vd3d3LmFua2Fyc3J1bS5jb20vd3AtY29udGVudC91cGxvYWRzL3NpdGVzLzE0LzIwMjQvMDkvY2l0cnVzcHJlc3Mtc2NhbGVkLmpwZw.webp","width":2560,"height":2560},{"@type":"BreadcrumbList","@id":"https:\/\/www.ankarsrum.com\/no\/product\/sitruspresse\/#breadcrumb","itemListElement":[{"@type":"ListItem","position":1,"name":"Home","item":"https:\/\/www.ankarsrum.com\/no\/"},{"@type":"ListItem","position":2,"name":"Produce name","item":"https:\/\/www.ankarsrum.com\/no\/shop\/"},{"@type":"ListItem","position":3,"name":"Sitruspresse"}]},{"@type":"WebSite","@id":"https:\/\/www.ankarsrum.com\/no\/#website","url":"https:\/\/www.ankarsrum.com\/no\/","name":"Ankarsrum Norway","description":"The bread of the world","potentialAction":[{"@type":"SearchAction","target":{"@type":"EntryPoint","urlTemplate":"https:\/\/www.ankarsrum.com\/no\/?s={search_term_string}"},"query-input":{"@type":"PropertyValueSpecification","valueRequired":true,"valueName":"search_term_string"}}],"inLanguage":"nb-NO"}]}},"_links":{"self":[{"href":"https:\/\/www.ankarsrum.com\/no\/wp-json\/wp\/v2\/product\/4774","targetHints":{"allow":["GET"]}}],"collection":[{"href":"https:\/\/www.ankarsrum.com\/no\/wp-json\/wp\/v2\/product"}],"about":[{"href":"https:\/\/www.ankarsrum.com\/no\/wp-json\/wp\/v2\/types\/product"}],"replies":[{"embeddable":true,"href":"https:\/\/www.ankarsrum.com\/no\/wp-json\/wp\/v2\/comments?post=4774"}],"wp:featuredmedia":[{"embeddable":true,"href":"https:\/\/www.ankarsrum.com\/no\/wp-json\/wp\/v2\/media\/17802"}],"wp:attachment":[{"href":"https:\/\/www.ankarsrum.com\/no\/wp-json\/wp\/v2\/media?parent=4774"}],"wp:term":[{"taxonomy":"product_brand","embeddable":true,"href":"https:\/\/www.ankarsrum.com\/no\/wp-json\/wp\/v2\/product_brand?post=4774"},{"taxonomy":"product_cat","embeddable":true,"href":"https:\/\/www.ankarsrum.com\/no\/wp-json\/wp\/v2\/product_cat?post=4774"},{"taxonomy":"product_tag","embeddable":true,"href":"https:\/\/www.ankarsrum.com\/no\/wp-json\/wp\/v2\/product_tag?post=4774"},{"taxonomy":"product-tag","embeddable":true,"href":"https:\/\/www.ankarsrum.com\/no\/wp-json\/wp\/v2\/product-tag?post=4774"},{"taxonomy":"machines","embeddable":true,"href":"https:\/\/www.ankarsrum.com\/no\/wp-json\/wp\/v2\/machines?post=4774"},{"taxonomy":"filter","embeddable":true,"href":"https:\/\/www.ankarsrum.com\/no\/wp-json\/wp\/v2\/filter?post=4774"}],"curies":[{"name":"wp","href":"https:\/\/api.w.org\/{rel}","templated":true}]}}