{"id":4775,"date":"2024-07-15T14:17:57","date_gmt":"2024-07-15T12:17:57","guid":{"rendered":"https:\/\/www.ankarsrum.com\/no\/product\/purepresse\/"},"modified":"2026-04-16T05:46:35","modified_gmt":"2026-04-16T03:46:35","slug":"purepresse","status":"publish","type":"product","link":"https:\/\/www.ankarsrum.com\/no\/product\/purepresse\/","title":{"rendered":"Pur\u00e9presse"},"content":{"rendered":"<p><span>Med Ankarsrums Pur\u00e9presse l\u00f8fter du matlagingen til nye niv\u00e5er. Pur\u00e9pressen monteres p\u00e5 kj\u00f8ttkvernen din og gj\u00f8r det enkelt \u00e5 presse frukt og b\u00e6r til glatte pur\u00e9er eller mos, uten \u00e5 m\u00e5tte skrelle eller fjerne kjernene. Perfekt til eplemos, tomatsaus, syltet\u00f8y, marmelade, babymat eller tilbeh\u00f8r til middag.<\/span><\/p>\n<p><span>Pur\u00e9pressen hjelper deg med \u00e5 bevare de naturlige smakene og vitaminene i frukten, slik at du kan nyte sommerens frukter og b\u00e6r lenge etter at sesongen er over. Juster konsistensen ved hjelp av justeringshjulet \u2013 fra l\u00f8s til fast. For best resultat, start alltid i den innerste posisjonen og press flere ganger hvis du vil ha virkelig finmost pur\u00e9.<\/span><\/p>\n<p><span>Det fleksible designet lar deg beholde b\u00e5de skall og kjerner p\u00e5 frukten og b\u00e6rene som du skal presse, noe som sparer deg for tid og gj\u00f8r prosessen enkel. Et perfekt valg for de som \u00f8nsker \u00e5 lage sunne og hjemmelagde retter med minst mulig anstrenging.<\/span><\/p>\n<p><strong><span>Tilbeh\u00f8ret er kompatibelt med kj\u00f8ttkvern modell 10. Modellnummeret \u00ab10\u00bb st\u00e5r p\u00e5 den 4-bladede kj\u00f8ttkvernkniven.<\/span><\/strong><\/p>\n<p><span>Hva er inkludert?<\/span><\/p>\n<ul>\n<li><span>Passervals<\/span><\/li>\n<li>Passerventil<\/li>\n<li>Passerr\u00f8r<\/li>\n<li>Passerrenne<\/li>\n<li>Justeringsskrue<\/li>\n<\/ul>","protected":false},"excerpt":{"rendered":"<p><span>Forvandle frukt og b\u00e6r til mos og glatte pur\u00e9er med Ankarsrums Pur\u00e9presse! Et fleksibelt og enkelt tilbeh\u00f8r som enkelt monteres p\u00e5 kj\u00f8ttkvernen din. Perfekt n\u00e5r du vil f\u00e5 mest mulig ut av frukt og b\u00e6r og lage eplemos, sauser eller pur\u00e9er \u2013 hjemme p\u00e5 ditt eget kj\u00f8kken.<\/span><\/p>\n","protected":false},"featured_media":18211,"comment_status":"open","ping_status":"closed","template":"","meta":{"_acf_changed":false,"content-type":"","editor_notices":[]},"product_brand":[],"product_cat":[453],"product_tag":[],"product-tag":[],"machines":[256,259,261,262,264,269,273,275,280,283],"filter":[310,309,287],"class_list":{"0":"post-4775","1":"product","2":"type-product","3":"status-publish","4":"has-post-thumbnail","6":"product_cat-ankarsrum-tilbehor","7":"machines-09_n10","8":"machines-10-n100","9":"machines-11-n20","10":"machines-12-n21","11":"machines-13-n22","12":"machines-14-n23","13":"machines-15-n24","14":"machines-16-n25","15":"machines-17-n28","16":"machines-19-n30","17":"filter-desserter","18":"filter-frukt-gront","19":"filter-kjottkvern","21":"first","22":"instock","23":"taxable","24":"shipping-taxable","25":"purchasable","26":"product-type-simple"},"bundled_by":[],"bundle_stock_status":"instock","bundle_stock_quantity":20,"bundle_virtual":false,"bundle_layout":"","bundle_add_to_cart_form_location":"","bundle_editable_in_cart":false,"bundle_sold_individually_context":"","bundle_item_grouping":"","bundle_min_size":"","bundle_max_size":"","bundle_price":[],"bundled_items":[],"bundle_sell_ids":[],"acf":[],"shsp-ext":{"main":{},"variations":[]},"yoast_head":"<!-- This site is optimized with the Yoast SEO Premium plugin v26.6 (Yoast SEO v26.6) - https:\/\/yoast.com\/wordpress\/plugins\/seo\/ -->\n<title>Purepresse \u2013 Lag sunn og fersk pur\u00e9 enkelt<\/title>\n<meta name=\"description\" content=\"Purepresse som gj\u00f8r det enkelt \u00e5 lage sunn og jevn pur\u00e9 av frukt og gr\u00f8nnsaker. Perfekt for matlaging, babymat og kreative kj\u00f8kkenprosjekter.\" \/>\n<meta name=\"robots\" content=\"index, follow, max-snippet:-1, max-image-preview:large, max-video-preview:-1\" \/>\n<link rel=\"canonical\" href=\"https:\/\/www.ankarsrum.com\/no\/product\/purepresse\/\" \/>\n<meta property=\"og:locale\" content=\"nb_NO\" \/>\n<meta property=\"og:type\" content=\"article\" \/>\n<meta property=\"og:title\" content=\"Pur\u00e9presse\" \/>\n<meta property=\"og:description\" content=\"Purepresse som gj\u00f8r det enkelt \u00e5 lage sunn og jevn pur\u00e9 av frukt og gr\u00f8nnsaker. Perfekt for matlaging, babymat og kreative kj\u00f8kkenprosjekter.\" \/>\n<meta property=\"og:url\" content=\"https:\/\/www.ankarsrum.com\/no\/product\/purepresse\/\" \/>\n<meta property=\"og:site_name\" content=\"Ankarsrum Norway\" \/>\n<meta property=\"article:modified_time\" content=\"2026-04-16T03:46:35+00:00\" \/>\n<meta property=\"og:image\" content=\"https:\/\/www.ankarsrum.com\/no\/wp-content\/uploads\/sites\/14\/2024\/09\/strainer-scaled.jpg\" \/>\n\t<meta property=\"og:image:width\" content=\"1200\" \/>\n\t<meta property=\"og:image:height\" content=\"630\" \/>\n\t<meta property=\"og:image:type\" content=\"image\/jpeg\" \/>\n<meta name=\"twitter:card\" content=\"summary_large_image\" \/>\n<meta name=\"twitter:label1\" content=\"Ansl. lesetid\" \/>\n\t<meta name=\"twitter:data1\" content=\"1 minutt\" \/>\n<script type=\"application\/ld+json\" class=\"yoast-schema-graph\">{\"@context\":\"https:\/\/schema.org\",\"@graph\":[{\"@type\":\"WebPage\",\"@id\":\"https:\/\/www.ankarsrum.com\/no\/product\/purepresse\/\",\"url\":\"https:\/\/www.ankarsrum.com\/no\/product\/purepresse\/\",\"name\":\"Purepresse \u2013 Lag sunn og fersk pur\u00e9 enkelt\",\"isPartOf\":{\"@id\":\"https:\/\/www.ankarsrum.com\/no\/#website\"},\"primaryImageOfPage\":{\"@id\":\"https:\/\/www.ankarsrum.com\/no\/product\/purepresse\/#primaryimage\"},\"image\":{\"@id\":\"https:\/\/www.ankarsrum.com\/no\/product\/purepresse\/#primaryimage\"},\"thumbnailUrl\":\"https:\/\/www.ankarsrum.com\/img-srv\/OGFEo5QwcApyWLJ4nEpautibLuIdnUQ97wb5qgZLaT0\/resizing_type:auto\/width:0\/height:0\/gravity:sm\/enlarge:1\/ext:webp\/strip_metadata:1\/quality:90\/cachebuster:filesize-184446\/bG9jYWw6Ly8vd3d3LmFua2Fyc3J1bS5jb20vd3AtY29udGVudC91cGxvYWRzL3NpdGVzLzE0LzIwMjQvMDkvc3RyYWluZXItc2NhbGVkLmpwZw.webp\",\"datePublished\":\"2024-07-15T12:17:57+00:00\",\"dateModified\":\"2026-04-16T03:46:35+00:00\",\"description\":\"Purepresse som gj\u00f8r det enkelt \u00e5 lage sunn og jevn pur\u00e9 av frukt og gr\u00f8nnsaker. Perfekt for matlaging, babymat og kreative kj\u00f8kkenprosjekter.\",\"breadcrumb\":{\"@id\":\"https:\/\/www.ankarsrum.com\/no\/product\/purepresse\/#breadcrumb\"},\"inLanguage\":\"nb-NO\",\"potentialAction\":[{\"@type\":\"ReadAction\",\"target\":[\"https:\/\/www.ankarsrum.com\/no\/product\/purepresse\/\"]}]},{\"@type\":\"ImageObject\",\"inLanguage\":\"nb-NO\",\"@id\":\"https:\/\/www.ankarsrum.com\/no\/product\/purepresse\/#primaryimage\",\"url\":\"https:\/\/www.ankarsrum.com\/img-srv\/OGFEo5QwcApyWLJ4nEpautibLuIdnUQ97wb5qgZLaT0\/resizing_type:auto\/width:0\/height:0\/gravity:sm\/enlarge:1\/ext:webp\/strip_metadata:1\/quality:90\/cachebuster:filesize-184446\/bG9jYWw6Ly8vd3d3LmFua2Fyc3J1bS5jb20vd3AtY29udGVudC91cGxvYWRzL3NpdGVzLzE0LzIwMjQvMDkvc3RyYWluZXItc2NhbGVkLmpwZw.webp\",\"contentUrl\":\"https:\/\/www.ankarsrum.com\/img-srv\/OGFEo5QwcApyWLJ4nEpautibLuIdnUQ97wb5qgZLaT0\/resizing_type:auto\/width:0\/height:0\/gravity:sm\/enlarge:1\/ext:webp\/strip_metadata:1\/quality:90\/cachebuster:filesize-184446\/bG9jYWw6Ly8vd3d3LmFua2Fyc3J1bS5jb20vd3AtY29udGVudC91cGxvYWRzL3NpdGVzLzE0LzIwMjQvMDkvc3RyYWluZXItc2NhbGVkLmpwZw.webp\",\"width\":2560,\"height\":2560},{\"@type\":\"BreadcrumbList\",\"@id\":\"https:\/\/www.ankarsrum.com\/no\/product\/purepresse\/#breadcrumb\",\"itemListElement\":[{\"@type\":\"ListItem\",\"position\":1,\"name\":\"Home\",\"item\":\"https:\/\/www.ankarsrum.com\/no\/\"},{\"@type\":\"ListItem\",\"position\":2,\"name\":\"Produce name\",\"item\":\"https:\/\/www.ankarsrum.com\/no\/shop\/\"},{\"@type\":\"ListItem\",\"position\":3,\"name\":\"Pur\u00e9presse\"}]},{\"@type\":\"WebSite\",\"@id\":\"https:\/\/www.ankarsrum.com\/no\/#website\",\"url\":\"https:\/\/www.ankarsrum.com\/no\/\",\"name\":\"Ankarsrum Norway\",\"description\":\"The bread of the world\",\"potentialAction\":[{\"@type\":\"SearchAction\",\"target\":{\"@type\":\"EntryPoint\",\"urlTemplate\":\"https:\/\/www.ankarsrum.com\/no\/?s={search_term_string}\"},\"query-input\":{\"@type\":\"PropertyValueSpecification\",\"valueRequired\":true,\"valueName\":\"search_term_string\"}}],\"inLanguage\":\"nb-NO\"}]}<\/script>\n<!-- \/ Yoast SEO Premium plugin. -->","yoast_head_json":{"title":"Purepresse \u2013 Lag sunn og fersk pur\u00e9 enkelt","description":"Purepresse som gj\u00f8r det enkelt \u00e5 lage sunn og jevn pur\u00e9 av frukt og gr\u00f8nnsaker. Perfekt for matlaging, babymat og kreative kj\u00f8kkenprosjekter.","robots":{"index":"index","follow":"follow","max-snippet":"max-snippet:-1","max-image-preview":"max-image-preview:large","max-video-preview":"max-video-preview:-1"},"canonical":"https:\/\/www.ankarsrum.com\/no\/product\/purepresse\/","og_locale":"nb_NO","og_type":"article","og_title":"Pur\u00e9presse","og_description":"Purepresse som gj\u00f8r det enkelt \u00e5 lage sunn og jevn pur\u00e9 av frukt og gr\u00f8nnsaker. Perfekt for matlaging, babymat og kreative kj\u00f8kkenprosjekter.","og_url":"https:\/\/www.ankarsrum.com\/no\/product\/purepresse\/","og_site_name":"Ankarsrum Norway","article_modified_time":"2026-04-16T03:46:35+00:00","og_image":[{"width":1200,"height":630,"url":"https:\/\/www.ankarsrum.com\/no\/wp-content\/uploads\/sites\/14\/2024\/09\/strainer-scaled.jpg","type":"image\/jpeg"}],"twitter_card":"summary_large_image","twitter_misc":{"Ansl. lesetid":"1 minutt"},"schema":{"@context":"https:\/\/schema.org","@graph":[{"@type":"WebPage","@id":"https:\/\/www.ankarsrum.com\/no\/product\/purepresse\/","url":"https:\/\/www.ankarsrum.com\/no\/product\/purepresse\/","name":"Purepresse \u2013 Lag sunn og fersk pur\u00e9 enkelt","isPartOf":{"@id":"https:\/\/www.ankarsrum.com\/no\/#website"},"primaryImageOfPage":{"@id":"https:\/\/www.ankarsrum.com\/no\/product\/purepresse\/#primaryimage"},"image":{"@id":"https:\/\/www.ankarsrum.com\/no\/product\/purepresse\/#primaryimage"},"thumbnailUrl":"https:\/\/www.ankarsrum.com\/img-srv\/OGFEo5QwcApyWLJ4nEpautibLuIdnUQ97wb5qgZLaT0\/resizing_type:auto\/width:0\/height:0\/gravity:sm\/enlarge:1\/ext:webp\/strip_metadata:1\/quality:90\/cachebuster:filesize-184446\/bG9jYWw6Ly8vd3d3LmFua2Fyc3J1bS5jb20vd3AtY29udGVudC91cGxvYWRzL3NpdGVzLzE0LzIwMjQvMDkvc3RyYWluZXItc2NhbGVkLmpwZw.webp","datePublished":"2024-07-15T12:17:57+00:00","dateModified":"2026-04-16T03:46:35+00:00","description":"Purepresse som gj\u00f8r det enkelt \u00e5 lage sunn og jevn pur\u00e9 av frukt og gr\u00f8nnsaker. Perfekt for matlaging, babymat og kreative kj\u00f8kkenprosjekter.","breadcrumb":{"@id":"https:\/\/www.ankarsrum.com\/no\/product\/purepresse\/#breadcrumb"},"inLanguage":"nb-NO","potentialAction":[{"@type":"ReadAction","target":["https:\/\/www.ankarsrum.com\/no\/product\/purepresse\/"]}]},{"@type":"ImageObject","inLanguage":"nb-NO","@id":"https:\/\/www.ankarsrum.com\/no\/product\/purepresse\/#primaryimage","url":"https:\/\/www.ankarsrum.com\/img-srv\/OGFEo5QwcApyWLJ4nEpautibLuIdnUQ97wb5qgZLaT0\/resizing_type:auto\/width:0\/height:0\/gravity:sm\/enlarge:1\/ext:webp\/strip_metadata:1\/quality:90\/cachebuster:filesize-184446\/bG9jYWw6Ly8vd3d3LmFua2Fyc3J1bS5jb20vd3AtY29udGVudC91cGxvYWRzL3NpdGVzLzE0LzIwMjQvMDkvc3RyYWluZXItc2NhbGVkLmpwZw.webp","contentUrl":"https:\/\/www.ankarsrum.com\/img-srv\/OGFEo5QwcApyWLJ4nEpautibLuIdnUQ97wb5qgZLaT0\/resizing_type:auto\/width:0\/height:0\/gravity:sm\/enlarge:1\/ext:webp\/strip_metadata:1\/quality:90\/cachebuster:filesize-184446\/bG9jYWw6Ly8vd3d3LmFua2Fyc3J1bS5jb20vd3AtY29udGVudC91cGxvYWRzL3NpdGVzLzE0LzIwMjQvMDkvc3RyYWluZXItc2NhbGVkLmpwZw.webp","width":2560,"height":2560},{"@type":"BreadcrumbList","@id":"https:\/\/www.ankarsrum.com\/no\/product\/purepresse\/#breadcrumb","itemListElement":[{"@type":"ListItem","position":1,"name":"Home","item":"https:\/\/www.ankarsrum.com\/no\/"},{"@type":"ListItem","position":2,"name":"Produce name","item":"https:\/\/www.ankarsrum.com\/no\/shop\/"},{"@type":"ListItem","position":3,"name":"Pur\u00e9presse"}]},{"@type":"WebSite","@id":"https:\/\/www.ankarsrum.com\/no\/#website","url":"https:\/\/www.ankarsrum.com\/no\/","name":"Ankarsrum Norway","description":"The bread of the world","potentialAction":[{"@type":"SearchAction","target":{"@type":"EntryPoint","urlTemplate":"https:\/\/www.ankarsrum.com\/no\/?s={search_term_string}"},"query-input":{"@type":"PropertyValueSpecification","valueRequired":true,"valueName":"search_term_string"}}],"inLanguage":"nb-NO"}]}},"_links":{"self":[{"href":"https:\/\/www.ankarsrum.com\/no\/wp-json\/wp\/v2\/product\/4775","targetHints":{"allow":["GET"]}}],"collection":[{"href":"https:\/\/www.ankarsrum.com\/no\/wp-json\/wp\/v2\/product"}],"about":[{"href":"https:\/\/www.ankarsrum.com\/no\/wp-json\/wp\/v2\/types\/product"}],"replies":[{"embeddable":true,"href":"https:\/\/www.ankarsrum.com\/no\/wp-json\/wp\/v2\/comments?post=4775"}],"wp:featuredmedia":[{"embeddable":true,"href":"https:\/\/www.ankarsrum.com\/no\/wp-json\/wp\/v2\/media\/18211"}],"wp:attachment":[{"href":"https:\/\/www.ankarsrum.com\/no\/wp-json\/wp\/v2\/media?parent=4775"}],"wp:term":[{"taxonomy":"product_brand","embeddable":true,"href":"https:\/\/www.ankarsrum.com\/no\/wp-json\/wp\/v2\/product_brand?post=4775"},{"taxonomy":"product_cat","embeddable":true,"href":"https:\/\/www.ankarsrum.com\/no\/wp-json\/wp\/v2\/product_cat?post=4775"},{"taxonomy":"product_tag","embeddable":true,"href":"https:\/\/www.ankarsrum.com\/no\/wp-json\/wp\/v2\/product_tag?post=4775"},{"taxonomy":"product-tag","embeddable":true,"href":"https:\/\/www.ankarsrum.com\/no\/wp-json\/wp\/v2\/product-tag?post=4775"},{"taxonomy":"machines","embeddable":true,"href":"https:\/\/www.ankarsrum.com\/no\/wp-json\/wp\/v2\/machines?post=4775"},{"taxonomy":"filter","embeddable":true,"href":"https:\/\/www.ankarsrum.com\/no\/wp-json\/wp\/v2\/filter?post=4775"}],"curies":[{"name":"wp","href":"https:\/\/api.w.org\/{rel}","templated":true}]}}