{"id":4780,"date":"2024-07-15T15:19:22","date_gmt":"2024-07-15T13:19:22","guid":{"rendered":"https:\/\/www.ankarsrum.com\/no\/product\/gronnsakskutter-river\/"},"modified":"2026-05-05T16:20:38","modified_gmt":"2026-05-05T14:20:38","slug":"gronnsakskutter-river","status":"publish","type":"product","link":"https:\/\/www.ankarsrum.com\/no\/product\/gronnsakskutter-river\/","title":{"rendered":"Gr\u00f8nnsakskutter"},"content":{"rendered":"<p class=\"MsoNormal\" style=\"mso-margin-top-alt: auto; mso-margin-bottom-alt: auto; line-height: normal;\"><span style=\"mso-fareast-font-family: &#039;Times New Roman&#039;; mso-bidi-font-family: &#039;Times New Roman&#039;; mso-font-kerning: 0pt; mso-ligatures: none; mso-ansi-language: NO-BOK; mso-fareast-language: SV;\">Med Ankarsrums gr\u00f8nnsakskutter, som enkelt monteres p\u00e5 din Assistent Original, blir hvert m\u00e5ltid b\u00e5de jevnere og morsommere. De tre medf\u00f8lgende tromlene gir deg alt du trenger for \u00e5 f\u00e5 perfekte skiver og strimler p\u00e5 kort tid:<\/span><\/p>\n<ul>\n<li class=\"MsoNormal\" style=\"mso-margin-top-alt: auto; mso-margin-bottom-alt: auto; line-height: normal; mso-list: l0 level1 lfo2; tab-stops: list 36.0pt;\"><strong><span style=\"mso-fareast-font-family: &#039;Times New Roman&#039;; mso-bidi-font-family: &#039;Times New Roman&#039;; mso-font-kerning: 0pt; mso-ligatures: none; mso-ansi-language: NO-BOK; mso-fareast-language: SV;\">Skivetrommel:<\/span><\/strong><span style=\"mso-fareast-font-family: &#039;Times New Roman&#039;; mso-bidi-font-family: &#039;Times New Roman&#039;; mso-font-kerning: 0pt; mso-ligatures: none; mso-ansi-language: NO-BOK; mso-fareast-language: SV;\"> Perfekt for \u00e5 skj\u00e6re poteter, l\u00f8k, rotgr\u00f8nnsaker, frukt og gr\u00f8nnsaker. Lag stilige salater og gratenger uten problemer.<\/span><\/li>\n<li class=\"MsoNormal\" style=\"mso-margin-top-alt: auto; mso-margin-bottom-alt: auto; line-height: normal; mso-list: l0 level1 lfo2; tab-stops: list 36.0pt;\"><strong><span style=\"mso-fareast-font-family: &#039;Times New Roman&#039;; mso-bidi-font-family: &#039;Times New Roman&#039;; mso-font-kerning: 0pt; mso-ligatures: none; mso-ansi-language: NO-BOK; mso-fareast-language: SV;\">Grov rivtrommel:<\/span><\/strong><span style=\"mso-fareast-font-family: &#039;Times New Roman&#039;; mso-bidi-font-family: &#039;Times New Roman&#039;; mso-font-kerning: 0pt; mso-ligatures: none; mso-ansi-language: NO-BOK; mso-fareast-language: SV;\"> Riv rotgr\u00f8nnsaker, gr\u00f8nnsaker, frukt til supper og paier, eller mandler, n\u00f8tter, sjokolade og ost \u2013 raskt og enkelt.<\/span><\/li>\n<li class=\"MsoNormal\" style=\"mso-margin-top-alt: auto; mso-margin-bottom-alt: auto; line-height: normal; mso-list: l0 level1 lfo2; tab-stops: list 36.0pt;\"><strong><span style=\"mso-fareast-font-family: &#039;Times New Roman&#039;; mso-bidi-font-family: &#039;Times New Roman&#039;; mso-font-kerning: 0pt; mso-ligatures: none; mso-ansi-language: NO-BOK; mso-fareast-language: SV;\">Middels rivtrommel:<\/span><\/strong><span style=\"mso-fareast-font-family: &#039;Times New Roman&#039;; mso-bidi-font-family: &#039;Times New Roman&#039;; mso-font-kerning: 0pt; mso-ligatures: none; mso-ansi-language: NO-BOK; mso-fareast-language: SV;\"> Perfekt til r\u00e5 mat og riving av frukt og ost \u2013 direkte i bollen.<\/span><\/li>\n<\/ul>\n<p class=\"MsoNormal\" style=\"mso-margin-top-alt: auto; mso-margin-bottom-alt: auto; line-height: normal;\"><span style=\"mso-fareast-font-family: &#039;Times New Roman&#039;; mso-bidi-font-family: &#039;Times New Roman&#039;; mso-font-kerning: 0pt; mso-ligatures: none; mso-ansi-language: NO-BOK; mso-fareast-language: SV;\">Ankarsrums gr\u00f8nnsakskutter er ikke bare effektiv, den er ogs\u00e5 enkel \u00e5 rengj\u00f8re og gir deg full kontroll over hva som havner p\u00e5 tallerkenen. Enten du lager salater, paier eller klassikere som r\u00f6sti, gj\u00f8r gr\u00f8nnsakskutteren jobben p\u00e5 et \u00f8yeblikk.<\/span><\/p>\n<p class=\"MsoNormal\" style=\"mso-margin-top-alt: auto; mso-margin-bottom-alt: auto; line-height: normal;\"><span style=\"mso-fareast-font-family: &#039;Times New Roman&#039;; mso-bidi-font-family: &#039;Times New Roman&#039;; mso-font-kerning: 0pt; mso-ligatures: none; mso-ansi-language: NO-BOK; mso-fareast-language: SV;\">Hvis du \u00f8nsker \u00e5 utvide mulighetene dine ytterligere, finnes det en pakke med en ekstra fin rivtrommel, strimmeltrommel og raspeballtrommel \u00e5 kj\u00f8pe til gr\u00f8nnsaksskj\u00e6reren din. Med Ankarsrums gr\u00f8nnsakskutter blir hverdagen gr\u00f8nnere og matlagingen enklere \u2013 en uunnv\u00e6rlig hjelper p\u00e5 kj\u00f8kkenet ditt!<\/span><\/p>\n<p class=\"MsoNormal\" style=\"mso-margin-top-alt: auto; mso-margin-bottom-alt: auto; line-height: normal;\"><strong><span style=\"mso-fareast-font-family: &#039;Times New Roman&#039;; mso-bidi-font-family: &#039;Times New Roman&#039;; mso-font-kerning: 0pt; mso-ligatures: none; mso-ansi-language: NO-BOK; mso-fareast-language: SV;\">Gr\u00f8nnsakskutteren passer til alle modeller av Assistent Original N1-N30.<\/span><\/strong><\/p>\n<p class=\"MsoNormal\" style=\"mso-margin-top-alt: auto; mso-margin-bottom-alt: auto; line-height: normal;\"><span style=\"mso-fareast-font-family: &#039;Times New Roman&#039;; mso-bidi-font-family: &#039;Times New Roman&#039;; mso-font-kerning: 0pt; mso-ligatures: none; mso-ansi-language: NO-BOK; mso-fareast-language: SV;\">Hva er inkludert?<\/span><\/p>\n<ul>\n<li class=\"MsoNormal\" style=\"mso-margin-top-alt: auto; mso-margin-bottom-alt: auto; line-height: normal; mso-list: l1 level1 lfo1; tab-stops: list 36.0pt;\"><span style=\"mso-fareast-font-family: &#039;Times New Roman&#039;; mso-bidi-font-family: &#039;Times New Roman&#039;; mso-font-kerning: 0pt; mso-ligatures: none; mso-ansi-language: NO-BOK; mso-fareast-language: SV;\">Skivetrommel<\/span><\/li>\n<li class=\"MsoNormal\" style=\"mso-margin-top-alt: auto; mso-margin-bottom-alt: auto; line-height: normal; mso-list: l1 level1 lfo1; tab-stops: list 36.0pt;\"><span style=\"mso-fareast-font-family: &#039;Times New Roman&#039;; mso-bidi-font-family: &#039;Times New Roman&#039;; mso-font-kerning: 0pt; mso-ligatures: none; mso-ansi-language: NO-BOK; mso-fareast-language: SV;\">Grov rivtrommel<\/span><\/li>\n<li class=\"MsoNormal\" style=\"mso-margin-top-alt: auto; mso-margin-bottom-alt: auto; line-height: normal; mso-list: l1 level1 lfo1; tab-stops: list 36.0pt;\"><span style=\"mso-fareast-font-family: &#039;Times New Roman&#039;; mso-bidi-font-family: &#039;Times New Roman&#039;; mso-font-kerning: 0pt; mso-ligatures: none; mso-ansi-language: NO-BOK; mso-fareast-language: SV;\">Middels rivtrommel<\/span><\/li>\n<li class=\"MsoNormal\" style=\"mso-margin-top-alt: auto; mso-margin-bottom-alt: auto; line-height: normal; mso-list: l1 level1 lfo1; tab-stops: list 36.0pt;\"><span style=\"mso-fareast-font-family: &#039;Times New Roman&#039;; mso-bidi-font-family: &#039;Times New Roman&#039;; mso-font-kerning: 0pt; mso-ligatures: none; mso-ansi-language: NO-BOK; mso-fareast-language: SV;\">Matepropp for gr\u00f8nnsakskutter<\/span><\/li>\n<li class=\"MsoNormal\" style=\"mso-margin-top-alt: auto; mso-margin-bottom-alt: auto; line-height: normal; mso-list: l1 level1 lfo1; tab-stops: list 36.0pt;\"><span style=\"mso-fareast-font-family: &#039;Times New Roman&#039;; mso-bidi-font-family: &#039;Times New Roman&#039;; mso-font-kerning: 0pt; mso-ligatures: none; mso-ansi-language: NO-BOK; mso-fareast-language: SV;\">L\u00e5sering for gr\u00f8nnsakskutter<\/span><\/li>\n<li class=\"MsoNormal\" style=\"mso-margin-top-alt: auto; mso-margin-bottom-alt: auto; line-height: normal; mso-list: l1 level1 lfo1; tab-stops: list 36.0pt;\"><span style=\"mso-fareast-font-family: &#039;Times New Roman&#039;; mso-bidi-font-family: &#039;Times New Roman&#039;; mso-font-kerning: 0pt; mso-ligatures: none; mso-ansi-language: NO-BOK; mso-fareast-language: SV;\">Gr\u00f8nnsakskutter-hus<\/span><\/li>\n<\/ul>","protected":false},"excerpt":{"rendered":"<p><span>Forenkle matlagingen med Ankarsrums gr\u00f8nnsakskutter! Perfekt for raskt \u00e5 skj\u00e6re, rive og kutte alt fra poteter til frukt og gr\u00f8nnsaker. Med tre tromler inkludert f\u00e5r du et allsidig verkt\u00f8y som gj\u00f8r matlagingen morsommere \u2013 og du sparer tid p\u00e5 kj\u00f8kkenet!<\/span><\/p>\n","protected":false},"featured_media":18214,"comment_status":"open","ping_status":"closed","template":"","meta":{"_acf_changed":false,"content-type":"","editor_notices":[]},"product_brand":[],"product_cat":[453],"product_tag":[],"product-tag":[],"machines":[264,269,273,275,280,283],"filter":[309],"class_list":{"0":"post-4780","1":"product","2":"type-product","3":"status-publish","4":"has-post-thumbnail","6":"product_cat-ankarsrum-tilbehor","7":"machines-13-n22","8":"machines-14-n23","9":"machines-15-n24","10":"machines-16-n25","11":"machines-17-n28","12":"machines-19-n30","13":"filter-frukt-gront","15":"first","16":"instock","17":"taxable","18":"shipping-taxable","19":"purchasable","20":"product-type-simple"},"bundled_by":[],"bundle_stock_status":"instock","bundle_stock_quantity":60,"bundle_virtual":false,"bundle_layout":"","bundle_add_to_cart_form_location":"","bundle_editable_in_cart":false,"bundle_sold_individually_context":"","bundle_item_grouping":"","bundle_min_size":"","bundle_max_size":"","bundle_price":[],"bundled_items":[],"bundle_sell_ids":[],"acf":[],"shsp-ext":{"main":{},"variations":[]},"yoast_head":"<!-- This site is optimized with the Yoast SEO Premium plugin v26.6 (Yoast SEO v26.6) - https:\/\/yoast.com\/wordpress\/plugins\/seo\/ -->\n<title>Gr\u00f8nnsakskutter river \u2013 Effektiv kutting og riving<\/title>\n<meta name=\"description\" content=\"Gr\u00f8nnsakskutter river gr\u00f8nnsaker raskt og enkelt. Perfekt for salater, gryter og mer. Praktisk kj\u00f8kkenredskap for effektiv matlaging.\" \/>\n<meta name=\"robots\" content=\"index, follow, max-snippet:-1, max-image-preview:large, max-video-preview:-1\" \/>\n<link rel=\"canonical\" href=\"https:\/\/www.ankarsrum.com\/no\/product\/gronnsakskutter-river\/\" \/>\n<meta property=\"og:locale\" content=\"nb_NO\" \/>\n<meta property=\"og:type\" content=\"article\" \/>\n<meta property=\"og:title\" content=\"Gr\u00f8nnsakskutter\" \/>\n<meta property=\"og:description\" content=\"Gr\u00f8nnsakskutter river gr\u00f8nnsaker raskt og enkelt. Perfekt for salater, gryter og mer. Praktisk kj\u00f8kkenredskap for effektiv matlaging.\" \/>\n<meta property=\"og:url\" content=\"https:\/\/www.ankarsrum.com\/no\/product\/gronnsakskutter-river\/\" \/>\n<meta property=\"og:site_name\" content=\"Ankarsrum Norway\" \/>\n<meta property=\"article:modified_time\" content=\"2026-05-05T14:20:38+00:00\" \/>\n<meta property=\"og:image\" content=\"https:\/\/www.ankarsrum.com\/no\/wp-content\/uploads\/sites\/14\/2024\/09\/vegetable-cutter.jpg\" \/>\n\t<meta property=\"og:image:width\" content=\"1200\" \/>\n\t<meta property=\"og:image:height\" content=\"630\" \/>\n\t<meta property=\"og:image:type\" content=\"image\/jpeg\" \/>\n<meta name=\"twitter:card\" content=\"summary_large_image\" \/>\n<meta name=\"twitter:label1\" content=\"Ansl. lesetid\" \/>\n\t<meta name=\"twitter:data1\" content=\"1 minutt\" \/>\n<script type=\"application\/ld+json\" class=\"yoast-schema-graph\">{\"@context\":\"https:\/\/schema.org\",\"@graph\":[{\"@type\":\"WebPage\",\"@id\":\"https:\/\/www.ankarsrum.com\/no\/product\/gronnsakskutter-river\/\",\"url\":\"https:\/\/www.ankarsrum.com\/no\/product\/gronnsakskutter-river\/\",\"name\":\"Gr\u00f8nnsakskutter river \u2013 Effektiv kutting og riving\",\"isPartOf\":{\"@id\":\"https:\/\/www.ankarsrum.com\/no\/#website\"},\"primaryImageOfPage\":{\"@id\":\"https:\/\/www.ankarsrum.com\/no\/product\/gronnsakskutter-river\/#primaryimage\"},\"image\":{\"@id\":\"https:\/\/www.ankarsrum.com\/no\/product\/gronnsakskutter-river\/#primaryimage\"},\"thumbnailUrl\":\"https:\/\/www.ankarsrum.com\/img-srv\/dLuVxQeyrtC2vRKY5rK-O77YEynomK3R1p_-Po1a4kU\/resizing_type:auto\/width:0\/height:0\/gravity:sm\/enlarge:1\/ext:webp\/strip_metadata:1\/quality:90\/cachebuster:filesize-105500\/bG9jYWw6Ly8vd3d3LmFua2Fyc3J1bS5jb20vd3AtY29udGVudC91cGxvYWRzL3NpdGVzLzE0LzIwMjQvMDkvdmVnZXRhYmxlLWN1dHRlci5qcGc.webp\",\"datePublished\":\"2024-07-15T13:19:22+00:00\",\"dateModified\":\"2026-05-05T14:20:38+00:00\",\"description\":\"Gr\u00f8nnsakskutter river gr\u00f8nnsaker raskt og enkelt. Perfekt for salater, gryter og mer. Praktisk kj\u00f8kkenredskap for effektiv matlaging.\",\"breadcrumb\":{\"@id\":\"https:\/\/www.ankarsrum.com\/no\/product\/gronnsakskutter-river\/#breadcrumb\"},\"inLanguage\":\"nb-NO\",\"potentialAction\":[{\"@type\":\"ReadAction\",\"target\":[\"https:\/\/www.ankarsrum.com\/no\/product\/gronnsakskutter-river\/\"]}]},{\"@type\":\"ImageObject\",\"inLanguage\":\"nb-NO\",\"@id\":\"https:\/\/www.ankarsrum.com\/no\/product\/gronnsakskutter-river\/#primaryimage\",\"url\":\"https:\/\/www.ankarsrum.com\/img-srv\/dLuVxQeyrtC2vRKY5rK-O77YEynomK3R1p_-Po1a4kU\/resizing_type:auto\/width:0\/height:0\/gravity:sm\/enlarge:1\/ext:webp\/strip_metadata:1\/quality:90\/cachebuster:filesize-105500\/bG9jYWw6Ly8vd3d3LmFua2Fyc3J1bS5jb20vd3AtY29udGVudC91cGxvYWRzL3NpdGVzLzE0LzIwMjQvMDkvdmVnZXRhYmxlLWN1dHRlci5qcGc.webp\",\"contentUrl\":\"https:\/\/www.ankarsrum.com\/img-srv\/dLuVxQeyrtC2vRKY5rK-O77YEynomK3R1p_-Po1a4kU\/resizing_type:auto\/width:0\/height:0\/gravity:sm\/enlarge:1\/ext:webp\/strip_metadata:1\/quality:90\/cachebuster:filesize-105500\/bG9jYWw6Ly8vd3d3LmFua2Fyc3J1bS5jb20vd3AtY29udGVudC91cGxvYWRzL3NpdGVzLzE0LzIwMjQvMDkvdmVnZXRhYmxlLWN1dHRlci5qcGc.webp\",\"width\":2000,\"height\":2000},{\"@type\":\"BreadcrumbList\",\"@id\":\"https:\/\/www.ankarsrum.com\/no\/product\/gronnsakskutter-river\/#breadcrumb\",\"itemListElement\":[{\"@type\":\"ListItem\",\"position\":1,\"name\":\"Home\",\"item\":\"https:\/\/www.ankarsrum.com\/no\/\"},{\"@type\":\"ListItem\",\"position\":2,\"name\":\"Produce name\",\"item\":\"https:\/\/www.ankarsrum.com\/no\/shop\/\"},{\"@type\":\"ListItem\",\"position\":3,\"name\":\"Gr\u00f8nnsakskutter\"}]},{\"@type\":\"WebSite\",\"@id\":\"https:\/\/www.ankarsrum.com\/no\/#website\",\"url\":\"https:\/\/www.ankarsrum.com\/no\/\",\"name\":\"Ankarsrum Norway\",\"description\":\"The bread of the world\",\"potentialAction\":[{\"@type\":\"SearchAction\",\"target\":{\"@type\":\"EntryPoint\",\"urlTemplate\":\"https:\/\/www.ankarsrum.com\/no\/?s={search_term_string}\"},\"query-input\":{\"@type\":\"PropertyValueSpecification\",\"valueRequired\":true,\"valueName\":\"search_term_string\"}}],\"inLanguage\":\"nb-NO\"}]}<\/script>\n<!-- \/ Yoast SEO Premium plugin. -->","yoast_head_json":{"title":"Gr\u00f8nnsakskutter river \u2013 Effektiv kutting og riving","description":"Gr\u00f8nnsakskutter river gr\u00f8nnsaker raskt og enkelt. Perfekt for salater, gryter og mer. Praktisk kj\u00f8kkenredskap for effektiv matlaging.","robots":{"index":"index","follow":"follow","max-snippet":"max-snippet:-1","max-image-preview":"max-image-preview:large","max-video-preview":"max-video-preview:-1"},"canonical":"https:\/\/www.ankarsrum.com\/no\/product\/gronnsakskutter-river\/","og_locale":"nb_NO","og_type":"article","og_title":"Gr\u00f8nnsakskutter","og_description":"Gr\u00f8nnsakskutter river gr\u00f8nnsaker raskt og enkelt. Perfekt for salater, gryter og mer. Praktisk kj\u00f8kkenredskap for effektiv matlaging.","og_url":"https:\/\/www.ankarsrum.com\/no\/product\/gronnsakskutter-river\/","og_site_name":"Ankarsrum Norway","article_modified_time":"2026-05-05T14:20:38+00:00","og_image":[{"width":1200,"height":630,"url":"https:\/\/www.ankarsrum.com\/no\/wp-content\/uploads\/sites\/14\/2024\/09\/vegetable-cutter.jpg","type":"image\/jpeg"}],"twitter_card":"summary_large_image","twitter_misc":{"Ansl. lesetid":"1 minutt"},"schema":{"@context":"https:\/\/schema.org","@graph":[{"@type":"WebPage","@id":"https:\/\/www.ankarsrum.com\/no\/product\/gronnsakskutter-river\/","url":"https:\/\/www.ankarsrum.com\/no\/product\/gronnsakskutter-river\/","name":"Gr\u00f8nnsakskutter river \u2013 Effektiv kutting og riving","isPartOf":{"@id":"https:\/\/www.ankarsrum.com\/no\/#website"},"primaryImageOfPage":{"@id":"https:\/\/www.ankarsrum.com\/no\/product\/gronnsakskutter-river\/#primaryimage"},"image":{"@id":"https:\/\/www.ankarsrum.com\/no\/product\/gronnsakskutter-river\/#primaryimage"},"thumbnailUrl":"https:\/\/www.ankarsrum.com\/img-srv\/dLuVxQeyrtC2vRKY5rK-O77YEynomK3R1p_-Po1a4kU\/resizing_type:auto\/width:0\/height:0\/gravity:sm\/enlarge:1\/ext:webp\/strip_metadata:1\/quality:90\/cachebuster:filesize-105500\/bG9jYWw6Ly8vd3d3LmFua2Fyc3J1bS5jb20vd3AtY29udGVudC91cGxvYWRzL3NpdGVzLzE0LzIwMjQvMDkvdmVnZXRhYmxlLWN1dHRlci5qcGc.webp","datePublished":"2024-07-15T13:19:22+00:00","dateModified":"2026-05-05T14:20:38+00:00","description":"Gr\u00f8nnsakskutter river gr\u00f8nnsaker raskt og enkelt. Perfekt for salater, gryter og mer. Praktisk kj\u00f8kkenredskap for effektiv matlaging.","breadcrumb":{"@id":"https:\/\/www.ankarsrum.com\/no\/product\/gronnsakskutter-river\/#breadcrumb"},"inLanguage":"nb-NO","potentialAction":[{"@type":"ReadAction","target":["https:\/\/www.ankarsrum.com\/no\/product\/gronnsakskutter-river\/"]}]},{"@type":"ImageObject","inLanguage":"nb-NO","@id":"https:\/\/www.ankarsrum.com\/no\/product\/gronnsakskutter-river\/#primaryimage","url":"https:\/\/www.ankarsrum.com\/img-srv\/dLuVxQeyrtC2vRKY5rK-O77YEynomK3R1p_-Po1a4kU\/resizing_type:auto\/width:0\/height:0\/gravity:sm\/enlarge:1\/ext:webp\/strip_metadata:1\/quality:90\/cachebuster:filesize-105500\/bG9jYWw6Ly8vd3d3LmFua2Fyc3J1bS5jb20vd3AtY29udGVudC91cGxvYWRzL3NpdGVzLzE0LzIwMjQvMDkvdmVnZXRhYmxlLWN1dHRlci5qcGc.webp","contentUrl":"https:\/\/www.ankarsrum.com\/img-srv\/dLuVxQeyrtC2vRKY5rK-O77YEynomK3R1p_-Po1a4kU\/resizing_type:auto\/width:0\/height:0\/gravity:sm\/enlarge:1\/ext:webp\/strip_metadata:1\/quality:90\/cachebuster:filesize-105500\/bG9jYWw6Ly8vd3d3LmFua2Fyc3J1bS5jb20vd3AtY29udGVudC91cGxvYWRzL3NpdGVzLzE0LzIwMjQvMDkvdmVnZXRhYmxlLWN1dHRlci5qcGc.webp","width":2000,"height":2000},{"@type":"BreadcrumbList","@id":"https:\/\/www.ankarsrum.com\/no\/product\/gronnsakskutter-river\/#breadcrumb","itemListElement":[{"@type":"ListItem","position":1,"name":"Home","item":"https:\/\/www.ankarsrum.com\/no\/"},{"@type":"ListItem","position":2,"name":"Produce name","item":"https:\/\/www.ankarsrum.com\/no\/shop\/"},{"@type":"ListItem","position":3,"name":"Gr\u00f8nnsakskutter"}]},{"@type":"WebSite","@id":"https:\/\/www.ankarsrum.com\/no\/#website","url":"https:\/\/www.ankarsrum.com\/no\/","name":"Ankarsrum Norway","description":"The bread of the world","potentialAction":[{"@type":"SearchAction","target":{"@type":"EntryPoint","urlTemplate":"https:\/\/www.ankarsrum.com\/no\/?s={search_term_string}"},"query-input":{"@type":"PropertyValueSpecification","valueRequired":true,"valueName":"search_term_string"}}],"inLanguage":"nb-NO"}]}},"_links":{"self":[{"href":"https:\/\/www.ankarsrum.com\/no\/wp-json\/wp\/v2\/product\/4780","targetHints":{"allow":["GET"]}}],"collection":[{"href":"https:\/\/www.ankarsrum.com\/no\/wp-json\/wp\/v2\/product"}],"about":[{"href":"https:\/\/www.ankarsrum.com\/no\/wp-json\/wp\/v2\/types\/product"}],"replies":[{"embeddable":true,"href":"https:\/\/www.ankarsrum.com\/no\/wp-json\/wp\/v2\/comments?post=4780"}],"wp:featuredmedia":[{"embeddable":true,"href":"https:\/\/www.ankarsrum.com\/no\/wp-json\/wp\/v2\/media\/18214"}],"wp:attachment":[{"href":"https:\/\/www.ankarsrum.com\/no\/wp-json\/wp\/v2\/media?parent=4780"}],"wp:term":[{"taxonomy":"product_brand","embeddable":true,"href":"https:\/\/www.ankarsrum.com\/no\/wp-json\/wp\/v2\/product_brand?post=4780"},{"taxonomy":"product_cat","embeddable":true,"href":"https:\/\/www.ankarsrum.com\/no\/wp-json\/wp\/v2\/product_cat?post=4780"},{"taxonomy":"product_tag","embeddable":true,"href":"https:\/\/www.ankarsrum.com\/no\/wp-json\/wp\/v2\/product_tag?post=4780"},{"taxonomy":"product-tag","embeddable":true,"href":"https:\/\/www.ankarsrum.com\/no\/wp-json\/wp\/v2\/product-tag?post=4780"},{"taxonomy":"machines","embeddable":true,"href":"https:\/\/www.ankarsrum.com\/no\/wp-json\/wp\/v2\/machines?post=4780"},{"taxonomy":"filter","embeddable":true,"href":"https:\/\/www.ankarsrum.com\/no\/wp-json\/wp\/v2\/filter?post=4780"}],"curies":[{"name":"wp","href":"https:\/\/api.w.org\/{rel}","templated":true}]}}