{"id":4786,"date":"2024-07-11T12:07:40","date_gmt":"2024-07-11T10:07:40","guid":{"rendered":"https:\/\/www.ankarsrum.com\/no\/product\/hullskive-6-mm\/"},"modified":"2026-04-14T05:36:29","modified_gmt":"2026-04-14T03:36:29","slug":"hullskive-6-mm","status":"publish","type":"product","link":"https:\/\/www.ankarsrum.com\/no\/product\/hullskive-6-mm\/","title":{"rendered":"Hullskive 6 mm"},"content":{"rendered":"<p>\u2022 Hullskiven er 70 mm i diameter, og hullene er 6 mm<br \/>\u2022 Hullskiven passer til kj\u00f8ttkvernmodell 10, sjekk at det st\u00e5r &#34;10&#34; p\u00e5 kj\u00f8ttkvernkniven<br \/>\u2022 Hullskiven er laget av rustfritt st\u00e5l<\/p>\n<p>Hullskiven p\u00e5 6 mm er ideell for grovere kverning.<\/p>","protected":false},"excerpt":{"rendered":"<p>Hullskive i rustfritt st\u00e5l, 6 mm, for kj\u00f8ttkvernmodell &#34;10&#34;.<\/p>\n","protected":false},"featured_media":18162,"comment_status":"open","ping_status":"closed","template":"","meta":{"_acf_changed":false,"content-type":"","editor_notices":[]},"product_brand":[],"product_cat":[450],"product_tag":[],"product-tag":[],"machines":[256,259,261,262,264,269,273,275,280,283],"filter":[287],"class_list":{"0":"post-4786","1":"product","2":"type-product","3":"status-publish","4":"has-post-thumbnail","6":"product_cat-ankarsrum-deler","7":"machines-09_n10","8":"machines-10-n100","9":"machines-11-n20","10":"machines-12-n21","11":"machines-13-n22","12":"machines-14-n23","13":"machines-15-n24","14":"machines-16-n25","15":"machines-17-n28","16":"machines-19-n30","17":"filter-kjottkvern","19":"first","20":"instock","21":"taxable","22":"shipping-taxable","23":"purchasable","24":"product-type-simple"},"bundled_by":[],"bundle_stock_status":"instock","bundle_stock_quantity":21,"bundle_virtual":false,"bundle_layout":"","bundle_add_to_cart_form_location":"","bundle_editable_in_cart":false,"bundle_sold_individually_context":"","bundle_item_grouping":"","bundle_min_size":"","bundle_max_size":"","bundle_price":[],"bundled_items":[],"bundle_sell_ids":[],"acf":[],"shsp-ext":{"main":{},"variations":[]},"yoast_head":"<!-- This site is optimized with the Yoast SEO Premium plugin v26.6 (Yoast SEO v26.6) - https:\/\/yoast.com\/wordpress\/plugins\/seo\/ -->\n<title>Hullskive 6 mm \u2013 Presis kverning for kj\u00f8ttkvern<\/title>\n<meta name=\"description\" content=\"Hullskive 6 mm som gir jevn og presis kverning. Perfekt til kj\u00f8ttkverning med Ankarsrum kj\u00f8kkenmaskin for optimale resultater.\" \/>\n<meta name=\"robots\" content=\"index, follow, max-snippet:-1, max-image-preview:large, max-video-preview:-1\" \/>\n<link rel=\"canonical\" href=\"https:\/\/www.ankarsrum.com\/no\/product\/hullskive-6-mm\/\" \/>\n<meta property=\"og:locale\" content=\"nb_NO\" \/>\n<meta property=\"og:type\" content=\"article\" \/>\n<meta property=\"og:title\" content=\"Hullskive 6 mm\" \/>\n<meta property=\"og:description\" content=\"Hullskive 6 mm som gir jevn og presis kverning. Perfekt til kj\u00f8ttkverning med Ankarsrum kj\u00f8kkenmaskin for optimale resultater.\" \/>\n<meta property=\"og:url\" content=\"https:\/\/www.ankarsrum.com\/no\/product\/hullskive-6-mm\/\" \/>\n<meta property=\"og:site_name\" content=\"Ankarsrum Norway\" \/>\n<meta property=\"article:modified_time\" content=\"2026-04-14T03:36:29+00:00\" \/>\n<meta property=\"og:image\" content=\"https:\/\/www.ankarsrum.com\/no\/wp-content\/uploads\/sites\/14\/2024\/09\/holedisc6-scaled.jpg\" \/>\n\t<meta property=\"og:image:width\" content=\"1200\" \/>\n\t<meta property=\"og:image:height\" content=\"630\" \/>\n\t<meta property=\"og:image:type\" content=\"image\/jpeg\" \/>\n<meta name=\"twitter:card\" content=\"summary_large_image\" \/>\n<script type=\"application\/ld+json\" class=\"yoast-schema-graph\">{\"@context\":\"https:\/\/schema.org\",\"@graph\":[{\"@type\":\"WebPage\",\"@id\":\"https:\/\/www.ankarsrum.com\/no\/product\/hullskive-6-mm\/\",\"url\":\"https:\/\/www.ankarsrum.com\/no\/product\/hullskive-6-mm\/\",\"name\":\"Hullskive 6 mm \u2013 Presis kverning for kj\u00f8ttkvern\",\"isPartOf\":{\"@id\":\"https:\/\/www.ankarsrum.com\/no\/#website\"},\"primaryImageOfPage\":{\"@id\":\"https:\/\/www.ankarsrum.com\/no\/product\/hullskive-6-mm\/#primaryimage\"},\"image\":{\"@id\":\"https:\/\/www.ankarsrum.com\/no\/product\/hullskive-6-mm\/#primaryimage\"},\"thumbnailUrl\":\"https:\/\/www.ankarsrum.com\/img-srv\/3bJvkObrUxzIAyFxNrQa9t4CPrRd0yVCbGo2TrX6eJM\/resizing_type:auto\/width:0\/height:0\/gravity:sm\/enlarge:1\/ext:webp\/strip_metadata:1\/quality:90\/cachebuster:filesize-280970\/bG9jYWw6Ly8vd3d3LmFua2Fyc3J1bS5jb20vd3AtY29udGVudC91cGxvYWRzL3NpdGVzLzE0LzIwMjQvMDkvaG9sZWRpc2M2LXNjYWxlZC5qcGc.webp\",\"datePublished\":\"2024-07-11T10:07:40+00:00\",\"dateModified\":\"2026-04-14T03:36:29+00:00\",\"description\":\"Hullskive 6 mm som gir jevn og presis kverning. Perfekt til kj\u00f8ttkverning med Ankarsrum kj\u00f8kkenmaskin for optimale resultater.\",\"breadcrumb\":{\"@id\":\"https:\/\/www.ankarsrum.com\/no\/product\/hullskive-6-mm\/#breadcrumb\"},\"inLanguage\":\"nb-NO\",\"potentialAction\":[{\"@type\":\"ReadAction\",\"target\":[\"https:\/\/www.ankarsrum.com\/no\/product\/hullskive-6-mm\/\"]}]},{\"@type\":\"ImageObject\",\"inLanguage\":\"nb-NO\",\"@id\":\"https:\/\/www.ankarsrum.com\/no\/product\/hullskive-6-mm\/#primaryimage\",\"url\":\"https:\/\/www.ankarsrum.com\/img-srv\/3bJvkObrUxzIAyFxNrQa9t4CPrRd0yVCbGo2TrX6eJM\/resizing_type:auto\/width:0\/height:0\/gravity:sm\/enlarge:1\/ext:webp\/strip_metadata:1\/quality:90\/cachebuster:filesize-280970\/bG9jYWw6Ly8vd3d3LmFua2Fyc3J1bS5jb20vd3AtY29udGVudC91cGxvYWRzL3NpdGVzLzE0LzIwMjQvMDkvaG9sZWRpc2M2LXNjYWxlZC5qcGc.webp\",\"contentUrl\":\"https:\/\/www.ankarsrum.com\/img-srv\/3bJvkObrUxzIAyFxNrQa9t4CPrRd0yVCbGo2TrX6eJM\/resizing_type:auto\/width:0\/height:0\/gravity:sm\/enlarge:1\/ext:webp\/strip_metadata:1\/quality:90\/cachebuster:filesize-280970\/bG9jYWw6Ly8vd3d3LmFua2Fyc3J1bS5jb20vd3AtY29udGVudC91cGxvYWRzL3NpdGVzLzE0LzIwMjQvMDkvaG9sZWRpc2M2LXNjYWxlZC5qcGc.webp\",\"width\":2560,\"height\":2560},{\"@type\":\"BreadcrumbList\",\"@id\":\"https:\/\/www.ankarsrum.com\/no\/product\/hullskive-6-mm\/#breadcrumb\",\"itemListElement\":[{\"@type\":\"ListItem\",\"position\":1,\"name\":\"Home\",\"item\":\"https:\/\/www.ankarsrum.com\/no\/\"},{\"@type\":\"ListItem\",\"position\":2,\"name\":\"Produce name\",\"item\":\"https:\/\/www.ankarsrum.com\/no\/shop\/\"},{\"@type\":\"ListItem\",\"position\":3,\"name\":\"Hullskive 6 mm\"}]},{\"@type\":\"WebSite\",\"@id\":\"https:\/\/www.ankarsrum.com\/no\/#website\",\"url\":\"https:\/\/www.ankarsrum.com\/no\/\",\"name\":\"Ankarsrum Norway\",\"description\":\"The bread of the world\",\"potentialAction\":[{\"@type\":\"SearchAction\",\"target\":{\"@type\":\"EntryPoint\",\"urlTemplate\":\"https:\/\/www.ankarsrum.com\/no\/?s={search_term_string}\"},\"query-input\":{\"@type\":\"PropertyValueSpecification\",\"valueRequired\":true,\"valueName\":\"search_term_string\"}}],\"inLanguage\":\"nb-NO\"}]}<\/script>\n<!-- \/ Yoast SEO Premium plugin. -->","yoast_head_json":{"title":"Hullskive 6 mm \u2013 Presis kverning for kj\u00f8ttkvern","description":"Hullskive 6 mm som gir jevn og presis kverning. Perfekt til kj\u00f8ttkverning med Ankarsrum kj\u00f8kkenmaskin for optimale resultater.","robots":{"index":"index","follow":"follow","max-snippet":"max-snippet:-1","max-image-preview":"max-image-preview:large","max-video-preview":"max-video-preview:-1"},"canonical":"https:\/\/www.ankarsrum.com\/no\/product\/hullskive-6-mm\/","og_locale":"nb_NO","og_type":"article","og_title":"Hullskive 6 mm","og_description":"Hullskive 6 mm som gir jevn og presis kverning. Perfekt til kj\u00f8ttkverning med Ankarsrum kj\u00f8kkenmaskin for optimale resultater.","og_url":"https:\/\/www.ankarsrum.com\/no\/product\/hullskive-6-mm\/","og_site_name":"Ankarsrum Norway","article_modified_time":"2026-04-14T03:36:29+00:00","og_image":[{"width":1200,"height":630,"url":"https:\/\/www.ankarsrum.com\/no\/wp-content\/uploads\/sites\/14\/2024\/09\/holedisc6-scaled.jpg","type":"image\/jpeg"}],"twitter_card":"summary_large_image","schema":{"@context":"https:\/\/schema.org","@graph":[{"@type":"WebPage","@id":"https:\/\/www.ankarsrum.com\/no\/product\/hullskive-6-mm\/","url":"https:\/\/www.ankarsrum.com\/no\/product\/hullskive-6-mm\/","name":"Hullskive 6 mm \u2013 Presis kverning for kj\u00f8ttkvern","isPartOf":{"@id":"https:\/\/www.ankarsrum.com\/no\/#website"},"primaryImageOfPage":{"@id":"https:\/\/www.ankarsrum.com\/no\/product\/hullskive-6-mm\/#primaryimage"},"image":{"@id":"https:\/\/www.ankarsrum.com\/no\/product\/hullskive-6-mm\/#primaryimage"},"thumbnailUrl":"https:\/\/www.ankarsrum.com\/img-srv\/3bJvkObrUxzIAyFxNrQa9t4CPrRd0yVCbGo2TrX6eJM\/resizing_type:auto\/width:0\/height:0\/gravity:sm\/enlarge:1\/ext:webp\/strip_metadata:1\/quality:90\/cachebuster:filesize-280970\/bG9jYWw6Ly8vd3d3LmFua2Fyc3J1bS5jb20vd3AtY29udGVudC91cGxvYWRzL3NpdGVzLzE0LzIwMjQvMDkvaG9sZWRpc2M2LXNjYWxlZC5qcGc.webp","datePublished":"2024-07-11T10:07:40+00:00","dateModified":"2026-04-14T03:36:29+00:00","description":"Hullskive 6 mm som gir jevn og presis kverning. Perfekt til kj\u00f8ttkverning med Ankarsrum kj\u00f8kkenmaskin for optimale resultater.","breadcrumb":{"@id":"https:\/\/www.ankarsrum.com\/no\/product\/hullskive-6-mm\/#breadcrumb"},"inLanguage":"nb-NO","potentialAction":[{"@type":"ReadAction","target":["https:\/\/www.ankarsrum.com\/no\/product\/hullskive-6-mm\/"]}]},{"@type":"ImageObject","inLanguage":"nb-NO","@id":"https:\/\/www.ankarsrum.com\/no\/product\/hullskive-6-mm\/#primaryimage","url":"https:\/\/www.ankarsrum.com\/img-srv\/3bJvkObrUxzIAyFxNrQa9t4CPrRd0yVCbGo2TrX6eJM\/resizing_type:auto\/width:0\/height:0\/gravity:sm\/enlarge:1\/ext:webp\/strip_metadata:1\/quality:90\/cachebuster:filesize-280970\/bG9jYWw6Ly8vd3d3LmFua2Fyc3J1bS5jb20vd3AtY29udGVudC91cGxvYWRzL3NpdGVzLzE0LzIwMjQvMDkvaG9sZWRpc2M2LXNjYWxlZC5qcGc.webp","contentUrl":"https:\/\/www.ankarsrum.com\/img-srv\/3bJvkObrUxzIAyFxNrQa9t4CPrRd0yVCbGo2TrX6eJM\/resizing_type:auto\/width:0\/height:0\/gravity:sm\/enlarge:1\/ext:webp\/strip_metadata:1\/quality:90\/cachebuster:filesize-280970\/bG9jYWw6Ly8vd3d3LmFua2Fyc3J1bS5jb20vd3AtY29udGVudC91cGxvYWRzL3NpdGVzLzE0LzIwMjQvMDkvaG9sZWRpc2M2LXNjYWxlZC5qcGc.webp","width":2560,"height":2560},{"@type":"BreadcrumbList","@id":"https:\/\/www.ankarsrum.com\/no\/product\/hullskive-6-mm\/#breadcrumb","itemListElement":[{"@type":"ListItem","position":1,"name":"Home","item":"https:\/\/www.ankarsrum.com\/no\/"},{"@type":"ListItem","position":2,"name":"Produce name","item":"https:\/\/www.ankarsrum.com\/no\/shop\/"},{"@type":"ListItem","position":3,"name":"Hullskive 6 mm"}]},{"@type":"WebSite","@id":"https:\/\/www.ankarsrum.com\/no\/#website","url":"https:\/\/www.ankarsrum.com\/no\/","name":"Ankarsrum Norway","description":"The bread of the world","potentialAction":[{"@type":"SearchAction","target":{"@type":"EntryPoint","urlTemplate":"https:\/\/www.ankarsrum.com\/no\/?s={search_term_string}"},"query-input":{"@type":"PropertyValueSpecification","valueRequired":true,"valueName":"search_term_string"}}],"inLanguage":"nb-NO"}]}},"_links":{"self":[{"href":"https:\/\/www.ankarsrum.com\/no\/wp-json\/wp\/v2\/product\/4786","targetHints":{"allow":["GET"]}}],"collection":[{"href":"https:\/\/www.ankarsrum.com\/no\/wp-json\/wp\/v2\/product"}],"about":[{"href":"https:\/\/www.ankarsrum.com\/no\/wp-json\/wp\/v2\/types\/product"}],"replies":[{"embeddable":true,"href":"https:\/\/www.ankarsrum.com\/no\/wp-json\/wp\/v2\/comments?post=4786"}],"wp:featuredmedia":[{"embeddable":true,"href":"https:\/\/www.ankarsrum.com\/no\/wp-json\/wp\/v2\/media\/18162"}],"wp:attachment":[{"href":"https:\/\/www.ankarsrum.com\/no\/wp-json\/wp\/v2\/media?parent=4786"}],"wp:term":[{"taxonomy":"product_brand","embeddable":true,"href":"https:\/\/www.ankarsrum.com\/no\/wp-json\/wp\/v2\/product_brand?post=4786"},{"taxonomy":"product_cat","embeddable":true,"href":"https:\/\/www.ankarsrum.com\/no\/wp-json\/wp\/v2\/product_cat?post=4786"},{"taxonomy":"product_tag","embeddable":true,"href":"https:\/\/www.ankarsrum.com\/no\/wp-json\/wp\/v2\/product_tag?post=4786"},{"taxonomy":"product-tag","embeddable":true,"href":"https:\/\/www.ankarsrum.com\/no\/wp-json\/wp\/v2\/product-tag?post=4786"},{"taxonomy":"machines","embeddable":true,"href":"https:\/\/www.ankarsrum.com\/no\/wp-json\/wp\/v2\/machines?post=4786"},{"taxonomy":"filter","embeddable":true,"href":"https:\/\/www.ankarsrum.com\/no\/wp-json\/wp\/v2\/filter?post=4786"}],"curies":[{"name":"wp","href":"https:\/\/api.w.org\/{rel}","templated":true}]}}