{"id":4789,"date":"2024-07-16T08:45:46","date_gmt":"2024-07-16T06:45:46","guid":{"rendered":"https:\/\/www.ankarsrum.com\/no\/product\/kjottkvern\/"},"modified":"2026-04-14T05:36:44","modified_gmt":"2026-04-14T03:36:44","slug":"kjottkvern","status":"publish","type":"product","link":"https:\/\/www.ankarsrum.com\/no\/product\/kjottkvern\/","title":{"rendered":"Kj\u00f8ttkvern grunnpakke"},"content":{"rendered":"<p><span>Ankarsrums kj\u00f8ttkvern gir deg friheten til \u00e5 lage dine egne retter \u2013 fra kj\u00f8tt og fisk til vegetariske alternativer som kikertkj\u00f8ttdeig og falafel. N\u00e5r du monterer kvernen p\u00e5 din Ankarsrum tilf\u00f8res kraften fra assistentens kraftige motor, som gj\u00f8r at du kan male store mengder raskt og jevnt.<\/span><\/p>\n<p><span>Kj\u00f8ttkvernen er laget i Sverige med h\u00f8y kvalitet og er perfekt for b\u00e5de hjemmekokker og jegere som \u00f8nsker \u00e5 ta vare p\u00e5 sitt eget kj\u00f8tt. Grunnpakken inneholder alt du trenger for \u00e5 komme i gang: kj\u00f8ttkvern, tre forskjellige p\u00f8lsehorn, perforert hullskive og tilbeh\u00f8r som lar deg begynne \u00e5 kverne med en gang.<\/span><\/p>\n<p><span>Lag dine egne p\u00f8lser, saftige burgere og sett ditt eget preg p\u00e5 smakene. Med Ankarsrums kj\u00f8ttkvern bestemmer du selv hva som havner p\u00e5 tallerkenen. Vil du justere kvernegraden? Det er ekstra perforerte hullskiver \u00e5 kj\u00f8pe. <\/span><\/p>\n<p><span>Nyt friheten til \u00e5 lage dine egne retter med ingredienser du stoler p\u00e5. Ankarsrums kj\u00f8ttkvern er ikke bare et verkt\u00f8y \u2013 det er din vei til bedre og mer personlig matlaging.<br \/><br \/><\/span><strong><span>Kj\u00f8ttkvernen passer til alle modeller av Assistent Original N1-N30.<\/span><\/strong><\/p>\n<p><span>Hva er inkludert? <\/span><\/p>\n<ul>\n<li><span>Kvernhus med kvernvals<\/span><\/li>\n<li><span>4-blads kniv<\/span><\/li>\n<li><span>3 p\u00f8lsehorn 10\/20\/25 mm<\/span><\/li>\n<li><span>Matebrett<\/span><\/li>\n<li><span>Matepropp<\/span><\/li>\n<li><span>Perforert hullskive 4,5 mm<\/span><\/li>\n<li class=\"MsoListParagraphCxSpLast\" style=\"text-indent: -18pt;\"><span>\u00a0 \u00a0 \u00a0 <\/span><span>Sprutdeksel<\/span><span style=\"mso-ansi-language: NO-BOK;\"><br \/><br \/><\/span><\/li>\n<\/ul>","protected":false},"excerpt":{"rendered":"<p><span>L\u00f8ft matlagingen til et nytt niv\u00e5 med Ankarsrums kj\u00f8ttkvern! Lag alt fra saftige burgere til hjemmelagde p\u00f8lser og vegetarfavoritter<\/span><span>. Takket v\u00e6re <\/span><span>Assistent Originals kraftige motor vil kvernen raskt bli din beste venn p\u00e5 kj\u00f8kkenet, uansett hva som st\u00e5r p\u00e5 menyen.<\/span><\/p>\n","protected":false},"featured_media":18382,"comment_status":"open","ping_status":"closed","template":"","meta":{"_acf_changed":false,"content-type":"","editor_notices":[]},"product_brand":[],"product_cat":[453],"product_tag":[],"product-tag":[],"machines":[256,259,261,262,264,269,273,275,280,283],"filter":[287,305],"class_list":{"0":"post-4789","1":"product","2":"type-product","3":"status-publish","4":"has-post-thumbnail","6":"product_cat-ankarsrum-tilbehor","7":"machines-09_n10","8":"machines-10-n100","9":"machines-11-n20","10":"machines-12-n21","11":"machines-13-n22","12":"machines-14-n23","13":"machines-15-n24","14":"machines-16-n25","15":"machines-17-n28","16":"machines-19-n30","17":"filter-kjottkvern","18":"filter-mat","20":"first","21":"instock","22":"taxable","23":"shipping-taxable","24":"purchasable","25":"product-type-simple"},"bundled_by":[],"bundle_stock_status":"instock","bundle_stock_quantity":31,"bundle_virtual":false,"bundle_layout":"","bundle_add_to_cart_form_location":"","bundle_editable_in_cart":false,"bundle_sold_individually_context":"","bundle_item_grouping":"","bundle_min_size":"","bundle_max_size":"","bundle_price":[],"bundled_items":[],"bundle_sell_ids":[],"acf":[],"shsp-ext":{"main":{},"variations":[]},"yoast_head":"<!-- This site is optimized with the Yoast SEO Premium plugin v26.6 (Yoast SEO v26.6) - https:\/\/yoast.com\/wordpress\/plugins\/seo\/ -->\n<title>Kj\u00f8ttkvern \u2013 Hjemmelaget kj\u00f8ttdeig med enkelhet<\/title>\n<meta name=\"description\" content=\"Kj\u00f8ttkvern som lar deg lage fersk kj\u00f8ttdeig hjemme. Perfekt for burgere, p\u00f8lser og kj\u00f8ttboller med full kontroll p\u00e5 ingrediensene.\" \/>\n<meta name=\"robots\" content=\"index, follow, max-snippet:-1, max-image-preview:large, max-video-preview:-1\" \/>\n<link rel=\"canonical\" href=\"https:\/\/www.ankarsrum.com\/no\/product\/kjottkvern\/\" \/>\n<meta property=\"og:locale\" content=\"nb_NO\" \/>\n<meta property=\"og:type\" content=\"article\" \/>\n<meta property=\"og:title\" content=\"Kj\u00f8ttkvern grunnpakke\" \/>\n<meta property=\"og:description\" content=\"Kj\u00f8ttkvern som lar deg lage fersk kj\u00f8ttdeig hjemme. Perfekt for burgere, p\u00f8lser og kj\u00f8ttboller med full kontroll p\u00e5 ingrediensene.\" \/>\n<meta property=\"og:url\" content=\"https:\/\/www.ankarsrum.com\/no\/product\/kjottkvern\/\" \/>\n<meta property=\"og:site_name\" content=\"Ankarsrum Norway\" \/>\n<meta property=\"article:modified_time\" content=\"2026-04-14T03:36:44+00:00\" \/>\n<meta property=\"og:image\" content=\"https:\/\/www.ankarsrum.com\/no\/wp-content\/uploads\/sites\/14\/2024\/09\/mincer-basic.jpg\" \/>\n\t<meta property=\"og:image:width\" content=\"1080\" \/>\n\t<meta property=\"og:image:height\" content=\"630\" \/>\n\t<meta property=\"og:image:type\" content=\"image\/jpeg\" \/>\n<meta name=\"twitter:card\" content=\"summary_large_image\" \/>\n<meta name=\"twitter:label1\" content=\"Ansl. lesetid\" \/>\n\t<meta name=\"twitter:data1\" content=\"1 minutt\" \/>\n<script type=\"application\/ld+json\" class=\"yoast-schema-graph\">{\"@context\":\"https:\/\/schema.org\",\"@graph\":[{\"@type\":\"WebPage\",\"@id\":\"https:\/\/www.ankarsrum.com\/no\/product\/kjottkvern\/\",\"url\":\"https:\/\/www.ankarsrum.com\/no\/product\/kjottkvern\/\",\"name\":\"Kj\u00f8ttkvern \u2013 Hjemmelaget kj\u00f8ttdeig med enkelhet\",\"isPartOf\":{\"@id\":\"https:\/\/www.ankarsrum.com\/no\/#website\"},\"primaryImageOfPage\":{\"@id\":\"https:\/\/www.ankarsrum.com\/no\/product\/kjottkvern\/#primaryimage\"},\"image\":{\"@id\":\"https:\/\/www.ankarsrum.com\/no\/product\/kjottkvern\/#primaryimage\"},\"thumbnailUrl\":\"https:\/\/www.ankarsrum.com\/img-srv\/kEhPoPE7ge0iBDFjewIF3KZtuuFh7eaTRtxZbRpFdOw\/resizing_type:auto\/width:0\/height:0\/gravity:sm\/enlarge:1\/ext:webp\/strip_metadata:1\/quality:90\/cachebuster:filesize-64568\/bG9jYWw6Ly8vd3d3LmFua2Fyc3J1bS5jb20vd3AtY29udGVudC91cGxvYWRzL3NpdGVzLzE0LzIwMjQvMDkvbWluY2VyLWJhc2ljLmpwZw.webp\",\"datePublished\":\"2024-07-16T06:45:46+00:00\",\"dateModified\":\"2026-04-14T03:36:44+00:00\",\"description\":\"Kj\u00f8ttkvern som lar deg lage fersk kj\u00f8ttdeig hjemme. Perfekt for burgere, p\u00f8lser og kj\u00f8ttboller med full kontroll p\u00e5 ingrediensene.\",\"breadcrumb\":{\"@id\":\"https:\/\/www.ankarsrum.com\/no\/product\/kjottkvern\/#breadcrumb\"},\"inLanguage\":\"nb-NO\",\"potentialAction\":[{\"@type\":\"ReadAction\",\"target\":[\"https:\/\/www.ankarsrum.com\/no\/product\/kjottkvern\/\"]}]},{\"@type\":\"ImageObject\",\"inLanguage\":\"nb-NO\",\"@id\":\"https:\/\/www.ankarsrum.com\/no\/product\/kjottkvern\/#primaryimage\",\"url\":\"https:\/\/www.ankarsrum.com\/img-srv\/kEhPoPE7ge0iBDFjewIF3KZtuuFh7eaTRtxZbRpFdOw\/resizing_type:auto\/width:0\/height:0\/gravity:sm\/enlarge:1\/ext:webp\/strip_metadata:1\/quality:90\/cachebuster:filesize-64568\/bG9jYWw6Ly8vd3d3LmFua2Fyc3J1bS5jb20vd3AtY29udGVudC91cGxvYWRzL3NpdGVzLzE0LzIwMjQvMDkvbWluY2VyLWJhc2ljLmpwZw.webp\",\"contentUrl\":\"https:\/\/www.ankarsrum.com\/img-srv\/kEhPoPE7ge0iBDFjewIF3KZtuuFh7eaTRtxZbRpFdOw\/resizing_type:auto\/width:0\/height:0\/gravity:sm\/enlarge:1\/ext:webp\/strip_metadata:1\/quality:90\/cachebuster:filesize-64568\/bG9jYWw6Ly8vd3d3LmFua2Fyc3J1bS5jb20vd3AtY29udGVudC91cGxvYWRzL3NpdGVzLzE0LzIwMjQvMDkvbWluY2VyLWJhc2ljLmpwZw.webp\",\"width\":1080,\"height\":1080},{\"@type\":\"BreadcrumbList\",\"@id\":\"https:\/\/www.ankarsrum.com\/no\/product\/kjottkvern\/#breadcrumb\",\"itemListElement\":[{\"@type\":\"ListItem\",\"position\":1,\"name\":\"Home\",\"item\":\"https:\/\/www.ankarsrum.com\/no\/\"},{\"@type\":\"ListItem\",\"position\":2,\"name\":\"Produce name\",\"item\":\"https:\/\/www.ankarsrum.com\/no\/shop\/\"},{\"@type\":\"ListItem\",\"position\":3,\"name\":\"Kj\u00f8ttkvern grunnpakke\"}]},{\"@type\":\"WebSite\",\"@id\":\"https:\/\/www.ankarsrum.com\/no\/#website\",\"url\":\"https:\/\/www.ankarsrum.com\/no\/\",\"name\":\"Ankarsrum Norway\",\"description\":\"The bread of the world\",\"potentialAction\":[{\"@type\":\"SearchAction\",\"target\":{\"@type\":\"EntryPoint\",\"urlTemplate\":\"https:\/\/www.ankarsrum.com\/no\/?s={search_term_string}\"},\"query-input\":{\"@type\":\"PropertyValueSpecification\",\"valueRequired\":true,\"valueName\":\"search_term_string\"}}],\"inLanguage\":\"nb-NO\"}]}<\/script>\n<!-- \/ Yoast SEO Premium plugin. -->","yoast_head_json":{"title":"Kj\u00f8ttkvern \u2013 Hjemmelaget kj\u00f8ttdeig med enkelhet","description":"Kj\u00f8ttkvern som lar deg lage fersk kj\u00f8ttdeig hjemme. Perfekt for burgere, p\u00f8lser og kj\u00f8ttboller med full kontroll p\u00e5 ingrediensene.","robots":{"index":"index","follow":"follow","max-snippet":"max-snippet:-1","max-image-preview":"max-image-preview:large","max-video-preview":"max-video-preview:-1"},"canonical":"https:\/\/www.ankarsrum.com\/no\/product\/kjottkvern\/","og_locale":"nb_NO","og_type":"article","og_title":"Kj\u00f8ttkvern grunnpakke","og_description":"Kj\u00f8ttkvern som lar deg lage fersk kj\u00f8ttdeig hjemme. Perfekt for burgere, p\u00f8lser og kj\u00f8ttboller med full kontroll p\u00e5 ingrediensene.","og_url":"https:\/\/www.ankarsrum.com\/no\/product\/kjottkvern\/","og_site_name":"Ankarsrum Norway","article_modified_time":"2026-04-14T03:36:44+00:00","og_image":[{"width":1080,"height":630,"url":"https:\/\/www.ankarsrum.com\/no\/wp-content\/uploads\/sites\/14\/2024\/09\/mincer-basic.jpg","type":"image\/jpeg"}],"twitter_card":"summary_large_image","twitter_misc":{"Ansl. lesetid":"1 minutt"},"schema":{"@context":"https:\/\/schema.org","@graph":[{"@type":"WebPage","@id":"https:\/\/www.ankarsrum.com\/no\/product\/kjottkvern\/","url":"https:\/\/www.ankarsrum.com\/no\/product\/kjottkvern\/","name":"Kj\u00f8ttkvern \u2013 Hjemmelaget kj\u00f8ttdeig med enkelhet","isPartOf":{"@id":"https:\/\/www.ankarsrum.com\/no\/#website"},"primaryImageOfPage":{"@id":"https:\/\/www.ankarsrum.com\/no\/product\/kjottkvern\/#primaryimage"},"image":{"@id":"https:\/\/www.ankarsrum.com\/no\/product\/kjottkvern\/#primaryimage"},"thumbnailUrl":"https:\/\/www.ankarsrum.com\/img-srv\/kEhPoPE7ge0iBDFjewIF3KZtuuFh7eaTRtxZbRpFdOw\/resizing_type:auto\/width:0\/height:0\/gravity:sm\/enlarge:1\/ext:webp\/strip_metadata:1\/quality:90\/cachebuster:filesize-64568\/bG9jYWw6Ly8vd3d3LmFua2Fyc3J1bS5jb20vd3AtY29udGVudC91cGxvYWRzL3NpdGVzLzE0LzIwMjQvMDkvbWluY2VyLWJhc2ljLmpwZw.webp","datePublished":"2024-07-16T06:45:46+00:00","dateModified":"2026-04-14T03:36:44+00:00","description":"Kj\u00f8ttkvern som lar deg lage fersk kj\u00f8ttdeig hjemme. Perfekt for burgere, p\u00f8lser og kj\u00f8ttboller med full kontroll p\u00e5 ingrediensene.","breadcrumb":{"@id":"https:\/\/www.ankarsrum.com\/no\/product\/kjottkvern\/#breadcrumb"},"inLanguage":"nb-NO","potentialAction":[{"@type":"ReadAction","target":["https:\/\/www.ankarsrum.com\/no\/product\/kjottkvern\/"]}]},{"@type":"ImageObject","inLanguage":"nb-NO","@id":"https:\/\/www.ankarsrum.com\/no\/product\/kjottkvern\/#primaryimage","url":"https:\/\/www.ankarsrum.com\/img-srv\/kEhPoPE7ge0iBDFjewIF3KZtuuFh7eaTRtxZbRpFdOw\/resizing_type:auto\/width:0\/height:0\/gravity:sm\/enlarge:1\/ext:webp\/strip_metadata:1\/quality:90\/cachebuster:filesize-64568\/bG9jYWw6Ly8vd3d3LmFua2Fyc3J1bS5jb20vd3AtY29udGVudC91cGxvYWRzL3NpdGVzLzE0LzIwMjQvMDkvbWluY2VyLWJhc2ljLmpwZw.webp","contentUrl":"https:\/\/www.ankarsrum.com\/img-srv\/kEhPoPE7ge0iBDFjewIF3KZtuuFh7eaTRtxZbRpFdOw\/resizing_type:auto\/width:0\/height:0\/gravity:sm\/enlarge:1\/ext:webp\/strip_metadata:1\/quality:90\/cachebuster:filesize-64568\/bG9jYWw6Ly8vd3d3LmFua2Fyc3J1bS5jb20vd3AtY29udGVudC91cGxvYWRzL3NpdGVzLzE0LzIwMjQvMDkvbWluY2VyLWJhc2ljLmpwZw.webp","width":1080,"height":1080},{"@type":"BreadcrumbList","@id":"https:\/\/www.ankarsrum.com\/no\/product\/kjottkvern\/#breadcrumb","itemListElement":[{"@type":"ListItem","position":1,"name":"Home","item":"https:\/\/www.ankarsrum.com\/no\/"},{"@type":"ListItem","position":2,"name":"Produce name","item":"https:\/\/www.ankarsrum.com\/no\/shop\/"},{"@type":"ListItem","position":3,"name":"Kj\u00f8ttkvern grunnpakke"}]},{"@type":"WebSite","@id":"https:\/\/www.ankarsrum.com\/no\/#website","url":"https:\/\/www.ankarsrum.com\/no\/","name":"Ankarsrum Norway","description":"The bread of the world","potentialAction":[{"@type":"SearchAction","target":{"@type":"EntryPoint","urlTemplate":"https:\/\/www.ankarsrum.com\/no\/?s={search_term_string}"},"query-input":{"@type":"PropertyValueSpecification","valueRequired":true,"valueName":"search_term_string"}}],"inLanguage":"nb-NO"}]}},"_links":{"self":[{"href":"https:\/\/www.ankarsrum.com\/no\/wp-json\/wp\/v2\/product\/4789","targetHints":{"allow":["GET"]}}],"collection":[{"href":"https:\/\/www.ankarsrum.com\/no\/wp-json\/wp\/v2\/product"}],"about":[{"href":"https:\/\/www.ankarsrum.com\/no\/wp-json\/wp\/v2\/types\/product"}],"replies":[{"embeddable":true,"href":"https:\/\/www.ankarsrum.com\/no\/wp-json\/wp\/v2\/comments?post=4789"}],"wp:featuredmedia":[{"embeddable":true,"href":"https:\/\/www.ankarsrum.com\/no\/wp-json\/wp\/v2\/media\/18382"}],"wp:attachment":[{"href":"https:\/\/www.ankarsrum.com\/no\/wp-json\/wp\/v2\/media?parent=4789"}],"wp:term":[{"taxonomy":"product_brand","embeddable":true,"href":"https:\/\/www.ankarsrum.com\/no\/wp-json\/wp\/v2\/product_brand?post=4789"},{"taxonomy":"product_cat","embeddable":true,"href":"https:\/\/www.ankarsrum.com\/no\/wp-json\/wp\/v2\/product_cat?post=4789"},{"taxonomy":"product_tag","embeddable":true,"href":"https:\/\/www.ankarsrum.com\/no\/wp-json\/wp\/v2\/product_tag?post=4789"},{"taxonomy":"product-tag","embeddable":true,"href":"https:\/\/www.ankarsrum.com\/no\/wp-json\/wp\/v2\/product-tag?post=4789"},{"taxonomy":"machines","embeddable":true,"href":"https:\/\/www.ankarsrum.com\/no\/wp-json\/wp\/v2\/machines?post=4789"},{"taxonomy":"filter","embeddable":true,"href":"https:\/\/www.ankarsrum.com\/no\/wp-json\/wp\/v2\/filter?post=4789"}],"curies":[{"name":"wp","href":"https:\/\/api.w.org\/{rel}","templated":true}]}}