{"id":4790,"date":"2024-07-16T09:00:53","date_gmt":"2024-07-16T07:00:53","guid":{"rendered":"https:\/\/www.ankarsrum.com\/no\/product\/kjottkvern-komplett\/"},"modified":"2026-04-08T15:00:09","modified_gmt":"2026-04-08T13:00:09","slug":"kjottkvern-komplett","status":"publish","type":"product","link":"https:\/\/www.ankarsrum.com\/no\/product\/kjottkvern-komplett\/","title":{"rendered":"Kj\u00f8ttkvern Komplett"},"content":{"rendered":"<div class=\"OutlineElement Ltr SCXW201392568 BCX8\">\n<p class=\"Paragraph SCXW201392568 BCX8\"><span class=\"TextRun SCXW201392568 BCX8\"><span class=\"NormalTextRun SCXW201392568 BCX8\">Med <\/span><span class=\"NormalTextRun SpellingErrorV2Themed SCXW201392568 BCX8\">Ankarsrums<\/span><span class=\"NormalTextRun SCXW201392568 BCX8\"> Kj\u00f8ttkvern <\/span><span class=\"NormalTextRun SCXW201392568 BCX8\">Komplett<\/span><span class=\"NormalTextRun SCXW201392568 BCX8\"> f\u00e5r du alt du trenger for \u00e5 <\/span><span class=\"NormalTextRun SCXW201392568 BCX8\">l\u00f8fte<\/span><span class=\"NormalTextRun SCXW201392568 BCX8\"> matlagingen til <\/span><span class=\"NormalTextRun SCXW201392568 BCX8\">et nytt<\/span><span class=\"NormalTextRun SCXW201392568 BCX8\"> niv\u00e5. I tillegg til kvernen f\u00e5r du fem tilbeh\u00f8r som du enkelt kan montere p\u00e5 kj\u00f8ttkvernen, noe som gj\u00f8r den <\/span><span class=\"NormalTextRun SCXW201392568 BCX8\">virkelig<\/span> <span class=\"NormalTextRun SCXW201392568 BCX8\">allsidig. <\/span><span class=\"NormalTextRun SCXW201392568 BCX8\">Kvern<\/span><span class=\"NormalTextRun SCXW201392568 BCX8\"> ditt eget kj\u00f8tt, lag hjemmelagde p\u00f8lser, <\/span><span class=\"NormalTextRun SCXW201392568 BCX8\">press<\/span><span class=\"NormalTextRun SCXW201392568 BCX8\"> frukt til syltet\u00f8y og pur\u00e9, rasp parmesan eller n\u00f8tter og <\/span><span class=\"NormalTextRun SCXW201392568 BCX8\">press ut<\/span> <span class=\"NormalTextRun SCXW201392568 BCX8\">sm\u00e5k<\/span><span class=\"NormalTextRun SCXW201392568 BCX8\">ak<\/span><span class=\"NormalTextRun SCXW201392568 BCX8\">er og <\/span><span class=\"NormalTextRun SCXW201392568 BCX8\">kjeks i forskjellige m\u00f8nstre<\/span><span class=\"NormalTextRun SCXW201392568 BCX8\"> med letthet. Alt dette med en og samme kvern!<\/span><\/span><span class=\"EOP SCXW201392568 BCX8\">\u00a0<\/span><\/p>\n<\/div>\n<div class=\"OutlineElement Ltr SCXW201392568 BCX8\">\n<p class=\"Paragraph SCXW201392568 BCX8\"><strong><span class=\"TextRun SCXW201392568 BCX8\"><span class=\"NormalTextRun SCXW201392568 BCX8\">Kj\u00f8ttkvern med <\/span><span class=\"NormalTextRun SCXW201392568 BCX8\">hullskiver <\/span><span class=\"NormalTextRun SCXW201392568 BCX8\">og p\u00f8lsehorn<\/span><\/span><\/strong><span class=\"TextRun SCXW201392568 BCX8\"><span class=\"NormalTextRun SCXW201392568 BCX8\"> \u2013 <\/span><span class=\"NormalTextRun SCXW201392568 BCX8\">Kvern<\/span><span class=\"NormalTextRun SCXW201392568 BCX8\"> kj\u00f8ttet til kj\u00f8ttdeig, form dine egne p\u00f8lser eller lag vegetariske alternativer som falafel og kikertkj\u00f8ttdeig. <\/span><\/span><span class=\"LineBreakBlob BlobObject DragDrop SCXW201392568 BCX8\"><span class=\"SCXW201392568 BCX8\">\u00a0<\/span><br \/><\/span><span class=\"TextRun SCXW201392568 BCX8\"><strong><span class=\"NormalTextRun SCXW201392568 BCX8\">Pur<\/span><\/strong><span class=\"NormalTextRun SCXW201392568 BCX8\"><strong>\u00e9presse<\/strong> <\/span><\/span><span class=\"TextRun SCXW201392568 BCX8\"><span class=\"NormalTextRun SCXW201392568 BCX8\">\u2013 Perfekt for \u00e5 lage glatte pur\u00e9er, babymat<\/span><span class=\"NormalTextRun SCXW201392568 BCX8\"> og<\/span><span class=\"NormalTextRun SCXW201392568 BCX8\"> syltet\u00f8y.<\/span><\/span><span class=\"LineBreakBlob BlobObject DragDrop SCXW201392568 BCX8\"><span class=\"SCXW201392568 BCX8\">\u00a0<\/span><br \/><\/span><strong><span class=\"TextRun SCXW201392568 BCX8\"><span class=\"NormalTextRun SCXW201392568 BCX8\">Riv<\/span><span class=\"NormalTextRun SCXW201392568 BCX8\">j<\/span><span class=\"NormalTextRun SCXW201392568 BCX8\">ern<\/span><\/span><\/strong><span class=\"TextRun SCXW201392568 BCX8\"><span class=\"NormalTextRun SCXW201392568 BCX8\"> \u2013 Riv alt fra parmesan og sjokolade til n\u00f8tter og poteter.<\/span><\/span><span class=\"LineBreakBlob BlobObject DragDrop SCXW201392568 BCX8\"><span class=\"SCXW201392568 BCX8\">\u00a0<\/span><br \/><\/span><strong><span class=\"TextRun SCXW201392568 BCX8\"><span class=\"NormalTextRun SCXW201392568 BCX8\">Kakespr\u00f8yte<\/span><\/span><\/strong><span class=\"TextRun SCXW201392568 BCX8\"><span class=\"NormalTextRun SCXW201392568 BCX8\"> \u2013 <\/span><span class=\"NormalTextRun SCXW201392568 BCX8\">Press ut<\/span> <span class=\"NormalTextRun SCXW201392568 BCX8\">kransekakedeig eller <\/span><span class=\"NormalTextRun SCXW201392568 BCX8\">m\u00f8rdeig og lag <\/span><span class=\"NormalTextRun SCXW201392568 BCX8\">sm\u00e5kaker<\/span><span class=\"NormalTextRun SCXW201392568 BCX8\"> i fire forskjellige m\u00f8nstre<\/span><span class=\"NormalTextRun SCXW201392568 BCX8\">.\u00a0<\/span><\/span> <\/p>\n<p class=\"Paragraph SCXW201392568 BCX8\"><span class=\"TextRun SCXW201392568 BCX8\"><span class=\"NormalTextRun SCXW201392568 BCX8\">Med Kj\u00f8ttkvern\u00a0<\/span><span class=\"NormalTextRun SCXW201392568 BCX8\">Komplett<\/span><span class=\"NormalTextRun SCXW201392568 BCX8\"> f\u00e5r du flere muligheter p\u00e5 kj\u00f8kkenet \u2013 perfekt til b\u00e5de hverdagsmat og smakfulle festm\u00e5ltider. Takket v\u00e6re de medf\u00f8lgende <\/span><span class=\"NormalTextRun SCXW201392568 BCX8\">hull<\/span><span class=\"NormalTextRun SCXW201392568 BCX8\">skivene kan du justere <\/span><span class=\"NormalTextRun SCXW201392568 BCX8\">kvernings<\/span><span class=\"NormalTextRun SCXW201392568 BCX8\">graden etter behov \u2013 fra finmalt til grov<\/span><span class=\"NormalTextRun SCXW201392568 BCX8\">malt<\/span><span class=\"NormalTextRun SCXW201392568 BCX8\">. En uunnv\u00e6rlig pakke for deg som \u00f8nsker flere muligheter p\u00e5 kj\u00f8kkenet!<\/span><\/span><span class=\"EOP SCXW201392568 BCX8\">\u00a0<\/span><\/p>\n<\/div>\n<div class=\"OutlineElement Ltr SCXW201392568 BCX8\">\n<p class=\"Paragraph SCXW201392568 BCX8\"><strong><span class=\"TextRun SCXW201392568 BCX8\"><span class=\"NormalTextRun SCXW201392568 BCX8\">Kj\u00f8ttkvernen passer til alle modeller av Assistent Original N1-N30<\/span><span class=\"NormalTextRun SCXW201392568 BCX8\">.<\/span><\/span><span class=\"LineBreakBlob BlobObject DragDrop SCXW201392568 BCX8\"><span class=\"SCXW201392568 BCX8\">\u00a0<\/span><br \/><\/span><span class=\"TextRun SCXW201392568 BCX8\"><span class=\"NormalTextRun SCXW201392568 BCX8\">Pur\u00e9presse<\/span><span class=\"NormalTextRun SCXW201392568 BCX8\">n<\/span><span class=\"NormalTextRun SCXW201392568 BCX8\">, p\u00f8lsehorn, ri<\/span><span class=\"NormalTextRun SCXW201392568 BCX8\">vjern og<\/span> <span class=\"NormalTextRun SCXW201392568 BCX8\">kakespr\u00f8yte<\/span><span class=\"NormalTextRun SCXW201392568 BCX8\">n<\/span><span class=\"NormalTextRun SCXW201392568 BCX8\"> montert<\/span><span class=\"NormalTextRun SCXW201392568 BCX8\">es<\/span><span class=\"NormalTextRun SCXW201392568 BCX8\"> p\u00e5 kj\u00f8ttkvern<\/span><span class=\"NormalTextRun SCXW201392568 BCX8\">en<\/span><span class=\"NormalTextRun SCXW201392568 BCX8\"> og er kompatible med kj\u00f8ttkvern modell 10. <\/span><span class=\"NormalTextRun SCXW201392568 BCX8\">Modellnummeret for kj\u00f8ttkvernen st\u00e5r <\/span><span class=\"NormalTextRun SCXW201392568 BCX8\">p\u00e5 den 4-bladede kniven <\/span><span class=\"NormalTextRun SCXW201392568 BCX8\">(<\/span><span class=\"NormalTextRun SCXW201392568 BCX8\">&#034;10&#034;<\/span><span class=\"NormalTextRun SCXW201392568 BCX8\">)<\/span><span class=\"NormalTextRun SCXW201392568 BCX8\">.<\/span><\/span> <\/strong><\/p>\n<p class=\"Paragraph SCXW201392568 BCX8\"><span class=\"TextRun SCXW201392568 BCX8\"><span class=\"NormalTextRun SCXW201392568 BCX8\">Hva er inkludert?<\/span><\/span><span class=\"EOP SCXW201392568 BCX8\">\u00a0<\/span><\/p>\n<\/div>\n<div class=\"OutlineElement Ltr SCXW201392568 BCX8\">\n<ul>\n<li><span class=\"TextRun SCXW201392568 BCX8\"><span class=\"NormalTextRun SCXW201392568 BCX8\">Kj\u00f8ttkvern:<\/span><\/span><span class=\"TextRun SCXW201392568 BCX8\"><span class=\"NormalTextRun SCXW201392568 BCX8\"> Kvernhus med kvernvals, 4-blad<\/span><span class=\"NormalTextRun SCXW201392568 BCX8\">et kj\u00f8ttkvernkniv<\/span><span class=\"NormalTextRun SCXW201392568 BCX8\">, <\/span><span class=\"NormalTextRun SpellingErrorV2Themed SCXW201392568 BCX8\">mateb<\/span><span class=\"NormalTextRun SpellingErrorV2Themed SCXW201392568 BCX8\">rett<\/span><span class=\"NormalTextRun SCXW201392568 BCX8\">, <\/span><span class=\"NormalTextRun SCXW201392568 BCX8\">mates<\/span><span class=\"NormalTextRun SCXW201392568 BCX8\">tapper<\/span><span class=\"NormalTextRun SCXW201392568 BCX8\">,<\/span><span class=\"NormalTextRun SCXW201392568 BCX8\"> sprutbeskyttelse.<\/span><\/span> <\/li>\n<li><span class=\"NormalTextRun SCXW201392568 BCX8\">Fire<\/span> <span class=\"NormalTextRun SCXW201392568 BCX8\">hull<\/span><span class=\"NormalTextRun SCXW201392568 BCX8\">skiver<\/span><span class=\"TextRun SCXW201392568 BCX8\"><span class=\"NormalTextRun SCXW201392568 BCX8\">: 2,5\/4,5\/6\/8 mm.<\/span><\/span> <\/li>\n<li><span class=\"NormalTextRun SCXW201392568 BCX8\">Tre p\u00f8lsehorn:<\/span><span class=\"TextRun SCXW201392568 BCX8\"><span class=\"NormalTextRun SCXW201392568 BCX8\"> 10\/20\/25 mm.<\/span><\/span> <\/li>\n<li><span class=\"NormalTextRun SCXW201392568 BCX8\">Pur\u00e9presse<\/span><span class=\"NormalTextRun SCXW201392568 BCX8\">:<\/span><span class=\"TextRun SCXW201392568 BCX8\"> <span class=\"NormalTextRun SCXW201392568 BCX8\">Passervals<\/span><span class=\"NormalTextRun SCXW201392568 BCX8\">, ventil, <\/span><span class=\"NormalTextRun SCXW201392568 BCX8\">passer<\/span><span class=\"NormalTextRun SCXW201392568 BCX8\">\u00f8r, <\/span><span class=\"NormalTextRun SCXW201392568 BCX8\">st\u00e5lbryter <\/span><span class=\"NormalTextRun SCXW201392568 BCX8\">og passerrenne.<\/span><\/span> <\/li>\n<li><span class=\"NormalTextRun SCXW201392568 BCX8\">Rivefeste:\u00a0<\/span><span class=\"TextRun SCXW201392568 BCX8\"><span class=\"NormalTextRun SpellingErrorV2Themed SCXW201392568 BCX8\">Rivsylinder<\/span><span class=\"NormalTextRun SCXW201392568 BCX8\"> og <\/span><span class=\"NormalTextRun SpellingErrorV2Themed SCXW201392568 BCX8\">rivvals<\/span><span class=\"NormalTextRun SCXW201392568 BCX8\">.<\/span><\/span><span class=\"EOP SCXW201392568 BCX8\">\u00a0<\/span><\/li>\n<\/ul>\n<\/div>\n<div class=\"OutlineElement Ltr SCXW201392568 BCX8\">\n<ul>\n<li class=\"Paragraph SCXW201392568 BCX8\"><span class=\"TextRun SCXW201392568 BCX8\"><span class=\"NormalTextRun SCXW201392568 BCX8\">Kakespr\u00f8yte<\/span><span class=\"NormalTextRun SCXW201392568 BCX8\">:<\/span><\/span><span class=\"TextRun SCXW201392568 BCX8\"> <span class=\"NormalTextRun SCXW201392568 BCX8\">Innsats<\/span><span class=\"NormalTextRun SCXW201392568 BCX8\"> med fire forskjellige m\u00f8nstre.<\/span><\/span><span class=\"EOP SCXW201392568 BCX8\">\u00a0<\/span><\/li>\n<\/ul>\n<\/div>","protected":false},"excerpt":{"rendered":"<p><span class=\"NormalTextRun SCXW91765489 BCX8\">F\u00e5 mest mulig ut av din <\/span><span class=\"NormalTextRun SpellingErrorV2Themed SCXW91765489 BCX8\">Ankarsrum<\/span><span class=\"NormalTextRun SCXW91765489 BCX8\"> Assistent Original med <\/span><span class=\"NormalTextRun SCXW91765489 BCX8\">K<\/span><span class=\"NormalTextRun SCXW91765489 BCX8\">j\u00f8ttkvern <\/span><span class=\"NormalTextRun SCXW91765489 BCX8\">K<\/span><span class=\"NormalTextRun SCXW91765489 BCX8\">omplett! En komplett pakke med <\/span><span class=\"NormalTextRun SCXW91765489 BCX8\">kvern<\/span><span class=\"NormalTextRun SCXW91765489 BCX8\"> og fem praktiske tilbeh\u00f8r som lar deg <\/span><span class=\"NormalTextRun SCXW91765489 BCX8\">kverne<\/span><span class=\"NormalTextRun SCXW91765489 BCX8\">, <\/span><span class=\"NormalTextRun SCXW91765489 BCX8\">presse<\/span><span class=\"NormalTextRun SCXW91765489 BCX8\">, stappe<\/span><span class=\"NormalTextRun SCXW91765489 BCX8\"> og<\/span><span class=\"NormalTextRun SCXW91765489 BCX8\"> rive<\/span> <span class=\"NormalTextRun SCXW91765489 BCX8\">\u2013 raskt, jevnt og med full kontroll over ingrediensene dine. Perfekt for deg som vil lage mat fra bunnen av.<\/span><\/p>\n","protected":false},"featured_media":18367,"comment_status":"open","ping_status":"closed","template":"","meta":{"_acf_changed":false,"content-type":"","editor_notices":[]},"product_brand":[],"product_cat":[453],"product_tag":[],"product-tag":[],"machines":[256,259,261,262,264,269,273,275,280,283],"filter":[287,305],"class_list":{"0":"post-4790","1":"product","2":"type-product","3":"status-publish","4":"has-post-thumbnail","6":"product_cat-ankarsrum-tilbehor","7":"machines-09_n10","8":"machines-10-n100","9":"machines-11-n20","10":"machines-12-n21","11":"machines-13-n22","12":"machines-14-n23","13":"machines-15-n24","14":"machines-16-n25","15":"machines-17-n28","16":"machines-19-n30","17":"filter-kjottkvern","18":"filter-mat","20":"first","21":"instock","22":"taxable","23":"shipping-taxable","24":"purchasable","25":"product-type-simple"},"bundled_by":[],"bundle_stock_status":"instock","bundle_stock_quantity":16,"bundle_virtual":false,"bundle_layout":"","bundle_add_to_cart_form_location":"","bundle_editable_in_cart":false,"bundle_sold_individually_context":"","bundle_item_grouping":"","bundle_min_size":"","bundle_max_size":"","bundle_price":[],"bundled_items":[],"bundle_sell_ids":[],"acf":[],"shsp-ext":{"main":{},"variations":[]},"yoast_head":"<!-- This site is optimized with the Yoast SEO Premium plugin v26.6 (Yoast SEO v26.6) - https:\/\/yoast.com\/wordpress\/plugins\/seo\/ -->\n<title>Kj\u00f8ttkvern komplett \u2013 Alt du trenger til kj\u00f8ttkverning<\/title>\n<meta name=\"description\" content=\"Kj\u00f8ttkvern komplett som inkluderer alt for enkel og effektiv kj\u00f8ttkverning. Perfekt for hjemmelaget kj\u00f8ttdeig, p\u00f8lser og andre kj\u00f8ttretter.\" \/>\n<meta name=\"robots\" content=\"index, follow, max-snippet:-1, max-image-preview:large, max-video-preview:-1\" \/>\n<link rel=\"canonical\" href=\"https:\/\/www.ankarsrum.com\/no\/product\/kjottkvern-komplett\/\" \/>\n<meta property=\"og:locale\" content=\"nb_NO\" \/>\n<meta property=\"og:type\" content=\"article\" \/>\n<meta property=\"og:title\" content=\"Kj\u00f8ttkvern Komplett\" \/>\n<meta property=\"og:description\" content=\"Kj\u00f8ttkvern komplett som inkluderer alt for enkel og effektiv kj\u00f8ttkverning. Perfekt for hjemmelaget kj\u00f8ttdeig, p\u00f8lser og andre kj\u00f8ttretter.\" \/>\n<meta property=\"og:url\" content=\"https:\/\/www.ankarsrum.com\/no\/product\/kjottkvern-komplett\/\" \/>\n<meta property=\"og:site_name\" content=\"Ankarsrum Norway\" \/>\n<meta property=\"article:modified_time\" content=\"2026-04-08T13:00:09+00:00\" \/>\n<meta property=\"og:image\" content=\"https:\/\/www.ankarsrum.com\/no\/wp-content\/uploads\/sites\/14\/2024\/09\/mincer-complete-ny.jpg\" \/>\n\t<meta property=\"og:image:width\" content=\"1200\" \/>\n\t<meta property=\"og:image:height\" content=\"630\" \/>\n\t<meta property=\"og:image:type\" content=\"image\/jpeg\" \/>\n<meta name=\"twitter:card\" content=\"summary_large_image\" \/>\n<meta name=\"twitter:label1\" content=\"Ansl. lesetid\" \/>\n\t<meta name=\"twitter:data1\" content=\"1 minutt\" \/>\n<script type=\"application\/ld+json\" class=\"yoast-schema-graph\">{\"@context\":\"https:\/\/schema.org\",\"@graph\":[{\"@type\":\"WebPage\",\"@id\":\"https:\/\/www.ankarsrum.com\/no\/product\/kjottkvern-komplett\/\",\"url\":\"https:\/\/www.ankarsrum.com\/no\/product\/kjottkvern-komplett\/\",\"name\":\"Kj\u00f8ttkvern komplett \u2013 Alt du trenger til kj\u00f8ttkverning\",\"isPartOf\":{\"@id\":\"https:\/\/www.ankarsrum.com\/no\/#website\"},\"primaryImageOfPage\":{\"@id\":\"https:\/\/www.ankarsrum.com\/no\/product\/kjottkvern-komplett\/#primaryimage\"},\"image\":{\"@id\":\"https:\/\/www.ankarsrum.com\/no\/product\/kjottkvern-komplett\/#primaryimage\"},\"thumbnailUrl\":\"https:\/\/www.ankarsrum.com\/img-srv\/yyRRjUIL0FTAc7ipBzmXNrdXb07u-IdDudG48ELwXio\/resizing_type:auto\/width:0\/height:0\/gravity:sm\/enlarge:1\/ext:webp\/strip_metadata:1\/quality:90\/cachebuster:filesize-216091\/bG9jYWw6Ly8vd3d3LmFua2Fyc3J1bS5jb20vd3AtY29udGVudC91cGxvYWRzL3NpdGVzLzE0LzIwMjQvMDkvbWluY2VyLWNvbXBsZXRlLW55LmpwZw.webp\",\"datePublished\":\"2024-07-16T07:00:53+00:00\",\"dateModified\":\"2026-04-08T13:00:09+00:00\",\"description\":\"Kj\u00f8ttkvern komplett som inkluderer alt for enkel og effektiv kj\u00f8ttkverning. Perfekt for hjemmelaget kj\u00f8ttdeig, p\u00f8lser og andre kj\u00f8ttretter.\",\"breadcrumb\":{\"@id\":\"https:\/\/www.ankarsrum.com\/no\/product\/kjottkvern-komplett\/#breadcrumb\"},\"inLanguage\":\"nb-NO\",\"potentialAction\":[{\"@type\":\"ReadAction\",\"target\":[\"https:\/\/www.ankarsrum.com\/no\/product\/kjottkvern-komplett\/\"]}]},{\"@type\":\"ImageObject\",\"inLanguage\":\"nb-NO\",\"@id\":\"https:\/\/www.ankarsrum.com\/no\/product\/kjottkvern-komplett\/#primaryimage\",\"url\":\"https:\/\/www.ankarsrum.com\/img-srv\/yyRRjUIL0FTAc7ipBzmXNrdXb07u-IdDudG48ELwXio\/resizing_type:auto\/width:0\/height:0\/gravity:sm\/enlarge:1\/ext:webp\/strip_metadata:1\/quality:90\/cachebuster:filesize-216091\/bG9jYWw6Ly8vd3d3LmFua2Fyc3J1bS5jb20vd3AtY29udGVudC91cGxvYWRzL3NpdGVzLzE0LzIwMjQvMDkvbWluY2VyLWNvbXBsZXRlLW55LmpwZw.webp\",\"contentUrl\":\"https:\/\/www.ankarsrum.com\/img-srv\/yyRRjUIL0FTAc7ipBzmXNrdXb07u-IdDudG48ELwXio\/resizing_type:auto\/width:0\/height:0\/gravity:sm\/enlarge:1\/ext:webp\/strip_metadata:1\/quality:90\/cachebuster:filesize-216091\/bG9jYWw6Ly8vd3d3LmFua2Fyc3J1bS5jb20vd3AtY29udGVudC91cGxvYWRzL3NpdGVzLzE0LzIwMjQvMDkvbWluY2VyLWNvbXBsZXRlLW55LmpwZw.webp\",\"width\":2000,\"height\":2000},{\"@type\":\"BreadcrumbList\",\"@id\":\"https:\/\/www.ankarsrum.com\/no\/product\/kjottkvern-komplett\/#breadcrumb\",\"itemListElement\":[{\"@type\":\"ListItem\",\"position\":1,\"name\":\"Home\",\"item\":\"https:\/\/www.ankarsrum.com\/no\/\"},{\"@type\":\"ListItem\",\"position\":2,\"name\":\"Produce name\",\"item\":\"https:\/\/www.ankarsrum.com\/no\/shop\/\"},{\"@type\":\"ListItem\",\"position\":3,\"name\":\"Kj\u00f8ttkvern Komplett\"}]},{\"@type\":\"WebSite\",\"@id\":\"https:\/\/www.ankarsrum.com\/no\/#website\",\"url\":\"https:\/\/www.ankarsrum.com\/no\/\",\"name\":\"Ankarsrum Norway\",\"description\":\"The bread of the world\",\"potentialAction\":[{\"@type\":\"SearchAction\",\"target\":{\"@type\":\"EntryPoint\",\"urlTemplate\":\"https:\/\/www.ankarsrum.com\/no\/?s={search_term_string}\"},\"query-input\":{\"@type\":\"PropertyValueSpecification\",\"valueRequired\":true,\"valueName\":\"search_term_string\"}}],\"inLanguage\":\"nb-NO\"}]}<\/script>\n<!-- \/ Yoast SEO Premium plugin. -->","yoast_head_json":{"title":"Kj\u00f8ttkvern komplett \u2013 Alt du trenger til kj\u00f8ttkverning","description":"Kj\u00f8ttkvern komplett som inkluderer alt for enkel og effektiv kj\u00f8ttkverning. Perfekt for hjemmelaget kj\u00f8ttdeig, p\u00f8lser og andre kj\u00f8ttretter.","robots":{"index":"index","follow":"follow","max-snippet":"max-snippet:-1","max-image-preview":"max-image-preview:large","max-video-preview":"max-video-preview:-1"},"canonical":"https:\/\/www.ankarsrum.com\/no\/product\/kjottkvern-komplett\/","og_locale":"nb_NO","og_type":"article","og_title":"Kj\u00f8ttkvern Komplett","og_description":"Kj\u00f8ttkvern komplett som inkluderer alt for enkel og effektiv kj\u00f8ttkverning. Perfekt for hjemmelaget kj\u00f8ttdeig, p\u00f8lser og andre kj\u00f8ttretter.","og_url":"https:\/\/www.ankarsrum.com\/no\/product\/kjottkvern-komplett\/","og_site_name":"Ankarsrum Norway","article_modified_time":"2026-04-08T13:00:09+00:00","og_image":[{"width":1200,"height":630,"url":"https:\/\/www.ankarsrum.com\/no\/wp-content\/uploads\/sites\/14\/2024\/09\/mincer-complete-ny.jpg","type":"image\/jpeg"}],"twitter_card":"summary_large_image","twitter_misc":{"Ansl. lesetid":"1 minutt"},"schema":{"@context":"https:\/\/schema.org","@graph":[{"@type":"WebPage","@id":"https:\/\/www.ankarsrum.com\/no\/product\/kjottkvern-komplett\/","url":"https:\/\/www.ankarsrum.com\/no\/product\/kjottkvern-komplett\/","name":"Kj\u00f8ttkvern komplett \u2013 Alt du trenger til kj\u00f8ttkverning","isPartOf":{"@id":"https:\/\/www.ankarsrum.com\/no\/#website"},"primaryImageOfPage":{"@id":"https:\/\/www.ankarsrum.com\/no\/product\/kjottkvern-komplett\/#primaryimage"},"image":{"@id":"https:\/\/www.ankarsrum.com\/no\/product\/kjottkvern-komplett\/#primaryimage"},"thumbnailUrl":"https:\/\/www.ankarsrum.com\/img-srv\/yyRRjUIL0FTAc7ipBzmXNrdXb07u-IdDudG48ELwXio\/resizing_type:auto\/width:0\/height:0\/gravity:sm\/enlarge:1\/ext:webp\/strip_metadata:1\/quality:90\/cachebuster:filesize-216091\/bG9jYWw6Ly8vd3d3LmFua2Fyc3J1bS5jb20vd3AtY29udGVudC91cGxvYWRzL3NpdGVzLzE0LzIwMjQvMDkvbWluY2VyLWNvbXBsZXRlLW55LmpwZw.webp","datePublished":"2024-07-16T07:00:53+00:00","dateModified":"2026-04-08T13:00:09+00:00","description":"Kj\u00f8ttkvern komplett som inkluderer alt for enkel og effektiv kj\u00f8ttkverning. Perfekt for hjemmelaget kj\u00f8ttdeig, p\u00f8lser og andre kj\u00f8ttretter.","breadcrumb":{"@id":"https:\/\/www.ankarsrum.com\/no\/product\/kjottkvern-komplett\/#breadcrumb"},"inLanguage":"nb-NO","potentialAction":[{"@type":"ReadAction","target":["https:\/\/www.ankarsrum.com\/no\/product\/kjottkvern-komplett\/"]}]},{"@type":"ImageObject","inLanguage":"nb-NO","@id":"https:\/\/www.ankarsrum.com\/no\/product\/kjottkvern-komplett\/#primaryimage","url":"https:\/\/www.ankarsrum.com\/img-srv\/yyRRjUIL0FTAc7ipBzmXNrdXb07u-IdDudG48ELwXio\/resizing_type:auto\/width:0\/height:0\/gravity:sm\/enlarge:1\/ext:webp\/strip_metadata:1\/quality:90\/cachebuster:filesize-216091\/bG9jYWw6Ly8vd3d3LmFua2Fyc3J1bS5jb20vd3AtY29udGVudC91cGxvYWRzL3NpdGVzLzE0LzIwMjQvMDkvbWluY2VyLWNvbXBsZXRlLW55LmpwZw.webp","contentUrl":"https:\/\/www.ankarsrum.com\/img-srv\/yyRRjUIL0FTAc7ipBzmXNrdXb07u-IdDudG48ELwXio\/resizing_type:auto\/width:0\/height:0\/gravity:sm\/enlarge:1\/ext:webp\/strip_metadata:1\/quality:90\/cachebuster:filesize-216091\/bG9jYWw6Ly8vd3d3LmFua2Fyc3J1bS5jb20vd3AtY29udGVudC91cGxvYWRzL3NpdGVzLzE0LzIwMjQvMDkvbWluY2VyLWNvbXBsZXRlLW55LmpwZw.webp","width":2000,"height":2000},{"@type":"BreadcrumbList","@id":"https:\/\/www.ankarsrum.com\/no\/product\/kjottkvern-komplett\/#breadcrumb","itemListElement":[{"@type":"ListItem","position":1,"name":"Home","item":"https:\/\/www.ankarsrum.com\/no\/"},{"@type":"ListItem","position":2,"name":"Produce name","item":"https:\/\/www.ankarsrum.com\/no\/shop\/"},{"@type":"ListItem","position":3,"name":"Kj\u00f8ttkvern Komplett"}]},{"@type":"WebSite","@id":"https:\/\/www.ankarsrum.com\/no\/#website","url":"https:\/\/www.ankarsrum.com\/no\/","name":"Ankarsrum Norway","description":"The bread of the world","potentialAction":[{"@type":"SearchAction","target":{"@type":"EntryPoint","urlTemplate":"https:\/\/www.ankarsrum.com\/no\/?s={search_term_string}"},"query-input":{"@type":"PropertyValueSpecification","valueRequired":true,"valueName":"search_term_string"}}],"inLanguage":"nb-NO"}]}},"_links":{"self":[{"href":"https:\/\/www.ankarsrum.com\/no\/wp-json\/wp\/v2\/product\/4790","targetHints":{"allow":["GET"]}}],"collection":[{"href":"https:\/\/www.ankarsrum.com\/no\/wp-json\/wp\/v2\/product"}],"about":[{"href":"https:\/\/www.ankarsrum.com\/no\/wp-json\/wp\/v2\/types\/product"}],"replies":[{"embeddable":true,"href":"https:\/\/www.ankarsrum.com\/no\/wp-json\/wp\/v2\/comments?post=4790"}],"wp:featuredmedia":[{"embeddable":true,"href":"https:\/\/www.ankarsrum.com\/no\/wp-json\/wp\/v2\/media\/18367"}],"wp:attachment":[{"href":"https:\/\/www.ankarsrum.com\/no\/wp-json\/wp\/v2\/media?parent=4790"}],"wp:term":[{"taxonomy":"product_brand","embeddable":true,"href":"https:\/\/www.ankarsrum.com\/no\/wp-json\/wp\/v2\/product_brand?post=4790"},{"taxonomy":"product_cat","embeddable":true,"href":"https:\/\/www.ankarsrum.com\/no\/wp-json\/wp\/v2\/product_cat?post=4790"},{"taxonomy":"product_tag","embeddable":true,"href":"https:\/\/www.ankarsrum.com\/no\/wp-json\/wp\/v2\/product_tag?post=4790"},{"taxonomy":"product-tag","embeddable":true,"href":"https:\/\/www.ankarsrum.com\/no\/wp-json\/wp\/v2\/product-tag?post=4790"},{"taxonomy":"machines","embeddable":true,"href":"https:\/\/www.ankarsrum.com\/no\/wp-json\/wp\/v2\/machines?post=4790"},{"taxonomy":"filter","embeddable":true,"href":"https:\/\/www.ankarsrum.com\/no\/wp-json\/wp\/v2\/filter?post=4790"}],"curies":[{"name":"wp","href":"https:\/\/api.w.org\/{rel}","templated":true}]}}