{"id":4793,"date":"2024-07-16T09:36:17","date_gmt":"2024-07-16T07:36:17","guid":{"rendered":"https:\/\/www.ankarsrum.com\/no\/product\/pastavals-lasagne\/"},"modified":"2026-05-03T07:11:42","modified_gmt":"2026-05-03T05:11:42","slug":"pastavals-lasagne","status":"publish","type":"product","link":"https:\/\/www.ankarsrum.com\/no\/product\/pastavals-lasagne\/","title":{"rendered":"Pastavals Lasagne"},"content":{"rendered":"<p><span style=\"mso-fareast-font-family: &#039;Times New Roman&#039;; mso-font-kerning: 0pt; mso-ligatures: none; mso-ansi-language: NO-BOK; mso-fareast-language: SV;\">Med Ankarsrums pastavals for lasagne er det enklere enn noen gang \u00e5 lage din egen pasta hjemme. Valsen monteres enkelt p\u00e5 din Ankarsrum Assistent Original. Ved hjelp av assistentens kraftige motor valses deigen raskt og effektivt ut til lasagneplater, for lasagne, ravioli eller tortellini \u2013 uten at du trenger \u00e5 gj\u00f8re det for h\u00e5nd. Perfekt jevne plater hver gang.<\/span><\/p>\n<p class=\"MsoNormal\" style=\"mso-margin-top-alt: auto; mso-margin-bottom-alt: auto; line-height: normal;\"><span style=\"mso-fareast-font-family: &#039;Times New Roman&#039;; mso-font-kerning: 0pt; mso-ligatures: none; mso-ansi-language: NO-BOK; mso-fareast-language: SV;\">Med en justerbar tykkelse fra 0,6 mm til 4,8 mm kan du enkelt lage b\u00e5de tynne lasagneplater og tykkere pastaplater, tilpasset rettene dine. Dette er ikke bare en maskin for proffene, det vil v\u00e6re en morsom aktivitet som hele familien kan gj\u00f8re sammen. N\u00e5r pastaen er klar, kan du bruke den til lasagne eller lage fettuccine, spagetti og lasagnette.<\/span><\/p>\n<p class=\"MsoNormal\" style=\"mso-margin-top-alt: auto; mso-margin-bottom-alt: auto; line-height: normal;\"><span style=\"mso-fareast-font-family: &#039;Times New Roman&#039;; mso-font-kerning: 0pt; mso-ligatures: none; mso-ansi-language: NO-BOK; mso-fareast-language: SV;\">Pastavalsen er laget i Italia av Marcato, en av verdens beste pastamaskinprodusenter med over 80 \u00e5rs erfaring, noe som sikrer h\u00f8y kvalitet og holdbarhet. Med Ankarsrums Pastavals kan du nyte fersk, hjemmelaget pasta \u2013 enkelt og morsomt, rett p\u00e5 ditt eget kj\u00f8kken.<br \/><br \/><\/span><span style=\"mso-fareast-font-family: &#039;Times New Roman&#039;; mso-bidi-font-family: &#039;Times New Roman&#039;; mso-font-kerning: 0pt; mso-ligatures: none; mso-ansi-language: NO-BOK; mso-fareast-language: SV;\">Vi anbefaler 1 mm tykke pastaplater for \u00e5 lage lasagne, det tilsvarer posisjon 7 p\u00e5 pastarullen. Men selvf\u00f8lgelig er det mulig \u00e5 variere etter din smak.<\/span><\/p>\n<p class=\"MsoNormal\"><strong><span style=\"mso-ansi-language: NO-BOK;\">Pastavals Lasagne<u> <\/u><\/span><\/strong><strong><span style=\"mso-fareast-font-family: &#039;Times New Roman&#039;; mso-bidi-font-family: &#039;Times New Roman&#039;; mso-font-kerning: 0pt; mso-ligatures: none; mso-ansi-language: NO-BOK; mso-fareast-language: SV;\">passer til alle modeller av Assistent Original N1-N30.<\/span><\/strong><\/p>\n<p class=\"MsoNormal\" style=\"mso-margin-top-alt: auto; mso-margin-bottom-alt: auto; line-height: normal;\"><span style=\"mso-fareast-font-family: &#039;Times New Roman&#039;; mso-bidi-font-family: &#039;Times New Roman&#039;; mso-font-kerning: 0pt; mso-ligatures: none; mso-ansi-language: NO-BOK; mso-fareast-language: SV;\">Hva er inkludert?<\/span><\/p>\n<ul>\n<li class=\"MsoNormal\" style=\"line-height: normal;\"><span style=\"font-size: 10.0pt; mso-bidi-font-size: 12.0pt; font-family: Symbol; mso-fareast-font-family: Symbol; mso-bidi-font-family: Symbol; mso-font-kerning: 0pt; mso-ligatures: none; mso-ansi-language: NO-BOK; mso-fareast-language: SV;\"><span style=\"mso-list: Ignore;\"><span style=\"font: 7.0pt &#039;Times New Roman&#039;;\">\u00a0<\/span><\/span><\/span><span style=\"mso-fareast-font-family: &#039;Times New Roman&#039;; mso-bidi-font-family: &#039;Times New Roman&#039;; mso-font-kerning: 0pt; mso-ligatures: none; mso-ansi-language: NO-BOK; mso-fareast-language: SV;\">Pastavals Lasagne<\/span><\/li>\n<\/ul>","protected":false},"excerpt":{"rendered":"<p><span>Imponer med hjemmelaget pasta! Med Ankarsrums Pastavals Lasagne kan du enkelt lage perfekte pastaplater \u2013 raskt og enkelt. Ikke mer bry med \u00e5 kjevle for h\u00e5nd, med pastavalsen for lasagne f\u00e5r du raskt og effektivt glatte og jevne pastaplater som kan benyttes videre i matlagingen. <\/span><\/p>\n","protected":false},"featured_media":18332,"comment_status":"open","ping_status":"closed","template":"","meta":{"_acf_changed":false,"content-type":"","editor_notices":[]},"product_brand":[],"product_cat":[453],"product_tag":[],"product-tag":[],"machines":[234,256,259,261,262,264,269,273,275,280,237,283,242,243,248,252,229,236],"filter":[305,289],"class_list":{"0":"post-4793","1":"product","2":"type-product","3":"status-publish","4":"has-post-thumbnail","6":"product_cat-ankarsrum-tilbehor","7":"machines-02-n1","8":"machines-09_n10","9":"machines-10-n100","10":"machines-11-n20","11":"machines-12-n21","12":"machines-13-n22","13":"machines-14-n23","14":"machines-15-n24","15":"machines-16-n25","16":"machines-17-n28","17":"machines-04-n3","18":"machines-19-n30","19":"machines-05-n4","20":"machines-06-n6","21":"machines-07-n7","22":"machines-08-n8","23":"machines-01-ng1","24":"machines-03-nx1","25":"filter-mat","26":"filter-pasta","28":"first","29":"instock","30":"taxable","31":"shipping-taxable","32":"purchasable","33":"product-type-simple"},"bundled_by":[],"bundle_stock_status":"instock","bundle_stock_quantity":48,"bundle_virtual":false,"bundle_layout":"","bundle_add_to_cart_form_location":"","bundle_editable_in_cart":false,"bundle_sold_individually_context":"","bundle_item_grouping":"","bundle_min_size":"","bundle_max_size":"","bundle_price":[],"bundled_items":[],"bundle_sell_ids":[],"acf":[],"shsp-ext":{"main":{},"variations":[]},"yoast_head":"<!-- This site is optimized with the Yoast SEO Premium plugin v26.6 (Yoast SEO v26.6) - https:\/\/yoast.com\/wordpress\/plugins\/seo\/ -->\n<title>Pastavals lasagne \u2013 Perfekt til hjemmelaget pasta<\/title>\n<meta name=\"description\" content=\"Pastavals lasagne som gir deg perfekt tynn og jevn pasta. Lag hjemmelaget lasagne og andre pastaretter enkelt med h\u00f8y kvalitet.\" \/>\n<meta name=\"robots\" content=\"index, follow, max-snippet:-1, max-image-preview:large, max-video-preview:-1\" \/>\n<link rel=\"canonical\" href=\"https:\/\/www.ankarsrum.com\/no\/product\/pastavals-lasagne\/\" \/>\n<meta property=\"og:locale\" content=\"nb_NO\" \/>\n<meta property=\"og:type\" content=\"article\" \/>\n<meta property=\"og:title\" content=\"Pastavals Lasagne\" \/>\n<meta property=\"og:description\" content=\"Pastavals lasagne som gir deg perfekt tynn og jevn pasta. Lag hjemmelaget lasagne og andre pastaretter enkelt med h\u00f8y kvalitet.\" \/>\n<meta property=\"og:url\" content=\"https:\/\/www.ankarsrum.com\/no\/product\/pastavals-lasagne\/\" \/>\n<meta property=\"og:site_name\" content=\"Ankarsrum Norway\" \/>\n<meta property=\"article:modified_time\" content=\"2026-05-03T05:11:42+00:00\" \/>\n<meta property=\"og:image\" content=\"https:\/\/www.ankarsrum.com\/no\/wp-content\/uploads\/sites\/14\/2024\/09\/lasagna-angle-1-scaled.jpg\" \/>\n\t<meta property=\"og:image:width\" content=\"1200\" \/>\n\t<meta property=\"og:image:height\" content=\"630\" \/>\n\t<meta property=\"og:image:type\" content=\"image\/jpeg\" \/>\n<meta name=\"twitter:card\" content=\"summary_large_image\" \/>\n<meta name=\"twitter:label1\" content=\"Ansl. lesetid\" \/>\n\t<meta name=\"twitter:data1\" content=\"1 minutt\" \/>\n<script type=\"application\/ld+json\" class=\"yoast-schema-graph\">{\"@context\":\"https:\/\/schema.org\",\"@graph\":[{\"@type\":\"WebPage\",\"@id\":\"https:\/\/www.ankarsrum.com\/no\/product\/pastavals-lasagne\/\",\"url\":\"https:\/\/www.ankarsrum.com\/no\/product\/pastavals-lasagne\/\",\"name\":\"Pastavals lasagne \u2013 Perfekt til hjemmelaget pasta\",\"isPartOf\":{\"@id\":\"https:\/\/www.ankarsrum.com\/no\/#website\"},\"primaryImageOfPage\":{\"@id\":\"https:\/\/www.ankarsrum.com\/no\/product\/pastavals-lasagne\/#primaryimage\"},\"image\":{\"@id\":\"https:\/\/www.ankarsrum.com\/no\/product\/pastavals-lasagne\/#primaryimage\"},\"thumbnailUrl\":\"https:\/\/www.ankarsrum.com\/img-srv\/xk9GrkF1Gwt_5k6SiLHJNABzLD7mI4PEm4bhP_Vz6gk\/resizing_type:auto\/width:0\/height:0\/gravity:sm\/enlarge:1\/ext:webp\/strip_metadata:1\/quality:90\/cachebuster:filesize-221114\/bG9jYWw6Ly8vd3d3LmFua2Fyc3J1bS5jb20vd3AtY29udGVudC91cGxvYWRzL3NpdGVzLzE0LzIwMjQvMDkvbGFzYWduYS1hbmdsZS0xLXNjYWxlZC5qcGc.webp\",\"datePublished\":\"2024-07-16T07:36:17+00:00\",\"dateModified\":\"2026-05-03T05:11:42+00:00\",\"description\":\"Pastavals lasagne som gir deg perfekt tynn og jevn pasta. Lag hjemmelaget lasagne og andre pastaretter enkelt med h\u00f8y kvalitet.\",\"breadcrumb\":{\"@id\":\"https:\/\/www.ankarsrum.com\/no\/product\/pastavals-lasagne\/#breadcrumb\"},\"inLanguage\":\"nb-NO\",\"potentialAction\":[{\"@type\":\"ReadAction\",\"target\":[\"https:\/\/www.ankarsrum.com\/no\/product\/pastavals-lasagne\/\"]}]},{\"@type\":\"ImageObject\",\"inLanguage\":\"nb-NO\",\"@id\":\"https:\/\/www.ankarsrum.com\/no\/product\/pastavals-lasagne\/#primaryimage\",\"url\":\"https:\/\/www.ankarsrum.com\/img-srv\/xk9GrkF1Gwt_5k6SiLHJNABzLD7mI4PEm4bhP_Vz6gk\/resizing_type:auto\/width:0\/height:0\/gravity:sm\/enlarge:1\/ext:webp\/strip_metadata:1\/quality:90\/cachebuster:filesize-221114\/bG9jYWw6Ly8vd3d3LmFua2Fyc3J1bS5jb20vd3AtY29udGVudC91cGxvYWRzL3NpdGVzLzE0LzIwMjQvMDkvbGFzYWduYS1hbmdsZS0xLXNjYWxlZC5qcGc.webp\",\"contentUrl\":\"https:\/\/www.ankarsrum.com\/img-srv\/xk9GrkF1Gwt_5k6SiLHJNABzLD7mI4PEm4bhP_Vz6gk\/resizing_type:auto\/width:0\/height:0\/gravity:sm\/enlarge:1\/ext:webp\/strip_metadata:1\/quality:90\/cachebuster:filesize-221114\/bG9jYWw6Ly8vd3d3LmFua2Fyc3J1bS5jb20vd3AtY29udGVudC91cGxvYWRzL3NpdGVzLzE0LzIwMjQvMDkvbGFzYWduYS1hbmdsZS0xLXNjYWxlZC5qcGc.webp\",\"width\":2560,\"height\":2560},{\"@type\":\"BreadcrumbList\",\"@id\":\"https:\/\/www.ankarsrum.com\/no\/product\/pastavals-lasagne\/#breadcrumb\",\"itemListElement\":[{\"@type\":\"ListItem\",\"position\":1,\"name\":\"Home\",\"item\":\"https:\/\/www.ankarsrum.com\/no\/\"},{\"@type\":\"ListItem\",\"position\":2,\"name\":\"Produce name\",\"item\":\"https:\/\/www.ankarsrum.com\/no\/shop\/\"},{\"@type\":\"ListItem\",\"position\":3,\"name\":\"Pastavals Lasagne\"}]},{\"@type\":\"WebSite\",\"@id\":\"https:\/\/www.ankarsrum.com\/no\/#website\",\"url\":\"https:\/\/www.ankarsrum.com\/no\/\",\"name\":\"Ankarsrum Norway\",\"description\":\"The bread of the world\",\"potentialAction\":[{\"@type\":\"SearchAction\",\"target\":{\"@type\":\"EntryPoint\",\"urlTemplate\":\"https:\/\/www.ankarsrum.com\/no\/?s={search_term_string}\"},\"query-input\":{\"@type\":\"PropertyValueSpecification\",\"valueRequired\":true,\"valueName\":\"search_term_string\"}}],\"inLanguage\":\"nb-NO\"}]}<\/script>\n<!-- \/ Yoast SEO Premium plugin. -->","yoast_head_json":{"title":"Pastavals lasagne \u2013 Perfekt til hjemmelaget pasta","description":"Pastavals lasagne som gir deg perfekt tynn og jevn pasta. Lag hjemmelaget lasagne og andre pastaretter enkelt med h\u00f8y kvalitet.","robots":{"index":"index","follow":"follow","max-snippet":"max-snippet:-1","max-image-preview":"max-image-preview:large","max-video-preview":"max-video-preview:-1"},"canonical":"https:\/\/www.ankarsrum.com\/no\/product\/pastavals-lasagne\/","og_locale":"nb_NO","og_type":"article","og_title":"Pastavals Lasagne","og_description":"Pastavals lasagne som gir deg perfekt tynn og jevn pasta. Lag hjemmelaget lasagne og andre pastaretter enkelt med h\u00f8y kvalitet.","og_url":"https:\/\/www.ankarsrum.com\/no\/product\/pastavals-lasagne\/","og_site_name":"Ankarsrum Norway","article_modified_time":"2026-05-03T05:11:42+00:00","og_image":[{"width":1200,"height":630,"url":"https:\/\/www.ankarsrum.com\/no\/wp-content\/uploads\/sites\/14\/2024\/09\/lasagna-angle-1-scaled.jpg","type":"image\/jpeg"}],"twitter_card":"summary_large_image","twitter_misc":{"Ansl. lesetid":"1 minutt"},"schema":{"@context":"https:\/\/schema.org","@graph":[{"@type":"WebPage","@id":"https:\/\/www.ankarsrum.com\/no\/product\/pastavals-lasagne\/","url":"https:\/\/www.ankarsrum.com\/no\/product\/pastavals-lasagne\/","name":"Pastavals lasagne \u2013 Perfekt til hjemmelaget pasta","isPartOf":{"@id":"https:\/\/www.ankarsrum.com\/no\/#website"},"primaryImageOfPage":{"@id":"https:\/\/www.ankarsrum.com\/no\/product\/pastavals-lasagne\/#primaryimage"},"image":{"@id":"https:\/\/www.ankarsrum.com\/no\/product\/pastavals-lasagne\/#primaryimage"},"thumbnailUrl":"https:\/\/www.ankarsrum.com\/img-srv\/xk9GrkF1Gwt_5k6SiLHJNABzLD7mI4PEm4bhP_Vz6gk\/resizing_type:auto\/width:0\/height:0\/gravity:sm\/enlarge:1\/ext:webp\/strip_metadata:1\/quality:90\/cachebuster:filesize-221114\/bG9jYWw6Ly8vd3d3LmFua2Fyc3J1bS5jb20vd3AtY29udGVudC91cGxvYWRzL3NpdGVzLzE0LzIwMjQvMDkvbGFzYWduYS1hbmdsZS0xLXNjYWxlZC5qcGc.webp","datePublished":"2024-07-16T07:36:17+00:00","dateModified":"2026-05-03T05:11:42+00:00","description":"Pastavals lasagne som gir deg perfekt tynn og jevn pasta. Lag hjemmelaget lasagne og andre pastaretter enkelt med h\u00f8y kvalitet.","breadcrumb":{"@id":"https:\/\/www.ankarsrum.com\/no\/product\/pastavals-lasagne\/#breadcrumb"},"inLanguage":"nb-NO","potentialAction":[{"@type":"ReadAction","target":["https:\/\/www.ankarsrum.com\/no\/product\/pastavals-lasagne\/"]}]},{"@type":"ImageObject","inLanguage":"nb-NO","@id":"https:\/\/www.ankarsrum.com\/no\/product\/pastavals-lasagne\/#primaryimage","url":"https:\/\/www.ankarsrum.com\/img-srv\/xk9GrkF1Gwt_5k6SiLHJNABzLD7mI4PEm4bhP_Vz6gk\/resizing_type:auto\/width:0\/height:0\/gravity:sm\/enlarge:1\/ext:webp\/strip_metadata:1\/quality:90\/cachebuster:filesize-221114\/bG9jYWw6Ly8vd3d3LmFua2Fyc3J1bS5jb20vd3AtY29udGVudC91cGxvYWRzL3NpdGVzLzE0LzIwMjQvMDkvbGFzYWduYS1hbmdsZS0xLXNjYWxlZC5qcGc.webp","contentUrl":"https:\/\/www.ankarsrum.com\/img-srv\/xk9GrkF1Gwt_5k6SiLHJNABzLD7mI4PEm4bhP_Vz6gk\/resizing_type:auto\/width:0\/height:0\/gravity:sm\/enlarge:1\/ext:webp\/strip_metadata:1\/quality:90\/cachebuster:filesize-221114\/bG9jYWw6Ly8vd3d3LmFua2Fyc3J1bS5jb20vd3AtY29udGVudC91cGxvYWRzL3NpdGVzLzE0LzIwMjQvMDkvbGFzYWduYS1hbmdsZS0xLXNjYWxlZC5qcGc.webp","width":2560,"height":2560},{"@type":"BreadcrumbList","@id":"https:\/\/www.ankarsrum.com\/no\/product\/pastavals-lasagne\/#breadcrumb","itemListElement":[{"@type":"ListItem","position":1,"name":"Home","item":"https:\/\/www.ankarsrum.com\/no\/"},{"@type":"ListItem","position":2,"name":"Produce name","item":"https:\/\/www.ankarsrum.com\/no\/shop\/"},{"@type":"ListItem","position":3,"name":"Pastavals Lasagne"}]},{"@type":"WebSite","@id":"https:\/\/www.ankarsrum.com\/no\/#website","url":"https:\/\/www.ankarsrum.com\/no\/","name":"Ankarsrum Norway","description":"The bread of the world","potentialAction":[{"@type":"SearchAction","target":{"@type":"EntryPoint","urlTemplate":"https:\/\/www.ankarsrum.com\/no\/?s={search_term_string}"},"query-input":{"@type":"PropertyValueSpecification","valueRequired":true,"valueName":"search_term_string"}}],"inLanguage":"nb-NO"}]}},"_links":{"self":[{"href":"https:\/\/www.ankarsrum.com\/no\/wp-json\/wp\/v2\/product\/4793","targetHints":{"allow":["GET"]}}],"collection":[{"href":"https:\/\/www.ankarsrum.com\/no\/wp-json\/wp\/v2\/product"}],"about":[{"href":"https:\/\/www.ankarsrum.com\/no\/wp-json\/wp\/v2\/types\/product"}],"replies":[{"embeddable":true,"href":"https:\/\/www.ankarsrum.com\/no\/wp-json\/wp\/v2\/comments?post=4793"}],"wp:featuredmedia":[{"embeddable":true,"href":"https:\/\/www.ankarsrum.com\/no\/wp-json\/wp\/v2\/media\/18332"}],"wp:attachment":[{"href":"https:\/\/www.ankarsrum.com\/no\/wp-json\/wp\/v2\/media?parent=4793"}],"wp:term":[{"taxonomy":"product_brand","embeddable":true,"href":"https:\/\/www.ankarsrum.com\/no\/wp-json\/wp\/v2\/product_brand?post=4793"},{"taxonomy":"product_cat","embeddable":true,"href":"https:\/\/www.ankarsrum.com\/no\/wp-json\/wp\/v2\/product_cat?post=4793"},{"taxonomy":"product_tag","embeddable":true,"href":"https:\/\/www.ankarsrum.com\/no\/wp-json\/wp\/v2\/product_tag?post=4793"},{"taxonomy":"product-tag","embeddable":true,"href":"https:\/\/www.ankarsrum.com\/no\/wp-json\/wp\/v2\/product-tag?post=4793"},{"taxonomy":"machines","embeddable":true,"href":"https:\/\/www.ankarsrum.com\/no\/wp-json\/wp\/v2\/machines?post=4793"},{"taxonomy":"filter","embeddable":true,"href":"https:\/\/www.ankarsrum.com\/no\/wp-json\/wp\/v2\/filter?post=4793"}],"curies":[{"name":"wp","href":"https:\/\/api.w.org\/{rel}","templated":true}]}}