{"id":4795,"date":"2024-07-16T10:00:59","date_gmt":"2024-07-16T08:00:59","guid":{"rendered":"https:\/\/www.ankarsrum.com\/no\/product\/pastavals-spaghetti\/"},"modified":"2026-04-17T05:51:45","modified_gmt":"2026-04-17T03:51:45","slug":"pastavals-spaghetti","status":"publish","type":"product","link":"https:\/\/www.ankarsrum.com\/no\/product\/pastavals-spaghetti\/","title":{"rendered":"Pastavals Spaghetti"},"content":{"rendered":"<p><span class=\"NormalTextRun SCXW55502249 BCX8\">Imponer ved middagsbordet med hjemmelaget <\/span><span class=\"NormalTextRun SCXW55502249 BCX8\">spagetti<\/span><span class=\"NormalTextRun SCXW55502249 BCX8\">! Med <\/span><span class=\"NormalTextRun SpellingErrorV2Themed SCXW55502249 BCX8\">Ankarsrums<\/span><span class=\"NormalTextRun SCXW55502249 BCX8\"> Pasta<\/span><span class=\"NormalTextRun SCXW55502249 BCX8\">vals for s<\/span><span class=\"NormalTextRun SCXW55502249 BCX8\">pagetti<\/span><span class=\"NormalTextRun SCXW55502249 BCX8\"> kan du enkelt lage 2 mm tynn pasta <\/span><span class=\"NormalTextRun CommentStart SCXW55502249 BCX8\">\u2013 raskt og enkelt. Hopp over bryet med \u00e5 kutte for h\u00e5nd og nyt perfekt kuttet <\/span><span class=\"NormalTextRun SCXW55502249 BCX8\">spagetti<\/span><span class=\"NormalTextRun SCXW55502249 BCX8\"> hver gang.<\/span><\/p>","protected":false},"excerpt":{"rendered":"<div class=\"OutlineElement Ltr SCXW100753994 BCX8\">\n<p class=\"Paragraph SCXW100753994 BCX8\"><span class=\"TextRun SCXW100753994 BCX8\"><span class=\"NormalTextRun SCXW100753994 BCX8\">Med <\/span><span class=\"NormalTextRun SpellingErrorV2Themed SCXW100753994 BCX8\">Ankarsrums<\/span><span class=\"NormalTextRun SCXW100753994 BCX8\"> Pasta<\/span><span class=\"NormalTextRun SCXW100753994 BCX8\">vals<\/span> <span class=\"NormalTextRun SpellingErrorV2Themed SCXW100753994 BCX8\">Spag<\/span><span class=\"NormalTextRun SpellingErrorV2Themed SCXW100753994 BCX8\">h<\/span><span class=\"NormalTextRun SpellingErrorV2Themed SCXW100753994 BCX8\">etti<\/span><span class=\"NormalTextRun SCXW100753994 BCX8\"> kan du enkelt lage perfekt kuttet pasta hver gang. N\u00e5r deigen er kjevlet ut med <\/span><span class=\"NormalTextRun SpellingErrorV2Themed SCXW100753994 BCX8\">Ankarsrum<\/span><span class=\"NormalTextRun SpellingErrorV2Themed SCXW100753994 BCX8\">s<\/span> <span class=\"NormalTextRun SCXW100753994 BCX8\">l<\/span><span class=\"NormalTextRun SCXW100753994 BCX8\">asagne<\/span><span class=\"NormalTextRun SCXW100753994 BCX8\">vals<\/span><span class=\"NormalTextRun SCXW100753994 BCX8\"> (eller for h\u00e5nd)<\/span><span class=\"NormalTextRun SCXW100753994 BCX8\">, skj\u00e6rer denne pasta<\/span><span class=\"NormalTextRun SCXW100753994 BCX8\">valsen<\/span> <span class=\"NormalTextRun SCXW100753994 BCX8\">pastaplatene<\/span><span class=\"NormalTextRun SCXW100753994 BCX8\"> dine i 2 mm tynn <\/span><span class=\"NormalTextRun SCXW100753994 BCX8\">spagetti<\/span><span class=\"NormalTextRun SCXW100753994 BCX8\">. <\/span><span class=\"NormalTextRun SCXW100753994 BCX8\">Valsen<\/span><span class=\"NormalTextRun SCXW100753994 BCX8\"> monteres enkelt p\u00e5 din <\/span><span class=\"NormalTextRun SpellingErrorV2Themed SCXW100753994 BCX8\">Ankarsrum<\/span><span class=\"NormalTextRun SCXW100753994 BCX8\"> Assistent Original og drives av den kraftige motoren, noe som gj\u00f8r hele prosessen rask og enkel uten anstrengelse.<\/span><\/span> <\/p>\n<p class=\"Paragraph SCXW100753994 BCX8\"><span class=\"TextRun SCXW100753994 BCX8\"><span class=\"NormalTextRun SCXW100753994 BCX8\">Pasta<\/span><span class=\"NormalTextRun SCXW100753994 BCX8\">valsen<\/span><span class=\"NormalTextRun SCXW100753994 BCX8\"> er <\/span><span class=\"NormalTextRun SCXW100753994 BCX8\">produsert<\/span><span class=\"NormalTextRun SCXW100753994 BCX8\"> i Italia av Marcato, et av de ledende selskapene innen produksjon av pastamaskiner med over 80 \u00e5rs erfaring. \u00c5 lage pasta sammen er ikke bare g\u00f8y, det blir ogs\u00e5 en verdsatt aktivitet for hele familien. Lag smakfulle m\u00e5ltider der alle kan v\u00e6re med og nyte fersk, hjemmelaget <\/span><span class=\"NormalTextRun SCXW100753994 BCX8\">spagetti<\/span><span class=\"NormalTextRun SCXW100753994 BCX8\"> rett fra kj\u00f8kkenet ditt.<\/span><\/span><span class=\"EOP SCXW100753994 BCX8\"> \u00a0<\/span><span class=\"TextRun SCXW100753994 BCX8\"><span class=\"NormalTextRun SCXW100753994 BCX8\">Vi anbefaler 1,2-1,5 mm tykke pastaplater for \u00e5 lage <\/span><span class=\"NormalTextRun SCXW100753994 BCX8\">spagetti<\/span><span class=\"NormalTextRun SCXW100753994 BCX8\">, dette tilsvarer posisjon 5-6 p\u00e5 pasta<\/span><span class=\"NormalTextRun SCXW100753994 BCX8\">valsen<\/span><span class=\"NormalTextRun SCXW100753994 BCX8\"> for lasagne.<\/span><\/span><span class=\"EOP SCXW100753994 BCX8\">\u00a0<\/span><\/p>\n<\/div>\n<div class=\"OutlineElement Ltr SCXW100753994 BCX8\">\n<p class=\"Paragraph SCXW100753994 BCX8\"><strong><span class=\"TextRun SCXW100753994 BCX8\"><span class=\"NormalTextRun SCXW100753994 BCX8\">Pasta<\/span><span class=\"NormalTextRun SCXW100753994 BCX8\">vals<\/span> <span class=\"NormalTextRun SpellingErrorV2Themed SCXW100753994 BCX8\">Spag<\/span><span class=\"NormalTextRun SpellingErrorV2Themed SCXW100753994 BCX8\">h<\/span><span class=\"NormalTextRun SpellingErrorV2Themed SCXW100753994 BCX8\">etti<\/span><span class=\"NormalTextRun SCXW100753994 BCX8\"> passer til alle modeller av Assistent Original N1-N30.<\/span><\/span> <\/strong><\/p>\n<p class=\"Paragraph SCXW100753994 BCX8\"><span class=\"TextRun SCXW100753994 BCX8\"><span class=\"NormalTextRun SCXW100753994 BCX8\">Hva er inkludert?<\/span><\/span> <\/p>\n<ul>\n<li class=\"Paragraph SCXW100753994 BCX8\"><span class=\"TextRun SCXW100753994 BCX8\"><span class=\"NormalTextRun SCXW100753994 BCX8\">Pasta<\/span><span class=\"NormalTextRun SCXW100753994 BCX8\">vals for <\/span><span class=\"NormalTextRun SCXW100753994 BCX8\">spagetti<\/span><\/span><span class=\"EOP SCXW100753994 BCX8\">\u00a0<\/span><\/li>\n<\/ul>\n<\/div>\n","protected":false},"featured_media":18308,"comment_status":"open","ping_status":"closed","template":"","meta":{"_acf_changed":false,"content-type":"","editor_notices":[]},"product_brand":[],"product_cat":[453],"product_tag":[],"product-tag":[],"machines":[234,256,259,261,262,264,269,273,275,280,237,283,242,243,248,252,229,236],"filter":[305,289],"class_list":{"0":"post-4795","1":"product","2":"type-product","3":"status-publish","4":"has-post-thumbnail","6":"product_cat-ankarsrum-tilbehor","7":"machines-02-n1","8":"machines-09_n10","9":"machines-10-n100","10":"machines-11-n20","11":"machines-12-n21","12":"machines-13-n22","13":"machines-14-n23","14":"machines-15-n24","15":"machines-16-n25","16":"machines-17-n28","17":"machines-04-n3","18":"machines-19-n30","19":"machines-05-n4","20":"machines-06-n6","21":"machines-07-n7","22":"machines-08-n8","23":"machines-01-ng1","24":"machines-03-nx1","25":"filter-mat","26":"filter-pasta","28":"first","29":"instock","30":"taxable","31":"shipping-taxable","32":"purchasable","33":"product-type-simple"},"bundled_by":[],"bundle_stock_status":"instock","bundle_stock_quantity":25,"bundle_virtual":false,"bundle_layout":"","bundle_add_to_cart_form_location":"","bundle_editable_in_cart":false,"bundle_sold_individually_context":"","bundle_item_grouping":"","bundle_min_size":"","bundle_max_size":"","bundle_price":[],"bundled_items":[],"bundle_sell_ids":[],"acf":[],"shsp-ext":{"main":{},"variations":[]},"yoast_head":"<!-- This site is optimized with the Yoast SEO Premium plugin v26.6 (Yoast SEO v26.6) - https:\/\/yoast.com\/wordpress\/plugins\/seo\/ -->\n<title>Pastavals spaghetti \u2013 Perfekt til hjemmelaget pasta<\/title>\n<meta name=\"description\" content=\"Pastavals spaghetti som gir jevne og perfekte spagettistrimler. Ideell for autentisk hjemmelaget pasta til b\u00e5de hverdagsretter og spesielle anledninger.\" \/>\n<meta name=\"robots\" content=\"index, follow, max-snippet:-1, max-image-preview:large, max-video-preview:-1\" \/>\n<link rel=\"canonical\" href=\"https:\/\/www.ankarsrum.com\/no\/product\/pastavals-spaghetti\/\" \/>\n<meta property=\"og:locale\" content=\"nb_NO\" \/>\n<meta property=\"og:type\" content=\"article\" \/>\n<meta property=\"og:title\" content=\"Pastavals Spaghetti\" \/>\n<meta property=\"og:description\" content=\"Pastavals spaghetti som gir jevne og perfekte spagettistrimler. Ideell for autentisk hjemmelaget pasta til b\u00e5de hverdagsretter og spesielle anledninger.\" \/>\n<meta property=\"og:url\" content=\"https:\/\/www.ankarsrum.com\/no\/product\/pastavals-spaghetti\/\" \/>\n<meta property=\"og:site_name\" content=\"Ankarsrum Norway\" \/>\n<meta property=\"article:modified_time\" content=\"2026-04-17T03:51:45+00:00\" \/>\n<meta property=\"og:image\" content=\"https:\/\/www.ankarsrum.com\/no\/wp-content\/uploads\/sites\/14\/2024\/09\/spagetti-1.jpg\" \/>\n\t<meta property=\"og:image:width\" content=\"1200\" \/>\n\t<meta property=\"og:image:height\" content=\"630\" \/>\n\t<meta property=\"og:image:type\" content=\"image\/jpeg\" \/>\n<meta name=\"twitter:card\" content=\"summary_large_image\" \/>\n<script type=\"application\/ld+json\" class=\"yoast-schema-graph\">{\"@context\":\"https:\/\/schema.org\",\"@graph\":[{\"@type\":\"WebPage\",\"@id\":\"https:\/\/www.ankarsrum.com\/no\/product\/pastavals-spaghetti\/\",\"url\":\"https:\/\/www.ankarsrum.com\/no\/product\/pastavals-spaghetti\/\",\"name\":\"Pastavals spaghetti \u2013 Perfekt til hjemmelaget pasta\",\"isPartOf\":{\"@id\":\"https:\/\/www.ankarsrum.com\/no\/#website\"},\"primaryImageOfPage\":{\"@id\":\"https:\/\/www.ankarsrum.com\/no\/product\/pastavals-spaghetti\/#primaryimage\"},\"image\":{\"@id\":\"https:\/\/www.ankarsrum.com\/no\/product\/pastavals-spaghetti\/#primaryimage\"},\"thumbnailUrl\":\"https:\/\/www.ankarsrum.com\/img-srv\/eZ-aFILM_TJB1S1qDr0iQM7iqYmIym7UdNld5VVbVoA\/resizing_type:auto\/width:0\/height:0\/gravity:sm\/enlarge:1\/ext:webp\/strip_metadata:1\/quality:90\/cachebuster:filesize-107584\/bG9jYWw6Ly8vd3d3LmFua2Fyc3J1bS5jb20vd3AtY29udGVudC91cGxvYWRzL3NpdGVzLzE0LzIwMjQvMDkvc3BhZ2V0dGktMS5qcGc.webp\",\"datePublished\":\"2024-07-16T08:00:59+00:00\",\"dateModified\":\"2026-04-17T03:51:45+00:00\",\"description\":\"Pastavals spaghetti som gir jevne og perfekte spagettistrimler. Ideell for autentisk hjemmelaget pasta til b\u00e5de hverdagsretter og spesielle anledninger.\",\"breadcrumb\":{\"@id\":\"https:\/\/www.ankarsrum.com\/no\/product\/pastavals-spaghetti\/#breadcrumb\"},\"inLanguage\":\"nb-NO\",\"potentialAction\":[{\"@type\":\"ReadAction\",\"target\":[\"https:\/\/www.ankarsrum.com\/no\/product\/pastavals-spaghetti\/\"]}]},{\"@type\":\"ImageObject\",\"inLanguage\":\"nb-NO\",\"@id\":\"https:\/\/www.ankarsrum.com\/no\/product\/pastavals-spaghetti\/#primaryimage\",\"url\":\"https:\/\/www.ankarsrum.com\/img-srv\/eZ-aFILM_TJB1S1qDr0iQM7iqYmIym7UdNld5VVbVoA\/resizing_type:auto\/width:0\/height:0\/gravity:sm\/enlarge:1\/ext:webp\/strip_metadata:1\/quality:90\/cachebuster:filesize-107584\/bG9jYWw6Ly8vd3d3LmFua2Fyc3J1bS5jb20vd3AtY29udGVudC91cGxvYWRzL3NpdGVzLzE0LzIwMjQvMDkvc3BhZ2V0dGktMS5qcGc.webp\",\"contentUrl\":\"https:\/\/www.ankarsrum.com\/img-srv\/eZ-aFILM_TJB1S1qDr0iQM7iqYmIym7UdNld5VVbVoA\/resizing_type:auto\/width:0\/height:0\/gravity:sm\/enlarge:1\/ext:webp\/strip_metadata:1\/quality:90\/cachebuster:filesize-107584\/bG9jYWw6Ly8vd3d3LmFua2Fyc3J1bS5jb20vd3AtY29udGVudC91cGxvYWRzL3NpdGVzLzE0LzIwMjQvMDkvc3BhZ2V0dGktMS5qcGc.webp\",\"width\":2000,\"height\":2000},{\"@type\":\"BreadcrumbList\",\"@id\":\"https:\/\/www.ankarsrum.com\/no\/product\/pastavals-spaghetti\/#breadcrumb\",\"itemListElement\":[{\"@type\":\"ListItem\",\"position\":1,\"name\":\"Home\",\"item\":\"https:\/\/www.ankarsrum.com\/no\/\"},{\"@type\":\"ListItem\",\"position\":2,\"name\":\"Produce name\",\"item\":\"https:\/\/www.ankarsrum.com\/no\/shop\/\"},{\"@type\":\"ListItem\",\"position\":3,\"name\":\"Pastavals Spaghetti\"}]},{\"@type\":\"WebSite\",\"@id\":\"https:\/\/www.ankarsrum.com\/no\/#website\",\"url\":\"https:\/\/www.ankarsrum.com\/no\/\",\"name\":\"Ankarsrum Norway\",\"description\":\"The bread of the world\",\"potentialAction\":[{\"@type\":\"SearchAction\",\"target\":{\"@type\":\"EntryPoint\",\"urlTemplate\":\"https:\/\/www.ankarsrum.com\/no\/?s={search_term_string}\"},\"query-input\":{\"@type\":\"PropertyValueSpecification\",\"valueRequired\":true,\"valueName\":\"search_term_string\"}}],\"inLanguage\":\"nb-NO\"}]}<\/script>\n<!-- \/ Yoast SEO Premium plugin. -->","yoast_head_json":{"title":"Pastavals spaghetti \u2013 Perfekt til hjemmelaget pasta","description":"Pastavals spaghetti som gir jevne og perfekte spagettistrimler. Ideell for autentisk hjemmelaget pasta til b\u00e5de hverdagsretter og spesielle anledninger.","robots":{"index":"index","follow":"follow","max-snippet":"max-snippet:-1","max-image-preview":"max-image-preview:large","max-video-preview":"max-video-preview:-1"},"canonical":"https:\/\/www.ankarsrum.com\/no\/product\/pastavals-spaghetti\/","og_locale":"nb_NO","og_type":"article","og_title":"Pastavals Spaghetti","og_description":"Pastavals spaghetti som gir jevne og perfekte spagettistrimler. Ideell for autentisk hjemmelaget pasta til b\u00e5de hverdagsretter og spesielle anledninger.","og_url":"https:\/\/www.ankarsrum.com\/no\/product\/pastavals-spaghetti\/","og_site_name":"Ankarsrum Norway","article_modified_time":"2026-04-17T03:51:45+00:00","og_image":[{"width":1200,"height":630,"url":"https:\/\/www.ankarsrum.com\/no\/wp-content\/uploads\/sites\/14\/2024\/09\/spagetti-1.jpg","type":"image\/jpeg"}],"twitter_card":"summary_large_image","schema":{"@context":"https:\/\/schema.org","@graph":[{"@type":"WebPage","@id":"https:\/\/www.ankarsrum.com\/no\/product\/pastavals-spaghetti\/","url":"https:\/\/www.ankarsrum.com\/no\/product\/pastavals-spaghetti\/","name":"Pastavals spaghetti \u2013 Perfekt til hjemmelaget pasta","isPartOf":{"@id":"https:\/\/www.ankarsrum.com\/no\/#website"},"primaryImageOfPage":{"@id":"https:\/\/www.ankarsrum.com\/no\/product\/pastavals-spaghetti\/#primaryimage"},"image":{"@id":"https:\/\/www.ankarsrum.com\/no\/product\/pastavals-spaghetti\/#primaryimage"},"thumbnailUrl":"https:\/\/www.ankarsrum.com\/img-srv\/eZ-aFILM_TJB1S1qDr0iQM7iqYmIym7UdNld5VVbVoA\/resizing_type:auto\/width:0\/height:0\/gravity:sm\/enlarge:1\/ext:webp\/strip_metadata:1\/quality:90\/cachebuster:filesize-107584\/bG9jYWw6Ly8vd3d3LmFua2Fyc3J1bS5jb20vd3AtY29udGVudC91cGxvYWRzL3NpdGVzLzE0LzIwMjQvMDkvc3BhZ2V0dGktMS5qcGc.webp","datePublished":"2024-07-16T08:00:59+00:00","dateModified":"2026-04-17T03:51:45+00:00","description":"Pastavals spaghetti som gir jevne og perfekte spagettistrimler. Ideell for autentisk hjemmelaget pasta til b\u00e5de hverdagsretter og spesielle anledninger.","breadcrumb":{"@id":"https:\/\/www.ankarsrum.com\/no\/product\/pastavals-spaghetti\/#breadcrumb"},"inLanguage":"nb-NO","potentialAction":[{"@type":"ReadAction","target":["https:\/\/www.ankarsrum.com\/no\/product\/pastavals-spaghetti\/"]}]},{"@type":"ImageObject","inLanguage":"nb-NO","@id":"https:\/\/www.ankarsrum.com\/no\/product\/pastavals-spaghetti\/#primaryimage","url":"https:\/\/www.ankarsrum.com\/img-srv\/eZ-aFILM_TJB1S1qDr0iQM7iqYmIym7UdNld5VVbVoA\/resizing_type:auto\/width:0\/height:0\/gravity:sm\/enlarge:1\/ext:webp\/strip_metadata:1\/quality:90\/cachebuster:filesize-107584\/bG9jYWw6Ly8vd3d3LmFua2Fyc3J1bS5jb20vd3AtY29udGVudC91cGxvYWRzL3NpdGVzLzE0LzIwMjQvMDkvc3BhZ2V0dGktMS5qcGc.webp","contentUrl":"https:\/\/www.ankarsrum.com\/img-srv\/eZ-aFILM_TJB1S1qDr0iQM7iqYmIym7UdNld5VVbVoA\/resizing_type:auto\/width:0\/height:0\/gravity:sm\/enlarge:1\/ext:webp\/strip_metadata:1\/quality:90\/cachebuster:filesize-107584\/bG9jYWw6Ly8vd3d3LmFua2Fyc3J1bS5jb20vd3AtY29udGVudC91cGxvYWRzL3NpdGVzLzE0LzIwMjQvMDkvc3BhZ2V0dGktMS5qcGc.webp","width":2000,"height":2000},{"@type":"BreadcrumbList","@id":"https:\/\/www.ankarsrum.com\/no\/product\/pastavals-spaghetti\/#breadcrumb","itemListElement":[{"@type":"ListItem","position":1,"name":"Home","item":"https:\/\/www.ankarsrum.com\/no\/"},{"@type":"ListItem","position":2,"name":"Produce name","item":"https:\/\/www.ankarsrum.com\/no\/shop\/"},{"@type":"ListItem","position":3,"name":"Pastavals Spaghetti"}]},{"@type":"WebSite","@id":"https:\/\/www.ankarsrum.com\/no\/#website","url":"https:\/\/www.ankarsrum.com\/no\/","name":"Ankarsrum Norway","description":"The bread of the world","potentialAction":[{"@type":"SearchAction","target":{"@type":"EntryPoint","urlTemplate":"https:\/\/www.ankarsrum.com\/no\/?s={search_term_string}"},"query-input":{"@type":"PropertyValueSpecification","valueRequired":true,"valueName":"search_term_string"}}],"inLanguage":"nb-NO"}]}},"_links":{"self":[{"href":"https:\/\/www.ankarsrum.com\/no\/wp-json\/wp\/v2\/product\/4795","targetHints":{"allow":["GET"]}}],"collection":[{"href":"https:\/\/www.ankarsrum.com\/no\/wp-json\/wp\/v2\/product"}],"about":[{"href":"https:\/\/www.ankarsrum.com\/no\/wp-json\/wp\/v2\/types\/product"}],"replies":[{"embeddable":true,"href":"https:\/\/www.ankarsrum.com\/no\/wp-json\/wp\/v2\/comments?post=4795"}],"wp:featuredmedia":[{"embeddable":true,"href":"https:\/\/www.ankarsrum.com\/no\/wp-json\/wp\/v2\/media\/18308"}],"wp:attachment":[{"href":"https:\/\/www.ankarsrum.com\/no\/wp-json\/wp\/v2\/media?parent=4795"}],"wp:term":[{"taxonomy":"product_brand","embeddable":true,"href":"https:\/\/www.ankarsrum.com\/no\/wp-json\/wp\/v2\/product_brand?post=4795"},{"taxonomy":"product_cat","embeddable":true,"href":"https:\/\/www.ankarsrum.com\/no\/wp-json\/wp\/v2\/product_cat?post=4795"},{"taxonomy":"product_tag","embeddable":true,"href":"https:\/\/www.ankarsrum.com\/no\/wp-json\/wp\/v2\/product_tag?post=4795"},{"taxonomy":"product-tag","embeddable":true,"href":"https:\/\/www.ankarsrum.com\/no\/wp-json\/wp\/v2\/product-tag?post=4795"},{"taxonomy":"machines","embeddable":true,"href":"https:\/\/www.ankarsrum.com\/no\/wp-json\/wp\/v2\/machines?post=4795"},{"taxonomy":"filter","embeddable":true,"href":"https:\/\/www.ankarsrum.com\/no\/wp-json\/wp\/v2\/filter?post=4795"}],"curies":[{"name":"wp","href":"https:\/\/api.w.org\/{rel}","templated":true}]}}