{"id":4810,"date":"2026-03-04T09:55:24","date_gmt":"2026-03-04T08:55:24","guid":{"rendered":"https:\/\/www.ankarsrum.com\/no\/product\/bryter-av-pa\/"},"modified":"2026-04-14T05:36:56","modified_gmt":"2026-04-14T03:36:56","slug":"bryter-av-pa","status":"publish","type":"product","link":"https:\/\/www.ankarsrum.com\/no\/product\/bryter-av-pa\/","title":{"rendered":"Bryter, av\/p\u00e5"},"content":{"rendered":"<p>Bryter, av\/p\u00e5 og tidsur.<\/p>","protected":false},"excerpt":{"rendered":"<p>Bryter, av\/p\u00e5 og tidsur.<\/p>\n","protected":false},"featured_media":18055,"comment_status":"open","ping_status":"closed","template":"","meta":{"_acf_changed":false,"content-type":"","editor_notices":[]},"product_brand":[],"product_cat":[450],"product_tag":[],"product-tag":[],"machines":[280,283],"filter":[294],"class_list":{"0":"post-4810","1":"product","2":"type-product","3":"status-publish","4":"has-post-thumbnail","6":"product_cat-ankarsrum-deler","7":"machines-17-n28","8":"machines-19-n30","9":"filter-maskindeler","11":"first","12":"instock","13":"taxable","14":"shipping-taxable","15":"purchasable","16":"product-type-simple"},"bundled_by":[],"bundle_stock_status":"instock","bundle_stock_quantity":13,"bundle_virtual":false,"bundle_layout":"","bundle_add_to_cart_form_location":"","bundle_editable_in_cart":false,"bundle_sold_individually_context":"","bundle_item_grouping":"","bundle_min_size":"","bundle_max_size":"","bundle_price":[],"bundled_items":[],"bundle_sell_ids":[],"acf":[],"shsp-ext":{"main":{},"variations":[]},"yoast_head":"<!-- This site is optimized with the Yoast SEO Premium plugin v26.6 (Yoast SEO v26.6) - https:\/\/yoast.com\/wordpress\/plugins\/seo\/ -->\n<title>Bryter av\/p\u00e5 \u2013 Reservedel for Ankarsrum kj\u00f8kkenmaskin<\/title>\n<meta name=\"description\" content=\"Bryter av\/p\u00e5 som sikrer enkel og p\u00e5litelig kontroll av Ankarsrum kj\u00f8kkenmaskin. Original reservedel for trygg og effektiv bruk.\" \/>\n<meta name=\"robots\" content=\"index, follow, max-snippet:-1, max-image-preview:large, max-video-preview:-1\" \/>\n<link rel=\"canonical\" href=\"https:\/\/www.ankarsrum.com\/no\/product\/bryter-av-pa\/\" \/>\n<meta property=\"og:locale\" content=\"nb_NO\" \/>\n<meta property=\"og:type\" content=\"article\" \/>\n<meta property=\"og:title\" content=\"Bryter, av\/p\u00e5\" \/>\n<meta property=\"og:description\" content=\"Bryter av\/p\u00e5 som sikrer enkel og p\u00e5litelig kontroll av Ankarsrum kj\u00f8kkenmaskin. Original reservedel for trygg og effektiv bruk.\" \/>\n<meta property=\"og:url\" content=\"https:\/\/www.ankarsrum.com\/no\/product\/bryter-av-pa\/\" \/>\n<meta property=\"og:site_name\" content=\"Ankarsrum Norway\" \/>\n<meta property=\"article:modified_time\" content=\"2026-04-14T03:36:56+00:00\" \/>\n<meta property=\"og:image\" content=\"https:\/\/www.ankarsrum.com\/no\/wp-content\/uploads\/sites\/14\/2024\/09\/6230-timer-knob.jpg\" \/>\n\t<meta property=\"og:image:width\" content=\"1080\" \/>\n\t<meta property=\"og:image:height\" content=\"630\" \/>\n\t<meta property=\"og:image:type\" content=\"image\/jpeg\" \/>\n<meta name=\"twitter:card\" content=\"summary_large_image\" \/>\n<script type=\"application\/ld+json\" class=\"yoast-schema-graph\">{\"@context\":\"https:\/\/schema.org\",\"@graph\":[{\"@type\":\"WebPage\",\"@id\":\"https:\/\/www.ankarsrum.com\/no\/product\/bryter-av-pa\/\",\"url\":\"https:\/\/www.ankarsrum.com\/no\/product\/bryter-av-pa\/\",\"name\":\"Bryter av\/p\u00e5 \u2013 Reservedel for Ankarsrum kj\u00f8kkenmaskin\",\"isPartOf\":{\"@id\":\"https:\/\/www.ankarsrum.com\/no\/#website\"},\"primaryImageOfPage\":{\"@id\":\"https:\/\/www.ankarsrum.com\/no\/product\/bryter-av-pa\/#primaryimage\"},\"image\":{\"@id\":\"https:\/\/www.ankarsrum.com\/no\/product\/bryter-av-pa\/#primaryimage\"},\"thumbnailUrl\":\"https:\/\/www.ankarsrum.com\/img-srv\/v4JiTKGYNd0zWmCuZ-ANy6QCMgahV4Cw4c8KlUiknSo\/resizing_type:auto\/width:0\/height:0\/gravity:sm\/enlarge:1\/ext:webp\/strip_metadata:1\/quality:90\/cachebuster:filesize-30850\/bG9jYWw6Ly8vd3d3LmFua2Fyc3J1bS5jb20vd3AtY29udGVudC91cGxvYWRzL3NpdGVzLzE0LzIwMjQvMDkvNjIzMC10aW1lci1rbm9iLmpwZw.webp\",\"datePublished\":\"2026-03-04T08:55:24+00:00\",\"dateModified\":\"2026-04-14T03:36:56+00:00\",\"description\":\"Bryter av\/p\u00e5 som sikrer enkel og p\u00e5litelig kontroll av Ankarsrum kj\u00f8kkenmaskin. Original reservedel for trygg og effektiv bruk.\",\"breadcrumb\":{\"@id\":\"https:\/\/www.ankarsrum.com\/no\/product\/bryter-av-pa\/#breadcrumb\"},\"inLanguage\":\"nb-NO\",\"potentialAction\":[{\"@type\":\"ReadAction\",\"target\":[\"https:\/\/www.ankarsrum.com\/no\/product\/bryter-av-pa\/\"]}]},{\"@type\":\"ImageObject\",\"inLanguage\":\"nb-NO\",\"@id\":\"https:\/\/www.ankarsrum.com\/no\/product\/bryter-av-pa\/#primaryimage\",\"url\":\"https:\/\/www.ankarsrum.com\/img-srv\/v4JiTKGYNd0zWmCuZ-ANy6QCMgahV4Cw4c8KlUiknSo\/resizing_type:auto\/width:0\/height:0\/gravity:sm\/enlarge:1\/ext:webp\/strip_metadata:1\/quality:90\/cachebuster:filesize-30850\/bG9jYWw6Ly8vd3d3LmFua2Fyc3J1bS5jb20vd3AtY29udGVudC91cGxvYWRzL3NpdGVzLzE0LzIwMjQvMDkvNjIzMC10aW1lci1rbm9iLmpwZw.webp\",\"contentUrl\":\"https:\/\/www.ankarsrum.com\/img-srv\/v4JiTKGYNd0zWmCuZ-ANy6QCMgahV4Cw4c8KlUiknSo\/resizing_type:auto\/width:0\/height:0\/gravity:sm\/enlarge:1\/ext:webp\/strip_metadata:1\/quality:90\/cachebuster:filesize-30850\/bG9jYWw6Ly8vd3d3LmFua2Fyc3J1bS5jb20vd3AtY29udGVudC91cGxvYWRzL3NpdGVzLzE0LzIwMjQvMDkvNjIzMC10aW1lci1rbm9iLmpwZw.webp\",\"width\":1080,\"height\":1080},{\"@type\":\"BreadcrumbList\",\"@id\":\"https:\/\/www.ankarsrum.com\/no\/product\/bryter-av-pa\/#breadcrumb\",\"itemListElement\":[{\"@type\":\"ListItem\",\"position\":1,\"name\":\"Home\",\"item\":\"https:\/\/www.ankarsrum.com\/no\/\"},{\"@type\":\"ListItem\",\"position\":2,\"name\":\"Produce name\",\"item\":\"https:\/\/www.ankarsrum.com\/no\/shop\/\"},{\"@type\":\"ListItem\",\"position\":3,\"name\":\"Bryter, av\/p\u00e5\"}]},{\"@type\":\"WebSite\",\"@id\":\"https:\/\/www.ankarsrum.com\/no\/#website\",\"url\":\"https:\/\/www.ankarsrum.com\/no\/\",\"name\":\"Ankarsrum Norway\",\"description\":\"The bread of the world\",\"potentialAction\":[{\"@type\":\"SearchAction\",\"target\":{\"@type\":\"EntryPoint\",\"urlTemplate\":\"https:\/\/www.ankarsrum.com\/no\/?s={search_term_string}\"},\"query-input\":{\"@type\":\"PropertyValueSpecification\",\"valueRequired\":true,\"valueName\":\"search_term_string\"}}],\"inLanguage\":\"nb-NO\"}]}<\/script>\n<!-- \/ Yoast SEO Premium plugin. -->","yoast_head_json":{"title":"Bryter av\/p\u00e5 \u2013 Reservedel for Ankarsrum kj\u00f8kkenmaskin","description":"Bryter av\/p\u00e5 som sikrer enkel og p\u00e5litelig kontroll av Ankarsrum kj\u00f8kkenmaskin. Original reservedel for trygg og effektiv bruk.","robots":{"index":"index","follow":"follow","max-snippet":"max-snippet:-1","max-image-preview":"max-image-preview:large","max-video-preview":"max-video-preview:-1"},"canonical":"https:\/\/www.ankarsrum.com\/no\/product\/bryter-av-pa\/","og_locale":"nb_NO","og_type":"article","og_title":"Bryter, av\/p\u00e5","og_description":"Bryter av\/p\u00e5 som sikrer enkel og p\u00e5litelig kontroll av Ankarsrum kj\u00f8kkenmaskin. Original reservedel for trygg og effektiv bruk.","og_url":"https:\/\/www.ankarsrum.com\/no\/product\/bryter-av-pa\/","og_site_name":"Ankarsrum Norway","article_modified_time":"2026-04-14T03:36:56+00:00","og_image":[{"width":1080,"height":630,"url":"https:\/\/www.ankarsrum.com\/no\/wp-content\/uploads\/sites\/14\/2024\/09\/6230-timer-knob.jpg","type":"image\/jpeg"}],"twitter_card":"summary_large_image","schema":{"@context":"https:\/\/schema.org","@graph":[{"@type":"WebPage","@id":"https:\/\/www.ankarsrum.com\/no\/product\/bryter-av-pa\/","url":"https:\/\/www.ankarsrum.com\/no\/product\/bryter-av-pa\/","name":"Bryter av\/p\u00e5 \u2013 Reservedel for Ankarsrum kj\u00f8kkenmaskin","isPartOf":{"@id":"https:\/\/www.ankarsrum.com\/no\/#website"},"primaryImageOfPage":{"@id":"https:\/\/www.ankarsrum.com\/no\/product\/bryter-av-pa\/#primaryimage"},"image":{"@id":"https:\/\/www.ankarsrum.com\/no\/product\/bryter-av-pa\/#primaryimage"},"thumbnailUrl":"https:\/\/www.ankarsrum.com\/img-srv\/v4JiTKGYNd0zWmCuZ-ANy6QCMgahV4Cw4c8KlUiknSo\/resizing_type:auto\/width:0\/height:0\/gravity:sm\/enlarge:1\/ext:webp\/strip_metadata:1\/quality:90\/cachebuster:filesize-30850\/bG9jYWw6Ly8vd3d3LmFua2Fyc3J1bS5jb20vd3AtY29udGVudC91cGxvYWRzL3NpdGVzLzE0LzIwMjQvMDkvNjIzMC10aW1lci1rbm9iLmpwZw.webp","datePublished":"2026-03-04T08:55:24+00:00","dateModified":"2026-04-14T03:36:56+00:00","description":"Bryter av\/p\u00e5 som sikrer enkel og p\u00e5litelig kontroll av Ankarsrum kj\u00f8kkenmaskin. Original reservedel for trygg og effektiv bruk.","breadcrumb":{"@id":"https:\/\/www.ankarsrum.com\/no\/product\/bryter-av-pa\/#breadcrumb"},"inLanguage":"nb-NO","potentialAction":[{"@type":"ReadAction","target":["https:\/\/www.ankarsrum.com\/no\/product\/bryter-av-pa\/"]}]},{"@type":"ImageObject","inLanguage":"nb-NO","@id":"https:\/\/www.ankarsrum.com\/no\/product\/bryter-av-pa\/#primaryimage","url":"https:\/\/www.ankarsrum.com\/img-srv\/v4JiTKGYNd0zWmCuZ-ANy6QCMgahV4Cw4c8KlUiknSo\/resizing_type:auto\/width:0\/height:0\/gravity:sm\/enlarge:1\/ext:webp\/strip_metadata:1\/quality:90\/cachebuster:filesize-30850\/bG9jYWw6Ly8vd3d3LmFua2Fyc3J1bS5jb20vd3AtY29udGVudC91cGxvYWRzL3NpdGVzLzE0LzIwMjQvMDkvNjIzMC10aW1lci1rbm9iLmpwZw.webp","contentUrl":"https:\/\/www.ankarsrum.com\/img-srv\/v4JiTKGYNd0zWmCuZ-ANy6QCMgahV4Cw4c8KlUiknSo\/resizing_type:auto\/width:0\/height:0\/gravity:sm\/enlarge:1\/ext:webp\/strip_metadata:1\/quality:90\/cachebuster:filesize-30850\/bG9jYWw6Ly8vd3d3LmFua2Fyc3J1bS5jb20vd3AtY29udGVudC91cGxvYWRzL3NpdGVzLzE0LzIwMjQvMDkvNjIzMC10aW1lci1rbm9iLmpwZw.webp","width":1080,"height":1080},{"@type":"BreadcrumbList","@id":"https:\/\/www.ankarsrum.com\/no\/product\/bryter-av-pa\/#breadcrumb","itemListElement":[{"@type":"ListItem","position":1,"name":"Home","item":"https:\/\/www.ankarsrum.com\/no\/"},{"@type":"ListItem","position":2,"name":"Produce name","item":"https:\/\/www.ankarsrum.com\/no\/shop\/"},{"@type":"ListItem","position":3,"name":"Bryter, av\/p\u00e5"}]},{"@type":"WebSite","@id":"https:\/\/www.ankarsrum.com\/no\/#website","url":"https:\/\/www.ankarsrum.com\/no\/","name":"Ankarsrum Norway","description":"The bread of the world","potentialAction":[{"@type":"SearchAction","target":{"@type":"EntryPoint","urlTemplate":"https:\/\/www.ankarsrum.com\/no\/?s={search_term_string}"},"query-input":{"@type":"PropertyValueSpecification","valueRequired":true,"valueName":"search_term_string"}}],"inLanguage":"nb-NO"}]}},"_links":{"self":[{"href":"https:\/\/www.ankarsrum.com\/no\/wp-json\/wp\/v2\/product\/4810","targetHints":{"allow":["GET"]}}],"collection":[{"href":"https:\/\/www.ankarsrum.com\/no\/wp-json\/wp\/v2\/product"}],"about":[{"href":"https:\/\/www.ankarsrum.com\/no\/wp-json\/wp\/v2\/types\/product"}],"replies":[{"embeddable":true,"href":"https:\/\/www.ankarsrum.com\/no\/wp-json\/wp\/v2\/comments?post=4810"}],"wp:featuredmedia":[{"embeddable":true,"href":"https:\/\/www.ankarsrum.com\/no\/wp-json\/wp\/v2\/media\/18055"}],"wp:attachment":[{"href":"https:\/\/www.ankarsrum.com\/no\/wp-json\/wp\/v2\/media?parent=4810"}],"wp:term":[{"taxonomy":"product_brand","embeddable":true,"href":"https:\/\/www.ankarsrum.com\/no\/wp-json\/wp\/v2\/product_brand?post=4810"},{"taxonomy":"product_cat","embeddable":true,"href":"https:\/\/www.ankarsrum.com\/no\/wp-json\/wp\/v2\/product_cat?post=4810"},{"taxonomy":"product_tag","embeddable":true,"href":"https:\/\/www.ankarsrum.com\/no\/wp-json\/wp\/v2\/product_tag?post=4810"},{"taxonomy":"product-tag","embeddable":true,"href":"https:\/\/www.ankarsrum.com\/no\/wp-json\/wp\/v2\/product-tag?post=4810"},{"taxonomy":"machines","embeddable":true,"href":"https:\/\/www.ankarsrum.com\/no\/wp-json\/wp\/v2\/machines?post=4810"},{"taxonomy":"filter","embeddable":true,"href":"https:\/\/www.ankarsrum.com\/no\/wp-json\/wp\/v2\/filter?post=4810"}],"curies":[{"name":"wp","href":"https:\/\/api.w.org\/{rel}","templated":true}]}}