{"id":4819,"date":"2024-07-10T10:57:19","date_gmt":"2024-07-10T08:57:19","guid":{"rendered":"https:\/\/www.ankarsrum.com\/no\/product\/rivtrommel-fin\/"},"modified":"2026-04-15T05:41:10","modified_gmt":"2026-04-15T03:41:10","slug":"rivtrommel-fin","status":"publish","type":"product","link":"https:\/\/www.ankarsrum.com\/no\/product\/rivtrommel-fin\/","title":{"rendered":"Rivtrommel fin"},"content":{"rendered":"<p>Rivtrommel fin<\/p>","protected":false},"excerpt":{"rendered":"<p>Rivtrommel fin<\/p>\n","protected":false},"featured_media":18099,"comment_status":"open","ping_status":"closed","template":"","meta":{"_acf_changed":false,"content-type":"","editor_notices":[]},"product_brand":[],"product_cat":[450],"product_tag":[],"product-tag":[],"machines":[264,269,273,275,280,283],"filter":[296],"class_list":{"0":"post-4819","1":"product","2":"type-product","3":"status-publish","4":"has-post-thumbnail","6":"product_cat-ankarsrum-deler","7":"machines-13-n22","8":"machines-14-n23","9":"machines-15-n24","10":"machines-16-n25","11":"machines-17-n28","12":"machines-19-n30","13":"filter-gronnsakskutter","15":"first","16":"instock","17":"taxable","18":"shipping-taxable","19":"purchasable","20":"product-type-simple"},"bundled_by":[],"bundle_stock_status":"instock","bundle_stock_quantity":4,"bundle_virtual":false,"bundle_layout":"","bundle_add_to_cart_form_location":"","bundle_editable_in_cart":false,"bundle_sold_individually_context":"","bundle_item_grouping":"","bundle_min_size":"","bundle_max_size":"","bundle_price":[],"bundled_items":[],"bundle_sell_ids":[],"acf":[],"shsp-ext":{"main":{},"variations":[]},"yoast_head":"<!-- This site is optimized with the Yoast SEO Premium plugin v26.6 (Yoast SEO v26.6) - https:\/\/yoast.com\/wordpress\/plugins\/seo\/ -->\n<title>Rivtrommel fin \u2013 Presis riving for perfekte resultater<\/title>\n<meta name=\"description\" content=\"Rivtrommel fin som gir jevn og presis riving av gr\u00f8nnsaker, ost og mer. Perfekt tilbeh\u00f8r for Ankarsrum kj\u00f8kkenmaskin for effektiv matlaging.\" \/>\n<meta name=\"robots\" content=\"index, follow, max-snippet:-1, max-image-preview:large, max-video-preview:-1\" \/>\n<link rel=\"canonical\" href=\"https:\/\/www.ankarsrum.com\/no\/product\/rivtrommel-fin\/\" \/>\n<meta property=\"og:locale\" content=\"nb_NO\" \/>\n<meta property=\"og:type\" content=\"article\" \/>\n<meta property=\"og:title\" content=\"Rivtrommel fin\" \/>\n<meta property=\"og:description\" content=\"Rivtrommel fin som gir jevn og presis riving av gr\u00f8nnsaker, ost og mer. Perfekt tilbeh\u00f8r for Ankarsrum kj\u00f8kkenmaskin for effektiv matlaging.\" \/>\n<meta property=\"og:url\" content=\"https:\/\/www.ankarsrum.com\/no\/product\/rivtrommel-fin\/\" \/>\n<meta property=\"og:site_name\" content=\"Ankarsrum Norway\" \/>\n<meta property=\"article:modified_time\" content=\"2026-04-15T03:41:10+00:00\" \/>\n<meta property=\"og:image\" content=\"https:\/\/www.ankarsrum.com\/no\/wp-content\/uploads\/sites\/14\/2024\/09\/fine-grating-drum.jpg\" \/>\n\t<meta property=\"og:image:width\" content=\"1200\" \/>\n\t<meta property=\"og:image:height\" content=\"630\" \/>\n\t<meta property=\"og:image:type\" content=\"image\/jpeg\" \/>\n<meta name=\"twitter:card\" content=\"summary_large_image\" \/>\n<script type=\"application\/ld+json\" class=\"yoast-schema-graph\">{\"@context\":\"https:\/\/schema.org\",\"@graph\":[{\"@type\":\"WebPage\",\"@id\":\"https:\/\/www.ankarsrum.com\/no\/product\/rivtrommel-fin\/\",\"url\":\"https:\/\/www.ankarsrum.com\/no\/product\/rivtrommel-fin\/\",\"name\":\"Rivtrommel fin \u2013 Presis riving for perfekte resultater\",\"isPartOf\":{\"@id\":\"https:\/\/www.ankarsrum.com\/no\/#website\"},\"primaryImageOfPage\":{\"@id\":\"https:\/\/www.ankarsrum.com\/no\/product\/rivtrommel-fin\/#primaryimage\"},\"image\":{\"@id\":\"https:\/\/www.ankarsrum.com\/no\/product\/rivtrommel-fin\/#primaryimage\"},\"thumbnailUrl\":\"https:\/\/www.ankarsrum.com\/img-srv\/UrarkwvxBFJmyXJHX2XSAbo4E8BjMm0y2pQWDMwdrNo\/resizing_type:auto\/width:0\/height:0\/gravity:sm\/enlarge:1\/ext:webp\/strip_metadata:1\/quality:90\/cachebuster:filesize-128982\/bG9jYWw6Ly8vd3d3LmFua2Fyc3J1bS5jb20vd3AtY29udGVudC91cGxvYWRzL3NpdGVzLzE0LzIwMjQvMDkvZmluZS1ncmF0aW5nLWRydW0uanBn.webp\",\"datePublished\":\"2024-07-10T08:57:19+00:00\",\"dateModified\":\"2026-04-15T03:41:10+00:00\",\"description\":\"Rivtrommel fin som gir jevn og presis riving av gr\u00f8nnsaker, ost og mer. Perfekt tilbeh\u00f8r for Ankarsrum kj\u00f8kkenmaskin for effektiv matlaging.\",\"breadcrumb\":{\"@id\":\"https:\/\/www.ankarsrum.com\/no\/product\/rivtrommel-fin\/#breadcrumb\"},\"inLanguage\":\"nb-NO\",\"potentialAction\":[{\"@type\":\"ReadAction\",\"target\":[\"https:\/\/www.ankarsrum.com\/no\/product\/rivtrommel-fin\/\"]}]},{\"@type\":\"ImageObject\",\"inLanguage\":\"nb-NO\",\"@id\":\"https:\/\/www.ankarsrum.com\/no\/product\/rivtrommel-fin\/#primaryimage\",\"url\":\"https:\/\/www.ankarsrum.com\/img-srv\/UrarkwvxBFJmyXJHX2XSAbo4E8BjMm0y2pQWDMwdrNo\/resizing_type:auto\/width:0\/height:0\/gravity:sm\/enlarge:1\/ext:webp\/strip_metadata:1\/quality:90\/cachebuster:filesize-128982\/bG9jYWw6Ly8vd3d3LmFua2Fyc3J1bS5jb20vd3AtY29udGVudC91cGxvYWRzL3NpdGVzLzE0LzIwMjQvMDkvZmluZS1ncmF0aW5nLWRydW0uanBn.webp\",\"contentUrl\":\"https:\/\/www.ankarsrum.com\/img-srv\/UrarkwvxBFJmyXJHX2XSAbo4E8BjMm0y2pQWDMwdrNo\/resizing_type:auto\/width:0\/height:0\/gravity:sm\/enlarge:1\/ext:webp\/strip_metadata:1\/quality:90\/cachebuster:filesize-128982\/bG9jYWw6Ly8vd3d3LmFua2Fyc3J1bS5jb20vd3AtY29udGVudC91cGxvYWRzL3NpdGVzLzE0LzIwMjQvMDkvZmluZS1ncmF0aW5nLWRydW0uanBn.webp\",\"width\":2000,\"height\":2000},{\"@type\":\"BreadcrumbList\",\"@id\":\"https:\/\/www.ankarsrum.com\/no\/product\/rivtrommel-fin\/#breadcrumb\",\"itemListElement\":[{\"@type\":\"ListItem\",\"position\":1,\"name\":\"Home\",\"item\":\"https:\/\/www.ankarsrum.com\/no\/\"},{\"@type\":\"ListItem\",\"position\":2,\"name\":\"Produce name\",\"item\":\"https:\/\/www.ankarsrum.com\/no\/shop\/\"},{\"@type\":\"ListItem\",\"position\":3,\"name\":\"Rivtrommel fin\"}]},{\"@type\":\"WebSite\",\"@id\":\"https:\/\/www.ankarsrum.com\/no\/#website\",\"url\":\"https:\/\/www.ankarsrum.com\/no\/\",\"name\":\"Ankarsrum Norway\",\"description\":\"The bread of the world\",\"potentialAction\":[{\"@type\":\"SearchAction\",\"target\":{\"@type\":\"EntryPoint\",\"urlTemplate\":\"https:\/\/www.ankarsrum.com\/no\/?s={search_term_string}\"},\"query-input\":{\"@type\":\"PropertyValueSpecification\",\"valueRequired\":true,\"valueName\":\"search_term_string\"}}],\"inLanguage\":\"nb-NO\"}]}<\/script>\n<!-- \/ Yoast SEO Premium plugin. -->","yoast_head_json":{"title":"Rivtrommel fin \u2013 Presis riving for perfekte resultater","description":"Rivtrommel fin som gir jevn og presis riving av gr\u00f8nnsaker, ost og mer. Perfekt tilbeh\u00f8r for Ankarsrum kj\u00f8kkenmaskin for effektiv matlaging.","robots":{"index":"index","follow":"follow","max-snippet":"max-snippet:-1","max-image-preview":"max-image-preview:large","max-video-preview":"max-video-preview:-1"},"canonical":"https:\/\/www.ankarsrum.com\/no\/product\/rivtrommel-fin\/","og_locale":"nb_NO","og_type":"article","og_title":"Rivtrommel fin","og_description":"Rivtrommel fin som gir jevn og presis riving av gr\u00f8nnsaker, ost og mer. Perfekt tilbeh\u00f8r for Ankarsrum kj\u00f8kkenmaskin for effektiv matlaging.","og_url":"https:\/\/www.ankarsrum.com\/no\/product\/rivtrommel-fin\/","og_site_name":"Ankarsrum Norway","article_modified_time":"2026-04-15T03:41:10+00:00","og_image":[{"width":1200,"height":630,"url":"https:\/\/www.ankarsrum.com\/no\/wp-content\/uploads\/sites\/14\/2024\/09\/fine-grating-drum.jpg","type":"image\/jpeg"}],"twitter_card":"summary_large_image","schema":{"@context":"https:\/\/schema.org","@graph":[{"@type":"WebPage","@id":"https:\/\/www.ankarsrum.com\/no\/product\/rivtrommel-fin\/","url":"https:\/\/www.ankarsrum.com\/no\/product\/rivtrommel-fin\/","name":"Rivtrommel fin \u2013 Presis riving for perfekte resultater","isPartOf":{"@id":"https:\/\/www.ankarsrum.com\/no\/#website"},"primaryImageOfPage":{"@id":"https:\/\/www.ankarsrum.com\/no\/product\/rivtrommel-fin\/#primaryimage"},"image":{"@id":"https:\/\/www.ankarsrum.com\/no\/product\/rivtrommel-fin\/#primaryimage"},"thumbnailUrl":"https:\/\/www.ankarsrum.com\/img-srv\/UrarkwvxBFJmyXJHX2XSAbo4E8BjMm0y2pQWDMwdrNo\/resizing_type:auto\/width:0\/height:0\/gravity:sm\/enlarge:1\/ext:webp\/strip_metadata:1\/quality:90\/cachebuster:filesize-128982\/bG9jYWw6Ly8vd3d3LmFua2Fyc3J1bS5jb20vd3AtY29udGVudC91cGxvYWRzL3NpdGVzLzE0LzIwMjQvMDkvZmluZS1ncmF0aW5nLWRydW0uanBn.webp","datePublished":"2024-07-10T08:57:19+00:00","dateModified":"2026-04-15T03:41:10+00:00","description":"Rivtrommel fin som gir jevn og presis riving av gr\u00f8nnsaker, ost og mer. Perfekt tilbeh\u00f8r for Ankarsrum kj\u00f8kkenmaskin for effektiv matlaging.","breadcrumb":{"@id":"https:\/\/www.ankarsrum.com\/no\/product\/rivtrommel-fin\/#breadcrumb"},"inLanguage":"nb-NO","potentialAction":[{"@type":"ReadAction","target":["https:\/\/www.ankarsrum.com\/no\/product\/rivtrommel-fin\/"]}]},{"@type":"ImageObject","inLanguage":"nb-NO","@id":"https:\/\/www.ankarsrum.com\/no\/product\/rivtrommel-fin\/#primaryimage","url":"https:\/\/www.ankarsrum.com\/img-srv\/UrarkwvxBFJmyXJHX2XSAbo4E8BjMm0y2pQWDMwdrNo\/resizing_type:auto\/width:0\/height:0\/gravity:sm\/enlarge:1\/ext:webp\/strip_metadata:1\/quality:90\/cachebuster:filesize-128982\/bG9jYWw6Ly8vd3d3LmFua2Fyc3J1bS5jb20vd3AtY29udGVudC91cGxvYWRzL3NpdGVzLzE0LzIwMjQvMDkvZmluZS1ncmF0aW5nLWRydW0uanBn.webp","contentUrl":"https:\/\/www.ankarsrum.com\/img-srv\/UrarkwvxBFJmyXJHX2XSAbo4E8BjMm0y2pQWDMwdrNo\/resizing_type:auto\/width:0\/height:0\/gravity:sm\/enlarge:1\/ext:webp\/strip_metadata:1\/quality:90\/cachebuster:filesize-128982\/bG9jYWw6Ly8vd3d3LmFua2Fyc3J1bS5jb20vd3AtY29udGVudC91cGxvYWRzL3NpdGVzLzE0LzIwMjQvMDkvZmluZS1ncmF0aW5nLWRydW0uanBn.webp","width":2000,"height":2000},{"@type":"BreadcrumbList","@id":"https:\/\/www.ankarsrum.com\/no\/product\/rivtrommel-fin\/#breadcrumb","itemListElement":[{"@type":"ListItem","position":1,"name":"Home","item":"https:\/\/www.ankarsrum.com\/no\/"},{"@type":"ListItem","position":2,"name":"Produce name","item":"https:\/\/www.ankarsrum.com\/no\/shop\/"},{"@type":"ListItem","position":3,"name":"Rivtrommel fin"}]},{"@type":"WebSite","@id":"https:\/\/www.ankarsrum.com\/no\/#website","url":"https:\/\/www.ankarsrum.com\/no\/","name":"Ankarsrum Norway","description":"The bread of the world","potentialAction":[{"@type":"SearchAction","target":{"@type":"EntryPoint","urlTemplate":"https:\/\/www.ankarsrum.com\/no\/?s={search_term_string}"},"query-input":{"@type":"PropertyValueSpecification","valueRequired":true,"valueName":"search_term_string"}}],"inLanguage":"nb-NO"}]}},"_links":{"self":[{"href":"https:\/\/www.ankarsrum.com\/no\/wp-json\/wp\/v2\/product\/4819","targetHints":{"allow":["GET"]}}],"collection":[{"href":"https:\/\/www.ankarsrum.com\/no\/wp-json\/wp\/v2\/product"}],"about":[{"href":"https:\/\/www.ankarsrum.com\/no\/wp-json\/wp\/v2\/types\/product"}],"replies":[{"embeddable":true,"href":"https:\/\/www.ankarsrum.com\/no\/wp-json\/wp\/v2\/comments?post=4819"}],"wp:featuredmedia":[{"embeddable":true,"href":"https:\/\/www.ankarsrum.com\/no\/wp-json\/wp\/v2\/media\/18099"}],"wp:attachment":[{"href":"https:\/\/www.ankarsrum.com\/no\/wp-json\/wp\/v2\/media?parent=4819"}],"wp:term":[{"taxonomy":"product_brand","embeddable":true,"href":"https:\/\/www.ankarsrum.com\/no\/wp-json\/wp\/v2\/product_brand?post=4819"},{"taxonomy":"product_cat","embeddable":true,"href":"https:\/\/www.ankarsrum.com\/no\/wp-json\/wp\/v2\/product_cat?post=4819"},{"taxonomy":"product_tag","embeddable":true,"href":"https:\/\/www.ankarsrum.com\/no\/wp-json\/wp\/v2\/product_tag?post=4819"},{"taxonomy":"product-tag","embeddable":true,"href":"https:\/\/www.ankarsrum.com\/no\/wp-json\/wp\/v2\/product-tag?post=4819"},{"taxonomy":"machines","embeddable":true,"href":"https:\/\/www.ankarsrum.com\/no\/wp-json\/wp\/v2\/machines?post=4819"},{"taxonomy":"filter","embeddable":true,"href":"https:\/\/www.ankarsrum.com\/no\/wp-json\/wp\/v2\/filter?post=4819"}],"curies":[{"name":"wp","href":"https:\/\/api.w.org\/{rel}","templated":true}]}}