{"id":4824,"date":"2024-07-10T11:10:40","date_gmt":"2024-07-10T09:10:40","guid":{"rendered":"https:\/\/www.ankarsrum.com\/no\/product\/stotteinnsats-for-polsehorn\/"},"modified":"2026-05-06T07:26:15","modified_gmt":"2026-05-06T05:26:15","slug":"stotteinnsats-for-polsehorn","status":"publish","type":"product","link":"https:\/\/www.ankarsrum.com\/no\/product\/stotteinnsats-for-polsehorn\/","title":{"rendered":"St\u00f8tteinnsats for p\u00f8lsehorn"},"content":{"rendered":"<p>St\u00f8tteinnsats for p\u00f8lsehorn<\/p>","protected":false},"excerpt":{"rendered":"<p>St\u00f8tteinnsats for p\u00f8lsehorn<\/p>\n","protected":false},"featured_media":18082,"comment_status":"open","ping_status":"closed","template":"","meta":{"_acf_changed":false,"content-type":"","editor_notices":[]},"product_brand":[],"product_cat":[450],"product_tag":[],"product-tag":[],"machines":[256,259,261,262,264,269,273,275,280,283],"filter":[287],"class_list":{"0":"post-4824","1":"product","2":"type-product","3":"status-publish","4":"has-post-thumbnail","6":"product_cat-ankarsrum-deler","7":"machines-09_n10","8":"machines-10-n100","9":"machines-11-n20","10":"machines-12-n21","11":"machines-13-n22","12":"machines-14-n23","13":"machines-15-n24","14":"machines-16-n25","15":"machines-17-n28","16":"machines-19-n30","17":"filter-kjottkvern","19":"first","20":"instock","21":"taxable","22":"shipping-taxable","23":"purchasable","24":"product-type-simple"},"bundled_by":[],"bundle_stock_status":"instock","bundle_stock_quantity":9,"bundle_virtual":false,"bundle_layout":"","bundle_add_to_cart_form_location":"","bundle_editable_in_cart":false,"bundle_sold_individually_context":"","bundle_item_grouping":"","bundle_min_size":"","bundle_max_size":"","bundle_price":[],"bundled_items":[],"bundle_sell_ids":[],"acf":[],"shsp-ext":{"main":{},"variations":[]},"yoast_head":"<!-- This site is optimized with the Yoast SEO Premium plugin v26.6 (Yoast SEO v26.6) - https:\/\/yoast.com\/wordpress\/plugins\/seo\/ -->\n<title>St\u00f8tteinnsats for p\u00f8lsehorn \u2013 Stabilitet ved p\u00f8lsemaking<\/title>\n<meta name=\"description\" content=\"St\u00f8tteinnsats for p\u00f8lsehorn som gir ekstra stabilitet under p\u00f8lsemaking. Perfekt tilbeh\u00f8r for Ankarsrum kj\u00f8kkenmaskin for presise resultater.\" \/>\n<meta name=\"robots\" content=\"index, follow, max-snippet:-1, max-image-preview:large, max-video-preview:-1\" \/>\n<link rel=\"canonical\" href=\"https:\/\/www.ankarsrum.com\/no\/product\/stotteinnsats-for-polsehorn\/\" \/>\n<meta property=\"og:locale\" content=\"nb_NO\" \/>\n<meta property=\"og:type\" content=\"article\" \/>\n<meta property=\"og:title\" content=\"St\u00f8tteinnsats for p\u00f8lsehorn\" \/>\n<meta property=\"og:description\" content=\"St\u00f8tteinnsats for p\u00f8lsehorn som gir ekstra stabilitet under p\u00f8lsemaking. Perfekt tilbeh\u00f8r for Ankarsrum kj\u00f8kkenmaskin for presise resultater.\" \/>\n<meta property=\"og:url\" content=\"https:\/\/www.ankarsrum.com\/no\/product\/stotteinnsats-for-polsehorn\/\" \/>\n<meta property=\"og:site_name\" content=\"Ankarsrum Norway\" \/>\n<meta property=\"article:modified_time\" content=\"2026-05-06T05:26:15+00:00\" \/>\n<meta property=\"og:image\" content=\"https:\/\/www.ankarsrum.com\/no\/wp-content\/uploads\/sites\/14\/2024\/09\/support-ring-sausage-horn.jpg\" \/>\n\t<meta property=\"og:image:width\" content=\"1200\" \/>\n\t<meta property=\"og:image:height\" content=\"630\" \/>\n\t<meta property=\"og:image:type\" content=\"image\/jpeg\" \/>\n<meta name=\"twitter:card\" content=\"summary_large_image\" \/>\n<script type=\"application\/ld+json\" class=\"yoast-schema-graph\">{\"@context\":\"https:\/\/schema.org\",\"@graph\":[{\"@type\":\"WebPage\",\"@id\":\"https:\/\/www.ankarsrum.com\/no\/product\/stotteinnsats-for-polsehorn\/\",\"url\":\"https:\/\/www.ankarsrum.com\/no\/product\/stotteinnsats-for-polsehorn\/\",\"name\":\"St\u00f8tteinnsats for p\u00f8lsehorn \u2013 Stabilitet ved p\u00f8lsemaking\",\"isPartOf\":{\"@id\":\"https:\/\/www.ankarsrum.com\/no\/#website\"},\"primaryImageOfPage\":{\"@id\":\"https:\/\/www.ankarsrum.com\/no\/product\/stotteinnsats-for-polsehorn\/#primaryimage\"},\"image\":{\"@id\":\"https:\/\/www.ankarsrum.com\/no\/product\/stotteinnsats-for-polsehorn\/#primaryimage\"},\"thumbnailUrl\":\"https:\/\/www.ankarsrum.com\/img-srv\/77gPsqOKDblFs74CKjgdi0abzUI8nvED7-KqLWd5MkQ\/resizing_type:auto\/width:0\/height:0\/gravity:sm\/enlarge:1\/ext:webp\/strip_metadata:1\/quality:90\/cachebuster:filesize-60525\/bG9jYWw6Ly8vd3d3LmFua2Fyc3J1bS5jb20vd3AtY29udGVudC91cGxvYWRzL3NpdGVzLzE0LzIwMjQvMDkvc3VwcG9ydC1yaW5nLXNhdXNhZ2UtaG9ybi5qcGc.webp\",\"datePublished\":\"2024-07-10T09:10:40+00:00\",\"dateModified\":\"2026-05-06T05:26:15+00:00\",\"description\":\"St\u00f8tteinnsats for p\u00f8lsehorn som gir ekstra stabilitet under p\u00f8lsemaking. Perfekt tilbeh\u00f8r for Ankarsrum kj\u00f8kkenmaskin for presise resultater.\",\"breadcrumb\":{\"@id\":\"https:\/\/www.ankarsrum.com\/no\/product\/stotteinnsats-for-polsehorn\/#breadcrumb\"},\"inLanguage\":\"nb-NO\",\"potentialAction\":[{\"@type\":\"ReadAction\",\"target\":[\"https:\/\/www.ankarsrum.com\/no\/product\/stotteinnsats-for-polsehorn\/\"]}]},{\"@type\":\"ImageObject\",\"inLanguage\":\"nb-NO\",\"@id\":\"https:\/\/www.ankarsrum.com\/no\/product\/stotteinnsats-for-polsehorn\/#primaryimage\",\"url\":\"https:\/\/www.ankarsrum.com\/img-srv\/77gPsqOKDblFs74CKjgdi0abzUI8nvED7-KqLWd5MkQ\/resizing_type:auto\/width:0\/height:0\/gravity:sm\/enlarge:1\/ext:webp\/strip_metadata:1\/quality:90\/cachebuster:filesize-60525\/bG9jYWw6Ly8vd3d3LmFua2Fyc3J1bS5jb20vd3AtY29udGVudC91cGxvYWRzL3NpdGVzLzE0LzIwMjQvMDkvc3VwcG9ydC1yaW5nLXNhdXNhZ2UtaG9ybi5qcGc.webp\",\"contentUrl\":\"https:\/\/www.ankarsrum.com\/img-srv\/77gPsqOKDblFs74CKjgdi0abzUI8nvED7-KqLWd5MkQ\/resizing_type:auto\/width:0\/height:0\/gravity:sm\/enlarge:1\/ext:webp\/strip_metadata:1\/quality:90\/cachebuster:filesize-60525\/bG9jYWw6Ly8vd3d3LmFua2Fyc3J1bS5jb20vd3AtY29udGVudC91cGxvYWRzL3NpdGVzLzE0LzIwMjQvMDkvc3VwcG9ydC1yaW5nLXNhdXNhZ2UtaG9ybi5qcGc.webp\",\"width\":2000,\"height\":2000},{\"@type\":\"BreadcrumbList\",\"@id\":\"https:\/\/www.ankarsrum.com\/no\/product\/stotteinnsats-for-polsehorn\/#breadcrumb\",\"itemListElement\":[{\"@type\":\"ListItem\",\"position\":1,\"name\":\"Home\",\"item\":\"https:\/\/www.ankarsrum.com\/no\/\"},{\"@type\":\"ListItem\",\"position\":2,\"name\":\"Produce name\",\"item\":\"https:\/\/www.ankarsrum.com\/no\/shop\/\"},{\"@type\":\"ListItem\",\"position\":3,\"name\":\"St\u00f8tteinnsats for p\u00f8lsehorn\"}]},{\"@type\":\"WebSite\",\"@id\":\"https:\/\/www.ankarsrum.com\/no\/#website\",\"url\":\"https:\/\/www.ankarsrum.com\/no\/\",\"name\":\"Ankarsrum Norway\",\"description\":\"The bread of the world\",\"potentialAction\":[{\"@type\":\"SearchAction\",\"target\":{\"@type\":\"EntryPoint\",\"urlTemplate\":\"https:\/\/www.ankarsrum.com\/no\/?s={search_term_string}\"},\"query-input\":{\"@type\":\"PropertyValueSpecification\",\"valueRequired\":true,\"valueName\":\"search_term_string\"}}],\"inLanguage\":\"nb-NO\"}]}<\/script>\n<!-- \/ Yoast SEO Premium plugin. -->","yoast_head_json":{"title":"St\u00f8tteinnsats for p\u00f8lsehorn \u2013 Stabilitet ved p\u00f8lsemaking","description":"St\u00f8tteinnsats for p\u00f8lsehorn som gir ekstra stabilitet under p\u00f8lsemaking. Perfekt tilbeh\u00f8r for Ankarsrum kj\u00f8kkenmaskin for presise resultater.","robots":{"index":"index","follow":"follow","max-snippet":"max-snippet:-1","max-image-preview":"max-image-preview:large","max-video-preview":"max-video-preview:-1"},"canonical":"https:\/\/www.ankarsrum.com\/no\/product\/stotteinnsats-for-polsehorn\/","og_locale":"nb_NO","og_type":"article","og_title":"St\u00f8tteinnsats for p\u00f8lsehorn","og_description":"St\u00f8tteinnsats for p\u00f8lsehorn som gir ekstra stabilitet under p\u00f8lsemaking. Perfekt tilbeh\u00f8r for Ankarsrum kj\u00f8kkenmaskin for presise resultater.","og_url":"https:\/\/www.ankarsrum.com\/no\/product\/stotteinnsats-for-polsehorn\/","og_site_name":"Ankarsrum Norway","article_modified_time":"2026-05-06T05:26:15+00:00","og_image":[{"width":1200,"height":630,"url":"https:\/\/www.ankarsrum.com\/no\/wp-content\/uploads\/sites\/14\/2024\/09\/support-ring-sausage-horn.jpg","type":"image\/jpeg"}],"twitter_card":"summary_large_image","schema":{"@context":"https:\/\/schema.org","@graph":[{"@type":"WebPage","@id":"https:\/\/www.ankarsrum.com\/no\/product\/stotteinnsats-for-polsehorn\/","url":"https:\/\/www.ankarsrum.com\/no\/product\/stotteinnsats-for-polsehorn\/","name":"St\u00f8tteinnsats for p\u00f8lsehorn \u2013 Stabilitet ved p\u00f8lsemaking","isPartOf":{"@id":"https:\/\/www.ankarsrum.com\/no\/#website"},"primaryImageOfPage":{"@id":"https:\/\/www.ankarsrum.com\/no\/product\/stotteinnsats-for-polsehorn\/#primaryimage"},"image":{"@id":"https:\/\/www.ankarsrum.com\/no\/product\/stotteinnsats-for-polsehorn\/#primaryimage"},"thumbnailUrl":"https:\/\/www.ankarsrum.com\/img-srv\/77gPsqOKDblFs74CKjgdi0abzUI8nvED7-KqLWd5MkQ\/resizing_type:auto\/width:0\/height:0\/gravity:sm\/enlarge:1\/ext:webp\/strip_metadata:1\/quality:90\/cachebuster:filesize-60525\/bG9jYWw6Ly8vd3d3LmFua2Fyc3J1bS5jb20vd3AtY29udGVudC91cGxvYWRzL3NpdGVzLzE0LzIwMjQvMDkvc3VwcG9ydC1yaW5nLXNhdXNhZ2UtaG9ybi5qcGc.webp","datePublished":"2024-07-10T09:10:40+00:00","dateModified":"2026-05-06T05:26:15+00:00","description":"St\u00f8tteinnsats for p\u00f8lsehorn som gir ekstra stabilitet under p\u00f8lsemaking. Perfekt tilbeh\u00f8r for Ankarsrum kj\u00f8kkenmaskin for presise resultater.","breadcrumb":{"@id":"https:\/\/www.ankarsrum.com\/no\/product\/stotteinnsats-for-polsehorn\/#breadcrumb"},"inLanguage":"nb-NO","potentialAction":[{"@type":"ReadAction","target":["https:\/\/www.ankarsrum.com\/no\/product\/stotteinnsats-for-polsehorn\/"]}]},{"@type":"ImageObject","inLanguage":"nb-NO","@id":"https:\/\/www.ankarsrum.com\/no\/product\/stotteinnsats-for-polsehorn\/#primaryimage","url":"https:\/\/www.ankarsrum.com\/img-srv\/77gPsqOKDblFs74CKjgdi0abzUI8nvED7-KqLWd5MkQ\/resizing_type:auto\/width:0\/height:0\/gravity:sm\/enlarge:1\/ext:webp\/strip_metadata:1\/quality:90\/cachebuster:filesize-60525\/bG9jYWw6Ly8vd3d3LmFua2Fyc3J1bS5jb20vd3AtY29udGVudC91cGxvYWRzL3NpdGVzLzE0LzIwMjQvMDkvc3VwcG9ydC1yaW5nLXNhdXNhZ2UtaG9ybi5qcGc.webp","contentUrl":"https:\/\/www.ankarsrum.com\/img-srv\/77gPsqOKDblFs74CKjgdi0abzUI8nvED7-KqLWd5MkQ\/resizing_type:auto\/width:0\/height:0\/gravity:sm\/enlarge:1\/ext:webp\/strip_metadata:1\/quality:90\/cachebuster:filesize-60525\/bG9jYWw6Ly8vd3d3LmFua2Fyc3J1bS5jb20vd3AtY29udGVudC91cGxvYWRzL3NpdGVzLzE0LzIwMjQvMDkvc3VwcG9ydC1yaW5nLXNhdXNhZ2UtaG9ybi5qcGc.webp","width":2000,"height":2000},{"@type":"BreadcrumbList","@id":"https:\/\/www.ankarsrum.com\/no\/product\/stotteinnsats-for-polsehorn\/#breadcrumb","itemListElement":[{"@type":"ListItem","position":1,"name":"Home","item":"https:\/\/www.ankarsrum.com\/no\/"},{"@type":"ListItem","position":2,"name":"Produce name","item":"https:\/\/www.ankarsrum.com\/no\/shop\/"},{"@type":"ListItem","position":3,"name":"St\u00f8tteinnsats for p\u00f8lsehorn"}]},{"@type":"WebSite","@id":"https:\/\/www.ankarsrum.com\/no\/#website","url":"https:\/\/www.ankarsrum.com\/no\/","name":"Ankarsrum Norway","description":"The bread of the world","potentialAction":[{"@type":"SearchAction","target":{"@type":"EntryPoint","urlTemplate":"https:\/\/www.ankarsrum.com\/no\/?s={search_term_string}"},"query-input":{"@type":"PropertyValueSpecification","valueRequired":true,"valueName":"search_term_string"}}],"inLanguage":"nb-NO"}]}},"_links":{"self":[{"href":"https:\/\/www.ankarsrum.com\/no\/wp-json\/wp\/v2\/product\/4824","targetHints":{"allow":["GET"]}}],"collection":[{"href":"https:\/\/www.ankarsrum.com\/no\/wp-json\/wp\/v2\/product"}],"about":[{"href":"https:\/\/www.ankarsrum.com\/no\/wp-json\/wp\/v2\/types\/product"}],"replies":[{"embeddable":true,"href":"https:\/\/www.ankarsrum.com\/no\/wp-json\/wp\/v2\/comments?post=4824"}],"wp:featuredmedia":[{"embeddable":true,"href":"https:\/\/www.ankarsrum.com\/no\/wp-json\/wp\/v2\/media\/18082"}],"wp:attachment":[{"href":"https:\/\/www.ankarsrum.com\/no\/wp-json\/wp\/v2\/media?parent=4824"}],"wp:term":[{"taxonomy":"product_brand","embeddable":true,"href":"https:\/\/www.ankarsrum.com\/no\/wp-json\/wp\/v2\/product_brand?post=4824"},{"taxonomy":"product_cat","embeddable":true,"href":"https:\/\/www.ankarsrum.com\/no\/wp-json\/wp\/v2\/product_cat?post=4824"},{"taxonomy":"product_tag","embeddable":true,"href":"https:\/\/www.ankarsrum.com\/no\/wp-json\/wp\/v2\/product_tag?post=4824"},{"taxonomy":"product-tag","embeddable":true,"href":"https:\/\/www.ankarsrum.com\/no\/wp-json\/wp\/v2\/product-tag?post=4824"},{"taxonomy":"machines","embeddable":true,"href":"https:\/\/www.ankarsrum.com\/no\/wp-json\/wp\/v2\/machines?post=4824"},{"taxonomy":"filter","embeddable":true,"href":"https:\/\/www.ankarsrum.com\/no\/wp-json\/wp\/v2\/filter?post=4824"}],"curies":[{"name":"wp","href":"https:\/\/api.w.org\/{rel}","templated":true}]}}