{"id":4825,"date":"2024-07-10T11:12:41","date_gmt":"2024-07-10T09:12:41","guid":{"rendered":"https:\/\/www.ankarsrum.com\/no\/product\/kjottkvernhus\/"},"modified":"2026-04-30T06:56:19","modified_gmt":"2026-04-30T04:56:19","slug":"kjottkvernhus","status":"publish","type":"product","link":"https:\/\/www.ankarsrum.com\/no\/product\/kjottkvernhus\/","title":{"rendered":"Kj\u00f8ttkvernhus"},"content":{"rendered":"<p>Kvernhus i aluminium, modell 10, produsert siden 1978. Alt kverntilbeh\u00f8r produsert fra 1978 og fremover passer til dette kvernhuset.<\/p>","protected":false},"excerpt":{"rendered":"<p>Kvernhus i aluminium, modell 10.<\/p>\n","protected":false},"featured_media":18034,"comment_status":"open","ping_status":"closed","template":"","meta":{"_acf_changed":false,"content-type":"","editor_notices":[]},"product_brand":[],"product_cat":[450],"product_tag":[],"product-tag":[],"machines":[256,259,261,262,264,269,273,275,280,283],"filter":[287],"class_list":{"0":"post-4825","1":"product","2":"type-product","3":"status-publish","4":"has-post-thumbnail","6":"product_cat-ankarsrum-deler","7":"machines-09_n10","8":"machines-10-n100","9":"machines-11-n20","10":"machines-12-n21","11":"machines-13-n22","12":"machines-14-n23","13":"machines-15-n24","14":"machines-16-n25","15":"machines-17-n28","16":"machines-19-n30","17":"filter-kjottkvern","19":"first","20":"instock","21":"taxable","22":"shipping-taxable","23":"purchasable","24":"product-type-simple"},"bundled_by":[],"bundle_stock_status":"instock","bundle_stock_quantity":6,"bundle_virtual":false,"bundle_layout":"","bundle_add_to_cart_form_location":"","bundle_editable_in_cart":false,"bundle_sold_individually_context":"","bundle_item_grouping":"","bundle_min_size":"","bundle_max_size":"","bundle_price":[],"bundled_items":[],"bundle_sell_ids":[],"acf":[],"shsp-ext":{"main":{},"variations":[]},"yoast_head":"<!-- This site is optimized with the Yoast SEO Premium plugin v26.6 (Yoast SEO v26.6) - https:\/\/yoast.com\/wordpress\/plugins\/seo\/ -->\n<title>Kj\u00f8ttkvernhus \u2013 Solid reservedel til kj\u00f8ttkvern<\/title>\n<meta name=\"description\" content=\"Kj\u00f8ttkvernhus som gir stabilitet og holdbarhet til kj\u00f8ttkvernen. Original reservedel designet for bruk med Ankarsrum kj\u00f8kkenmaskin.\" \/>\n<meta name=\"robots\" content=\"index, follow, max-snippet:-1, max-image-preview:large, max-video-preview:-1\" \/>\n<link rel=\"canonical\" href=\"https:\/\/www.ankarsrum.com\/no\/product\/kjottkvernhus\/\" \/>\n<meta property=\"og:locale\" content=\"nb_NO\" \/>\n<meta property=\"og:type\" content=\"article\" \/>\n<meta property=\"og:title\" content=\"Kj\u00f8ttkvernhus\" \/>\n<meta property=\"og:description\" content=\"Kj\u00f8ttkvernhus som gir stabilitet og holdbarhet til kj\u00f8ttkvernen. Original reservedel designet for bruk med Ankarsrum kj\u00f8kkenmaskin.\" \/>\n<meta property=\"og:url\" content=\"https:\/\/www.ankarsrum.com\/no\/product\/kjottkvernhus\/\" \/>\n<meta property=\"og:site_name\" content=\"Ankarsrum Norway\" \/>\n<meta property=\"article:modified_time\" content=\"2026-04-30T04:56:19+00:00\" \/>\n<meta property=\"og:image\" content=\"https:\/\/www.ankarsrum.com\/no\/wp-content\/uploads\/sites\/14\/2024\/09\/mincer-house-920000192-50.jpg\" \/>\n\t<meta property=\"og:image:width\" content=\"1080\" \/>\n\t<meta property=\"og:image:height\" content=\"630\" \/>\n\t<meta property=\"og:image:type\" content=\"image\/jpeg\" \/>\n<meta name=\"twitter:card\" content=\"summary_large_image\" \/>\n<script type=\"application\/ld+json\" class=\"yoast-schema-graph\">{\"@context\":\"https:\/\/schema.org\",\"@graph\":[{\"@type\":\"WebPage\",\"@id\":\"https:\/\/www.ankarsrum.com\/no\/product\/kjottkvernhus\/\",\"url\":\"https:\/\/www.ankarsrum.com\/no\/product\/kjottkvernhus\/\",\"name\":\"Kj\u00f8ttkvernhus \u2013 Solid reservedel til kj\u00f8ttkvern\",\"isPartOf\":{\"@id\":\"https:\/\/www.ankarsrum.com\/no\/#website\"},\"primaryImageOfPage\":{\"@id\":\"https:\/\/www.ankarsrum.com\/no\/product\/kjottkvernhus\/#primaryimage\"},\"image\":{\"@id\":\"https:\/\/www.ankarsrum.com\/no\/product\/kjottkvernhus\/#primaryimage\"},\"thumbnailUrl\":\"https:\/\/www.ankarsrum.com\/img-srv\/6tPwbRJJPsYzkrMgOiJom4lvEGtc8rSCFzCo2Nt1F9c\/resizing_type:auto\/width:0\/height:0\/gravity:sm\/enlarge:1\/ext:webp\/strip_metadata:1\/quality:90\/cachebuster:filesize-54332\/bG9jYWw6Ly8vd3d3LmFua2Fyc3J1bS5jb20vd3AtY29udGVudC91cGxvYWRzL3NpdGVzLzE0LzIwMjQvMDkvbWluY2VyLWhvdXNlLTkyMDAwMDE5Mi01MC5qcGc.webp\",\"datePublished\":\"2024-07-10T09:12:41+00:00\",\"dateModified\":\"2026-04-30T04:56:19+00:00\",\"description\":\"Kj\u00f8ttkvernhus som gir stabilitet og holdbarhet til kj\u00f8ttkvernen. Original reservedel designet for bruk med Ankarsrum kj\u00f8kkenmaskin.\",\"breadcrumb\":{\"@id\":\"https:\/\/www.ankarsrum.com\/no\/product\/kjottkvernhus\/#breadcrumb\"},\"inLanguage\":\"nb-NO\",\"potentialAction\":[{\"@type\":\"ReadAction\",\"target\":[\"https:\/\/www.ankarsrum.com\/no\/product\/kjottkvernhus\/\"]}]},{\"@type\":\"ImageObject\",\"inLanguage\":\"nb-NO\",\"@id\":\"https:\/\/www.ankarsrum.com\/no\/product\/kjottkvernhus\/#primaryimage\",\"url\":\"https:\/\/www.ankarsrum.com\/img-srv\/6tPwbRJJPsYzkrMgOiJom4lvEGtc8rSCFzCo2Nt1F9c\/resizing_type:auto\/width:0\/height:0\/gravity:sm\/enlarge:1\/ext:webp\/strip_metadata:1\/quality:90\/cachebuster:filesize-54332\/bG9jYWw6Ly8vd3d3LmFua2Fyc3J1bS5jb20vd3AtY29udGVudC91cGxvYWRzL3NpdGVzLzE0LzIwMjQvMDkvbWluY2VyLWhvdXNlLTkyMDAwMDE5Mi01MC5qcGc.webp\",\"contentUrl\":\"https:\/\/www.ankarsrum.com\/img-srv\/6tPwbRJJPsYzkrMgOiJom4lvEGtc8rSCFzCo2Nt1F9c\/resizing_type:auto\/width:0\/height:0\/gravity:sm\/enlarge:1\/ext:webp\/strip_metadata:1\/quality:90\/cachebuster:filesize-54332\/bG9jYWw6Ly8vd3d3LmFua2Fyc3J1bS5jb20vd3AtY29udGVudC91cGxvYWRzL3NpdGVzLzE0LzIwMjQvMDkvbWluY2VyLWhvdXNlLTkyMDAwMDE5Mi01MC5qcGc.webp\",\"width\":1080,\"height\":1080},{\"@type\":\"BreadcrumbList\",\"@id\":\"https:\/\/www.ankarsrum.com\/no\/product\/kjottkvernhus\/#breadcrumb\",\"itemListElement\":[{\"@type\":\"ListItem\",\"position\":1,\"name\":\"Home\",\"item\":\"https:\/\/www.ankarsrum.com\/no\/\"},{\"@type\":\"ListItem\",\"position\":2,\"name\":\"Produce name\",\"item\":\"https:\/\/www.ankarsrum.com\/no\/shop\/\"},{\"@type\":\"ListItem\",\"position\":3,\"name\":\"Kj\u00f8ttkvernhus\"}]},{\"@type\":\"WebSite\",\"@id\":\"https:\/\/www.ankarsrum.com\/no\/#website\",\"url\":\"https:\/\/www.ankarsrum.com\/no\/\",\"name\":\"Ankarsrum Norway\",\"description\":\"The bread of the world\",\"potentialAction\":[{\"@type\":\"SearchAction\",\"target\":{\"@type\":\"EntryPoint\",\"urlTemplate\":\"https:\/\/www.ankarsrum.com\/no\/?s={search_term_string}\"},\"query-input\":{\"@type\":\"PropertyValueSpecification\",\"valueRequired\":true,\"valueName\":\"search_term_string\"}}],\"inLanguage\":\"nb-NO\"}]}<\/script>\n<!-- \/ Yoast SEO Premium plugin. -->","yoast_head_json":{"title":"Kj\u00f8ttkvernhus \u2013 Solid reservedel til kj\u00f8ttkvern","description":"Kj\u00f8ttkvernhus som gir stabilitet og holdbarhet til kj\u00f8ttkvernen. Original reservedel designet for bruk med Ankarsrum kj\u00f8kkenmaskin.","robots":{"index":"index","follow":"follow","max-snippet":"max-snippet:-1","max-image-preview":"max-image-preview:large","max-video-preview":"max-video-preview:-1"},"canonical":"https:\/\/www.ankarsrum.com\/no\/product\/kjottkvernhus\/","og_locale":"nb_NO","og_type":"article","og_title":"Kj\u00f8ttkvernhus","og_description":"Kj\u00f8ttkvernhus som gir stabilitet og holdbarhet til kj\u00f8ttkvernen. Original reservedel designet for bruk med Ankarsrum kj\u00f8kkenmaskin.","og_url":"https:\/\/www.ankarsrum.com\/no\/product\/kjottkvernhus\/","og_site_name":"Ankarsrum Norway","article_modified_time":"2026-04-30T04:56:19+00:00","og_image":[{"width":1080,"height":630,"url":"https:\/\/www.ankarsrum.com\/no\/wp-content\/uploads\/sites\/14\/2024\/09\/mincer-house-920000192-50.jpg","type":"image\/jpeg"}],"twitter_card":"summary_large_image","schema":{"@context":"https:\/\/schema.org","@graph":[{"@type":"WebPage","@id":"https:\/\/www.ankarsrum.com\/no\/product\/kjottkvernhus\/","url":"https:\/\/www.ankarsrum.com\/no\/product\/kjottkvernhus\/","name":"Kj\u00f8ttkvernhus \u2013 Solid reservedel til kj\u00f8ttkvern","isPartOf":{"@id":"https:\/\/www.ankarsrum.com\/no\/#website"},"primaryImageOfPage":{"@id":"https:\/\/www.ankarsrum.com\/no\/product\/kjottkvernhus\/#primaryimage"},"image":{"@id":"https:\/\/www.ankarsrum.com\/no\/product\/kjottkvernhus\/#primaryimage"},"thumbnailUrl":"https:\/\/www.ankarsrum.com\/img-srv\/6tPwbRJJPsYzkrMgOiJom4lvEGtc8rSCFzCo2Nt1F9c\/resizing_type:auto\/width:0\/height:0\/gravity:sm\/enlarge:1\/ext:webp\/strip_metadata:1\/quality:90\/cachebuster:filesize-54332\/bG9jYWw6Ly8vd3d3LmFua2Fyc3J1bS5jb20vd3AtY29udGVudC91cGxvYWRzL3NpdGVzLzE0LzIwMjQvMDkvbWluY2VyLWhvdXNlLTkyMDAwMDE5Mi01MC5qcGc.webp","datePublished":"2024-07-10T09:12:41+00:00","dateModified":"2026-04-30T04:56:19+00:00","description":"Kj\u00f8ttkvernhus som gir stabilitet og holdbarhet til kj\u00f8ttkvernen. Original reservedel designet for bruk med Ankarsrum kj\u00f8kkenmaskin.","breadcrumb":{"@id":"https:\/\/www.ankarsrum.com\/no\/product\/kjottkvernhus\/#breadcrumb"},"inLanguage":"nb-NO","potentialAction":[{"@type":"ReadAction","target":["https:\/\/www.ankarsrum.com\/no\/product\/kjottkvernhus\/"]}]},{"@type":"ImageObject","inLanguage":"nb-NO","@id":"https:\/\/www.ankarsrum.com\/no\/product\/kjottkvernhus\/#primaryimage","url":"https:\/\/www.ankarsrum.com\/img-srv\/6tPwbRJJPsYzkrMgOiJom4lvEGtc8rSCFzCo2Nt1F9c\/resizing_type:auto\/width:0\/height:0\/gravity:sm\/enlarge:1\/ext:webp\/strip_metadata:1\/quality:90\/cachebuster:filesize-54332\/bG9jYWw6Ly8vd3d3LmFua2Fyc3J1bS5jb20vd3AtY29udGVudC91cGxvYWRzL3NpdGVzLzE0LzIwMjQvMDkvbWluY2VyLWhvdXNlLTkyMDAwMDE5Mi01MC5qcGc.webp","contentUrl":"https:\/\/www.ankarsrum.com\/img-srv\/6tPwbRJJPsYzkrMgOiJom4lvEGtc8rSCFzCo2Nt1F9c\/resizing_type:auto\/width:0\/height:0\/gravity:sm\/enlarge:1\/ext:webp\/strip_metadata:1\/quality:90\/cachebuster:filesize-54332\/bG9jYWw6Ly8vd3d3LmFua2Fyc3J1bS5jb20vd3AtY29udGVudC91cGxvYWRzL3NpdGVzLzE0LzIwMjQvMDkvbWluY2VyLWhvdXNlLTkyMDAwMDE5Mi01MC5qcGc.webp","width":1080,"height":1080},{"@type":"BreadcrumbList","@id":"https:\/\/www.ankarsrum.com\/no\/product\/kjottkvernhus\/#breadcrumb","itemListElement":[{"@type":"ListItem","position":1,"name":"Home","item":"https:\/\/www.ankarsrum.com\/no\/"},{"@type":"ListItem","position":2,"name":"Produce name","item":"https:\/\/www.ankarsrum.com\/no\/shop\/"},{"@type":"ListItem","position":3,"name":"Kj\u00f8ttkvernhus"}]},{"@type":"WebSite","@id":"https:\/\/www.ankarsrum.com\/no\/#website","url":"https:\/\/www.ankarsrum.com\/no\/","name":"Ankarsrum Norway","description":"The bread of the world","potentialAction":[{"@type":"SearchAction","target":{"@type":"EntryPoint","urlTemplate":"https:\/\/www.ankarsrum.com\/no\/?s={search_term_string}"},"query-input":{"@type":"PropertyValueSpecification","valueRequired":true,"valueName":"search_term_string"}}],"inLanguage":"nb-NO"}]}},"_links":{"self":[{"href":"https:\/\/www.ankarsrum.com\/no\/wp-json\/wp\/v2\/product\/4825","targetHints":{"allow":["GET"]}}],"collection":[{"href":"https:\/\/www.ankarsrum.com\/no\/wp-json\/wp\/v2\/product"}],"about":[{"href":"https:\/\/www.ankarsrum.com\/no\/wp-json\/wp\/v2\/types\/product"}],"replies":[{"embeddable":true,"href":"https:\/\/www.ankarsrum.com\/no\/wp-json\/wp\/v2\/comments?post=4825"}],"wp:featuredmedia":[{"embeddable":true,"href":"https:\/\/www.ankarsrum.com\/no\/wp-json\/wp\/v2\/media\/18034"}],"wp:attachment":[{"href":"https:\/\/www.ankarsrum.com\/no\/wp-json\/wp\/v2\/media?parent=4825"}],"wp:term":[{"taxonomy":"product_brand","embeddable":true,"href":"https:\/\/www.ankarsrum.com\/no\/wp-json\/wp\/v2\/product_brand?post=4825"},{"taxonomy":"product_cat","embeddable":true,"href":"https:\/\/www.ankarsrum.com\/no\/wp-json\/wp\/v2\/product_cat?post=4825"},{"taxonomy":"product_tag","embeddable":true,"href":"https:\/\/www.ankarsrum.com\/no\/wp-json\/wp\/v2\/product_tag?post=4825"},{"taxonomy":"product-tag","embeddable":true,"href":"https:\/\/www.ankarsrum.com\/no\/wp-json\/wp\/v2\/product-tag?post=4825"},{"taxonomy":"machines","embeddable":true,"href":"https:\/\/www.ankarsrum.com\/no\/wp-json\/wp\/v2\/machines?post=4825"},{"taxonomy":"filter","embeddable":true,"href":"https:\/\/www.ankarsrum.com\/no\/wp-json\/wp\/v2\/filter?post=4825"}],"curies":[{"name":"wp","href":"https:\/\/api.w.org\/{rel}","templated":true}]}}