{"id":4840,"date":"2024-07-10T09:59:32","date_gmt":"2024-07-10T07:59:32","guid":{"rendered":"https:\/\/www.ankarsrum.com\/no\/product\/assistent-original-jubilee-silver-js\/"},"modified":"2026-04-13T05:31:01","modified_gmt":"2026-04-13T03:31:01","slug":"assistent-original-jubilee-silver-js","status":"publish","type":"product","link":"https:\/\/www.ankarsrum.com\/no\/product\/assistent-original-jubilee-silver-js\/","title":{"rendered":"Ankarsrum Assistent Original Kj\u00f8kkenmaskin &#8211; Jubliee Silver"},"content":{"rendered":"<p>Hver Assistent Original\u00ae AKM6230 standardpakke inkluderer tilbeh\u00f8r for \u00e5 gj\u00f8re matlagingen enklere og for \u00e5 yte uvurderlig hjelp n\u00e5r du baker alt fra kaker til surdeigsbr\u00f8d. Dette er den nyeste modellen av den klassiske Assistent Original, med flere nye smarte funksjoner og forbedringer.<\/p>\n<p>Takket v\u00e6re den kraftige motoren p\u00e5 1500 watt kan du blande enda tyngre deiger uten problemer. Assistent Original\u00ae har ogs\u00e5 motoroverv\u00e5kning, noe som betyr at maskinen selv kan regulere hastigheten avhengig av belastningen. Det unike girverket gj\u00f8r at maskinen er b\u00e5de kraftig og stilleg\u00e5ende.<\/p>\n<p>En stor 7-liters st\u00e5lbolle gj\u00f8r dette til den ideelle maskinen for \u00e5 lage store deiger. Maskinen kan blande 1,5 liter deigv\u00e6ske og 5 kg deig uten problemer.<\/p>\n<p>Assistent Original\u00ae har et attraktivt og elegant design, lavt st\u00f8yniv\u00e5, og st\u00e5r st\u00f8dig p\u00e5 din kj\u00f8kkenbenk. Med Assistent Original\u00ae 6230 medf\u00f8lger det en 7 liters rustfri st\u00e5lbolle, deigrulle, deigkniv, slikkepott, deigkrok og hevelokk. I tillegg medf\u00f8lger ogs\u00e5 en 3,5 liters vispebolle av Tritan plast, ballongvisper og m\u00f8rdeigsvisper. H\u00e5ndtak og kontrollbrytere er laget av forkrommet sink.<\/p>\n<p>Dette er oppf\u00f8lgeren av den klassiske Assistenten som tidligere ble produsert av Electrolux. Den er tilgjengelig i en rekke farger.<\/p>\n<p>Med et stort utvalg av tilbeh\u00f8r kan du ogs\u00e5 mikse, vispe, kverne kj\u00f8tt, lage pasta, presse sitrusfrukter, og mye mer.<\/p>","protected":false},"excerpt":{"rendered":"<p>Assistent Original produseres og monteres for h\u00e5nd i Sverige, helt siden 1940. Hver Assistent er testet f\u00f8r den forlater fabrikken. Stikkord for v\u00e5rt arbeid er kvalitet, funksjonalitet og design.<\/p>\n<p><strong><span style=\"font-size: 11.0pt; font-family: &#039;Calibri&#039;,sans-serif; mso-ansi-language: NO-BOK; mso-fareast-language: EN-US;\">Ankarsrum Assistent Original er<\/span> k\u00e5ret til best-i-test\u00a0av tek.no i 2018, 2019, 2020, 2021, 2022, 2023 og 2024,\u00a0les hele testen\u00a0<a href=\"https:\/\/www.tek.no\/samletest\/i\/lAe8jA\/vi-har-funnet-den-aller-beste-kjoekkenmaskinen\"><span style=\"font-weight: normal;\">her<\/span><\/a>.<\/strong><\/p>\n","protected":false},"featured_media":17950,"comment_status":"open","ping_status":"closed","template":"","meta":{"_acf_changed":false,"content-type":"","editor_notices":[]},"product_brand":[],"product_cat":[456],"product_tag":[],"product-tag":[],"machines":[],"filter":[],"class_list":{"0":"post-4840","1":"product","2":"type-product","3":"status-publish","4":"has-post-thumbnail","6":"product_cat-kjokkenmaskin","8":"first","9":"instock","10":"taxable","11":"shipping-taxable","12":"purchasable","13":"product-type-simple"},"bundled_by":[],"bundle_stock_status":"instock","bundle_stock_quantity":77,"bundle_virtual":false,"bundle_layout":"","bundle_add_to_cart_form_location":"","bundle_editable_in_cart":false,"bundle_sold_individually_context":"","bundle_item_grouping":"","bundle_min_size":"","bundle_max_size":"","bundle_price":[],"bundled_items":[],"bundle_sell_ids":[],"acf":[],"shsp-ext":{"main":{},"variations":[]},"yoast_head":"<!-- This site is optimized with the Yoast SEO Premium plugin v26.6 (Yoast SEO v26.6) - https:\/\/yoast.com\/wordpress\/plugins\/seo\/ -->\n<title>Assistent Original Jubilee Silver JS - Ankarsrum Kj\u00f8kkenmaskin<\/title>\n<meta name=\"description\" content=\"Feir jubileet med Ankarsrum Assistent Original i Jubilee Silver. En kraftig kj\u00f8kkenmaskin med elegant design, laget for ditt hjemmekj\u00f8kken.\" \/>\n<meta name=\"robots\" content=\"index, follow, max-snippet:-1, max-image-preview:large, max-video-preview:-1\" \/>\n<link rel=\"canonical\" href=\"https:\/\/www.ankarsrum.com\/no\/product\/assistent-original-jubilee-silver-js\/\" \/>\n<meta property=\"og:locale\" content=\"nb_NO\" \/>\n<meta property=\"og:type\" content=\"article\" \/>\n<meta property=\"og:title\" content=\"Ankarsrum Assistent Original Kj\u00f8kkenmaskin - Jubliee Silver\" \/>\n<meta property=\"og:description\" content=\"Feir jubileet med Ankarsrum Assistent Original i Jubilee Silver. En kraftig kj\u00f8kkenmaskin med elegant design, laget for ditt hjemmekj\u00f8kken.\" \/>\n<meta property=\"og:url\" content=\"https:\/\/www.ankarsrum.com\/no\/product\/assistent-original-jubilee-silver-js\/\" \/>\n<meta property=\"og:site_name\" content=\"Ankarsrum Norway\" \/>\n<meta property=\"article:modified_time\" content=\"2026-04-13T03:31:01+00:00\" \/>\n<meta property=\"og:image\" content=\"https:\/\/www.ankarsrum.com\/no\/wp-content\/uploads\/sites\/14\/2024\/09\/ankarsrum-assistent-original-jubilee-silver-hero.jpg\" \/>\n\t<meta property=\"og:image:width\" content=\"1200\" \/>\n\t<meta property=\"og:image:height\" content=\"630\" \/>\n\t<meta property=\"og:image:type\" content=\"image\/jpeg\" \/>\n<meta name=\"twitter:card\" content=\"summary_large_image\" \/>\n<meta name=\"twitter:label1\" content=\"Ansl. lesetid\" \/>\n\t<meta name=\"twitter:data1\" content=\"1 minutt\" \/>\n<script type=\"application\/ld+json\" class=\"yoast-schema-graph\">{\"@context\":\"https:\/\/schema.org\",\"@graph\":[{\"@type\":\"WebPage\",\"@id\":\"https:\/\/www.ankarsrum.com\/no\/product\/assistent-original-jubilee-silver-js\/\",\"url\":\"https:\/\/www.ankarsrum.com\/no\/product\/assistent-original-jubilee-silver-js\/\",\"name\":\"Assistent Original Jubilee Silver JS - Ankarsrum Kj\u00f8kkenmaskin\",\"isPartOf\":{\"@id\":\"https:\/\/www.ankarsrum.com\/no\/#website\"},\"primaryImageOfPage\":{\"@id\":\"https:\/\/www.ankarsrum.com\/no\/product\/assistent-original-jubilee-silver-js\/#primaryimage\"},\"image\":{\"@id\":\"https:\/\/www.ankarsrum.com\/no\/product\/assistent-original-jubilee-silver-js\/#primaryimage\"},\"thumbnailUrl\":\"https:\/\/www.ankarsrum.com\/img-srv\/hShtt_Qn9mfQVt6OQoNRXo38K22hdUtwrT7yVo23mMc\/resizing_type:auto\/width:0\/height:0\/gravity:sm\/enlarge:1\/ext:webp\/strip_metadata:1\/quality:90\/cachebuster:filesize-226885\/bG9jYWw6Ly8vd3d3LmFua2Fyc3J1bS5jb20vd3AtY29udGVudC91cGxvYWRzL3NpdGVzLzE0LzIwMjQvMDkvYW5rYXJzcnVtLWFzc2lzdGVudC1vcmlnaW5hbC1qdWJpbGVlLXNpbHZlci1oZXJvLmpwZw.webp\",\"datePublished\":\"2024-07-10T07:59:32+00:00\",\"dateModified\":\"2026-04-13T03:31:01+00:00\",\"description\":\"Feir jubileet med Ankarsrum Assistent Original i Jubilee Silver. En kraftig kj\u00f8kkenmaskin med elegant design, laget for ditt hjemmekj\u00f8kken.\",\"breadcrumb\":{\"@id\":\"https:\/\/www.ankarsrum.com\/no\/product\/assistent-original-jubilee-silver-js\/#breadcrumb\"},\"inLanguage\":\"nb-NO\",\"potentialAction\":[{\"@type\":\"ReadAction\",\"target\":[\"https:\/\/www.ankarsrum.com\/no\/product\/assistent-original-jubilee-silver-js\/\"]}]},{\"@type\":\"ImageObject\",\"inLanguage\":\"nb-NO\",\"@id\":\"https:\/\/www.ankarsrum.com\/no\/product\/assistent-original-jubilee-silver-js\/#primaryimage\",\"url\":\"https:\/\/www.ankarsrum.com\/img-srv\/hShtt_Qn9mfQVt6OQoNRXo38K22hdUtwrT7yVo23mMc\/resizing_type:auto\/width:0\/height:0\/gravity:sm\/enlarge:1\/ext:webp\/strip_metadata:1\/quality:90\/cachebuster:filesize-226885\/bG9jYWw6Ly8vd3d3LmFua2Fyc3J1bS5jb20vd3AtY29udGVudC91cGxvYWRzL3NpdGVzLzE0LzIwMjQvMDkvYW5rYXJzcnVtLWFzc2lzdGVudC1vcmlnaW5hbC1qdWJpbGVlLXNpbHZlci1oZXJvLmpwZw.webp\",\"contentUrl\":\"https:\/\/www.ankarsrum.com\/img-srv\/hShtt_Qn9mfQVt6OQoNRXo38K22hdUtwrT7yVo23mMc\/resizing_type:auto\/width:0\/height:0\/gravity:sm\/enlarge:1\/ext:webp\/strip_metadata:1\/quality:90\/cachebuster:filesize-226885\/bG9jYWw6Ly8vd3d3LmFua2Fyc3J1bS5jb20vd3AtY29udGVudC91cGxvYWRzL3NpdGVzLzE0LzIwMjQvMDkvYW5rYXJzcnVtLWFzc2lzdGVudC1vcmlnaW5hbC1qdWJpbGVlLXNpbHZlci1oZXJvLmpwZw.webp\",\"width\":2000,\"height\":2000},{\"@type\":\"BreadcrumbList\",\"@id\":\"https:\/\/www.ankarsrum.com\/no\/product\/assistent-original-jubilee-silver-js\/#breadcrumb\",\"itemListElement\":[{\"@type\":\"ListItem\",\"position\":1,\"name\":\"Home\",\"item\":\"https:\/\/www.ankarsrum.com\/no\/\"},{\"@type\":\"ListItem\",\"position\":2,\"name\":\"Produce name\",\"item\":\"https:\/\/www.ankarsrum.com\/no\/shop\/\"},{\"@type\":\"ListItem\",\"position\":3,\"name\":\"Ankarsrum Assistent Original Kj\u00f8kkenmaskin &#8211; Jubliee Silver\"}]},{\"@type\":\"WebSite\",\"@id\":\"https:\/\/www.ankarsrum.com\/no\/#website\",\"url\":\"https:\/\/www.ankarsrum.com\/no\/\",\"name\":\"Ankarsrum Norway\",\"description\":\"The bread of the world\",\"potentialAction\":[{\"@type\":\"SearchAction\",\"target\":{\"@type\":\"EntryPoint\",\"urlTemplate\":\"https:\/\/www.ankarsrum.com\/no\/?s={search_term_string}\"},\"query-input\":{\"@type\":\"PropertyValueSpecification\",\"valueRequired\":true,\"valueName\":\"search_term_string\"}}],\"inLanguage\":\"nb-NO\"}]}<\/script>\n<!-- \/ Yoast SEO Premium plugin. -->","yoast_head_json":{"title":"Assistent Original Jubilee Silver JS - Ankarsrum Kj\u00f8kkenmaskin","description":"Feir jubileet med Ankarsrum Assistent Original i Jubilee Silver. En kraftig kj\u00f8kkenmaskin med elegant design, laget for ditt hjemmekj\u00f8kken.","robots":{"index":"index","follow":"follow","max-snippet":"max-snippet:-1","max-image-preview":"max-image-preview:large","max-video-preview":"max-video-preview:-1"},"canonical":"https:\/\/www.ankarsrum.com\/no\/product\/assistent-original-jubilee-silver-js\/","og_locale":"nb_NO","og_type":"article","og_title":"Ankarsrum Assistent Original Kj\u00f8kkenmaskin - Jubliee Silver","og_description":"Feir jubileet med Ankarsrum Assistent Original i Jubilee Silver. En kraftig kj\u00f8kkenmaskin med elegant design, laget for ditt hjemmekj\u00f8kken.","og_url":"https:\/\/www.ankarsrum.com\/no\/product\/assistent-original-jubilee-silver-js\/","og_site_name":"Ankarsrum Norway","article_modified_time":"2026-04-13T03:31:01+00:00","og_image":[{"width":1200,"height":630,"url":"https:\/\/www.ankarsrum.com\/no\/wp-content\/uploads\/sites\/14\/2024\/09\/ankarsrum-assistent-original-jubilee-silver-hero.jpg","type":"image\/jpeg"}],"twitter_card":"summary_large_image","twitter_misc":{"Ansl. lesetid":"1 minutt"},"schema":{"@context":"https:\/\/schema.org","@graph":[{"@type":"WebPage","@id":"https:\/\/www.ankarsrum.com\/no\/product\/assistent-original-jubilee-silver-js\/","url":"https:\/\/www.ankarsrum.com\/no\/product\/assistent-original-jubilee-silver-js\/","name":"Assistent Original Jubilee Silver JS - Ankarsrum Kj\u00f8kkenmaskin","isPartOf":{"@id":"https:\/\/www.ankarsrum.com\/no\/#website"},"primaryImageOfPage":{"@id":"https:\/\/www.ankarsrum.com\/no\/product\/assistent-original-jubilee-silver-js\/#primaryimage"},"image":{"@id":"https:\/\/www.ankarsrum.com\/no\/product\/assistent-original-jubilee-silver-js\/#primaryimage"},"thumbnailUrl":"https:\/\/www.ankarsrum.com\/img-srv\/hShtt_Qn9mfQVt6OQoNRXo38K22hdUtwrT7yVo23mMc\/resizing_type:auto\/width:0\/height:0\/gravity:sm\/enlarge:1\/ext:webp\/strip_metadata:1\/quality:90\/cachebuster:filesize-226885\/bG9jYWw6Ly8vd3d3LmFua2Fyc3J1bS5jb20vd3AtY29udGVudC91cGxvYWRzL3NpdGVzLzE0LzIwMjQvMDkvYW5rYXJzcnVtLWFzc2lzdGVudC1vcmlnaW5hbC1qdWJpbGVlLXNpbHZlci1oZXJvLmpwZw.webp","datePublished":"2024-07-10T07:59:32+00:00","dateModified":"2026-04-13T03:31:01+00:00","description":"Feir jubileet med Ankarsrum Assistent Original i Jubilee Silver. En kraftig kj\u00f8kkenmaskin med elegant design, laget for ditt hjemmekj\u00f8kken.","breadcrumb":{"@id":"https:\/\/www.ankarsrum.com\/no\/product\/assistent-original-jubilee-silver-js\/#breadcrumb"},"inLanguage":"nb-NO","potentialAction":[{"@type":"ReadAction","target":["https:\/\/www.ankarsrum.com\/no\/product\/assistent-original-jubilee-silver-js\/"]}]},{"@type":"ImageObject","inLanguage":"nb-NO","@id":"https:\/\/www.ankarsrum.com\/no\/product\/assistent-original-jubilee-silver-js\/#primaryimage","url":"https:\/\/www.ankarsrum.com\/img-srv\/hShtt_Qn9mfQVt6OQoNRXo38K22hdUtwrT7yVo23mMc\/resizing_type:auto\/width:0\/height:0\/gravity:sm\/enlarge:1\/ext:webp\/strip_metadata:1\/quality:90\/cachebuster:filesize-226885\/bG9jYWw6Ly8vd3d3LmFua2Fyc3J1bS5jb20vd3AtY29udGVudC91cGxvYWRzL3NpdGVzLzE0LzIwMjQvMDkvYW5rYXJzcnVtLWFzc2lzdGVudC1vcmlnaW5hbC1qdWJpbGVlLXNpbHZlci1oZXJvLmpwZw.webp","contentUrl":"https:\/\/www.ankarsrum.com\/img-srv\/hShtt_Qn9mfQVt6OQoNRXo38K22hdUtwrT7yVo23mMc\/resizing_type:auto\/width:0\/height:0\/gravity:sm\/enlarge:1\/ext:webp\/strip_metadata:1\/quality:90\/cachebuster:filesize-226885\/bG9jYWw6Ly8vd3d3LmFua2Fyc3J1bS5jb20vd3AtY29udGVudC91cGxvYWRzL3NpdGVzLzE0LzIwMjQvMDkvYW5rYXJzcnVtLWFzc2lzdGVudC1vcmlnaW5hbC1qdWJpbGVlLXNpbHZlci1oZXJvLmpwZw.webp","width":2000,"height":2000},{"@type":"BreadcrumbList","@id":"https:\/\/www.ankarsrum.com\/no\/product\/assistent-original-jubilee-silver-js\/#breadcrumb","itemListElement":[{"@type":"ListItem","position":1,"name":"Home","item":"https:\/\/www.ankarsrum.com\/no\/"},{"@type":"ListItem","position":2,"name":"Produce name","item":"https:\/\/www.ankarsrum.com\/no\/shop\/"},{"@type":"ListItem","position":3,"name":"Ankarsrum Assistent Original Kj\u00f8kkenmaskin &#8211; Jubliee Silver"}]},{"@type":"WebSite","@id":"https:\/\/www.ankarsrum.com\/no\/#website","url":"https:\/\/www.ankarsrum.com\/no\/","name":"Ankarsrum Norway","description":"The bread of the world","potentialAction":[{"@type":"SearchAction","target":{"@type":"EntryPoint","urlTemplate":"https:\/\/www.ankarsrum.com\/no\/?s={search_term_string}"},"query-input":{"@type":"PropertyValueSpecification","valueRequired":true,"valueName":"search_term_string"}}],"inLanguage":"nb-NO"}]}},"_links":{"self":[{"href":"https:\/\/www.ankarsrum.com\/no\/wp-json\/wp\/v2\/product\/4840","targetHints":{"allow":["GET"]}}],"collection":[{"href":"https:\/\/www.ankarsrum.com\/no\/wp-json\/wp\/v2\/product"}],"about":[{"href":"https:\/\/www.ankarsrum.com\/no\/wp-json\/wp\/v2\/types\/product"}],"replies":[{"embeddable":true,"href":"https:\/\/www.ankarsrum.com\/no\/wp-json\/wp\/v2\/comments?post=4840"}],"wp:featuredmedia":[{"embeddable":true,"href":"https:\/\/www.ankarsrum.com\/no\/wp-json\/wp\/v2\/media\/17950"}],"wp:attachment":[{"href":"https:\/\/www.ankarsrum.com\/no\/wp-json\/wp\/v2\/media?parent=4840"}],"wp:term":[{"taxonomy":"product_brand","embeddable":true,"href":"https:\/\/www.ankarsrum.com\/no\/wp-json\/wp\/v2\/product_brand?post=4840"},{"taxonomy":"product_cat","embeddable":true,"href":"https:\/\/www.ankarsrum.com\/no\/wp-json\/wp\/v2\/product_cat?post=4840"},{"taxonomy":"product_tag","embeddable":true,"href":"https:\/\/www.ankarsrum.com\/no\/wp-json\/wp\/v2\/product_tag?post=4840"},{"taxonomy":"product-tag","embeddable":true,"href":"https:\/\/www.ankarsrum.com\/no\/wp-json\/wp\/v2\/product-tag?post=4840"},{"taxonomy":"machines","embeddable":true,"href":"https:\/\/www.ankarsrum.com\/no\/wp-json\/wp\/v2\/machines?post=4840"},{"taxonomy":"filter","embeddable":true,"href":"https:\/\/www.ankarsrum.com\/no\/wp-json\/wp\/v2\/filter?post=4840"}],"curies":[{"name":"wp","href":"https:\/\/api.w.org\/{rel}","templated":true}]}}