{"id":10358,"date":"2020-09-14T19:40:40","date_gmt":"2020-09-14T17:40:40","guid":{"rendered":"https:\/\/www.ankarsrum.com\/se\/?page_id=10358"},"modified":"2024-09-02T10:13:55","modified_gmt":"2024-09-02T08:13:55","slug":"vart-sortiment","status":"publish","type":"page","link":"https:\/\/www.ankarsrum.com\/se\/vart-sortiment\/","title":{"rendered":""},"content":{"rendered":"\n<div class=\"wp-block-group is-layout-flow wp-block-group-is-layout-flow\">\n<h1 class=\"wp-block-heading has-text-align-center\" id=\"h-vart-sortiment\">V\u00e5rt sortiment<\/h1>\n<\/div>\n\n\n\n<div class=\"wp-block-columns alignwide is-layout-flex wp-container-core-columns-is-layout-28f84493 wp-block-columns-is-layout-flex\">\n<div class=\"wp-block-column is-layout-flow wp-block-column-is-layout-flow\">\n<div class=\"wp-block-cover is-light\"><span aria-hidden=\"true\" class=\"wp-block-cover__background has-background-dim-30 has-background-dim\"><\/span><img loading=\"lazy\" decoding=\"async\" width=\"1357\" height=\"2048\" class=\"wp-block-cover__image-background wp-image-35777\" alt=\"\" src=\"https:\/\/www.ankarsrum.com\/se\/wp-content\/uploads\/sites\/11\/2023\/01\/Ankarsrum-Assistent_Olive-Green_Focaccia_5_web.jpg\" data-object-fit=\"cover\" srcset=\"https:\/\/www.ankarsrum.com\/se\/wp-content\/uploads\/sites\/11\/2023\/01\/Ankarsrum-Assistent_Olive-Green_Focaccia_5_web.jpg 1357w, https:\/\/www.ankarsrum.com\/se\/wp-content\/uploads\/sites\/11\/2023\/01\/Ankarsrum-Assistent_Olive-Green_Focaccia_5_web-199x300.jpg 199w, https:\/\/www.ankarsrum.com\/se\/wp-content\/uploads\/sites\/11\/2023\/01\/Ankarsrum-Assistent_Olive-Green_Focaccia_5_web-679x1024.jpg 679w, https:\/\/www.ankarsrum.com\/se\/wp-content\/uploads\/sites\/11\/2023\/01\/Ankarsrum-Assistent_Olive-Green_Focaccia_5_web-768x1159.jpg 768w, https:\/\/www.ankarsrum.com\/se\/wp-content\/uploads\/sites\/11\/2023\/01\/Ankarsrum-Assistent_Olive-Green_Focaccia_5_web-1018x1536.jpg 1018w, https:\/\/www.ankarsrum.com\/se\/wp-content\/uploads\/sites\/11\/2023\/01\/Ankarsrum-Assistent_Olive-Green_Focaccia_5_web-720x1087.jpg 720w, https:\/\/www.ankarsrum.com\/se\/wp-content\/uploads\/sites\/11\/2023\/01\/Ankarsrum-Assistent_Olive-Green_Focaccia_5_web-580x875.jpg 580w\" sizes=\"(max-width: 1357px) 100vw, 1357px\" \/><div class=\"wp-block-cover__inner-container is-layout-flow wp-block-cover-is-layout-flow\">\n<h2 class=\"wp-block-heading has-text-align-center\" id=\"h-koksassistenter\">K\u00f6ksassistenter<\/h2>\n\n\n\n<p class=\"has-text-align-center\">V\u00e4lj bland m\u00e5nga f\u00e4rger!<\/p>\n\n\n\n<div class=\"wp-block-buttons is-horizontal is-content-justification-center is-layout-flex wp-container-core-buttons-is-layout-03627597 wp-block-buttons-is-layout-flex\">\n<div class=\"wp-block-button is-style-primary wp-block-button is-style-primary btn-medium\"><a class=\"wp-block-button__link wp-element-button\" href=\"https:\/\/www.ankarsrum.com\/se\/produkt-kategori\/vara-farger\/\">Till k\u00f6ksassistenter<\/a><\/div>\n<\/div>\n<\/div><\/div>\n<\/div>\n\n\n\n<div class=\"wp-block-column is-layout-flow wp-block-column-is-layout-flow\">\n<div class=\"wp-block-cover is-light\"><span aria-hidden=\"true\" class=\"wp-block-cover__background has-background-dim-30 has-background-dim\"><\/span><img loading=\"lazy\" decoding=\"async\" width=\"1536\" height=\"1920\" class=\"wp-block-cover__image-background wp-image-40105\" alt=\"\" src=\"https:\/\/www.ankarsrum.com\/se\/wp-content\/uploads\/sites\/11\/2023\/05\/ankarsrum-3.jpg\" style=\"object-position:7% 65%\" data-object-fit=\"cover\" data-object-position=\"7% 65%\" srcset=\"https:\/\/www.ankarsrum.com\/se\/wp-content\/uploads\/sites\/11\/2023\/05\/ankarsrum-3.jpg 1536w, https:\/\/www.ankarsrum.com\/se\/wp-content\/uploads\/sites\/11\/2023\/05\/ankarsrum-3-240x300.jpg 240w, https:\/\/www.ankarsrum.com\/se\/wp-content\/uploads\/sites\/11\/2023\/05\/ankarsrum-3-819x1024.jpg 819w, https:\/\/www.ankarsrum.com\/se\/wp-content\/uploads\/sites\/11\/2023\/05\/ankarsrum-3-768x960.jpg 768w, https:\/\/www.ankarsrum.com\/se\/wp-content\/uploads\/sites\/11\/2023\/05\/ankarsrum-3-1229x1536.jpg 1229w, https:\/\/www.ankarsrum.com\/se\/wp-content\/uploads\/sites\/11\/2023\/05\/ankarsrum-3-720x900.jpg 720w, https:\/\/www.ankarsrum.com\/se\/wp-content\/uploads\/sites\/11\/2023\/05\/ankarsrum-3-580x725.jpg 580w\" sizes=\"(max-width: 1536px) 100vw, 1536px\" \/><div class=\"wp-block-cover__inner-container is-layout-flow wp-block-cover-is-layout-flow\">\n<h2 class=\"wp-block-heading has-text-align-center\" id=\"h-tillbehor\">Tillbeh\u00f6r<\/h2>\n\n\n\n<p class=\"has-text-align-center\">M\u00e5nga m\u00f6jligheter!<\/p>\n\n\n\n<div class=\"wp-block-buttons is-horizontal is-content-justification-center is-layout-flex wp-container-core-buttons-is-layout-03627597 wp-block-buttons-is-layout-flex\">\n<div class=\"wp-block-button is-style-primary wp-block-button is-style-primary btn-medium\"><a class=\"wp-block-button__link wp-element-button\" href=\"https:\/\/www.ankarsrum.com\/se\/produkt-kategori\/ankarsrum-tillbehor\/\">Till tillbeh\u00f6r<\/a><\/div>\n<\/div>\n<\/div><\/div>\n<\/div>\n\n\n\n<div class=\"wp-block-column is-layout-flow wp-block-column-is-layout-flow\">\n<div class=\"wp-block-cover is-light\"><span aria-hidden=\"true\" class=\"wp-block-cover__background has-background-dim-20 has-background-dim\"><\/span><img loading=\"lazy\" decoding=\"async\" width=\"1930\" height=\"1080\" class=\"wp-block-cover__image-background wp-image-34267\" alt=\"\" src=\"https:\/\/www.ankarsrum.com\/se\/wp-content\/uploads\/sites\/11\/2022\/11\/spareparts.jpg\" data-object-fit=\"cover\" srcset=\"https:\/\/www.ankarsrum.com\/se\/wp-content\/uploads\/sites\/11\/2022\/11\/spareparts.jpg 1930w, https:\/\/www.ankarsrum.com\/se\/wp-content\/uploads\/sites\/11\/2022\/11\/spareparts-300x168.jpg 300w, https:\/\/www.ankarsrum.com\/se\/wp-content\/uploads\/sites\/11\/2022\/11\/spareparts-1024x573.jpg 1024w, https:\/\/www.ankarsrum.com\/se\/wp-content\/uploads\/sites\/11\/2022\/11\/spareparts-768x430.jpg 768w, https:\/\/www.ankarsrum.com\/se\/wp-content\/uploads\/sites\/11\/2022\/11\/spareparts-1536x860.jpg 1536w, https:\/\/www.ankarsrum.com\/se\/wp-content\/uploads\/sites\/11\/2022\/11\/spareparts-720x403.jpg 720w, https:\/\/www.ankarsrum.com\/se\/wp-content\/uploads\/sites\/11\/2022\/11\/spareparts-580x325.jpg 580w\" sizes=\"(max-width: 1930px) 100vw, 1930px\" \/><div class=\"wp-block-cover__inner-container is-layout-flow wp-block-cover-is-layout-flow\">\n<h2 class=\"wp-block-heading has-text-align-center\" id=\"h-reservdelar\">Reservdelar<\/h2>\n\n\n\n<p class=\"has-text-align-center\">F\u00f6r maskin &amp; tillbeh\u00f6r<\/p>\n\n\n\n<div class=\"wp-block-buttons is-horizontal is-content-justification-center is-layout-flex wp-container-core-buttons-is-layout-03627597 wp-block-buttons-is-layout-flex\">\n<div class=\"wp-block-button is-style-primary wp-block-button is-style-primary btn-medium\"><a class=\"wp-block-button__link wp-element-button\" href=\"https:\/\/www.ankarsrum.com\/se\/produkt-kategori\/reservdelar\/\" style=\"border-radius:5px\">Till reservdelar<\/a><\/div>\n<\/div>\n<\/div><\/div>\n<\/div>\n<\/div>\n","protected":false},"excerpt":{"rendered":"<p>V\u00e5rt sortiment. K\u00f6ksassistenter. V\u00e4lj bland m\u00e5nga f\u00e4rger!. <\/p>\n","protected":false},"author":5,"featured_media":0,"parent":0,"menu_order":0,"comment_status":"closed","ping_status":"closed","template":"","meta":{"_acf_changed":false,"content-type":"","editor_notices":[],"footnotes":""},"class_list":["post-10358","page","type-page","status-publish","hentry"],"acf":[],"_links":{"self":[{"href":"https:\/\/www.ankarsrum.com\/se\/wp-json\/wp\/v2\/pages\/10358","targetHints":{"allow":["GET"]}}],"collection":[{"href":"https:\/\/www.ankarsrum.com\/se\/wp-json\/wp\/v2\/pages"}],"about":[{"href":"https:\/\/www.ankarsrum.com\/se\/wp-json\/wp\/v2\/types\/page"}],"author":[{"embeddable":true,"href":"https:\/\/www.ankarsrum.com\/se\/wp-json\/wp\/v2\/users\/5"}],"replies":[{"embeddable":true,"href":"https:\/\/www.ankarsrum.com\/se\/wp-json\/wp\/v2\/comments?post=10358"}],"version-history":[{"count":4,"href":"https:\/\/www.ankarsrum.com\/se\/wp-json\/wp\/v2\/pages\/10358\/revisions"}],"predecessor-version":[{"id":53693,"href":"https:\/\/www.ankarsrum.com\/se\/wp-json\/wp\/v2\/pages\/10358\/revisions\/53693"}],"wp:attachment":[{"href":"https:\/\/www.ankarsrum.com\/se\/wp-json\/wp\/v2\/media?parent=10358"}],"curies":[{"name":"wp","href":"https:\/\/api.w.org\/{rel}","templated":true}]}}