{"id":11762,"date":"2024-03-11T14:00:43","date_gmt":"2024-03-11T13:00:43","guid":{"rendered":"https:\/\/www.ankarsrum.com\/se\/?page_id=11762"},"modified":"2026-04-02T14:32:08","modified_gmt":"2026-04-02T12:32:08","slug":"jobb","status":"publish","type":"page","link":"https:\/\/www.ankarsrum.com\/se\/jobb\/","title":{"rendered":"Jobb"},"content":{"rendered":"\n\n<div class=\"wp-block-qala-blocks-hero alignfull content-position__center content-align__center has-image-bg has-image-cover has-media-first-mobile has-media-full-mobile alignfull  wp-block-qala-blocks-hero\">\n\t<div\n\t\tclass=\"wp-block-qala-blocks-hero__wrapper \"\n\t\tstyle=\"min-height:50vh; \"\n\t\t>\n\n\t\t\t\t\t<div\n\t\t\t\tclass=\"wp-block-qala-blocks-hero__image-bg\"\n\t\t\t\t>\n\t\t\t\t<picture><source height=\"2560\" width=\"1920\" sizes=\"(max-width: 1920px) 100vw, 1920px\" srcset=\"https:\/\/www.ankarsrum.com\/img-srv\/hSGVxgGT_aireIiyJFot48WG9Dk5kzMwV9IQNZAM3d8\/resizing_type:auto\/width:192\/height:0\/gravity:sm\/enlarge:1\/ext:webp\/strip_metadata:1\/quality:90\/cachebuster:filesize-413472\/bG9jYWw6Ly8vd3d3LmFua2Fyc3J1bS5jb20vd3AtY29udGVudC91cGxvYWRzL3NpdGVzLzExLzIwMjMvMTIvcDEzODUyNzktc2NhbGVkLmpwZw.webp 192w, https:\/\/www.ankarsrum.com\/img-srv\/pnGtD5anmYUeINcsHuhvbbmoJTlzxhsU_z_NqEdV7YQ\/resizing_type:auto\/width:672\/height:0\/gravity:sm\/enlarge:1\/ext:webp\/strip_metadata:1\/quality:90\/cachebuster:filesize-413472\/bG9jYWw6Ly8vd3d3LmFua2Fyc3J1bS5jb20vd3AtY29udGVudC91cGxvYWRzL3NpdGVzLzExLzIwMjMvMTIvcDEzODUyNzktc2NhbGVkLmpwZw.webp 672w, https:\/\/www.ankarsrum.com\/img-srv\/lckvWJVDSlM2j4vfVjMw_iVyOYU3myX2hQF9r9V1VyY\/resizing_type:auto\/width:1152\/height:0\/gravity:sm\/enlarge:1\/ext:webp\/strip_metadata:1\/quality:90\/cachebuster:filesize-413472\/bG9jYWw6Ly8vd3d3LmFua2Fyc3J1bS5jb20vd3AtY29udGVudC91cGxvYWRzL3NpdGVzLzExLzIwMjMvMTIvcDEzODUyNzktc2NhbGVkLmpwZw.webp 1152w, https:\/\/www.ankarsrum.com\/img-srv\/Bhvg1VHxL4rF4iPy5ibdr0mBE99gM_TvDziN2Caw-oA\/resizing_type:auto\/width:1632\/height:0\/gravity:sm\/enlarge:1\/ext:webp\/strip_metadata:1\/quality:90\/cachebuster:filesize-413472\/bG9jYWw6Ly8vd3d3LmFua2Fyc3J1bS5jb20vd3AtY29udGVudC91cGxvYWRzL3NpdGVzLzExLzIwMjMvMTIvcDEzODUyNzktc2NhbGVkLmpwZw.webp 1632w, https:\/\/www.ankarsrum.com\/img-srv\/lcc0gjLFTT_rhQqwQMSvYnNeFIGxXk3msczejZwB5oM\/resizing_type:auto\/width:2112\/height:0\/gravity:sm\/enlarge:1\/ext:webp\/strip_metadata:1\/quality:90\/cachebuster:filesize-413472\/bG9jYWw6Ly8vd3d3LmFua2Fyc3J1bS5jb20vd3AtY29udGVudC91cGxvYWRzL3NpdGVzLzExLzIwMjMvMTIvcDEzODUyNzktc2NhbGVkLmpwZw.webp 2112w, https:\/\/www.ankarsrum.com\/img-srv\/yBWF5masGKjx_pLP1WzHvyBuXLZ6AKQcj9Nvx0_CS3s\/resizing_type:auto\/width:2592\/height:0\/gravity:sm\/enlarge:1\/ext:webp\/strip_metadata:1\/quality:90\/cachebuster:filesize-413472\/bG9jYWw6Ly8vd3d3LmFua2Fyc3J1bS5jb20vd3AtY29udGVudC91cGxvYWRzL3NpdGVzLzExLzIwMjMvMTIvcDEzODUyNzktc2NhbGVkLmpwZw.webp 2592w, https:\/\/www.ankarsrum.com\/img-srv\/Bsw8fszNrm-yR1oU92YXUXvvYU9gMkKl51OurYwxzec\/resizing_type:auto\/width:3072\/height:0\/gravity:sm\/enlarge:1\/ext:webp\/strip_metadata:1\/quality:90\/cachebuster:filesize-413472\/bG9jYWw6Ly8vd3d3LmFua2Fyc3J1bS5jb20vd3AtY29udGVudC91cGxvYWRzL3NpdGVzLzExLzIwMjMvMTIvcDEzODUyNzktc2NhbGVkLmpwZw.webp 3072w, https:\/\/www.ankarsrum.com\/img-srv\/4KatkBP-FfIeNN7DNvTjLduW0zsZSwLTFmN_sLDsE_c\/resizing_type:auto\/width:3552\/height:0\/gravity:sm\/enlarge:1\/ext:webp\/strip_metadata:1\/quality:90\/cachebuster:filesize-413472\/bG9jYWw6Ly8vd3d3LmFua2Fyc3J1bS5jb20vd3AtY29udGVudC91cGxvYWRzL3NpdGVzLzExLzIwMjMvMTIvcDEzODUyNzktc2NhbGVkLmpwZw.webp 3552w, https:\/\/www.ankarsrum.com\/img-srv\/y2Z_Ml5IWqAhLbm8N4OMhZMMVsRGCNk8cYnKj9J2SnQ\/resizing_type:auto\/width:4032\/height:0\/gravity:sm\/enlarge:1\/ext:webp\/strip_metadata:1\/quality:90\/cachebuster:filesize-413472\/bG9jYWw6Ly8vd3d3LmFua2Fyc3J1bS5jb20vd3AtY29udGVudC91cGxvYWRzL3NpdGVzLzExLzIwMjMvMTIvcDEzODUyNzktc2NhbGVkLmpwZw.webp 4032w, https:\/\/www.ankarsrum.com\/img-srv\/Y4yxm46eaFpZ1fsk81SxyvDzFgAD2ThEx2auEqMFgQ4\/resizing_type:auto\/width:4512\/height:0\/gravity:sm\/enlarge:1\/ext:webp\/strip_metadata:1\/quality:90\/cachebuster:filesize-413472\/bG9jYWw6Ly8vd3d3LmFua2Fyc3J1bS5jb20vd3AtY29udGVudC91cGxvYWRzL3NpdGVzLzExLzIwMjMvMTIvcDEzODUyNzktc2NhbGVkLmpwZw.webp 4512w, https:\/\/www.ankarsrum.com\/img-srv\/UCCRAtwX8s5bhl4NLv9UZ6h43nuQdUFDUFw15UbCKuo\/resizing_type:auto\/width:4992\/height:0\/gravity:sm\/enlarge:1\/ext:webp\/strip_metadata:1\/quality:90\/cachebuster:filesize-413472\/bG9jYWw6Ly8vd3d3LmFua2Fyc3J1bS5jb20vd3AtY29udGVudC91cGxvYWRzL3NpdGVzLzExLzIwMjMvMTIvcDEzODUyNzktc2NhbGVkLmpwZw.webp 4992w, https:\/\/www.ankarsrum.com\/img-srv\/RxwlKfuOhJbagBKNSq1u_wpMzayZD8aAHXcoWenodFY\/resizing_type:auto\/width:5472\/height:0\/gravity:sm\/enlarge:1\/ext:webp\/strip_metadata:1\/quality:90\/cachebuster:filesize-413472\/bG9jYWw6Ly8vd3d3LmFua2Fyc3J1bS5jb20vd3AtY29udGVudC91cGxvYWRzL3NpdGVzLzExLzIwMjMvMTIvcDEzODUyNzktc2NhbGVkLmpwZw.webp 5472w\" type=\"image\/webp\" ><source height=\"2560\" width=\"1920\" sizes=\"(max-width: 1920px) 100vw, 1920px\" srcset=\"https:\/\/www.ankarsrum.com\/img-srv\/4jpk6m1EQ9-ymdw61EKg3YeH_VKbDWxWowHGrNNsqQE\/resizing_type:auto\/width:0\/height:0\/gravity:sm\/enlarge:1\/ext:webp\/strip_metadata:1\/quality:90\/cachebuster:filesize-413472\/bG9jYWw6Ly8vd3d3LmFua2Fyc3J1bS5jb20vd3AtY29udGVudC91cGxvYWRzL3NpdGVzLzExLzIwMjMvMTIvcDEzODUyNzktc2NhbGVkLmpwZw.webp 1920w\" type=\"image\/webp\" ><img fetchpriority=\"high\" decoding=\"async\" width=\"1920\" height=\"2560\" src=\"https:\/\/www.ankarsrum.com\/img-srv\/4jpk6m1EQ9-ymdw61EKg3YeH_VKbDWxWowHGrNNsqQE\/resizing_type:auto\/width:0\/height:0\/gravity:sm\/enlarge:1\/ext:webp\/strip_metadata:1\/quality:90\/cachebuster:filesize-413472\/bG9jYWw6Ly8vd3d3LmFua2Fyc3J1bS5jb20vd3AtY29udGVudC91cGxvYWRzL3NpdGVzLzExLzIwMjMvMTIvcDEzODUyNzktc2NhbGVkLmpwZw.webp\" class=\"attachment-full size-full wp-image-44403\" alt=\"\" loading=\"eager\" data-blur-hash=\"L38NLW00ozE2}@Io%MIU5R%2%1t7\" style=\"background-size: cover; background-origin: content-box; background-repeat: no-repeat; background-image: url(data:image\/png;base64,iVBORw0KGgoAAAANSUhEUgAAABgAAAAgCAIAAACHPC9vAAAACXBIWXMAAA7EAAAOxAGVKw4bAAACsElEQVRIiXWWW5brWAhDtYlTQ+n\/HsCd\/6jC7g84TqrqtteJl59CCIHDn3\/\/IaHqUbM9qgCSaFq77VYjVD0e13Vd1\/Pr6+v5fD6f1\/O6Ho+qqvzvxo8z\/nbvPqhoksTfb3Mv2D17+jvstSiyWEgghJh5P8QJQQ7WXOcd74qagPHQuZ8gHYolbCgOFotzc7vUFTYmcuPAZN5Qew+gfkHcjDohGt3kljarXMWOkylA6vBZ0RiN1GWUw+gmtU+5JSHFQTm8TrKXNkHJ5ph3NGJSd84hULM+VD8ade+rGiUTOjU6kQmxjGHs+oky4VcjLe0clLU2sPXaqrF6b\/p51zmX9tHTu3YbnA+Hrl7Ud5W34jCpxaqBeRduU9lTw8Iflx0nZ6AuNZmmPIwO3jZGIgNDvntonlbBTU3bs91eeCclcpvhzebeq1drRX\/A7M\/vr34mvVxmvy3ScSm97x3dEVcdt29PEd2BNQa8RuE+V9XW1nHETIPPVPbYGFvT04W5euy3KOlBqkUsZsLkE64OkbOacM0QGS\/2ofPSDFoLTlMfP9jIgYixAa4+9VyU9mXTvbWv48\/VeGdX5WbVRYGXkNCmzUtLaRn2SBuEUXzFRg0qtl1Nj0Y1PnslZV5KN91mGn3a16lgEiIdSjsk0tMyV99D6kapSvcjGLpm3o6hHY2SVNvlkJm2u0yNa0leBqV7XFNnNIWDVfNpSGdSCjgjZRk1iaCvNoyEkKqYNJAykU6QSiUzfU6oXL2fiSR5magjUCR9hqWJh4503lzcGX8ZQvoYVvNoTfNOrVKi9GC9P5xliJDoJaewObavrk6NMBQ7sqVO\/Ehgpn1ke+04bcxdGaxtN1oiiGftWPKGmEhjSG\/jtgL+hMh7JZXPBB1h5tuPZ2jm\/BGAO+ZGrp0fbJ+fWTJw\/wElr3CLE9BmNgAAAABJRU5ErkJggg==);\" srcset=\"https:\/\/www.ankarsrum.com\/img-srv\/4jpk6m1EQ9-ymdw61EKg3YeH_VKbDWxWowHGrNNsqQE\/resizing_type:auto\/width:0\/height:0\/gravity:sm\/enlarge:1\/ext:webp\/strip_metadata:1\/quality:90\/cachebuster:filesize-413472\/bG9jYWw6Ly8vd3d3LmFua2Fyc3J1bS5jb20vd3AtY29udGVudC91cGxvYWRzL3NpdGVzLzExLzIwMjMvMTIvcDEzODUyNzktc2NhbGVkLmpwZw.webp 1920w\" sizes=\"(max-width: 1920px) 100vw, 1920px\" qala-img-proxy-processed=\"processed\" \/>\n\n<\/picture>\t\t\t<\/div>\n\t\t\t\t<div\n\t\t\tclass=\"wp-block-qala-blocks-hero__content \"\n\t\t\tdata-width=\"50%\"\n\t\t\tstyle=\"   text-align:center;\"\n\t\t\t>\n\t\t\t\t\t\t\t\n\n<h1 class=\"wp-block-heading title has-white-color has-text-color has-medium-font-size\" id=\"h-ankarsrum-kitchen-ab-vaxer\">Ankarsrum Kitchen AB v\u00e4xer<\/h1>\n\n\n\n<h2 class=\"wp-block-heading tagline has-white-color has-text-color has-large-font-size\" id=\"h-vill-du-ocksa-jobba-med-en-svensktillverkad-konsumentprodukt-med-stor-tillvaxtpotential\">Vill du ocks\u00e5 jobba med en svensktillverkad konsumentprodukt med stor tillv\u00e4xtpotential?<\/h2>\n\n\n\n<p class=\"has-text-align-center has-white-color has-text-color has-medium-font-size\">Ankarsrum Kitchen AB marknadsf\u00f6r, s\u00e4ljer och ansvarar f\u00f6r tillverkningen av hush\u00e5llsassistenten Ankarsrum\u00ae&nbsp;Assistent Original. Det finns en stor tillv\u00e4xtpotential f\u00f6r denna genuina, svensktillverkade kvalitetsprodukt, p\u00e5 den internationella och svenska marknaden.<\/p>\n\n\t\t\t\t\t<\/div>\n\n\t\t\t\t<div\n\t\t\tclass=\"wp-block-qala-blocks-hero__media-wrap \"\n\t\t\t\t\t\tstyle=\"\"\n\t\t\t>\n\n\t\t\t\t\t\t\t<picture><source height=\"1536\" width=\"1024\" sizes=\"(max-width: 1024px) 100vw, 1024px\" srcset=\"https:\/\/www.ankarsrum.com\/img-srv\/YYfTKosBBs2ecrIFhwYAI7yW2bNKtlPN9MS_eFfJkYw\/resizing_type:auto\/width:358\/height:0\/gravity:sm\/enlarge:1\/ext:webp\/strip_metadata:1\/quality:90\/cachebuster:filesize-206076\/bG9jYWw6Ly8vd3d3LmFua2Fyc3J1bS5jb20vd3AtY29udGVudC91cGxvYWRzL3NpdGVzLzExLzIwMjQvMDQvcnVzdGljLW1hcm9vbi13YWxudXQtd2ViLmpwZw.webp 358w, https:\/\/www.ankarsrum.com\/img-srv\/-FVtvwFBnQKoGF-LCWkd2FCdQg8mzJ4i7xHKfU1VthQ\/resizing_type:auto\/width:614\/height:0\/gravity:sm\/enlarge:1\/ext:webp\/strip_metadata:1\/quality:90\/cachebuster:filesize-206076\/bG9jYWw6Ly8vd3d3LmFua2Fyc3J1bS5jb20vd3AtY29udGVudC91cGxvYWRzL3NpdGVzLzExLzIwMjQvMDQvcnVzdGljLW1hcm9vbi13YWxudXQtd2ViLmpwZw.webp 614w, https:\/\/www.ankarsrum.com\/img-srv\/F7cwOuStBlK3rYxlRFIZ2148DzxB9CZE33DI7WIla-s\/resizing_type:auto\/width:870\/height:0\/gravity:sm\/enlarge:1\/ext:webp\/strip_metadata:1\/quality:90\/cachebuster:filesize-206076\/bG9jYWw6Ly8vd3d3LmFua2Fyc3J1bS5jb20vd3AtY29udGVudC91cGxvYWRzL3NpdGVzLzExLzIwMjQvMDQvcnVzdGljLW1hcm9vbi13YWxudXQtd2ViLmpwZw.webp 870w, https:\/\/www.ankarsrum.com\/img-srv\/5Cft5DN1pFh03X5zwCO-8y-F0Oh5WD8z_mtAThfcSfU\/resizing_type:auto\/width:1126\/height:0\/gravity:sm\/enlarge:1\/ext:webp\/strip_metadata:1\/quality:90\/cachebuster:filesize-206076\/bG9jYWw6Ly8vd3d3LmFua2Fyc3J1bS5jb20vd3AtY29udGVudC91cGxvYWRzL3NpdGVzLzExLzIwMjQvMDQvcnVzdGljLW1hcm9vbi13YWxudXQtd2ViLmpwZw.webp 1126w, https:\/\/www.ankarsrum.com\/img-srv\/UfKq9LkcRNmFVReTvltdI9CEfLBVmVJHDm805t050Ps\/resizing_type:auto\/width:1382\/height:0\/gravity:sm\/enlarge:1\/ext:webp\/strip_metadata:1\/quality:90\/cachebuster:filesize-206076\/bG9jYWw6Ly8vd3d3LmFua2Fyc3J1bS5jb20vd3AtY29udGVudC91cGxvYWRzL3NpdGVzLzExLzIwMjQvMDQvcnVzdGljLW1hcm9vbi13YWxudXQtd2ViLmpwZw.webp 1382w, https:\/\/www.ankarsrum.com\/img-srv\/-tINFzuyOFUESynPEVRAI2Uam98kmDinmaNpN6JCJY4\/resizing_type:auto\/width:1638\/height:0\/gravity:sm\/enlarge:1\/ext:webp\/strip_metadata:1\/quality:90\/cachebuster:filesize-206076\/bG9jYWw6Ly8vd3d3LmFua2Fyc3J1bS5jb20vd3AtY29udGVudC91cGxvYWRzL3NpdGVzLzExLzIwMjQvMDQvcnVzdGljLW1hcm9vbi13YWxudXQtd2ViLmpwZw.webp 1638w, https:\/\/www.ankarsrum.com\/img-srv\/rCsFs4cJ7hjqD7R_9NaeUS3IlNXgwZsuQRJx3-x3qa0\/resizing_type:auto\/width:1894\/height:0\/gravity:sm\/enlarge:1\/ext:webp\/strip_metadata:1\/quality:90\/cachebuster:filesize-206076\/bG9jYWw6Ly8vd3d3LmFua2Fyc3J1bS5jb20vd3AtY29udGVudC91cGxvYWRzL3NpdGVzLzExLzIwMjQvMDQvcnVzdGljLW1hcm9vbi13YWxudXQtd2ViLmpwZw.webp 1894w, https:\/\/www.ankarsrum.com\/img-srv\/N5xgSn7ePy2TCK3-_Ruf-jBR0JFJ3jU5eonRgrtfwYY\/resizing_type:auto\/width:2150\/height:0\/gravity:sm\/enlarge:1\/ext:webp\/strip_metadata:1\/quality:90\/cachebuster:filesize-206076\/bG9jYWw6Ly8vd3d3LmFua2Fyc3J1bS5jb20vd3AtY29udGVudC91cGxvYWRzL3NpdGVzLzExLzIwMjQvMDQvcnVzdGljLW1hcm9vbi13YWxudXQtd2ViLmpwZw.webp 2150w, https:\/\/www.ankarsrum.com\/img-srv\/NI4aSvKwhwfB-ql_eTm18zkNvxyRYVtN4QTtPrmKKgE\/resizing_type:auto\/width:2406\/height:0\/gravity:sm\/enlarge:1\/ext:webp\/strip_metadata:1\/quality:90\/cachebuster:filesize-206076\/bG9jYWw6Ly8vd3d3LmFua2Fyc3J1bS5jb20vd3AtY29udGVudC91cGxvYWRzL3NpdGVzLzExLzIwMjQvMDQvcnVzdGljLW1hcm9vbi13YWxudXQtd2ViLmpwZw.webp 2406w, https:\/\/www.ankarsrum.com\/img-srv\/YNmB5YjrI5ieBfAX3bFtvVsvc6JOcERn-D2zbtzApnU\/resizing_type:auto\/width:2662\/height:0\/gravity:sm\/enlarge:1\/ext:webp\/strip_metadata:1\/quality:90\/cachebuster:filesize-206076\/bG9jYWw6Ly8vd3d3LmFua2Fyc3J1bS5jb20vd3AtY29udGVudC91cGxvYWRzL3NpdGVzLzExLzIwMjQvMDQvcnVzdGljLW1hcm9vbi13YWxudXQtd2ViLmpwZw.webp 2662w, https:\/\/www.ankarsrum.com\/img-srv\/0Ie8WV24SqltGJ_a6ivgQsbPfmJV20Zh2UAf4rIc9W8\/resizing_type:auto\/width:2918\/height:0\/gravity:sm\/enlarge:1\/ext:webp\/strip_metadata:1\/quality:90\/cachebuster:filesize-206076\/bG9jYWw6Ly8vd3d3LmFua2Fyc3J1bS5jb20vd3AtY29udGVudC91cGxvYWRzL3NpdGVzLzExLzIwMjQvMDQvcnVzdGljLW1hcm9vbi13YWxudXQtd2ViLmpwZw.webp 2918w\" type=\"image\/webp\" ><source height=\"1536\" width=\"1024\" sizes=\"(max-width: 1024px) 100vw, 1024px\" srcset=\"https:\/\/www.ankarsrum.com\/img-srv\/fZfDCMlEND2wCB5oDRybGlvPkkmw_KCpgKr2zeR01X8\/resizing_type:auto\/width:0\/height:0\/gravity:sm\/enlarge:1\/ext:webp\/strip_metadata:1\/quality:90\/cachebuster:filesize-206076\/bG9jYWw6Ly8vd3d3LmFua2Fyc3J1bS5jb20vd3AtY29udGVudC91cGxvYWRzL3NpdGVzLzExLzIwMjQvMDQvcnVzdGljLW1hcm9vbi13YWxudXQtd2ViLmpwZw.webp 1024w\" type=\"image\/webp\" ><img decoding=\"async\" width=\"1024\" height=\"1536\" src=\"https:\/\/www.ankarsrum.com\/img-srv\/fZfDCMlEND2wCB5oDRybGlvPkkmw_KCpgKr2zeR01X8\/resizing_type:auto\/width:0\/height:0\/gravity:sm\/enlarge:1\/ext:webp\/strip_metadata:1\/quality:90\/cachebuster:filesize-206076\/bG9jYWw6Ly8vd3d3LmFua2Fyc3J1bS5jb20vd3AtY29udGVudC91cGxvYWRzL3NpdGVzLzExLzIwMjQvMDQvcnVzdGljLW1hcm9vbi13YWxudXQtd2ViLmpwZw.webp\" class=\"attachment-full size-full wp-image-48090\" alt=\"\" loading=\"eager\" data-blur-hash=\"LIEVZ%IVkCM|?^xaR*t6MwtRbFbb\" style=\"background-size: cover; background-origin: content-box; background-repeat: no-repeat; background-image: url(data:image\/png;base64,iVBORw0KGgoAAAANSUhEUgAAABUAAAAgCAIAAABywqTfAAAACXBIWXMAAA7EAAAOxAGVKw4bAAADHklEQVQ4jXWUwY4bRxBD+apbWgfrHHPOtwbIJR+aq+PYxnq16iJz6JG0NpCBRmhMD4ssFnv4868\/JCEVKh0\/JJRISqxEShIlSIokkJCk0v3KY7n3fli83+OxWcmPyP+rwSa9lwAhmA9ybv8\/V7k\/DZt8K0CgqSR3TTxoQxR+LsytAcTGxwJFiciD5Xg3ko5CtzKHcEDA3M4CUgQ3OniHPDo8oAIodokZRyIkRfKjYQ\/lYas7WB\/XxiulWBGpG+W9Vh6u3sC1b9WBT0SKe0rQntYW9H6xxwjUbmG6jXCEHFUgSTjiJyl5l4+7ezpUzLQDFaxCgeTA3gaZd\/E6sgsgATW9DLgAhW1EvYPf8cdAFClHF5KmuwFSOw808KDMQ\/1WmezAH34wvVpQFRRQIfdulKPAbRDg2ud0GyVJmn1tkEbBoGQE8hEw3ciC0CZpUqUkDnj2WqCkIBATGBV2Fo+jvyefSAGqndpSa\/bblSI+zPe2aNQ+UsndAqpKGQUppRUUZfb1DcgcYMoQyUo9+rf2AdmyjcwetaLM9fYGjAwYxTRG446PkyQWUFV4WjEx+7jU7MsbhVJoFoYhjfgd3kmEcJWmwYVNjJWa6\/JKEQ\/UVQ0TDRVA8sAf\/btRl1zEGvK44TNgVk00ycioHaN07MR3\/CydCg9sDTzm9ftLDeRROq06bf50geLYSccdRMbAs7IG3erSlGuu799qIE84V50G05kqBHHc9nI6EjWG+lQ5Nz20WlNzzPXtc82Sz1XnHk\/NiYxUIdn2cm98bng9DVZzLk085vr37zqX9HGMZ49f9oaqpKTd1+7r8rJCjRP91Lo2q+s6dMZjrs8qDF96fun566jn1kk7Kr36eunLq69vcY35XH5unntcPT5YVzJnS4nqH\/lJPn31+BpN11CWV\/tN\/SpfFEvzUvnk8Zvn8ljmCZ3G7yCpWnXWOKuGCiudjq\/yq\/pF\/aK8SBalmi9jaAyqUvK0JMlSXpSPylJKKSnKVX6Tv8ufpYv0LE\/lg7I+ZZGVsKZvX\/m8Kkvp\/SGXrLRyVS7KqyLx7UawlP4czzj\/AV4\/ZIwX4UPUAAAAAElFTkSuQmCC);\" srcset=\"https:\/\/www.ankarsrum.com\/img-srv\/fZfDCMlEND2wCB5oDRybGlvPkkmw_KCpgKr2zeR01X8\/resizing_type:auto\/width:0\/height:0\/gravity:sm\/enlarge:1\/ext:webp\/strip_metadata:1\/quality:90\/cachebuster:filesize-206076\/bG9jYWw6Ly8vd3d3LmFua2Fyc3J1bS5jb20vd3AtY29udGVudC91cGxvYWRzL3NpdGVzLzExLzIwMjQvMDQvcnVzdGljLW1hcm9vbi13YWxudXQtd2ViLmpwZw.webp 1024w\" sizes=\"(max-width: 1024px) 100vw, 1024px\" qala-img-proxy-processed=\"processed\" \/>\n\n<\/picture>\t\t\t\n\t\t\t\t\t\t\n\t\t\t\t\t\t\t<div\n\t\t\t\t\tclass=\"overlay\"\n\t\t\t\t\tstyle=\"opacity:40%; background:#000000;\"\n\t\t\t\t><\/div>\n\t\t\t\n\t\t<\/div>\n\t<\/div>\n<\/div>\n\n\n\n<div style=\"height:32px\" aria-hidden=\"true\" class=\"wp-block-spacer\"><\/div>\n\n\n\n<div class=\"wp-block-columns alignwide is-layout-flex wp-container-core-columns-is-layout-28f84493 wp-block-columns-is-layout-flex\">\n<div class=\"wp-block-column is-layout-flow wp-block-column-is-layout-flow\" style=\"flex-basis:25%\"><\/div>\n\n\n\n<div class=\"wp-block-column is-layout-flow wp-block-column-is-layout-flow\" style=\"flex-basis:50%\">\n<h2 class=\"wp-block-heading has-text-align-center\" id=\"h-spontanansokan\">Spontanans\u00f6kan<\/h2>\n\n\n\n<p>Vill du vara med och sprida bak och matgl\u00e4dje? vad kul f\u00f6r det jobbar vi med varje dag! Just nu s\u00f6ker vi efter en praktikant till v\u00e5r avdelning f\u00f6r marknad och kommunikation, \u00e4r detta inget f\u00f6r dig f\u00e5r du g\u00e4rna maila en spontanans\u00f6kan till oss: <a href=\"mailto:info@ankarsrum.com\">info@ankarsrum.com<\/a><br><br>F\u00f6r att ta reda p\u00e5 mer om Ankarsrum, f\u00f6lj oss g\u00e4rna p\u00e5 <a href=\"https:\/\/www.linkedin.com\/company\/22347607\/\">Linkedin.<\/a><\/p>\n<\/div>\n\n\n\n<div class=\"wp-block-column is-layout-flow wp-block-column-is-layout-flow\" style=\"flex-basis:25%\"><\/div>\n<\/div>\n\n\n\n<div class=\"wp-block-columns alignwide is-layout-flex wp-container-core-columns-is-layout-28f84493 wp-block-columns-is-layout-flex\">\n<div class=\"wp-block-column is-layout-flow wp-block-column-is-layout-flow\">\n<div style=\"height:30px\" aria-hidden=\"true\" class=\"wp-block-spacer\"><\/div>\n\n\n\n<div class=\"wp-block-cover alignfull is-light\" style=\"min-height:364px;aspect-ratio:unset;\"><img loading=\"lazy\" decoding=\"async\" width=\"1702\" height=\"630\" class=\"wp-block-cover__image-background wp-image-46893 size-full\" alt=\"\" src=\"https:\/\/www.ankarsrum.com\/se\/wp-content\/uploads\/sites\/11\/2024\/03\/namnlos-design-19.jpg\" data-object-fit=\"cover\" srcset=\"https:\/\/www.ankarsrum.com\/se\/wp-content\/uploads\/sites\/11\/2024\/03\/namnlos-design-19.jpg 1702w, https:\/\/www.ankarsrum.com\/se\/wp-content\/uploads\/sites\/11\/2024\/03\/namnlos-design-19-300x111.jpg 300w, https:\/\/www.ankarsrum.com\/se\/wp-content\/uploads\/sites\/11\/2024\/03\/namnlos-design-19-1024x379.jpg 1024w, https:\/\/www.ankarsrum.com\/se\/wp-content\/uploads\/sites\/11\/2024\/03\/namnlos-design-19-768x284.jpg 768w, https:\/\/www.ankarsrum.com\/se\/wp-content\/uploads\/sites\/11\/2024\/03\/namnlos-design-19-1536x569.jpg 1536w, https:\/\/www.ankarsrum.com\/se\/wp-content\/uploads\/sites\/11\/2024\/03\/namnlos-design-19-266x98.jpg 266w, https:\/\/www.ankarsrum.com\/se\/wp-content\/uploads\/sites\/11\/2024\/03\/namnlos-design-19-720x267.jpg 720w, https:\/\/www.ankarsrum.com\/se\/wp-content\/uploads\/sites\/11\/2024\/03\/namnlos-design-19-580x215.jpg 580w\" sizes=\"(max-width: 1702px) 100vw, 1702px\" \/><span aria-hidden=\"true\" class=\"wp-block-cover__background has-primary-500-background-color has-background-dim-40 has-background-dim\"><\/span><div class=\"wp-block-cover__inner-container is-layout-flow wp-block-cover-is-layout-flow\">\n<h2 class=\"wp-block-heading has-text-align-center\" id=\"h-ankarsrum-kitchen-ab-soker-en-konstruktor\">Ankarsrum Kitchen AB s\u00f6ker en Konstrukt\u00f6r\u00a0<\/h2>\n\n\n\n<p class=\"has-text-align-center\"><strong>Var med och utveckla framtidens k\u00f6ksprodukter!<\/strong><\/p>\n\n\n\n<div class=\"wp-block-buttons is-horizontal is-content-justification-center is-layout-flex wp-container-core-buttons-is-layout-03627597 wp-block-buttons-is-layout-flex\">\n<div class=\"wp-block-button wp-block-button\"><a class=\"wp-block-button__link wp-element-button\" href=\"https:\/\/quadruped.se\/rekryteringar\/konstruktor\/\">L\u00e4s mer om tj\u00e4nsten h\u00e4r<\/a><\/div>\n<\/div>\n<\/div><\/div>\n\n\n\n<div class=\"wp-block-cover alignfull is-light\" style=\"min-height:364px;aspect-ratio:unset;\"><img loading=\"lazy\" decoding=\"async\" width=\"2048\" height=\"1357\" class=\"wp-block-cover__image-background wp-image-33988\" alt=\"\" src=\"https:\/\/www.ankarsrum.com\/se\/wp-content\/uploads\/sites\/11\/2022\/11\/Ankarsrum-Assistent_Pastry_0013_web.jpg\" style=\"object-position:54% 14%\" data-object-fit=\"cover\" data-object-position=\"54% 14%\" srcset=\"https:\/\/www.ankarsrum.com\/se\/wp-content\/uploads\/sites\/11\/2022\/11\/Ankarsrum-Assistent_Pastry_0013_web.jpg 2048w, https:\/\/www.ankarsrum.com\/se\/wp-content\/uploads\/sites\/11\/2022\/11\/Ankarsrum-Assistent_Pastry_0013_web-300x199.jpg 300w, https:\/\/www.ankarsrum.com\/se\/wp-content\/uploads\/sites\/11\/2022\/11\/Ankarsrum-Assistent_Pastry_0013_web-1024x679.jpg 1024w, https:\/\/www.ankarsrum.com\/se\/wp-content\/uploads\/sites\/11\/2022\/11\/Ankarsrum-Assistent_Pastry_0013_web-768x509.jpg 768w, https:\/\/www.ankarsrum.com\/se\/wp-content\/uploads\/sites\/11\/2022\/11\/Ankarsrum-Assistent_Pastry_0013_web-1536x1018.jpg 1536w, https:\/\/www.ankarsrum.com\/se\/wp-content\/uploads\/sites\/11\/2022\/11\/Ankarsrum-Assistent_Pastry_0013_web-268x178.jpg 268w, https:\/\/www.ankarsrum.com\/se\/wp-content\/uploads\/sites\/11\/2022\/11\/Ankarsrum-Assistent_Pastry_0013_web-720x477.jpg 720w, https:\/\/www.ankarsrum.com\/se\/wp-content\/uploads\/sites\/11\/2022\/11\/Ankarsrum-Assistent_Pastry_0013_web-580x384.jpg 580w\" sizes=\"(max-width: 2048px) 100vw, 2048px\" \/><span aria-hidden=\"true\" class=\"wp-block-cover__background has-background-dim-40 has-background-dim\"><\/span><div class=\"wp-block-cover__inner-container is-layout-flow wp-block-cover-is-layout-flow\">\n<h2 class=\"wp-block-heading has-text-align-center\" id=\"h-att-jobba-pa-ankarsrum-0\">Att jobba p\u00e5 Ankarsrum<\/h2>\n\n\n\n<p class=\"has-text-align-center\">Att jobba p\u00e5 Ankarsrum \u00e4r socialt och fartfyllt.<\/p>\n\n\n\n<div class=\"wp-block-buttons is-horizontal is-content-justification-center is-layout-flex wp-container-core-buttons-is-layout-03627597 wp-block-buttons-is-layout-flex\">\n<div class=\"wp-block-button wp-block-button\"><a class=\"wp-block-button__link wp-element-button\" href=\"https:\/\/www.ankarsrum.com\/se\/jobba-pa-ankarsrum\/\">L\u00e4s mer h\u00e4r<\/a><\/div>\n<\/div>\n<\/div><\/div>\n\n\n\n<p><\/p>\n<\/div>\n<\/div>\n","protected":false},"excerpt":{"rendered":"<p>Ankarsrum Kitchen AB v\u00e4xer. Vill du ocks\u00e5 jobba med en svensktillverkad konsumentprodukt med stor tillv\u00e4xtpotential<\/p>\n","protected":false},"author":23,"featured_media":0,"parent":0,"menu_order":0,"comment_status":"closed","ping_status":"closed","template":"","meta":{"_acf_changed":false,"content-type":"","editor_notices":[],"footnotes":""},"class_list":["post-11762","page","type-page","status-publish","hentry"],"acf":[],"_links":{"self":[{"href":"https:\/\/www.ankarsrum.com\/se\/wp-json\/wp\/v2\/pages\/11762","targetHints":{"allow":["GET"]}}],"collection":[{"href":"https:\/\/www.ankarsrum.com\/se\/wp-json\/wp\/v2\/pages"}],"about":[{"href":"https:\/\/www.ankarsrum.com\/se\/wp-json\/wp\/v2\/types\/page"}],"author":[{"embeddable":true,"href":"https:\/\/www.ankarsrum.com\/se\/wp-json\/wp\/v2\/users\/23"}],"replies":[{"embeddable":true,"href":"https:\/\/www.ankarsrum.com\/se\/wp-json\/wp\/v2\/comments?post=11762"}],"version-history":[{"count":5,"href":"https:\/\/www.ankarsrum.com\/se\/wp-json\/wp\/v2\/pages\/11762\/revisions"}],"predecessor-version":[{"id":75805,"href":"https:\/\/www.ankarsrum.com\/se\/wp-json\/wp\/v2\/pages\/11762\/revisions\/75805"}],"wp:attachment":[{"href":"https:\/\/www.ankarsrum.com\/se\/wp-json\/wp\/v2\/media?parent=11762"}],"curies":[{"name":"wp","href":"https:\/\/api.w.org\/{rel}","templated":true}]}}