{"id":12652,"date":"2020-12-14T10:17:25","date_gmt":"2020-12-14T09:17:25","guid":{"rendered":"https:\/\/www.ankarsrum.com\/se\/?page_id=12652"},"modified":"2025-02-26T09:04:06","modified_gmt":"2025-02-26T08:04:06","slug":"garantiregler","status":"publish","type":"page","link":"https:\/\/www.ankarsrum.com\/se\/garantiregler\/","title":{"rendered":"Garantiregler"},"content":{"rendered":"\n<div style=\"height:50px\" aria-hidden=\"true\" class=\"wp-block-spacer\"><\/div>\n\n\n\n<div class=\"wp-block-columns alignwide is-layout-flex wp-container-core-columns-is-layout-28f84493 wp-block-columns-is-layout-flex\">\n<div class=\"wp-block-column is-layout-flow wp-block-column-is-layout-flow\" style=\"flex-basis:25%\"><\/div>\n\n\n\n<div class=\"wp-block-column is-layout-flow wp-block-column-is-layout-flow\" style=\"flex-basis:50%\">\n<h3 class=\"wp-block-heading has-text-align-center\" id=\"h-7-arig-fabriksgaranti-och-garantiregler-for-ankarsrum-assistent\"><strong>7-\u00e5rig fabriksgaranti och garantiregler f\u00f6r <\/strong>Ankarsrum Assistent:<\/h3>\n\n\n\n<p><strong>Produktregistrering<\/strong>:<br>Genom att registrera din garanti s\u00e4kerst\u00e4ller att du enklare och snabbare kan dra nytta av v\u00e5r omfattande support och service. Skulle n\u00e5got h\u00e4nda med din maskin, s\u00e5 har vi alla uppgifter vi beh\u00f6ver om ditt k\u00f6p.<\/p>\n\n\n\n<p><strong>K\u00f6pbevis<\/strong>:<br>Spara ditt k\u00f6pkvitto eller faktura som bevis p\u00e5 k\u00f6pet. Detta kan komma att kr\u00e4vas f\u00f6r framtida garantianspr\u00e5k.<\/p>\n\n\n\n<p><strong>Personlig information<\/strong>:<br>Ange korrekt och aktuell information, inklusive ditt namn, e-postadress och telefonnummer.<\/p>\n\n\n\n<p><strong>Nyhetsbrev<\/strong>:<br>Genom registreringen kan du \u00e4ven v\u00e4lja att f\u00e5 tillg\u00e5ng till v\u00e5rt exklusiva nyhetsbrev, fyllt med anv\u00e4ndbara tips f\u00f6r att underh\u00e5lla din Ankarsrum och f\u00f6rb\u00e4ttra din anv\u00e4ndarupplevelse. Kom ih\u00e5g att ge ditt samtycke genom att kryssa i den relevanta rutan i formul\u00e4ret f\u00f6r att starta din prenumeration. Kryssar du inte i den s\u00e5 kommer du inte f\u00e5 n\u00e5gra nyhetsbrev fr\u00e5n oss.&nbsp; Du kan n\u00e4r som helst s\u00e4ga upp dig fr\u00e5n v\u00e5rt nyhetsbrev utan att det p\u00e5verkar garantin om du skulle \u00e4ndra dig.<\/p>\n\n\n\n<p><strong>Samtycke f\u00f6r kommunikation:<br><\/strong>Genom att prenumerera p\u00e5 nyhetsbrevet ger du oss till\u00e5telse att kommunicera med dig via e-post ang\u00e5ende produktuppdateringar, kampanjer och relevant information.<\/p>\n\n\n\n<p><strong>Ink\u00f6psst\u00e4lle<br><\/strong>F\u00f6r att vara s\u00e4ker p\u00e5 att du k\u00f6per din produkt fr\u00e5n en auktoriserad \u00e5terf\u00f6rs\u00e4ljare av Ankarsrum, se v\u00e5r lista \u00f6ver auktoriserade <a href=\"https:\/\/www.ankarsrum.com\/se\/aterforsaljare\/\">\u00e5terf\u00f6rs\u00e4ljare h\u00e4r.<\/a> <\/p>\n\n\n\n<p><strong>Omfattning av garantin<\/strong>:<br>Garantin t\u00e4cker maskinen (exklusive rostfria kitteln och andra tillbeh\u00f6r) mot tillverknings- och funktionsfel under normala anv\u00e4ndningsf\u00f6rh\u00e5llanden. Garantin g\u00e4ller endast f\u00f6r maskiner anv\u00e4nda i det egna hush\u00e5llet och n\u00e4r man f\u00f6ljt de instruktioner som finns i bruksanvisningen. Garantin g\u00e4ller endast om du f\u00f6ljer instruktionerna i bruksanvisningen och s\u00e4kerhetsanvisningarna som medf\u00f6ljer apparaten.<\/p>\n\n\n\n<p><strong>Undantag:<\/strong><br>Garantin g\u00e4ller ej f\u00f6r transportskador eller vid felaktig eller ovarsam hantering eller kommersiellt bruk. Maskinen f\u00e5r ej anv\u00e4ndas till annat \u00e4n vad den \u00e4r avsedd f\u00f6r. Fullst\u00e4ndiga sk\u00f6tselr\u00e5d finns i manualen som f\u00f6ljer med vid k\u00f6p.<\/p>\n\n\n\n<p>Ankarsrum Assistent f\u00e5r ej \u00f6ppnas eller p\u00e5 annat s\u00e4tt repareras av n\u00e5gon annan \u00e4n personal fr\u00e5n Ankarsrum eller anvisat servicest\u00e4lle f\u00f6r att garantin ska g\u00e4lla.<\/p>\n\n\n\n<p><strong>Begr\u00e4nsad garantiperiod under speciella omst\u00e4ndigheter<\/strong>:<br>Om apparaten anv\u00e4nds p\u00e5 andra platser \u00e4n i ett hush\u00e5ll, till exempel inom l\u00e4tt industri, p\u00e5 bondg\u00e5rdar eller bed-and-breakfast-lokaler o.s.v., referens IEC 60335 2-14 \u00a71, begr\u00e4nsas garantiperioden till ett (1) \u00e5r.<\/p>\n\n\n\n<p><strong>Behandling av personuppgifter i enlighet med GDPR:<br><\/strong>Vi vill informera dig om att angivna personuppgifter kommer samlas in, behandlas och fyllas manuellt eller elektroniskt, i enlighet med personuppgiftspolicyn som du kan du <a href=\"https:\/\/www.ankarsrum.com\/se\/personuppgiftspolicy\/\">hitta h\u00e4r.<\/a> <\/p>\n\n\n\n<p>Om du \u00e4r under 18 \u00e5r, m\u00e5ste formul\u00e4ret undertecknas av dina f\u00f6r\u00e4ldrar eller f\u00f6rmyndare.<br><br>Genom att f\u00f6lja dessa steg och villkor s\u00e4kerst\u00e4ller du inte bara aktiveringen av din 7-\u00e5riga garanti men ocks\u00e5 tillg\u00e5ng till all support och service som Ankarsrum erbjuder. F\u00f6r fr\u00e5gor eller ytterligare hj\u00e4lp, v\u00e4nligen kontakta v\u00e5r kundtj\u00e4nst. Vi v\u00e4rdes\u00e4tter ditt f\u00f6rtroende i v\u00e5rt varum\u00e4rke och ser fram emot att f\u00f6rs\u00e4kra att din ANKARSRUM\u00ae Assistent Original f\u00f6rblir en central del av ditt k\u00f6k i m\u00e5nga \u00e5r fram\u00f6ver. F\u00f6r ytterligare information och detaljerade instruktioner, bes\u00f6k v\u00e5r sida med <strong><a href=\"https:\/\/www.ankarsrum.com\/se\/support\/\">manualer och instruktionsvideos.<\/a><\/strong><\/p>\n\n\n\n<div class=\"wp-block-buttons is-content-justification-center is-layout-flex wp-container-core-buttons-is-layout-a89b3969 wp-block-buttons-is-layout-flex\">\n<div class=\"wp-block-button wp-block-button\"><a class=\"wp-block-button__link wp-element-button\" href=\"https:\/\/www.ankarsrum.com\/se\/register-your-machine\/\"><strong>Registrera din garanti<\/strong><\/a><\/div>\n<\/div>\n<\/div>\n\n\n\n<div class=\"wp-block-column is-layout-flow wp-block-column-is-layout-flow\" style=\"flex-basis:25%\"><\/div>\n<\/div>\n","protected":false},"excerpt":{"rendered":"<p>7-\u00e5rig fabriksgaranti och garantiregler f\u00f6r. Produktregistrering. Genom att registrera din garanti s\u00e4kerst\u00e4ller att du enklare och snabbare kan dra nytta&hellip;<\/p>\n","protected":false},"author":23,"featured_media":0,"parent":0,"menu_order":0,"comment_status":"closed","ping_status":"closed","template":"","meta":{"_acf_changed":false,"content-type":"","editor_notices":[],"footnotes":""},"class_list":["post-12652","page","type-page","status-publish","hentry"],"acf":[],"_links":{"self":[{"href":"https:\/\/www.ankarsrum.com\/se\/wp-json\/wp\/v2\/pages\/12652","targetHints":{"allow":["GET"]}}],"collection":[{"href":"https:\/\/www.ankarsrum.com\/se\/wp-json\/wp\/v2\/pages"}],"about":[{"href":"https:\/\/www.ankarsrum.com\/se\/wp-json\/wp\/v2\/types\/page"}],"author":[{"embeddable":true,"href":"https:\/\/www.ankarsrum.com\/se\/wp-json\/wp\/v2\/users\/23"}],"replies":[{"embeddable":true,"href":"https:\/\/www.ankarsrum.com\/se\/wp-json\/wp\/v2\/comments?post=12652"}],"version-history":[{"count":5,"href":"https:\/\/www.ankarsrum.com\/se\/wp-json\/wp\/v2\/pages\/12652\/revisions"}],"predecessor-version":[{"id":60414,"href":"https:\/\/www.ankarsrum.com\/se\/wp-json\/wp\/v2\/pages\/12652\/revisions\/60414"}],"wp:attachment":[{"href":"https:\/\/www.ankarsrum.com\/se\/wp-json\/wp\/v2\/media?parent=12652"}],"curies":[{"name":"wp","href":"https:\/\/api.w.org\/{rel}","templated":true}]}}