{"id":1708,"date":"2018-12-28T14:10:55","date_gmt":"2018-12-28T13:10:55","guid":{"rendered":"https:\/\/www.ankarsrum.com\/?page_id=1708"},"modified":"2024-12-11T09:13:50","modified_gmt":"2024-12-11T08:13:50","slug":"register-your-machine","status":"publish","type":"page","link":"https:\/\/www.ankarsrum.com\/se\/register-your-machine\/","title":{"rendered":"Registrera din maskin"},"content":{"rendered":"\n<div class=\"wp-block-cover alignfull is-light\" style=\"min-height:370px;aspect-ratio:unset;\"><span aria-hidden=\"true\" class=\"wp-block-cover__background has-base-900-background-color has-background-dim-40 has-background-dim\"><\/span><img loading=\"lazy\" decoding=\"async\" width=\"1920\" height=\"1280\" class=\"wp-block-cover__image-background wp-image-42241\" alt=\"Vit Ankarsrum k\u00f6ksassistent \" src=\"https:\/\/www.ankarsrum.com\/se\/wp-content\/uploads\/sites\/11\/2023\/09\/ankarsrum-liggande.jpg\" style=\"object-position:56% 51%\" data-object-fit=\"cover\" data-object-position=\"56% 51%\" srcset=\"https:\/\/www.ankarsrum.com\/se\/wp-content\/uploads\/sites\/11\/2023\/09\/ankarsrum-liggande.jpg 1920w, https:\/\/www.ankarsrum.com\/se\/wp-content\/uploads\/sites\/11\/2023\/09\/ankarsrum-liggande-300x200.jpg 300w, https:\/\/www.ankarsrum.com\/se\/wp-content\/uploads\/sites\/11\/2023\/09\/ankarsrum-liggande-1024x683.jpg 1024w, https:\/\/www.ankarsrum.com\/se\/wp-content\/uploads\/sites\/11\/2023\/09\/ankarsrum-liggande-266x178.jpg 266w, https:\/\/www.ankarsrum.com\/se\/wp-content\/uploads\/sites\/11\/2023\/09\/ankarsrum-liggande-768x512.jpg 768w, https:\/\/www.ankarsrum.com\/se\/wp-content\/uploads\/sites\/11\/2023\/09\/ankarsrum-liggande-1536x1024.jpg 1536w, https:\/\/www.ankarsrum.com\/se\/wp-content\/uploads\/sites\/11\/2023\/09\/ankarsrum-liggande-268x178.jpg 268w, https:\/\/www.ankarsrum.com\/se\/wp-content\/uploads\/sites\/11\/2023\/09\/ankarsrum-liggande-720x480.jpg 720w, https:\/\/www.ankarsrum.com\/se\/wp-content\/uploads\/sites\/11\/2023\/09\/ankarsrum-liggande-580x387.jpg 580w\" sizes=\"(max-width: 1920px) 100vw, 1920px\" \/><div class=\"wp-block-cover__inner-container is-layout-flow wp-block-cover-is-layout-flow\">\n<h1 class=\"wp-block-heading has-text-align-center\" id=\"h-registrera-din-ankarsrum-garanti\"><strong>Registrera din Ankarsrum garanti<\/strong><\/h1>\n\n\n\n<div class=\"wp-block-columns is-layout-flex wp-container-core-columns-is-layout-28f84493 wp-block-columns-is-layout-flex\">\n<div class=\"wp-block-column is-layout-flow wp-block-column-is-layout-flow\" style=\"flex-basis:25%\"><\/div>\n\n\n\n<div class=\"wp-block-column is-layout-flow wp-block-column-is-layout-flow\" style=\"flex-basis:50%\">\n<p class=\"has-text-align-center\">Ankarsrum st\u00e5r inte bara f\u00f6r svensk design och kvalitet sedan 1940, utan erbjuder \u00e4ven en av marknadens mest gener\u00f6sa garantier. Med v\u00e5r 7-\u00e5riga fabriksgaranti f\u00e5r du trygghet och p\u00e5litlighet. Nu ger vi dig m\u00f6jligheten att ytterligare s\u00e4kra din investering genom att registrera din maskin. Det \u00e4r enkelt \u2013 anv\u00e4nd bara ditt kvitto och fyll i de n\u00f6dv\u00e4ndiga uppgifterna nedan. Genom att registrera din maskin s\u00e4kerst\u00e4ller du att din ANKARSRUM\u00ae Assistent Original forts\u00e4tter att vara en tillf\u00f6rlitlig del av ditt k\u00f6k \u00e5r efter \u00e5r.<\/p>\n<\/div>\n\n\n\n<div class=\"wp-block-column is-layout-flow wp-block-column-is-layout-flow\" style=\"flex-basis:25%\"><\/div>\n<\/div>\n<\/div><\/div>\n\n\n\n<div style=\"height:69px\" aria-hidden=\"true\" class=\"wp-block-spacer\"><\/div>\n\n\n\n<div class=\"wp-block-columns alignwide is-layout-flex wp-container-core-columns-is-layout-28f84493 wp-block-columns-is-layout-flex\">\n<div class=\"wp-block-column is-layout-flow wp-block-column-is-layout-flow\" style=\"flex-basis:25%\"><\/div>\n\n\n\n<div class=\"wp-block-column is-layout-flow wp-block-column-is-layout-flow\" style=\"flex-basis:50%\">\n<div class=\"wp-block-leadin-hubspot-form-block\">\n\t\t\t\t\t\t<script>\n\t\t\t\t\t\t\twindow.hsFormsOnReady = window.hsFormsOnReady || [];\n\t\t\t\t\t\t\twindow.hsFormsOnReady.push(()=>{\n\t\t\t\t\t\t\t\thbspt.forms.create({\n\t\t\t\t\t\t\t\t\tportalId: 145411780,\n\t\t\t\t\t\t\t\t\tformId: \"af3068ec-e7a3-429d-9cb0-71bde1da476b\",\n\t\t\t\t\t\t\t\t\ttarget: \"#hbspt-form-1775435240000-6436168074\",\n\t\t\t\t\t\t\t\t\tregion: \"eu1\",\n\t\t\t\t\t\t\t\t\t\n\t\t\t\t\t\t\t})});\n\t\t\t\t\t\t<\/script>\n\t\t\t\t\t\t<div class=\"hbspt-form\" id=\"hbspt-form-1775435240000-6436168074\"><\/div><\/div>\n<\/div>\n\n\n\n<div class=\"wp-block-column is-layout-flow wp-block-column-is-layout-flow\" style=\"flex-basis:25%\"><\/div>\n<\/div>\n","protected":false},"excerpt":{"rendered":"<p>Registrera din Ankarsrum garanti. Ankarsrum st\u00e5r inte bara f\u00f6r svensk design och kvalitet sedan 1940 utan erbjuder \u00e4ven en av&hellip;<\/p>\n","protected":false},"author":21,"featured_media":4649,"parent":0,"menu_order":0,"comment_status":"closed","ping_status":"closed","template":"","meta":{"_acf_changed":false,"content-type":"","editor_notices":[],"footnotes":""},"class_list":["post-1708","page","type-page","status-publish","has-post-thumbnail","hentry"],"acf":[],"_links":{"self":[{"href":"https:\/\/www.ankarsrum.com\/se\/wp-json\/wp\/v2\/pages\/1708","targetHints":{"allow":["GET"]}}],"collection":[{"href":"https:\/\/www.ankarsrum.com\/se\/wp-json\/wp\/v2\/pages"}],"about":[{"href":"https:\/\/www.ankarsrum.com\/se\/wp-json\/wp\/v2\/types\/page"}],"author":[{"embeddable":true,"href":"https:\/\/www.ankarsrum.com\/se\/wp-json\/wp\/v2\/users\/21"}],"replies":[{"embeddable":true,"href":"https:\/\/www.ankarsrum.com\/se\/wp-json\/wp\/v2\/comments?post=1708"}],"version-history":[{"count":5,"href":"https:\/\/www.ankarsrum.com\/se\/wp-json\/wp\/v2\/pages\/1708\/revisions"}],"predecessor-version":[{"id":58155,"href":"https:\/\/www.ankarsrum.com\/se\/wp-json\/wp\/v2\/pages\/1708\/revisions\/58155"}],"wp:featuredmedia":[{"embeddable":true,"href":"https:\/\/www.ankarsrum.com\/se\/wp-json\/wp\/v2\/media\/4649"}],"wp:attachment":[{"href":"https:\/\/www.ankarsrum.com\/se\/wp-json\/wp\/v2\/media?parent=1708"}],"curies":[{"name":"wp","href":"https:\/\/api.w.org\/{rel}","templated":true}]}}