{"id":18669,"date":"2021-05-18T16:18:59","date_gmt":"2021-05-18T14:18:59","guid":{"rendered":"https:\/\/www.ankarsrum.com\/se\/?page_id=18669"},"modified":"2025-10-22T14:24:56","modified_gmt":"2025-10-22T12:24:56","slug":"kopvillkor","status":"publish","type":"page","link":"https:\/\/www.ankarsrum.com\/se\/kopvillkor\/","title":{"rendered":"K\u00f6pvillkor"},"content":{"rendered":"<h1 style=\"text-align: center;\">V\u00e5ra villkor<\/h1>\r\n&nbsp;\r\n\r\n<strong>Om Ankarsrum Kitchen AB<\/strong>\r\nAnkarsrum Kitchen AB (Ankarsrum Kitchen) producerar, marknadsf\u00f6r, s\u00e4ljer och distribuerar k\u00f6ksmaskinen Ankarsrum\u00ae Assistent Original\u00ae samt dess tillbeh\u00f6r.\r\n\r\nVid k\u00f6p som g\u00f6rs via <a href=\"http:\/\/www.ankarsrum.com\/se\">www.ankarsrum.com\/se<\/a> eller <a href=\"http:\/\/www.ankarsrum.com\/fi\">www.ankarsrum.com\/fi<\/a> ing\u00e5s k\u00f6peavtalet med Ankarsrum Kitchen.\r\n\r\nAnkarsrum Kitchen AB\r\nLysingsv\u00e4gen 18\r\nSE-593 53 V\u00e4stervik\r\nSweden\r\n\r\nOrganisationsnummer: 556757-6300\r\n\r\n<strong>Kundservice<\/strong>\r\nTelefon:+46 (0) 490-52 000\r\nE-post:\u00a0<a href=\"mailto:info@ankarsrum.com\">info@ankarsrum.com<\/a>\r\nVid post till Ankarsrum Kitchens Kundservice, m\u00e4rk kuverten med \u201cKundservice\u201d.\r\n\r\n<strong>Allm\u00e4nt<\/strong>\r\nDessa k\u00f6pevillkor g\u00e4ller n\u00e4r du som konsument (privatperson) g\u00f6r en best\u00e4llning fr\u00e5n Ankarsrum Kitchens e-handel p\u00e5 <a href=\"http:\/\/www.ankarsrum.com\/se\">www.ankarsrum.com\/se<\/a> och <a href=\"http:\/\/www.ankarsrum.com\/fi\">www.ankarsrum.com\/fi<\/a>. Avtal mellan dig och Ankarsrum Kitchen om leverans av dina best\u00e4llda produkter tr\u00e4ffas n\u00e4r du f\u00e5r en leveransbekr\u00e4ftelse.\r\n\r\nF\u00f6r att handla p\u00e5 Ankarsrum Kitchens e-handel ska du ha fyllt 18 \u00e5r, inte st\u00e5 under f\u00f6rmyndarskap och i \u00f6vrigt ha kapacitet att ing\u00e5 avtal. Om du \u00e4r under 18 \u00e5r m\u00e5ste du ha m\u00e5lsmans tillst\u00e5nd att best\u00e4lla fr\u00e5n oss.\r\n\r\nVi reserverar oss f\u00f6r eventuella leveransf\u00f6rseningar och slutf\u00f6rs\u00e4ljningar. Vidare reserverar vi oss f\u00f6r tekniska fel, tryckfel och felskrivningar. Vi f\u00f6rbeh\u00e5ller oss r\u00e4tten att justera eventuella fel i prisinformationen innan best\u00e4llningen \u00e4r behandlad, och av uppenbara felangivelser i prisinformation efter att best\u00e4llningen \u00e4r behandlad.\r\n\r\nF\u00f6r n\u00e4rmare information om hur Ankarsrum Kitchen hanterar och behandlar dina personuppgifter, se Ankarsrum Kitchens Integritetspolicy.\r\n\r\n<strong>Leveranser och best\u00e4llning<\/strong>\r\nVi erbjuder fri frakt p\u00e5 alla best\u00e4llningar \u00f6ver 500 kr. Gratis frakt erbjuds tillsammans med DHL och levereras till ett ombud n\u00e4ra dig.\r\n\r\nV\u00e5ra leveransalternativ omfattar ombudsleverans till n\u00e4rmaste DHL eller Postnord Utl\u00e4mningsst\u00e4lle, samt hemleverans med Postnord. Du v\u00e4ljer sj\u00e4lv i kassan det alternativ som passar dig b\u00e4st. Aktuella fraktkostnader visas i webbkassan. Ankarsrum Kitchen har paketutl\u00e4mning vid lagret i Ankarsrum Vid best\u00e4llning i v\u00e5r webbshop kan du v\u00e4lja alternativet \u201cH\u00e4mta i Ankarsrum\u201d, vi kommer d\u00e5 att kontakta dig och meddela dig n\u00e4r du kan h\u00e4mta ut dina produkter. Vi har ingen direktf\u00f6rs\u00e4ljning i anslutning till lagret, varf\u00f6r alla best\u00e4llningar m\u00e5ste ske i f\u00f6rv\u00e4g.\r\n\r\nBes\u00f6ksadress till lagret \u00e4r:\r\nAnkarsrum Kitchen AB\r\nLysingsv\u00e4gen 18\r\nSE-593 53 V\u00e4stervik\r\nSweden\r\n\r\nSkador som uppst\u00e5tt under transport m\u00e5ste anm\u00e4las omg\u00e5ende till Ankarsrum Kitchen, senast 7 dagar efter att f\u00f6rs\u00e4ndelsen mottagits av mottagaren.\r\n\r\n<strong>Ej uth\u00e4mtade paket<\/strong>\r\nDitt paket ligger kvar p\u00e5 utl\u00e4mningsst\u00e4llet olika l\u00e4nge beroende p\u00e5 respektive leverant\u00f6rs best\u00e4mmelser, d\u00e4refter skickas det tillbaka till lagret i Ankarsrum. Har du betalat din order men ej h\u00e4mtat ut den, kommer du automatiskt krediteras summan p\u00e5 produkten\/produkterna (men ej f\u00f6r fraktkostnaden) n\u00e4r vi hanterat din leverans.\r\n\r\nOrder som inte h\u00e4mtats ut fr\u00e5n ombud eller som ej kan levereras debiteras med en avgift f\u00f6r att t\u00e4cka v\u00e5ra kostnader. Avgiften f\u00f6r ombudsf\u00f6rs\u00e4ndelser \u00e4r 175 kr och f\u00f6r hemleveranser 300 kr.\r\n\r\n<strong>Force Majeure<\/strong>\r\nAnkarsrum Kitchen AB \u00e4r inte skyldig att fullg\u00f6ra k\u00f6pet om det f\u00f6religger ett hinder som bolaget inte kan \u00f6vervinna eller fullg\u00f6relsen skulle f\u00f6ruts\u00e4tta uppoffringar som inte \u00e4r rimliga med h\u00e4nsyn till kundens intresse av att Ankarsrum Kitchen fullg\u00f6r k\u00f6pet. Kunden har inte heller r\u00e4tt till ers\u00e4ttning f\u00f6r den skada som kunden lider genom Ankarsrum Kitchens dr\u00f6jsm\u00e5l eller fel om dr\u00f6jsm\u00e5let eller felet beror p\u00e5 ett hinder utanf\u00f6r Ankarsrum Kitchens kontroll som inte sk\u00e4ligen kunde f\u00f6rv\u00e4ntats ha r\u00e4knat med vid k\u00f6pet och vars f\u00f6ljer Ankarsrum Kitchen inte heller sk\u00e4ligen kunde ha undvikit eller \u00f6vervunnit.\r\n\r\n<strong>Orderbekr\u00e4ftelse<\/strong>\r\nN\u00e4r du slutf\u00f6rt en best\u00e4llning s\u00e5 f\u00e5r du en orderbekr\u00e4ftelse med e-post. Om du inte f\u00e5tt en orderbekr\u00e4ftelse, v\u00e4nligen kontrollera att din e-postadress st\u00e4mmer och titta igenom eventuell skr\u00e4ppostl\u00e5da i din epost. Meddela Ankarsrum Kitchens Kundservice s\u00e5 skickar vi bekr\u00e4ftelsen p\u00e5 nytt.\r\n\r\n<strong>\u00d6ppet k\u00f6p<\/strong>\r\nAnkarsrum Kitchen erbjuder 30 dagars \u00f6ppet k\u00f6p med fri frakt. Det inneb\u00e4r att du som konsument har m\u00f6jlighet att \u00e5ngra ditt k\u00f6p under hela trettio (30) dagar.\r\n\r\nF\u00f6r att anm\u00e4la en retur bes\u00f6ker du v\u00e5r\u00a0<a href=\"https:\/\/www.ankarsrum.com\/se\/returns\/\">retursida<\/a>\u00a0och fyller i den beg\u00e4rda informationen.\r\n\r\nAnkarsrum Kitchen st\u00e5r f\u00f6r returfraktkostnaden. Du som kund ansvarar f\u00f6r att varan skickas tillbaka i samma skick som du mottog den, nyskick och komplett med emballage och originalkartong. Avsteg fr\u00e5n detta kan komma att inneb\u00e4ra avdrag p\u00e5 k\u00f6peskillingen f\u00f6r skador som uppkommit i frakten, reng\u00f6ring eller saknade delar.\r\nI \u00f6vrigt g\u00e4ller villkoren som \u00e5ngerr\u00e4tten stipulerar.\r\n\r\n<strong>\u00c5ngerr\u00e4tt<\/strong>\r\nDu som konsument (privatperson) har fjorton (14) dagars \u00e5ngerr\u00e4tt enligt Lag (2005:59) om distansavtal och avtal utanf\u00f6r aff\u00e4rslokaler. \u00c5ngerperioden r\u00e4knas fr\u00e5n det datum d\u00e5 du mottog dina varor.\r\n\r\nF\u00f6r att nyttja din \u00e5ngerr\u00e4tt beh\u00f6ver du kontakta Ankarsrum Kitchen muntligen eller skriftligen inom fjorton (14) dagar fr\u00e5n dess att du mottagit din produkt. Detta skall g\u00f6ras via telefonnummer +46 (0) 490-52 000 eller epost,\u00a0<a href=\"mailto:info@ankarsrum.com\">info@ankarsrum.com<\/a>.\r\n\r\nOm du v\u00e4ljer att \u00e5ngra ditt k\u00f6p ska produkten skickas till Ankarsrum Kitchen AB inom fjorton (14) dagar r\u00e4knat fr\u00e5n det datum du meddelade Ankarsrum Kitchen att du \u00e5ngrar dig. Du f\u00e5r din \u00e5terbetalning senast fjorton (14) dagar efter att vi blev informerade om ditt beslut att \u00e5ngra best\u00e4llningen. Vi har r\u00e4tt att avvakta med \u00e5terbetalningen till dess att vi har mottagit varorna. Vi \u00e5terbetalar via samma betalmetod som k\u00f6pet ursprungligen gjordes.\r\n\r\nAnkarsrum Kitchen AB ansvarar inte f\u00f6r varan under den tid som den skickas tillbaka till Ankarsrum Kitchen fr\u00e5n kund med anledning av \u00e5ngerr\u00e4tt. Var noga med att paketera varan\/varorna omsorgsfullt och skicka tillbaka som ett paket. Beh\u00e5ll s\u00e4ndningsnummer tills att du blivit \u00e5terbetald eller kontaktad.\r\n\r\nVaran m\u00e5ste \u00e5terl\u00e4mnas med originalf\u00f6rpackning samt i samma skick som du mottog den, Ankarsrum Kitchen AB har r\u00e4tt att debitera kostnader f\u00f6r att \u00e5terst\u00e4lla produkter till originalskick.\r\n\r\n<strong>Reklamation<\/strong>\r\nVarje maskin genomg\u00e5r en kvalitetskontroll innan den skickas till dig som konsument. Skulle varan trots detta \u00e4nd\u00e5 vara trasig eller felaktig n\u00e4r den anl\u00e4nder har du som privatkund (ej f\u00f6retag) tre (3) \u00e5rs reklamationsr\u00e4tt p\u00e5 ursprungliga fel fr\u00e5n den dag du k\u00f6pt produkten. Du som \u00f6nskar g\u00f6ra g\u00e4llande fel i best\u00e4lld vara skall s\u00e5 snart som m\u00f6jligt efter att felet uppt\u00e4ckts kontakta Ankarsrum Kitchens kundservice, se kontaktuppgifter:\r\n\r\nAnkarsrum Kitchen AB\r\nLysingsv\u00e4gen 18\r\nSE-593 53 V\u00e4stervik\r\nSweden\r\n\r\nTelefon: +46 (0) 490-52 000\r\nE-post:\u00a0<a href=\"mailto:info@ankarsrum.com\">info@ankarsrum.com<\/a>\r\n\r\nUnder presumtionstiden p\u00e5 tjugofyra (24) m\u00e5nader ligger bevisb\u00f6rdan p\u00e5 att bevisa att produkten omfattas av ett ursprungligt fel p\u00e5 Ankarsrum Kitchen. Efter presumtionstiden till dess att reklamationsr\u00e4tten l\u00f6per ut tre (3) \u00e5r efter k\u00f6p ligger bevisb\u00f6rdan p\u00e5 konsumenten.\r\n\r\n<strong>K\u00f6p via distribut\u00f6rer\r\n<\/strong>Om du \u00f6nskar reklamera eller returnera n\u00e5gon av v\u00e5ra produkter som du k\u00f6pt via n\u00e5gon av v\u00e5ra distribut\u00f6rer ska du v\u00e4nda dig till den aktuella distribut\u00f6ren med din retur eller reklamation. Information om vilken distribut\u00f6r som \u00e4r aktuell f\u00f6r ditt k\u00f6p framg\u00e5r av din orderbekr\u00e4ftelse och du kan \u00e4ven se en \u00f6versikt av v\u00e5ra distribut\u00f6rer h\u00e4r <a href=\"https:\/\/www.ankarsrum.com\/distributors\/\">https:\/\/www.ankarsrum.com\/distributors\/<\/a>.\r\n\r\nAnkarsrum Kitchen hanterar ej reklamationer eller returer som avser produkter som inte k\u00f6pts direkt av oss via <a href=\"http:\/\/www.ankarsrum.com\/se\">www.ankarsrum.com\/se<\/a> eller <u>www.ankarsrum.com\/fi<\/u>.\r\n\r\nVid reklamation eller retur till n\u00e5gon av v\u00e5ra distribut\u00f6rer g\u00e4ller samma reklamationsfrist och tid f\u00f6r \u00f6ppet k\u00f6p som vid k\u00f6p av produkter direkt av oss. Du som privatkund har 30 dagars \u00f6ppet k\u00f6p och tre \u00e5rs reklamationsr\u00e4tt p\u00e5 ursprungliga fel fr\u00e5n det datum som du har k\u00f6pt produkten av distribut\u00f6r, om inte annat f\u00f6ljer av nationell lagstiftning.\r\n\r\n<strong>Garantiregler<\/strong>\r\nMaskinmodell AKM6230 med 1500 watts motor har sju (7) \u00e5rs fabriksgaranti som omfattar maskinen exklusive den rostfria kitteln och alla \u00f6vriga tillbeh\u00f6r. \u00c4ldre modeller omfattas av fem (5) \u00e5rs fabriksgaranti som omfattar maskinen exklusive den rostfria kitteln och \u00f6vriga tillbeh\u00f6r.\r\n\r\nGarantin g\u00e4ller endast f\u00f6r maskiner anv\u00e4nda i det egna hush\u00e5llet och n\u00e4r man f\u00f6ljt de instruktioner som finns i bruksanvisningen. Garantin g\u00e4ller ej f\u00f6r transportskador eller vid felaktig eller ovarsam hantering eller kommersiellt bruk. Garantin g\u00e4ller inte heller vid felaktig sk\u00f6tsel. Maskinen f\u00e5r ej anv\u00e4ndas till annat \u00e4n vad den \u00e4r avsedd f\u00f6r. Maskinen f\u00e5r ej \u00f6ppnas eller p\u00e5 annat s\u00e4tt repareras av n\u00e5gon annan \u00e4n personal fr\u00e5n Ankarsrum Kitchen eller anvisat servicest\u00e4lle f\u00f6r att garantin ska g\u00e4lla.\r\n\r\nOm apparaten anv\u00e4nds p\u00e5 andra platser \u00e4n i ett hush\u00e5ll, till exempel inom l\u00e4tt industri, p\u00e5 bondg\u00e5rdar eller bed-and-breakfast-lokaler o.s.v., referens IEC 60335 2-14 \u00a71, begr\u00e4nsas garantiperioden till ett (1) \u00e5r. Garantin g\u00e4ller endast om du f\u00f6ljer instruktionerna i bruksanvisningen och s\u00e4kerhetsanvisningarna som medf\u00f6ljer apparaten.\r\n\r\n<strong>Kostnader vid garanti och reklamation<\/strong>\r\nVid godk\u00e4nd reklamation bekostar Ankarsrum Kitchen kostnaden f\u00f6r returfrakt. Om reklamationen inte \u00e4r giltig eller om du ut\u00f6var din \u00e5ngerr\u00e4tt betalar du sj\u00e4lv kostnaden f\u00f6r returfrakten.\r\n\r\nProdukter som konstateras som felfria vid h\u00e4vdande av garanti eller reklamation debiteras med frakt och fels\u00f6kningsavgift om totalt 875 kr.\r\n\r\n<strong>Betalning och priser<\/strong>\r\n<strong>\r\n<em>S\u00e4ker betalning<\/em><\/strong>\r\nAtt handla p\u00e5 Ankarsrum Kitchens e-handel \u00e4r s\u00e4kert och enkelt. Du v\u00e4ljer mellan fakturabetalning (Klarna), delbetalning (Klarna Konto), eller kortbetalning d\u00e4r ditt bank- eller kreditkort \u00e4r anslutet till Visa eller Mastercard\/Eurocard. Mer information om de olika betalningsalternativen finns under respektive rubrik nedan.\r\n\r\n<strong><em>Kortbetalning<\/em><\/strong>\r\nDu som har ett bank- eller kreditkort anslutet till Visa och Mastercard kan betala genom ditt kontokort. N\u00e4r du v\u00e4ljer detta betalningsalternativ reserveras beloppet p\u00e5 ditt kontokort vid din best\u00e4llning och betalning genomf\u00f6rs f\u00f6rst n\u00e4r varorna skickas till dig.\r\n\r\n<strong><em>Faktura<\/em><\/strong>\r\nFakturan skickas via mail fr\u00e5n Klarna. Fakturan \u00f6verl\u00e5ts till v\u00e5r samarbetspartner, Klarna AB, som g\u00f6r en f\u00f6renklad kreditpr\u00f6vning utan k\u00e4nnedomskopia. Vid fakturabetalning sker leverans av best\u00e4llda varor till folkbokf\u00f6rd adress. F\u00f6r Klarnas villkor om faktura som betalningsalternativ, <a href=\"https:\/\/www.klarna.com\/se\/villkor\/\">klicka h\u00e4r<\/a>.\r\n\r\n<strong><em>Delbetalning (Klarna konto)<\/em><\/strong>\r\nOm du v\u00e4ljer delbetalning som betalningsalternativ, v\u00e4ljer du sj\u00e4lv varje m\u00e5nad hur mycket du vill betala. Delbetalning hanteras av v\u00e5r samarbetspartner, Klarna AB. Leverans av delbetalda varor sker endast till folkbokf\u00f6rd adress. F\u00f6r Klarnas villkor om delbetalning som betalningsalternativ, <a href=\"https:\/\/www.klarna.com\/se\/villkor\/\">klicka h\u00e4r<\/a>.\r\n\r\n<strong><em>Presentkort<\/em><\/strong>\r\nPresentkort \u00e4r giltigt i Ankarsrums butik online (ankarsrum.com). Presentkortet laddas vid k\u00f6p och g\u00e4ller i 1 \u00e5r fr\u00e5n utf\u00e4rdande dag. Stulet eller borttappat kort ers\u00e4tts ej, och kortet kan ej l\u00f6sas in mot kontanter. Vid betalning med presentkortet anv\u00e4nds enbart den valuta som kortet laddats med.\r\n\r\n<strong><em>Priser<\/em><\/strong>\r\nAlla priser p\u00e5 <a href=\"http:\/\/www.ankarsrum.com\/se\">www.ankarsrum.com\/se<\/a> anges i svenska kronor och inkluderar moms, momsen redovisas p\u00e5 orderbekr\u00e4ftelsen\/ kvittot.\r\n\r\nF\u00f6r k\u00f6p hos n\u00e5gon av v\u00e5ra Distribut\u00f6rer h\u00e4nvisas du till information om priser och valuta till respektive Distribut\u00f6rs hemsida.\r\n\r\n<strong>\u00c4ndring \/ Avbest\u00e4llning<\/strong>\r\nF\u00f6r att \u00e4ndra eller makulera en best\u00e4llning, kontakta Ankarsrum Kitchen snarast via\u00a0order@ankarsrum.com\u00a0eller via telefon +46 (0) 490-52 000. Se till att h\u00e4nvisa till ditt ordernummer. Vi reserverar oss r\u00e4tten att neka en beg\u00e4ran om \u00e4ndring eller avbest\u00e4llning.\r\n\r\n<strong>Produktinformation och bilder<\/strong>\r\n\u00c4r du os\u00e4ker p\u00e5 n\u00e5gon produkt v\u00e4nligen kontakta Kundservice f\u00f6r mer information.\r\n\r\nAllt inneh\u00e5ll p\u00e5 www.ankarsrum.com \u00e4gs av Ankarsrum Kitchen. Informationen \u00e4r skyddad genom bland annat immaterialr\u00e4ttsliga och marknadsr\u00e4ttsliga lagar. Detta inneb\u00e4r att varum\u00e4rken, firmanamn, produktnamn, bilder och grafik, design, layout samt information om produkter, tj\u00e4nster och annat inneh\u00e5ll inte f\u00e5r kopieras eller anv\u00e4ndas utan f\u00f6reg\u00e5ende skriftligt medgivande fr\u00e5n Ankarsrum Kitchen AB.\r\n\r\n<strong>Till\u00e4mplig lag och tvist<\/strong>\r\nTvister ska l\u00f6sas antingen av Allm\u00e4nna Reklamationsn\u00e4mnden eller European Comission Online Dispute Resolution, eller sista hand allm\u00e4n domstol.\r\n\r\nDessa villkor ska tolkas i enlighet med svensk lag.\r\n\r\n<strong><em>Allm\u00e4nna Reklamationsn\u00e4mnden<\/em><\/strong>\r\nwww.arn.se\r\nBox 174\r\n101 23 Stockholm\r\n\r\n<em>EU Tvistel\u00f6sning Online, ODR\r\n<\/em>Det finns en europeisk plattform f\u00f6r tvistl\u00f6sning online som tillhandah\u00e5lls av EU-kommissionen f\u00f6r att g\u00f6ra internethandeln s\u00e4krare och r\u00e4ttvisare. Om du finns i EU, Norge, Island eller Liechtenstein kan du som konsument anv\u00e4nda plattformen f\u00f6r att hitta den b\u00e4sta l\u00f6sningen p\u00e5 ditt konsumentproblem, f\u00f6r att diskutera en l\u00f6sning p\u00e5 ditt problem direkt med oss eller f\u00f6r att godta ett tvistl\u00f6sningsorgan som ska handl\u00e4gga ditt \u00e4rende.\r\n\r\nPlattformen f\u00f6r tvistl\u00f6sning online \u00e4r inte knuten till Ankarsrum Kitchen. Du kan anv\u00e4nda plattformen f\u00f6r tvistl\u00f6sning online p\u00e5 alla EU-spr\u00e5k, isl\u00e4ndska och norska. Mer information om EU ODR hittar du h\u00e4r: <u>http:\/\/ec.europa.eu\/consumers\/odr<\/u>\r\n\r\n<strong>\r\n\u00c4ndringar av k\u00f6pvillkor<\/strong>\r\nAnkarsrum Kitchen f\u00f6rbeh\u00e5ller sig r\u00e4tten att vidta \u00e4ndringar av k\u00f6pevillkoren. \u00c4ndringar av k\u00f6pevillkoren kommer att informeras p\u00e5 www.ankarsrum.com\/se. De vid var tid g\u00e4llande villkor finns tillg\u00e4ngliga p\u00e5 <a href=\"https:\/\/www.ankarsrum.com\/se\/kopvillkor\/\">https:\/\/www.ankarsrum.com\/se\/kopvillkor\/<\/a>\r\n\r\n<strong>Ankarsrum Kitchens Kundservice<\/strong>\r\nDet g\u00e5r bra att kontakta Ankarsrum Kitchens Kundservice ang\u00e5ende fr\u00e5gor eller annat som r\u00f6r bolagets k\u00f6pevillkor, om du vill ha r\u00e5dgivning kring produktval kan du ocks\u00e5 kontakta oss. Kontaktuppgifter till Kundservice finns nedan.\r\nTelefon:+46 (0) 490-52 000\r\nE-post:\u00a0<a href=\"mailto:info@ankarsrum.com\">info@ankarsrum.com<\/a>\r\n\r\n***\r\n<em>K\u00f6pevillkoren fastst\u00e4lldes av Ankarsrum Kitchen AB den 26 September 2024.<\/em>","protected":false},"excerpt":{"rendered":"<p>V\u00e5ra villkor. Om Ankarsrum Kitchen AB. www.ankarsrum.com\/se. www.ankarsrum.com\/fi. Kundservice. <\/p>\n","protected":false},"author":23,"featured_media":0,"parent":0,"menu_order":0,"comment_status":"closed","ping_status":"closed","template":"template-header-spacer.php","meta":{"_acf_changed":false,"content-type":"","editor_notices":[],"footnotes":""},"class_list":["post-18669","page","type-page","status-publish","hentry"],"acf":[],"_links":{"self":[{"href":"https:\/\/www.ankarsrum.com\/se\/wp-json\/wp\/v2\/pages\/18669","targetHints":{"allow":["GET"]}}],"collection":[{"href":"https:\/\/www.ankarsrum.com\/se\/wp-json\/wp\/v2\/pages"}],"about":[{"href":"https:\/\/www.ankarsrum.com\/se\/wp-json\/wp\/v2\/types\/page"}],"author":[{"embeddable":true,"href":"https:\/\/www.ankarsrum.com\/se\/wp-json\/wp\/v2\/users\/23"}],"replies":[{"embeddable":true,"href":"https:\/\/www.ankarsrum.com\/se\/wp-json\/wp\/v2\/comments?post=18669"}],"version-history":[{"count":7,"href":"https:\/\/www.ankarsrum.com\/se\/wp-json\/wp\/v2\/pages\/18669\/revisions"}],"predecessor-version":[{"id":67251,"href":"https:\/\/www.ankarsrum.com\/se\/wp-json\/wp\/v2\/pages\/18669\/revisions\/67251"}],"wp:attachment":[{"href":"https:\/\/www.ankarsrum.com\/se\/wp-json\/wp\/v2\/media?parent=18669"}],"curies":[{"name":"wp","href":"https:\/\/api.w.org\/{rel}","templated":true}]}}