{"id":21358,"date":"2023-05-24T08:20:26","date_gmt":"2023-05-24T06:20:26","guid":{"rendered":"https:\/\/www.ankarsrum.com\/se\/?page_id=21358"},"modified":"2023-05-24T08:25:54","modified_gmt":"2023-05-24T06:25:54","slug":"presenttips","status":"publish","type":"page","link":"https:\/\/www.ankarsrum.com\/se\/presenttips\/","title":{"rendered":"Presenttips"},"content":{"rendered":"\n\n<div class=\"wp-block-qala-blocks-hero alignwide content-position__left content-align__center has-media-first-mobile has-media-full-mobile alignwide  wp-block-qala-blocks-hero\">\n\t<div\n\t\tclass=\"wp-block-qala-blocks-hero__wrapper \"\n\t\tstyle=\" \"\n\t\t>\n\n\t\t\t\t<div\n\t\t\tclass=\"wp-block-qala-blocks-hero__content \"\n\t\t\tdata-width=\"50%\"\n\t\t\tstyle=\" width:50%;  text-align:left;\"\n\t\t\t>\n\t\t\t\t\t\t\t\n\n<h5 class=\"wp-block-qala-blocks-hero__subheading wp-block-heading\"><\/h5>\n\n\n\n<h1 class=\"wp-block-qala-blocks-hero__heading wp-block-heading\"><strong>Presenttips f\u00f6r alla tillf\u00e4llen&nbsp;<\/strong><\/h1>\n\n\n\n<p class=\"wp-block-qala-blocks-hero__text\">Om du letar efter en present till n\u00e5gon som \u00e4lskar att baka eller laga mat rekommenderar vi v\u00e5ra produkter fr\u00e5n Ankarsrum. V\u00e5r k\u00f6ksassistent \u00e4r en fantastisk produkt som hj\u00e4lper dig att g\u00f6ra det godaste br\u00f6det, pizzorna och mycket mer! G\u00e5vor f\u00f6r k\u00f6ket, f\u00f6r v\u00e4nner och familj. Letar du efter en g\u00e5va som passar till tillf\u00e4llet? Vare sig det \u00e4r mors dag, fars dag eller ett br\u00f6llop &#8211; vi har allt m\u00f6jligt som \u00e4r bra presenter f\u00f6r matintresserade! V\u00e5r bakpl\u00e5t \u00e4r helt perfekt f\u00f6r att baka br\u00f6d och pizza&nbsp; i vilken ugn eller grill som helst. Vi har ocks\u00e5 tillbeh\u00f6r som v\u00e5r glassmaskin eller mixer som \u00e4r bra komplement till v\u00e5r k\u00f6ksassistent. Vi erbjuder en m\u00e4ngd unika och praktiska k\u00f6ksredskap som garanterat kommer att f\u00e5 kockarna i ditt liv att le.<\/p>\n\n\n\n<div class=\"wp-block-buttons is-layout-flex wp-block-buttons-is-layout-flex\">\n<div class=\"wp-block-button wp-block-qala-blocks-hero__button wp-block-button wp-block-qala-blocks-hero__button\"><a class=\"wp-block-button__link\" href=\"https:\/\/www.ankarsrum.com\/se\/produkt-kategori\/vara-farger\/\">Se sortiment<\/a><\/div>\n<\/div>\n\n\t\t\t\t\t<\/div>\n\n\t\t\t\t<div\n\t\t\tclass=\"wp-block-qala-blocks-hero__media-wrap \"\n\t\t\t\t\t\tstyle=\"\"\n\t\t\t>\n\n\t\t\t\t\t\t\t<picture><source height=\"1024\" width=\"1024\" sizes=\"(max-width: 819px) 100vw, 819px\" srcset=\"https:\/\/www.ankarsrum.com\/img-srv\/AoD0JNK8dM-LNd2TMXQvFOIAcslaHWMF9HdOpiRrAjU\/resizing_type:auto\/width:358\/height:0\/gravity:sm\/enlarge:1\/ext:webp\/strip_metadata:1\/quality:90\/cachebuster:filesize-1790524\/bG9jYWw6Ly8vd3d3LmFua2Fyc3J1bS5jb20vd3AtY29udGVudC91cGxvYWRzL3NpdGVzLzExLzIwMjMvMDUvYW5rYXJzcnVtLTMuanBn.webp 358w, https:\/\/www.ankarsrum.com\/img-srv\/QSJHLdXINRrbUOPT6mJkW5ePk7cv9G2iLvnIikkv0Rc\/resizing_type:auto\/width:614\/height:0\/gravity:sm\/enlarge:1\/ext:webp\/strip_metadata:1\/quality:90\/cachebuster:filesize-1790524\/bG9jYWw6Ly8vd3d3LmFua2Fyc3J1bS5jb20vd3AtY29udGVudC91cGxvYWRzL3NpdGVzLzExLzIwMjMvMDUvYW5rYXJzcnVtLTMuanBn.webp 614w, https:\/\/www.ankarsrum.com\/img-srv\/b_EmHP4dBcQHM-VXaliPZz6YNibDDgm-OTJyMBiwUbQ\/resizing_type:auto\/width:870\/height:0\/gravity:sm\/enlarge:1\/ext:webp\/strip_metadata:1\/quality:90\/cachebuster:filesize-1790524\/bG9jYWw6Ly8vd3d3LmFua2Fyc3J1bS5jb20vd3AtY29udGVudC91cGxvYWRzL3NpdGVzLzExLzIwMjMvMDUvYW5rYXJzcnVtLTMuanBn.webp 870w, https:\/\/www.ankarsrum.com\/img-srv\/jROnwyHjLYfciOBD4E8YWjsHXgncrvCus6XR4fvZ8qI\/resizing_type:auto\/width:1126\/height:0\/gravity:sm\/enlarge:1\/ext:webp\/strip_metadata:1\/quality:90\/cachebuster:filesize-1790524\/bG9jYWw6Ly8vd3d3LmFua2Fyc3J1bS5jb20vd3AtY29udGVudC91cGxvYWRzL3NpdGVzLzExLzIwMjMvMDUvYW5rYXJzcnVtLTMuanBn.webp 1126w, https:\/\/www.ankarsrum.com\/img-srv\/mcxC-M317vn8DCq0IkJcYohr0SISmHTWGue9byDMpbY\/resizing_type:auto\/width:1382\/height:0\/gravity:sm\/enlarge:1\/ext:webp\/strip_metadata:1\/quality:90\/cachebuster:filesize-1790524\/bG9jYWw6Ly8vd3d3LmFua2Fyc3J1bS5jb20vd3AtY29udGVudC91cGxvYWRzL3NpdGVzLzExLzIwMjMvMDUvYW5rYXJzcnVtLTMuanBn.webp 1382w, https:\/\/www.ankarsrum.com\/img-srv\/Cr840LMUhBbPh8FppflESDQDWzwiGRohFKFAqGnm8vU\/resizing_type:auto\/width:1638\/height:0\/gravity:sm\/enlarge:1\/ext:webp\/strip_metadata:1\/quality:90\/cachebuster:filesize-1790524\/bG9jYWw6Ly8vd3d3LmFua2Fyc3J1bS5jb20vd3AtY29udGVudC91cGxvYWRzL3NpdGVzLzExLzIwMjMvMDUvYW5rYXJzcnVtLTMuanBn.webp 1638w, https:\/\/www.ankarsrum.com\/img-srv\/sPa3y2UEPoBzDLbdJ-FWpBqlgGnZR0rQudhxAtEADDA\/resizing_type:auto\/width:1894\/height:0\/gravity:sm\/enlarge:1\/ext:webp\/strip_metadata:1\/quality:90\/cachebuster:filesize-1790524\/bG9jYWw6Ly8vd3d3LmFua2Fyc3J1bS5jb20vd3AtY29udGVudC91cGxvYWRzL3NpdGVzLzExLzIwMjMvMDUvYW5rYXJzcnVtLTMuanBn.webp 1894w, https:\/\/www.ankarsrum.com\/img-srv\/-OfdvfrCuaXVdM22uRZYnQVdG2uoXIGJbJkaImWAw5Y\/resizing_type:auto\/width:2150\/height:0\/gravity:sm\/enlarge:1\/ext:webp\/strip_metadata:1\/quality:90\/cachebuster:filesize-1790524\/bG9jYWw6Ly8vd3d3LmFua2Fyc3J1bS5jb20vd3AtY29udGVudC91cGxvYWRzL3NpdGVzLzExLzIwMjMvMDUvYW5rYXJzcnVtLTMuanBn.webp 2150w, https:\/\/www.ankarsrum.com\/img-srv\/5Ke5AMdKCedPuuYrPEtswCp4mrUU1erYb-A70L0k1Cg\/resizing_type:auto\/width:2406\/height:0\/gravity:sm\/enlarge:1\/ext:webp\/strip_metadata:1\/quality:90\/cachebuster:filesize-1790524\/bG9jYWw6Ly8vd3d3LmFua2Fyc3J1bS5jb20vd3AtY29udGVudC91cGxvYWRzL3NpdGVzLzExLzIwMjMvMDUvYW5rYXJzcnVtLTMuanBn.webp 2406w, https:\/\/www.ankarsrum.com\/img-srv\/n7TqCqX9eB1mbrI_M5sKpLVPqFmHxb5Yal0qi8mdCH4\/resizing_type:auto\/width:2662\/height:0\/gravity:sm\/enlarge:1\/ext:webp\/strip_metadata:1\/quality:90\/cachebuster:filesize-1790524\/bG9jYWw6Ly8vd3d3LmFua2Fyc3J1bS5jb20vd3AtY29udGVudC91cGxvYWRzL3NpdGVzLzExLzIwMjMvMDUvYW5rYXJzcnVtLTMuanBn.webp 2662w, https:\/\/www.ankarsrum.com\/img-srv\/jZizv7zkhREIY3rt8Uuw3av4erAuDsWPnlnmGJ8l1_s\/resizing_type:auto\/width:2918\/height:0\/gravity:sm\/enlarge:1\/ext:webp\/strip_metadata:1\/quality:90\/cachebuster:filesize-1790524\/bG9jYWw6Ly8vd3d3LmFua2Fyc3J1bS5jb20vd3AtY29udGVudC91cGxvYWRzL3NpdGVzLzExLzIwMjMvMDUvYW5rYXJzcnVtLTMuanBn.webp 2918w\" type=\"image\/webp\" ><source height=\"1024\" width=\"1024\" sizes=\"(max-width: 819px) 100vw, 819px\" srcset=\"https:\/\/www.ankarsrum.com\/img-srv\/JXy4SHfwxlYihRbhL7qv9ZvUGzLVRe9swkZqT1rzJY0\/resizing_type:auto\/width:0\/height:1024\/gravity:sm\/enlarge:1\/ext:webp\/strip_metadata:1\/quality:90\/cachebuster:filesize-1790524\/bG9jYWw6Ly8vd3d3LmFua2Fyc3J1bS5jb20vd3AtY29udGVudC91cGxvYWRzL3NpdGVzLzExLzIwMjMvMDUvYW5rYXJzcnVtLTMuanBn.webp 1024w\" type=\"image\/webp\" ><img decoding=\"async\" width=\"819\" height=\"1024\" src=\"https:\/\/www.ankarsrum.com\/img-srv\/JXy4SHfwxlYihRbhL7qv9ZvUGzLVRe9swkZqT1rzJY0\/resizing_type:auto\/width:0\/height:1024\/gravity:sm\/enlarge:1\/ext:webp\/strip_metadata:1\/quality:90\/cachebuster:filesize-1790524\/bG9jYWw6Ly8vd3d3LmFua2Fyc3J1bS5jb20vd3AtY29udGVudC91cGxvYWRzL3NpdGVzLzExLzIwMjMvMDUvYW5rYXJzcnVtLTMuanBn.webp\" class=\"attachment-large size-large wp-image-40105\" alt=\"\" loading=\"lazy\" data-blur-hash=\"LNLD_d~WMwM|peW9R*RP.7EM%LWA\" style=\"background-size: cover; background-origin: content-box; background-repeat: no-repeat; background-image: url(data:image\/png;base64,iVBORw0KGgoAAAANSUhEUgAAABoAAAAgCAIAAACDyf9SAAAACXBIWXMAAA7EAAAOxAGVKw4bAAADWklEQVRIiW2VXa7EvA1DD2Xvf1lF8S3pjkX2Qc5MWjQIAk8ypkn9UPr3P\/9CkqrWqrWrdq0lLVQJdrrdpz+fcz6f8\/mcc9ydNESillapVtWSpA0QEAQyP+aat7xfvT49i5DZHICdREACISHPGpH8z50wz+Q5PIltFaBi40QoiYNmTyDigf5\/WHGCpZGkkFAKO46UgFDkyJIo5Yd2z0h8n7adJCi6Z8mxpI0d6W6SkSOBNNE0xIkTk8SO4wF0o8hYqKiSpJ02YgiCQgsRRQmKmd3YsTM4dnfbDp78qpCQ2OmWFCEUOlJoAFUAg3OxbPfc3cf2cXxDp0iT2WMEdVMVlMUlipKkE3cexLjd7u7uttsxGI02drqRcG7s75crPyFO2rHTPQS7u8855\/SwTc8fUTanI1H1sJt6DKpJeTovrHa3T\/cZwNM+dgcnDtlpS3DJgaaCV5QL51yN7id83af70+d8Tp\/u47Rj4k33FIpGrG6\/UU+TOfST3O6JnUfu53zO35vjsBPTaZ3oilUqqoddcI\/eeOJ3fK4pfM7f6WMf2xsb6SZSTNkhnub6VnEnjjvuTARfiOf8DcH97BICQxGPwdRNsvnW3XTY7bNB7NPnrz9\/pz\/22Yq5rezbVdJTiUo07UpMmpgYN2kyTE\/6pD85f+mzASUS+vnH4GqCgL8vn5u7UKy0cvBH\/uCzb4MR9PgNIQ4VhuCXXQZLRLiw5JILLxwanS1JQCG9EQETPUWd\/IAiXEopS17yLrOs2GRX3Z7SAOsp5K+JXye4xKVIKaUqe+EFC5kFFlslhCQen0HfafBjd3kNVlHFXmSRjaJCrsqqrSVxs6mSJKRoZOcOo3vAj9paeJENViGr0pWsXauGxxAcG3xYvUaXrkGWqGIVWVJUKWu5VrxjttaQ0xUnMQ6bF9C0yaN0LXJtuIpKVXonwfqxu8H6LaK8YviwU1HFGmoMv5U1ZaTL7gX0nd2T4QzWW2xKrAl1RcVaeOyotobd77ooybWF6VzNiYVC5Q4cKKrwGn8Db5XeWBclehRHX7H8CFIP55SqlDUhf8GF61G5U+ed6DcipV81pJQSURDaN6fjw3lCn0TP7OUF9NgCkuoWYg0cCPY3lVfirVuRcH3mvwL7KgExfSQJVQT1H9px\/QjJ6VykAAAAAElFTkSuQmCC);\" srcset=\"https:\/\/www.ankarsrum.com\/img-srv\/JXy4SHfwxlYihRbhL7qv9ZvUGzLVRe9swkZqT1rzJY0\/resizing_type:auto\/width:0\/height:1024\/gravity:sm\/enlarge:1\/ext:webp\/strip_metadata:1\/quality:90\/cachebuster:filesize-1790524\/bG9jYWw6Ly8vd3d3LmFua2Fyc3J1bS5jb20vd3AtY29udGVudC91cGxvYWRzL3NpdGVzLzExLzIwMjMvMDUvYW5rYXJzcnVtLTMuanBn.webp 1024w\" sizes=\"(max-width: 819px) 100vw, 819px\" qala-img-proxy-processed=\"processed\" \/>\n\n<\/picture>\t\t\t\n\t\t\t\t\t\t\n\t\t\t\t\t\t\t<div\n\t\t\t\t\tclass=\"overlay\"\n\t\t\t\t\tstyle=\"opacity:70%; \"\n\t\t\t\t><\/div>\n\t\t\t\n\t\t<\/div>\n\t<\/div>\n<\/div>\n\n\n\n<div style=\"height:28px\" aria-hidden=\"true\" class=\"wp-block-spacer\"><\/div>\n\n\n\n\n<div class=\"wp-block-qala-blocks-hero alignwide content-position__left content-align__center has-media-first-mobile has-media-full-mobile alignwide  wp-block-qala-blocks-hero\">\n\t<div\n\t\tclass=\"wp-block-qala-blocks-hero__wrapper \"\n\t\tstyle=\" \"\n\t\t>\n\n\t\t\t\t<div\n\t\t\tclass=\"wp-block-qala-blocks-hero__content \"\n\t\t\tdata-width=\"50%\"\n\t\t\tstyle=\" width:50%;  text-align:left;\"\n\t\t\t>\n\t\t\t\t\t\t\t\n\n<h5 class=\"wp-block-qala-blocks-hero__subheading wp-block-heading\"><\/h5>\n\n\n\n<h2 class=\"wp-block-qala-blocks-hero__heading wp-block-heading\"><strong>Presenttips som lockar till matlagning&nbsp;<\/strong><\/h2>\n\n\n\n<p class=\"wp-block-qala-blocks-hero__text\">Letar du efter den perfekta presenten till n\u00e5gon som \u00e4lskar att laga mat? Vi erbjuder en m\u00e4ngd unika och praktiska k\u00f6ksredskap som garanterat kommer att ge ett leende p\u00e5 n\u00e5gons ansikte. Oavsett om du letar efter en glassmaskin eller mixer till en redan innevarande Ankarsrum k\u00f6ksassistent,&nbsp; eller till och med baktillbeh\u00f6r har vi precis vad du beh\u00f6ver. Vi \u00e4r \u00f6vertygade om att du kommer att hitta en bra present till mat\u00e4lskarna i ditt liv. Ta en titt p\u00e5 alla v\u00e5ra produkter och ta del av v\u00e5ra tips om hur du f\u00e5r ut det mesta av din g\u00e5va! Vi erbjuder en m\u00e4ngd unika matlagningsverktyg och tillbeh\u00f6r som g\u00f6r matlagningen rolig och enkel.<\/p>\n\n\n\n<div class=\"wp-block-buttons is-layout-flex wp-block-buttons-is-layout-flex\">\n<div class=\"wp-block-button wp-block-qala-blocks-hero__button wp-block-button wp-block-qala-blocks-hero__button\"><a class=\"wp-block-button__link\" href=\"https:\/\/www.ankarsrum.com\/se\/produkt-kategori\/vara-farger\/\">Se sortiment<\/a><\/div>\n<\/div>\n\n\t\t\t\t\t<\/div>\n\n\t\t\t\t<div\n\t\t\tclass=\"wp-block-qala-blocks-hero__media-wrap \"\n\t\t\t\t\t\tstyle=\"\"\n\t\t\t>\n\n\t\t\t\t\t\t\t\t\t\t\n\t\t\t\t\t\t\n\t\t\t\t\t\t\t<div\n\t\t\t\t\tclass=\"overlay\"\n\t\t\t\t\tstyle=\"opacity:70%; \"\n\t\t\t\t><\/div>\n\t\t\t\n\t\t<\/div>\n\t<\/div>\n<\/div>\n","protected":false},"excerpt":{"rendered":"<p>Presenttips f\u00f6r alla tillf\u00e4llen&nbsp;. Om du letar efter en present till n\u00e5gon som \u00e4lskar att baka eller laga mat rekommenderar&hellip;<\/p>\n","protected":false},"author":23,"featured_media":40105,"parent":0,"menu_order":0,"comment_status":"closed","ping_status":"closed","template":"","meta":{"_acf_changed":false,"content-type":"","editor_notices":[],"footnotes":""},"class_list":["post-21358","page","type-page","status-publish","has-post-thumbnail","hentry"],"acf":[],"_links":{"self":[{"href":"https:\/\/www.ankarsrum.com\/se\/wp-json\/wp\/v2\/pages\/21358","targetHints":{"allow":["GET"]}}],"collection":[{"href":"https:\/\/www.ankarsrum.com\/se\/wp-json\/wp\/v2\/pages"}],"about":[{"href":"https:\/\/www.ankarsrum.com\/se\/wp-json\/wp\/v2\/types\/page"}],"author":[{"embeddable":true,"href":"https:\/\/www.ankarsrum.com\/se\/wp-json\/wp\/v2\/users\/23"}],"replies":[{"embeddable":true,"href":"https:\/\/www.ankarsrum.com\/se\/wp-json\/wp\/v2\/comments?post=21358"}],"version-history":[{"count":5,"href":"https:\/\/www.ankarsrum.com\/se\/wp-json\/wp\/v2\/pages\/21358\/revisions"}],"predecessor-version":[{"id":40454,"href":"https:\/\/www.ankarsrum.com\/se\/wp-json\/wp\/v2\/pages\/21358\/revisions\/40454"}],"wp:featuredmedia":[{"embeddable":true,"href":"https:\/\/www.ankarsrum.com\/se\/wp-json\/wp\/v2\/media\/40105"}],"wp:attachment":[{"href":"https:\/\/www.ankarsrum.com\/se\/wp-json\/wp\/v2\/media?parent=21358"}],"curies":[{"name":"wp","href":"https:\/\/api.w.org\/{rel}","templated":true}]}}