{"id":25115,"date":"2021-11-29T11:09:39","date_gmt":"2021-11-29T10:09:39","guid":{"rendered":"https:\/\/www.ankarsrum.com\/se\/?page_id=25115"},"modified":"2022-08-25T09:03:38","modified_gmt":"2022-08-25T07:03:38","slug":"kunskapsbanken","status":"publish","type":"page","link":"https:\/\/www.ankarsrum.com\/se\/kunskapsbanken\/","title":{"rendered":"Kunskapsbanken"},"content":{"rendered":"\n<div class=\"wp-block-group alignfull usp-grid has-grey-mid-background-color has-background\" style=\"padding-top:50px;padding-bottom:50px\"><div class=\"wp-block-group__inner-container is-layout-flow wp-block-group-is-layout-flow\">\n<div class=\"wp-block-columns is-layout-flex wp-container-core-columns-is-layout-28f84493 wp-block-columns-is-layout-flex\">\n<div class=\"wp-block-column is-layout-flow wp-block-column-is-layout-flow\">\n<div class=\"wp-block-group usp-grid-pattern has-light-purple-background-color has-background\" style=\"padding-top:30px;padding-right:30px;padding-bottom:30px;padding-left:30px\"><div class=\"wp-block-group__inner-container is-layout-flow wp-block-group-is-layout-flow\">\n<div class=\"wp-block-columns are-vertically-aligned-center is-layout-flex wp-container-core-columns-is-layout-28f84493 wp-block-columns-is-layout-flex\">\n<div class=\"wp-block-column is-vertically-aligned-center is-layout-flow wp-block-column-is-layout-flow\" style=\"flex-basis:100px\">\n<figure class=\"wp-block-image size-large is-resized is-style-default\"><img loading=\"lazy\" decoding=\"async\" src=\"https:\/\/www.ankarsrum.com\/wp-content\/uploads\/2022\/08\/heart-empty-1.svg\" alt=\"\" class=\"wp-image-10036\" width=\"60\" height=\"60\"\/><\/figure>\n<\/div>\n\n\n\n<div class=\"wp-block-column is-vertically-aligned-center is-layout-flow wp-block-column-is-layout-flow\">\n<h3 class=\"wp-block-heading\"><a href=\"#\"><\/a><a href=\"https:\/\/www.ankarsrum.com\/se\/support\/\"><\/a><a href=\"https:\/\/www.ankarsrum.com\/support\/\"><\/a><a href=\"https:\/\/www.ankarsrum.com\/se\/support\/\"><a href=\"https:\/\/www.ankarsrum.com\/se\/support\/\">Kom ig\u00e5ng med din maskin<\/a><\/a><\/h3>\n\n\n\n<p>Klicka h\u00e4r om du vill l\u00e4ra dig mer om hur du kommer ig\u00e5ng med din maskin. H\u00e4r hittar du v\u00e5r quick guide, master class, instruktionsfilmer och mycket mer!<\/p>\n<\/div>\n<\/div>\n<\/div><\/div>\n<\/div>\n\n\n\n<div class=\"wp-block-column is-layout-flow wp-block-column-is-layout-flow\">\n<div class=\"wp-block-group usp-grid-pattern has-light-purple-background-color has-background\" style=\"padding-top:30px;padding-right:30px;padding-bottom:30px;padding-left:30px\"><div class=\"wp-block-group__inner-container is-layout-flow wp-block-group-is-layout-flow\">\n<div class=\"wp-block-columns are-vertically-aligned-center is-layout-flex wp-container-core-columns-is-layout-28f84493 wp-block-columns-is-layout-flex\">\n<div class=\"wp-block-column is-vertically-aligned-center is-layout-flow wp-block-column-is-layout-flow\" style=\"flex-basis:100px\">\n<figure class=\"wp-block-image size-large is-resized is-style-default\"><img loading=\"lazy\" decoding=\"async\" src=\"https:\/\/www.ankarsrum.com\/wp-content\/uploads\/2022\/08\/lamp-off.svg\" alt=\"\" class=\"wp-image-10037\" width=\"60\" height=\"60\"\/><\/figure>\n<\/div>\n\n\n\n<div class=\"wp-block-column is-vertically-aligned-center is-layout-flow wp-block-column-is-layout-flow\">\n<h3 class=\"wp-block-heading\"><a href=\"#\"><\/a><a href=\"https:\/\/www.ankarsrum.com\/se\/kunskapsbanken\/\"><\/a><a href=\"https:\/\/www.ankarsrum.com\/knowledge-bank\/\"><\/a><a href=\"https:\/\/www.ankarsrum.com\/se\/knowledge-bank\/\"><a href=\"https:\/\/www.ankarsrum.com\/se\/knowledge-bank\/\">L\u00e4r dig lite mer<\/a><\/a><\/h3>\n\n\n\n<p>Klicka h\u00e4r om du vill l\u00e4ra dig mer om bakning, vad du kan g\u00f6ra med din maskin, hitta anv\u00e4ndartips, f\u00f6lja v\u00e5ra nyb\u00f6rjarrecept och mycket mer!<\/p>\n<\/div>\n<\/div>\n<\/div><\/div>\n<\/div>\n<\/div>\n\n\n\n<div class=\"wp-block-columns is-layout-flex wp-container-core-columns-is-layout-28f84493 wp-block-columns-is-layout-flex\">\n<div class=\"wp-block-column is-layout-flow wp-block-column-is-layout-flow\"><\/div>\n\n\n\n<div class=\"wp-block-column is-layout-flow wp-block-column-is-layout-flow\"><\/div>\n<\/div>\n<\/div><\/div>\n","protected":false},"excerpt":{"rendered":"<p>Kom ig\u00e5ng med din maskin Klicka h\u00e4r om du vill l\u00e4ra dig mer om hur du kommer ig\u00e5ng med din&hellip;<\/p>\n","protected":false},"author":23,"featured_media":0,"parent":0,"menu_order":0,"comment_status":"closed","ping_status":"closed","template":"","meta":{"_acf_changed":false,"content-type":"","editor_notices":[],"footnotes":""},"class_list":["post-25115","page","type-page","status-publish","hentry"],"acf":[],"_links":{"self":[{"href":"https:\/\/www.ankarsrum.com\/se\/wp-json\/wp\/v2\/pages\/25115","targetHints":{"allow":["GET"]}}],"collection":[{"href":"https:\/\/www.ankarsrum.com\/se\/wp-json\/wp\/v2\/pages"}],"about":[{"href":"https:\/\/www.ankarsrum.com\/se\/wp-json\/wp\/v2\/types\/page"}],"author":[{"embeddable":true,"href":"https:\/\/www.ankarsrum.com\/se\/wp-json\/wp\/v2\/users\/23"}],"replies":[{"embeddable":true,"href":"https:\/\/www.ankarsrum.com\/se\/wp-json\/wp\/v2\/comments?post=25115"}],"version-history":[{"count":4,"href":"https:\/\/www.ankarsrum.com\/se\/wp-json\/wp\/v2\/pages\/25115\/revisions"}],"predecessor-version":[{"id":31519,"href":"https:\/\/www.ankarsrum.com\/se\/wp-json\/wp\/v2\/pages\/25115\/revisions\/31519"}],"wp:attachment":[{"href":"https:\/\/www.ankarsrum.com\/se\/wp-json\/wp\/v2\/media?parent=25115"}],"curies":[{"name":"wp","href":"https:\/\/api.w.org\/{rel}","templated":true}]}}