{"id":3411,"date":"2019-09-09T08:33:04","date_gmt":"2019-09-09T06:33:04","guid":{"rendered":"https:\/\/www.ankarsrum.com\/se\/?page_id=3411"},"modified":"2019-09-09T12:26:47","modified_gmt":"2019-09-09T10:26:47","slug":"fragor-svar","status":"publish","type":"page","link":"https:\/\/www.ankarsrum.com\/se\/fragor-svar\/","title":{"rendered":"Fr\u00e5gor &amp; svar"},"content":{"rendered":"<p style=\"text-align: center\">Klicka vidare till v\u00e5rt forum. D\u00e4r kan du b\u00e5de hitta svar p\u00e5 tidigare st\u00e4llda fr\u00e5gor och p\u00e5 v\u00e5ra vanligaste fr\u00e5gor och s\u00e5klart st\u00e4lla dina egna fr\u00e5gor till oss.<\/p>\r\n<p style=\"text-align: center\"><a class=\"btn btn-default btn-md \" href=\"https:\/\/forum.ankarsrum.com\/org\/ankarsrum\/\" target=\"_blank\" rel=\"noopener noreferrer\">G\u00c5 TILL V\u00c5RT FORUM F\u00d6R FR\u00c5GOR &amp; SVAR<\/a><\/p>\r\n<img loading=\"lazy\" decoding=\"async\" class=\"wp-image-2941 aligncenter\" src=\"https:\/\/www.ankarsrum.com\/se\/wp-content\/uploads\/sites\/11\/2019\/06\/AKM_baking_header-e1568019987239-300x225.png\" alt=\"Baka med Ankarsrum assistent\" width=\"415\" height=\"311\" srcset=\"https:\/\/www.ankarsrum.com\/se\/wp-content\/uploads\/sites\/11\/2019\/06\/AKM_baking_header-e1568019987239-300x225.png 300w, https:\/\/www.ankarsrum.com\/se\/wp-content\/uploads\/sites\/11\/2019\/06\/AKM_baking_header-e1568019987239-600x450.png 600w, https:\/\/www.ankarsrum.com\/se\/wp-content\/uploads\/sites\/11\/2019\/06\/AKM_baking_header-e1568019987239.png 619w\" sizes=\"(max-width: 415px) 100vw, 415px\" \/>","protected":false},"excerpt":{"rendered":"<p>Klicka vidare till v\u00e5rt forum. D\u00e4r kan du b\u00e5de hitta svar p\u00e5 tidigare st\u00e4llda fr\u00e5gor och p\u00e5 v\u00e5ra vanligaste fr\u00e5gor&hellip;<\/p>\n","protected":false},"author":23,"featured_media":2941,"parent":0,"menu_order":0,"comment_status":"closed","ping_status":"closed","template":"","meta":{"_acf_changed":false,"content-type":"","editor_notices":[],"footnotes":""},"class_list":["post-3411","page","type-page","status-publish","has-post-thumbnail","hentry"],"acf":[],"_links":{"self":[{"href":"https:\/\/www.ankarsrum.com\/se\/wp-json\/wp\/v2\/pages\/3411","targetHints":{"allow":["GET"]}}],"collection":[{"href":"https:\/\/www.ankarsrum.com\/se\/wp-json\/wp\/v2\/pages"}],"about":[{"href":"https:\/\/www.ankarsrum.com\/se\/wp-json\/wp\/v2\/types\/page"}],"author":[{"embeddable":true,"href":"https:\/\/www.ankarsrum.com\/se\/wp-json\/wp\/v2\/users\/23"}],"replies":[{"embeddable":true,"href":"https:\/\/www.ankarsrum.com\/se\/wp-json\/wp\/v2\/comments?post=3411"}],"version-history":[{"count":5,"href":"https:\/\/www.ankarsrum.com\/se\/wp-json\/wp\/v2\/pages\/3411\/revisions"}],"predecessor-version":[{"id":3417,"href":"https:\/\/www.ankarsrum.com\/se\/wp-json\/wp\/v2\/pages\/3411\/revisions\/3417"}],"wp:featuredmedia":[{"embeddable":true,"href":"https:\/\/www.ankarsrum.com\/se\/wp-json\/wp\/v2\/media\/2941"}],"wp:attachment":[{"href":"https:\/\/www.ankarsrum.com\/se\/wp-json\/wp\/v2\/media?parent=3411"}],"curies":[{"name":"wp","href":"https:\/\/api.w.org\/{rel}","templated":true}]}}