{"id":3598,"date":"2019-09-18T09:35:03","date_gmt":"2019-09-18T07:35:03","guid":{"rendered":"https:\/\/www.ankarsrum.com\/se\/?page_id=3598"},"modified":"2024-04-23T10:50:40","modified_gmt":"2024-04-23T08:50:40","slug":"hallbarhet-ankarsrum","status":"publish","type":"page","link":"https:\/\/www.ankarsrum.com\/se\/hallbarhet-ankarsrum\/","title":{"rendered":"H\u00e5llbarhet"},"content":{"rendered":"\n\n<div class=\"wp-block-qala-blocks-hero alignfull content-position__center content-align__center has-image-bg has-image-cover has-media-first-mobile has-media-full-mobile alignfull  wp-block-qala-blocks-hero\">\n\t<div\n\t\tclass=\"wp-block-qala-blocks-hero__wrapper \"\n\t\tstyle=\"min-height:40vh; \"\n\t\t>\n\n\t\t\t\t\t<div\n\t\t\t\tclass=\"wp-block-qala-blocks-hero__image-bg\"\n\t\t\t\t>\n\t\t\t\t<picture><source height=\"2560\" width=\"1920\" sizes=\"(max-width: 1920px) 100vw, 1920px\" srcset=\"https:\/\/www.ankarsrum.com\/img-srv\/hSGVxgGT_aireIiyJFot48WG9Dk5kzMwV9IQNZAM3d8\/resizing_type:auto\/width:192\/height:0\/gravity:sm\/enlarge:1\/ext:webp\/strip_metadata:1\/quality:90\/cachebuster:filesize-413472\/bG9jYWw6Ly8vd3d3LmFua2Fyc3J1bS5jb20vd3AtY29udGVudC91cGxvYWRzL3NpdGVzLzExLzIwMjMvMTIvcDEzODUyNzktc2NhbGVkLmpwZw.webp 192w, https:\/\/www.ankarsrum.com\/img-srv\/pnGtD5anmYUeINcsHuhvbbmoJTlzxhsU_z_NqEdV7YQ\/resizing_type:auto\/width:672\/height:0\/gravity:sm\/enlarge:1\/ext:webp\/strip_metadata:1\/quality:90\/cachebuster:filesize-413472\/bG9jYWw6Ly8vd3d3LmFua2Fyc3J1bS5jb20vd3AtY29udGVudC91cGxvYWRzL3NpdGVzLzExLzIwMjMvMTIvcDEzODUyNzktc2NhbGVkLmpwZw.webp 672w, https:\/\/www.ankarsrum.com\/img-srv\/lckvWJVDSlM2j4vfVjMw_iVyOYU3myX2hQF9r9V1VyY\/resizing_type:auto\/width:1152\/height:0\/gravity:sm\/enlarge:1\/ext:webp\/strip_metadata:1\/quality:90\/cachebuster:filesize-413472\/bG9jYWw6Ly8vd3d3LmFua2Fyc3J1bS5jb20vd3AtY29udGVudC91cGxvYWRzL3NpdGVzLzExLzIwMjMvMTIvcDEzODUyNzktc2NhbGVkLmpwZw.webp 1152w, https:\/\/www.ankarsrum.com\/img-srv\/Bhvg1VHxL4rF4iPy5ibdr0mBE99gM_TvDziN2Caw-oA\/resizing_type:auto\/width:1632\/height:0\/gravity:sm\/enlarge:1\/ext:webp\/strip_metadata:1\/quality:90\/cachebuster:filesize-413472\/bG9jYWw6Ly8vd3d3LmFua2Fyc3J1bS5jb20vd3AtY29udGVudC91cGxvYWRzL3NpdGVzLzExLzIwMjMvMTIvcDEzODUyNzktc2NhbGVkLmpwZw.webp 1632w, https:\/\/www.ankarsrum.com\/img-srv\/lcc0gjLFTT_rhQqwQMSvYnNeFIGxXk3msczejZwB5oM\/resizing_type:auto\/width:2112\/height:0\/gravity:sm\/enlarge:1\/ext:webp\/strip_metadata:1\/quality:90\/cachebuster:filesize-413472\/bG9jYWw6Ly8vd3d3LmFua2Fyc3J1bS5jb20vd3AtY29udGVudC91cGxvYWRzL3NpdGVzLzExLzIwMjMvMTIvcDEzODUyNzktc2NhbGVkLmpwZw.webp 2112w, https:\/\/www.ankarsrum.com\/img-srv\/yBWF5masGKjx_pLP1WzHvyBuXLZ6AKQcj9Nvx0_CS3s\/resizing_type:auto\/width:2592\/height:0\/gravity:sm\/enlarge:1\/ext:webp\/strip_metadata:1\/quality:90\/cachebuster:filesize-413472\/bG9jYWw6Ly8vd3d3LmFua2Fyc3J1bS5jb20vd3AtY29udGVudC91cGxvYWRzL3NpdGVzLzExLzIwMjMvMTIvcDEzODUyNzktc2NhbGVkLmpwZw.webp 2592w, https:\/\/www.ankarsrum.com\/img-srv\/Bsw8fszNrm-yR1oU92YXUXvvYU9gMkKl51OurYwxzec\/resizing_type:auto\/width:3072\/height:0\/gravity:sm\/enlarge:1\/ext:webp\/strip_metadata:1\/quality:90\/cachebuster:filesize-413472\/bG9jYWw6Ly8vd3d3LmFua2Fyc3J1bS5jb20vd3AtY29udGVudC91cGxvYWRzL3NpdGVzLzExLzIwMjMvMTIvcDEzODUyNzktc2NhbGVkLmpwZw.webp 3072w, https:\/\/www.ankarsrum.com\/img-srv\/4KatkBP-FfIeNN7DNvTjLduW0zsZSwLTFmN_sLDsE_c\/resizing_type:auto\/width:3552\/height:0\/gravity:sm\/enlarge:1\/ext:webp\/strip_metadata:1\/quality:90\/cachebuster:filesize-413472\/bG9jYWw6Ly8vd3d3LmFua2Fyc3J1bS5jb20vd3AtY29udGVudC91cGxvYWRzL3NpdGVzLzExLzIwMjMvMTIvcDEzODUyNzktc2NhbGVkLmpwZw.webp 3552w, https:\/\/www.ankarsrum.com\/img-srv\/y2Z_Ml5IWqAhLbm8N4OMhZMMVsRGCNk8cYnKj9J2SnQ\/resizing_type:auto\/width:4032\/height:0\/gravity:sm\/enlarge:1\/ext:webp\/strip_metadata:1\/quality:90\/cachebuster:filesize-413472\/bG9jYWw6Ly8vd3d3LmFua2Fyc3J1bS5jb20vd3AtY29udGVudC91cGxvYWRzL3NpdGVzLzExLzIwMjMvMTIvcDEzODUyNzktc2NhbGVkLmpwZw.webp 4032w, https:\/\/www.ankarsrum.com\/img-srv\/Y4yxm46eaFpZ1fsk81SxyvDzFgAD2ThEx2auEqMFgQ4\/resizing_type:auto\/width:4512\/height:0\/gravity:sm\/enlarge:1\/ext:webp\/strip_metadata:1\/quality:90\/cachebuster:filesize-413472\/bG9jYWw6Ly8vd3d3LmFua2Fyc3J1bS5jb20vd3AtY29udGVudC91cGxvYWRzL3NpdGVzLzExLzIwMjMvMTIvcDEzODUyNzktc2NhbGVkLmpwZw.webp 4512w, https:\/\/www.ankarsrum.com\/img-srv\/UCCRAtwX8s5bhl4NLv9UZ6h43nuQdUFDUFw15UbCKuo\/resizing_type:auto\/width:4992\/height:0\/gravity:sm\/enlarge:1\/ext:webp\/strip_metadata:1\/quality:90\/cachebuster:filesize-413472\/bG9jYWw6Ly8vd3d3LmFua2Fyc3J1bS5jb20vd3AtY29udGVudC91cGxvYWRzL3NpdGVzLzExLzIwMjMvMTIvcDEzODUyNzktc2NhbGVkLmpwZw.webp 4992w, https:\/\/www.ankarsrum.com\/img-srv\/RxwlKfuOhJbagBKNSq1u_wpMzayZD8aAHXcoWenodFY\/resizing_type:auto\/width:5472\/height:0\/gravity:sm\/enlarge:1\/ext:webp\/strip_metadata:1\/quality:90\/cachebuster:filesize-413472\/bG9jYWw6Ly8vd3d3LmFua2Fyc3J1bS5jb20vd3AtY29udGVudC91cGxvYWRzL3NpdGVzLzExLzIwMjMvMTIvcDEzODUyNzktc2NhbGVkLmpwZw.webp 5472w\" type=\"image\/webp\" ><source height=\"2560\" width=\"1920\" sizes=\"(max-width: 1920px) 100vw, 1920px\" srcset=\"https:\/\/www.ankarsrum.com\/img-srv\/4jpk6m1EQ9-ymdw61EKg3YeH_VKbDWxWowHGrNNsqQE\/resizing_type:auto\/width:0\/height:0\/gravity:sm\/enlarge:1\/ext:webp\/strip_metadata:1\/quality:90\/cachebuster:filesize-413472\/bG9jYWw6Ly8vd3d3LmFua2Fyc3J1bS5jb20vd3AtY29udGVudC91cGxvYWRzL3NpdGVzLzExLzIwMjMvMTIvcDEzODUyNzktc2NhbGVkLmpwZw.webp 1920w\" type=\"image\/webp\" ><img fetchpriority=\"high\" decoding=\"async\" width=\"1920\" height=\"2560\" src=\"https:\/\/www.ankarsrum.com\/img-srv\/4jpk6m1EQ9-ymdw61EKg3YeH_VKbDWxWowHGrNNsqQE\/resizing_type:auto\/width:0\/height:0\/gravity:sm\/enlarge:1\/ext:webp\/strip_metadata:1\/quality:90\/cachebuster:filesize-413472\/bG9jYWw6Ly8vd3d3LmFua2Fyc3J1bS5jb20vd3AtY29udGVudC91cGxvYWRzL3NpdGVzLzExLzIwMjMvMTIvcDEzODUyNzktc2NhbGVkLmpwZw.webp\" class=\"attachment-full size-full wp-image-44403\" alt=\"\" loading=\"eager\" data-blur-hash=\"L38NLW00ozE2}@Io%MIU5R%2%1t7\" style=\"background-size: cover; background-origin: content-box; background-repeat: no-repeat; background-image: url(data:image\/png;base64,iVBORw0KGgoAAAANSUhEUgAAABgAAAAgCAIAAACHPC9vAAAACXBIWXMAAA7EAAAOxAGVKw4bAAACsElEQVRIiXWWW5brWAhDtYlTQ+n\/HsCd\/6jC7g84TqrqtteJl59CCIHDn3\/\/IaHqUbM9qgCSaFq77VYjVD0e13Vd1\/Pr6+v5fD6f1\/O6Ho+qqvzvxo8z\/nbvPqhoksTfb3Mv2D17+jvstSiyWEgghJh5P8QJQQ7WXOcd74qagPHQuZ8gHYolbCgOFotzc7vUFTYmcuPAZN5Qew+gfkHcjDohGt3kljarXMWOkylA6vBZ0RiN1GWUw+gmtU+5JSHFQTm8TrKXNkHJ5ph3NGJSd84hULM+VD8ade+rGiUTOjU6kQmxjGHs+oky4VcjLe0clLU2sPXaqrF6b\/p51zmX9tHTu3YbnA+Hrl7Ud5W34jCpxaqBeRduU9lTw8Iflx0nZ6AuNZmmPIwO3jZGIgNDvntonlbBTU3bs91eeCclcpvhzebeq1drRX\/A7M\/vr34mvVxmvy3ScSm97x3dEVcdt29PEd2BNQa8RuE+V9XW1nHETIPPVPbYGFvT04W5euy3KOlBqkUsZsLkE64OkbOacM0QGS\/2ofPSDFoLTlMfP9jIgYixAa4+9VyU9mXTvbWv48\/VeGdX5WbVRYGXkNCmzUtLaRn2SBuEUXzFRg0qtl1Nj0Y1PnslZV5KN91mGn3a16lgEiIdSjsk0tMyV99D6kapSvcjGLpm3o6hHY2SVNvlkJm2u0yNa0leBqV7XFNnNIWDVfNpSGdSCjgjZRk1iaCvNoyEkKqYNJAykU6QSiUzfU6oXL2fiSR5magjUCR9hqWJh4503lzcGX8ZQvoYVvNoTfNOrVKi9GC9P5xliJDoJaewObavrk6NMBQ7sqVO\/Ehgpn1ke+04bcxdGaxtN1oiiGftWPKGmEhjSG\/jtgL+hMh7JZXPBB1h5tuPZ2jm\/BGAO+ZGrp0fbJ+fWTJw\/wElr3CLE9BmNgAAAABJRU5ErkJggg==);\" srcset=\"https:\/\/www.ankarsrum.com\/img-srv\/4jpk6m1EQ9-ymdw61EKg3YeH_VKbDWxWowHGrNNsqQE\/resizing_type:auto\/width:0\/height:0\/gravity:sm\/enlarge:1\/ext:webp\/strip_metadata:1\/quality:90\/cachebuster:filesize-413472\/bG9jYWw6Ly8vd3d3LmFua2Fyc3J1bS5jb20vd3AtY29udGVudC91cGxvYWRzL3NpdGVzLzExLzIwMjMvMTIvcDEzODUyNzktc2NhbGVkLmpwZw.webp 1920w\" sizes=\"(max-width: 1920px) 100vw, 1920px\" qala-img-proxy-processed=\"processed\" \/>\n\n<\/picture>\t\t\t<\/div>\n\t\t\t\t<div\n\t\t\tclass=\"wp-block-qala-blocks-hero__content \"\n\t\t\tdata-width=\"50%\"\n\t\t\tstyle=\"   text-align:center;\"\n\t\t\t>\n\t\t\t\t\t\t\t\n\n<h1 class=\"wp-block-heading title has-white-color has-text-color\" id=\"h-hallbarhet\">H\u00e5llbarhet<\/h1>\n\n\n\n<p class=\"has-white-color has-text-color\">P\u00e5 Ankarsrum arbetar vi med h\u00e5llbarhet fr\u00e5n b\u00f6rjan till slut. N\u00e4r du k\u00f6per en Ankarsrum Assistent Original investerar du i en produkt med l\u00e5ng livsl\u00e4ngd och av h\u00f6g kvalitet. Vi arbetar aktivt f\u00f6r att minska v\u00e5r p\u00e5verkan p\u00e5 milj\u00f6n i s\u00e5 stor utstr\u00e4ckning som m\u00f6jligt i alla delar av verksamheten. Genom val av leverant\u00f6rer och material till produktion och transport. Framf\u00f6rallt arbetar vi f\u00f6r att tillverka en produkt som ska h\u00e5lla l\u00e4nge och kunna anv\u00e4ndas i generationer.<\/p>\n\n\t\t\t\t\t<\/div>\n\n\t\t\t\t<div\n\t\t\tclass=\"wp-block-qala-blocks-hero__media-wrap \"\n\t\t\t\t\t\tstyle=\"\"\n\t\t\t>\n\n\t\t\t\t\t\t\t<picture><source height=\"899\" width=\"1348\" sizes=\"(max-width: 1348px) 100vw, 1348px\" srcset=\"https:\/\/www.ankarsrum.com\/img-srv\/_PPk0lKU9fCRFE4mH_4GbYg_ALh4F4ZscvjDioaD4NM\/resizing_type:auto\/width:472\/height:0\/gravity:sm\/enlarge:1\/ext:webp\/strip_metadata:1\/quality:90\/cachebuster:filesize-992690\/bG9jYWw6Ly8vd3d3LmFua2Fyc3J1bS5jb20vd3AtY29udGVudC91cGxvYWRzL3NpdGVzLzExLzIwMTkvMDEvQW5rYXJzcnVtTW90b3JzNC5qcGc.webp 472w, https:\/\/www.ankarsrum.com\/img-srv\/9imG8Gj0rvuKvON5UK0qkFaAZomAAl1jZiRilk0BfMY\/resizing_type:auto\/width:809\/height:0\/gravity:sm\/enlarge:1\/ext:webp\/strip_metadata:1\/quality:90\/cachebuster:filesize-992690\/bG9jYWw6Ly8vd3d3LmFua2Fyc3J1bS5jb20vd3AtY29udGVudC91cGxvYWRzL3NpdGVzLzExLzIwMTkvMDEvQW5rYXJzcnVtTW90b3JzNC5qcGc.webp 809w, https:\/\/www.ankarsrum.com\/img-srv\/8F1dW3EOlIfNKTMJREUS9qXovC3GsSlv7xySTVxAv_Q\/resizing_type:auto\/width:1146\/height:0\/gravity:sm\/enlarge:1\/ext:webp\/strip_metadata:1\/quality:90\/cachebuster:filesize-992690\/bG9jYWw6Ly8vd3d3LmFua2Fyc3J1bS5jb20vd3AtY29udGVudC91cGxvYWRzL3NpdGVzLzExLzIwMTkvMDEvQW5rYXJzcnVtTW90b3JzNC5qcGc.webp 1146w, https:\/\/www.ankarsrum.com\/img-srv\/6x66x69V8cEikIF_Cmr8dyaxEmaM09wIfnLitRoqznc\/resizing_type:auto\/width:1483\/height:0\/gravity:sm\/enlarge:1\/ext:webp\/strip_metadata:1\/quality:90\/cachebuster:filesize-992690\/bG9jYWw6Ly8vd3d3LmFua2Fyc3J1bS5jb20vd3AtY29udGVudC91cGxvYWRzL3NpdGVzLzExLzIwMTkvMDEvQW5rYXJzcnVtTW90b3JzNC5qcGc.webp 1483w, https:\/\/www.ankarsrum.com\/img-srv\/TWZiApfgaulwNCIk7PYPxoKVmSBPzVGhFiObOg7bI0Q\/resizing_type:auto\/width:1820\/height:0\/gravity:sm\/enlarge:1\/ext:webp\/strip_metadata:1\/quality:90\/cachebuster:filesize-992690\/bG9jYWw6Ly8vd3d3LmFua2Fyc3J1bS5jb20vd3AtY29udGVudC91cGxvYWRzL3NpdGVzLzExLzIwMTkvMDEvQW5rYXJzcnVtTW90b3JzNC5qcGc.webp 1820w, https:\/\/www.ankarsrum.com\/img-srv\/syZ7JKCLT_bxWAOveSyl0t_TqSIW1jcCcx5v245jLjc\/resizing_type:auto\/width:2157\/height:0\/gravity:sm\/enlarge:1\/ext:webp\/strip_metadata:1\/quality:90\/cachebuster:filesize-992690\/bG9jYWw6Ly8vd3d3LmFua2Fyc3J1bS5jb20vd3AtY29udGVudC91cGxvYWRzL3NpdGVzLzExLzIwMTkvMDEvQW5rYXJzcnVtTW90b3JzNC5qcGc.webp 2157w, https:\/\/www.ankarsrum.com\/img-srv\/Mc_nzr-LWDKWw4KgyNU4FkLCBCo7h1Eptls582ye_gM\/resizing_type:auto\/width:2494\/height:0\/gravity:sm\/enlarge:1\/ext:webp\/strip_metadata:1\/quality:90\/cachebuster:filesize-992690\/bG9jYWw6Ly8vd3d3LmFua2Fyc3J1bS5jb20vd3AtY29udGVudC91cGxvYWRzL3NpdGVzLzExLzIwMTkvMDEvQW5rYXJzcnVtTW90b3JzNC5qcGc.webp 2494w, https:\/\/www.ankarsrum.com\/img-srv\/g8svXWYmttRXYPb2kOyEbC1FajlZP6Pu-x23cpCto-o\/resizing_type:auto\/width:2831\/height:0\/gravity:sm\/enlarge:1\/ext:webp\/strip_metadata:1\/quality:90\/cachebuster:filesize-992690\/bG9jYWw6Ly8vd3d3LmFua2Fyc3J1bS5jb20vd3AtY29udGVudC91cGxvYWRzL3NpdGVzLzExLzIwMTkvMDEvQW5rYXJzcnVtTW90b3JzNC5qcGc.webp 2831w, https:\/\/www.ankarsrum.com\/img-srv\/c1XxwElVVE94O4v59uRxPpnHph2nnGalHlCnTUwG_VQ\/resizing_type:auto\/width:3168\/height:0\/gravity:sm\/enlarge:1\/ext:webp\/strip_metadata:1\/quality:90\/cachebuster:filesize-992690\/bG9jYWw6Ly8vd3d3LmFua2Fyc3J1bS5jb20vd3AtY29udGVudC91cGxvYWRzL3NpdGVzLzExLzIwMTkvMDEvQW5rYXJzcnVtTW90b3JzNC5qcGc.webp 3168w, https:\/\/www.ankarsrum.com\/img-srv\/I9PEZ8GBcQhs0r8DrJJrsJWVH5iYkvgHhi4ZVXu0iiY\/resizing_type:auto\/width:3505\/height:0\/gravity:sm\/enlarge:1\/ext:webp\/strip_metadata:1\/quality:90\/cachebuster:filesize-992690\/bG9jYWw6Ly8vd3d3LmFua2Fyc3J1bS5jb20vd3AtY29udGVudC91cGxvYWRzL3NpdGVzLzExLzIwMTkvMDEvQW5rYXJzcnVtTW90b3JzNC5qcGc.webp 3505w, https:\/\/www.ankarsrum.com\/img-srv\/H0r9zl7gjmm_aIJIvh_n1JEGCn2tTrVOZ4WE__RKHrg\/resizing_type:auto\/width:3842\/height:0\/gravity:sm\/enlarge:1\/ext:webp\/strip_metadata:1\/quality:90\/cachebuster:filesize-992690\/bG9jYWw6Ly8vd3d3LmFua2Fyc3J1bS5jb20vd3AtY29udGVudC91cGxvYWRzL3NpdGVzLzExLzIwMTkvMDEvQW5rYXJzcnVtTW90b3JzNC5qcGc.webp 3842w\" type=\"image\/webp\" ><source height=\"899\" width=\"1348\" sizes=\"(max-width: 1348px) 100vw, 1348px\" srcset=\"https:\/\/www.ankarsrum.com\/img-srv\/5nXEMBUn4kCgQ7-vFoB9UEnUt5FQ7t2gU1jO3VToewg\/resizing_type:auto\/width:0\/height:0\/gravity:sm\/enlarge:1\/ext:webp\/strip_metadata:1\/quality:90\/cachebuster:filesize-992690\/bG9jYWw6Ly8vd3d3LmFua2Fyc3J1bS5jb20vd3AtY29udGVudC91cGxvYWRzL3NpdGVzLzExLzIwMTkvMDEvQW5rYXJzcnVtTW90b3JzNC5qcGc.webp 1348w\" type=\"image\/webp\" ><img decoding=\"async\" width=\"1348\" height=\"899\" src=\"https:\/\/www.ankarsrum.com\/img-srv\/5nXEMBUn4kCgQ7-vFoB9UEnUt5FQ7t2gU1jO3VToewg\/resizing_type:auto\/width:0\/height:0\/gravity:sm\/enlarge:1\/ext:webp\/strip_metadata:1\/quality:90\/cachebuster:filesize-992690\/bG9jYWw6Ly8vd3d3LmFua2Fyc3J1bS5jb20vd3AtY29udGVudC91cGxvYWRzL3NpdGVzLzExLzIwMTkvMDEvQW5rYXJzcnVtTW90b3JzNC5qcGc.webp\" class=\"attachment-full size-full wp-image-663\" alt=\"\" loading=\"eager\" data-blur-hash=\"LDDSg%IoM{of~W-:WCbID*t7kC%2\" style=\"background-size: cover; background-origin: content-box; background-repeat: no-repeat; background-image: url(data:image\/png;base64,iVBORw0KGgoAAAANSUhEUgAAACAAAAAVCAIAAACor3u9AAAACXBIWXMAAA7EAAAOxAGVKw4bAAACs0lEQVQ4jWVV0bajOAyTZLd37zzuD8\/7\/u6eM1MKsfbBCdCdlBaaEMmWZeA\/P38CsG24ynZVn1w9S4IgSZGkRInsGRg2qqrKNcYxxjjGcRzH6FGuEgADuE5zEARIfszxtow\/rtlfkvMMkmnbAGDDk+S+oXfNkOcVJsL6MU7IztGSYQDFynLNBGzDhnnCrwRaEF7i4CNnEjRFGjRlOgiKhMxFYHje77llJbLCX2NmfzF4hg+KAgGBULFM2zlq\/Clsw2DFO3GvX9zCMWAIBAkKJMWCi2EZzjGOFegpI09V9D\/tP0L\/tEWrQtqQ5K4pnMc4bipTnSbVJDjluTSDDRAf7mhhDJg0erlvzv3YO3xREm1BEmDJ9M0rpyCn2+xTol68hMVZp9z3fanBkEJxmpWGS5DvariB0Z670uhKe+V5Gjnf+94ySCpFqexwOBCwLRDuLr4T3MBnVqeV1o1N5Xzvb6D1UcRIRZWzXOWKkCyJrDbTVd4u4vpcrQvC8zHSfLltbxKkQoqIocqoyoyqGKWQJHF22KpEK3Q2wlxpRF+OBsDctm35R6HIiCMyjxFrqCmmlS4vnUW5iT5xRZ4zuW1vAGyJpIiIGBGREaHQoiBPltUnN6nvHPcZAPl6NQG7DFJEHAqFMho\/orkVF4+06nmzzc1oOC2Rr9\/besL2zommOPEjQhn9XzGXecl2w+3a2FeZ8vV7XwFMGbGSaezMyIhHxiPndU6mxbEI2rvlj5Hb691WLqOAcje8KHXgj0c+H\/H1yGcfGZWRGY5lr9Xk\/T4c86VYzZTv1wGjjKN8lPfhvXAYljL0fMZfz\/x+Pr6\/Ht9f5VF4ZseKighaLZINl2vUdfS7N4932R7l4\/B21K\/N\/74LAwDxEH7k3z9qfBu2ABFB9lGAIJsmu\/NGE4xxVI0ao6rs\/wDdxdQh52pJrQAAAABJRU5ErkJggg==);\" srcset=\"https:\/\/www.ankarsrum.com\/img-srv\/5nXEMBUn4kCgQ7-vFoB9UEnUt5FQ7t2gU1jO3VToewg\/resizing_type:auto\/width:0\/height:0\/gravity:sm\/enlarge:1\/ext:webp\/strip_metadata:1\/quality:90\/cachebuster:filesize-992690\/bG9jYWw6Ly8vd3d3LmFua2Fyc3J1bS5jb20vd3AtY29udGVudC91cGxvYWRzL3NpdGVzLzExLzIwMTkvMDEvQW5rYXJzcnVtTW90b3JzNC5qcGc.webp 1348w\" sizes=\"(max-width: 1348px) 100vw, 1348px\" qala-img-proxy-processed=\"processed\" \/>\n\n<\/picture>\t\t\t\n\t\t\t\t\t\t\n\t\t\t\t\t\t\t<div\n\t\t\t\t\tclass=\"overlay\"\n\t\t\t\t\tstyle=\"opacity:40%; background:#000000;\"\n\t\t\t\t><\/div>\n\t\t\t\n\t\t<\/div>\n\t<\/div>\n<\/div>\n\n\n\n<div style=\"height:50px\" aria-hidden=\"true\" class=\"wp-block-spacer\"><\/div>\n\n\n\n<div class=\"wp-block-columns alignwide is-layout-flex wp-container-core-columns-is-layout-28f84493 wp-block-columns-is-layout-flex\">\n<div class=\"wp-block-column is-layout-flow wp-block-column-is-layout-flow\" style=\"flex-basis:25%\"><\/div>\n\n\n\n<div class=\"wp-block-column is-layout-flow wp-block-column-is-layout-flow\" style=\"flex-basis:50%\">\n<p><strong>V\u00e5ra produkter<\/strong><\/p>\n\n\n\n<p>Att erbjuda h\u00e5llbara produkter \u00e4r en trygghet f\u00f6r v\u00e5ra kunder och en sj\u00e4lvklarhet f\u00f6r oss. Vi str\u00e4var st\u00e4ndigt efter att b\u00e5de vi och v\u00e5ra kunder kan k\u00e4nna sig trygga i vetskapen att det vi erbjuder har producerats under r\u00e4ttvisa f\u00f6rh\u00e5llanden och med minimal negativ inverkan p\u00e5 milj\u00f6n.<\/p>\n\n\n\n<p>\u00d6verv\u00e4gande del av aluminiumet i v\u00e5ra produkter \u00e4r tillverkade av 100% \u00e5tervunnen aluminium fr\u00e5n Sverige. All plast i v\u00e5ra tillbeh\u00f6r \u00e4r 100% fri fr\u00e5n Bisphenol A.<\/p>\n\n\n\n<p>V\u00e5r f\u00f6rpackning \u00e4r 93% \u00e5tervunnen och producerad av \u00e5tervunnet och f\u00f6rnybart material och best\u00e5r av svensk wellpapp. Klistret till f\u00f6rpackningarna \u00e4r tillverkat av vete- eller majsst\u00e4rkelse och wellpappen kan d\u00e4rf\u00f6r \u00e5tervinnas utan problem.<\/p>\n\n\n\n<p>F\u00f6r att skydda maskinen vid transport anv\u00e4nder vi EPS, Expanded Polystyrene. EPS best\u00e5r av 98% luft och \u00e4r 100% \u00e5tervinningsbart.<\/p>\n\n\n\n<p>Vi arbetar fr\u00e4mst med leverant\u00f6rer i v\u00e5r n\u00e4rregion, vilket minskar antalet transporter. Att arbeta med leverant\u00f6rer i v\u00e5r n\u00e4rhet underl\u00e4ttar ocks\u00e5 att snabbt kunna genomf\u00f6ra f\u00f6r\u00e4ndringar och f\u00f6rb\u00e4ttringar. Vi kan vara effektiva och anta nya tekniker, metoder och material snabbt. Det hj\u00e4lper ocks\u00e5 v\u00e5r produktion att vara s\u00e5 effektiv som m\u00f6jligt i alla led.<\/p>\n\n\n\n<p><strong>Livsl\u00e4ngd<\/strong><\/p>\n\n\n\n<p>Bakom varje Ankarsrum assistent Original ligger ett \u00e4kta hantverk f\u00f6r att skapa en assistent som varar f\u00f6r livet, vilket \u00e4r anledningen till att Ankarsrum har varit en viktig del av det svenska k\u00f6ket i \u00f6ver 80 \u00e5r.<\/p>\n\n\n\n<p>Varje maskin testas individuellt innan de l\u00e4mnar fabriken och h\u00e5ller h\u00f6g kvalitet med 7 \u00e5rs garanti och m\u00e5nga av v\u00e5ra kunder kan bekr\u00e4fta att den kommer att h\u00e5lla betydligt l\u00e4ngre \u00e4n s\u00e5, fr\u00e5n generation till generation.<\/p>\n\n\n\n<p><strong>Svensktillverkad<\/strong><\/p>\n\n\n\n<p>Sen 40-talet har vi tillverkat och monterat v\u00e5ra robusta k\u00f6ksassistenter f\u00f6r hand i Sverige. V\u00e5r anl\u00e4ggning d\u00e4r tillbeh\u00f6r monteras och maskiner packas, drivs av 100% vindkraft och motorproduktionen \u00e4r helautomatiserad och energieffektiv.<\/p>\n\n\n\n<p><strong>Transporter<\/strong><\/p>\n\n\n\n<p>Ankarsrums logistikfl\u00f6de \u00e4r av stor betydelse i v\u00e5rt arbete med att minska milj\u00f6p\u00e5verkan. Vi f\u00f6rs\u00f6ker inte bara att ha s\u00e5 effektiva transporter som m\u00f6jligt n\u00e4r det g\u00e4ller lastkapacitet och utrymmesanv\u00e4ndning, utan ocks\u00e5 att leverera i s\u00e5 stora kvantiteter som m\u00f6jligt till respektive kund f\u00f6r att minska antalet transporter.<\/p>\n\n\n\n<p><strong>Kompatibilitet<\/strong><strong><\/strong><\/p>\n\n\n\n<p>Ankarsrum Assistent Original \u00e4r byggd f\u00f6r att den ska h\u00e5lla. D\u00e4rf\u00f6r jobbar vi med att v\u00e5ra tillbeh\u00f6r ska vara kompatibla med \u00e4ldre assistenter. S\u00e5 \u00e4ven om maskinen \u00e4r fr\u00e5n 1940-talet eller 2020-talet passar majoriteten av v\u00e5ra tillbeh\u00f6r p\u00e5 maskinerna. Det skapar en l\u00e5ng och h\u00e5llbar produktcykel.<\/p>\n\n\n\n<p>L\u00e4s mer om vilka tillbeh\u00f6r som passar till din assistent h\u00e4r<\/p>\n\n\n\n<p><strong>Personal<\/strong><\/p>\n\n\n\n<p>P\u00e5 Ankarsrum str\u00e4var vi efter att h\u00e5llbarhet ska inneb\u00e4ra mer \u00e4n bara effektiva produktionsmetoder och korrekta m\u00e4rkningar. Den sociala h\u00e5llbarheten \u00e4r en grundpelare f\u00f6r oss. Vi har en inkluderande f\u00f6retagskultur d\u00e4r alla \u00e4r v\u00e4lkomna till fikat.<\/p>\n\n\n\n<p>L\u00e4s mer om hur det \u00e4r att jobba p\u00e5 Ankarsrum Kitchen h\u00e4r<\/p>\n\n\n\n<p><strong>Framtid<\/strong><\/p>\n\n\n\n<p>Vi arbetar kontinuerligt f\u00f6r att vara s\u00e5 h\u00e5llbara som m\u00f6jligt; anv\u00e4nder lokala leverant\u00f6rer i st\u00f6rsta m\u00f6jliga m\u00e5n, \u00e5tervunna och f\u00f6rnybara material och optimerar v\u00e5r leveranskedja.<\/p>\n\n\n\n<p class=\"has-text-align-center\"><br>Har du fr\u00e5gor kring v\u00e5rt h\u00e5llbarhetsarbete, kontakta oss: <a href=\"mailto:info@ankarsrum.com\">info@ankarsrum.com<\/a><\/p>\n<\/div>\n\n\n\n<div class=\"wp-block-column is-layout-flow wp-block-column-is-layout-flow\" style=\"flex-basis:25%\"><\/div>\n<\/div>\n","protected":false},"excerpt":{"rendered":"<p>H\u00e5llbarhet. P\u00e5 Ankarsrum arbetar vi med h\u00e5llbarhet fr\u00e5n b\u00f6rjan till slut. N\u00e4r du k\u00f6per en Ankarsrum Assistent Original investerar du&hellip;<\/p>\n","protected":false},"author":23,"featured_media":3599,"parent":0,"menu_order":0,"comment_status":"closed","ping_status":"closed","template":"","meta":{"_acf_changed":false,"content-type":"","editor_notices":[],"footnotes":""},"class_list":["post-3598","page","type-page","status-publish","has-post-thumbnail","hentry"],"acf":[],"_links":{"self":[{"href":"https:\/\/www.ankarsrum.com\/se\/wp-json\/wp\/v2\/pages\/3598","targetHints":{"allow":["GET"]}}],"collection":[{"href":"https:\/\/www.ankarsrum.com\/se\/wp-json\/wp\/v2\/pages"}],"about":[{"href":"https:\/\/www.ankarsrum.com\/se\/wp-json\/wp\/v2\/types\/page"}],"author":[{"embeddable":true,"href":"https:\/\/www.ankarsrum.com\/se\/wp-json\/wp\/v2\/users\/23"}],"replies":[{"embeddable":true,"href":"https:\/\/www.ankarsrum.com\/se\/wp-json\/wp\/v2\/comments?post=3598"}],"version-history":[{"count":5,"href":"https:\/\/www.ankarsrum.com\/se\/wp-json\/wp\/v2\/pages\/3598\/revisions"}],"predecessor-version":[{"id":49252,"href":"https:\/\/www.ankarsrum.com\/se\/wp-json\/wp\/v2\/pages\/3598\/revisions\/49252"}],"wp:featuredmedia":[{"embeddable":true,"href":"https:\/\/www.ankarsrum.com\/se\/wp-json\/wp\/v2\/media\/3599"}],"wp:attachment":[{"href":"https:\/\/www.ankarsrum.com\/se\/wp-json\/wp\/v2\/media?parent=3598"}],"curies":[{"name":"wp","href":"https:\/\/api.w.org\/{rel}","templated":true}]}}