{"id":36062,"date":"2023-01-17T10:26:11","date_gmt":"2023-01-17T09:26:11","guid":{"rendered":"https:\/\/www.ankarsrum.com\/se\/?page_id=36062"},"modified":"2025-10-22T14:25:49","modified_gmt":"2025-10-22T12:25:49","slug":"returns","status":"publish","type":"page","link":"https:\/\/www.ankarsrum.com\/se\/returns\/","title":{"rendered":"\u00d6ppet k\u00f6p"},"content":{"rendered":"\n<p>Vill du \u00e5ngra ditt k\u00f6p? Oroa dig inte, det h\u00e4nder alla n\u00e5gon g\u00e5ng, vi har 30 dagars \u00f6ppet k\u00f6p med fri frakt!<\/p>\n\n\n\n<p>Fyll i formul\u00e4ret h\u00e4r nedanf\u00f6r s\u00e5 \u00e5terkommer vi inom kort med en returfraktsedel till dig. Ange om du vill g\u00f6ra en retur p\u00e5 en produkt eller hela ordern. Vill du \u00e5ngra 2 eller fler produkter i din order, men inte hela, v\u00e4lj i s\u00e5dant fall en av produkterna och specificera i \u00f6vrig information vad du vill skicka tillbaka.<\/p>\n\n\n\n<hr class=\"wp-block-separator\"\/>\n\n\n\n<p><\/p>\n\n\n\n<div class=\"wp-block-columns is-layout-flex wp-container-core-columns-is-layout-28f84493 wp-block-columns-is-layout-flex\">\n<div class=\"wp-block-column is-layout-flow wp-block-column-is-layout-flow\" style=\"flex-basis:50%\">\n<p>Ditt ordernummer har du f\u00e5tt i din orderbekr\u00e4ftelse via epost, men du hittar den ocks\u00e5 p\u00e5 <strong>kartongen<\/strong>:<\/p>\n\n\n\n<figure class=\"wp-block-image size-large\"><img loading=\"lazy\" decoding=\"async\" width=\"539\" height=\"302\" src=\"https:\/\/www.ankarsrum.com\/se\/wp-content\/uploads\/sites\/11\/2023\/01\/image.png\" alt=\"\" class=\"wp-image-36335\" srcset=\"https:\/\/www.ankarsrum.com\/se\/wp-content\/uploads\/sites\/11\/2023\/01\/image.png 539w, https:\/\/www.ankarsrum.com\/se\/wp-content\/uploads\/sites\/11\/2023\/01\/image-300x168.png 300w\" sizes=\"(max-width: 539px) 100vw, 539px\" \/><\/figure>\n\n\n\n<p><\/p>\n\n\n\n<p>Eller p\u00e5 din <strong>f\u00f6ljesedel<\/strong>:<br><\/p>\n\n\n\n<figure class=\"wp-block-image size-large\"><img loading=\"lazy\" decoding=\"async\" width=\"795\" height=\"419\" src=\"https:\/\/www.ankarsrum.com\/se\/wp-content\/uploads\/sites\/11\/2023\/01\/image-2.png\" alt=\"\" class=\"wp-image-36340\" srcset=\"https:\/\/www.ankarsrum.com\/se\/wp-content\/uploads\/sites\/11\/2023\/01\/image-2.png 795w, https:\/\/www.ankarsrum.com\/se\/wp-content\/uploads\/sites\/11\/2023\/01\/image-2-300x158.png 300w, https:\/\/www.ankarsrum.com\/se\/wp-content\/uploads\/sites\/11\/2023\/01\/image-2-768x405.png 768w, https:\/\/www.ankarsrum.com\/se\/wp-content\/uploads\/sites\/11\/2023\/01\/image-2-720x379.png 720w, https:\/\/www.ankarsrum.com\/se\/wp-content\/uploads\/sites\/11\/2023\/01\/image-2-580x306.png 580w\" sizes=\"(max-width: 795px) 100vw, 795px\" \/><\/figure>\n<\/div>\n\n\n\n<div class=\"wp-block-column is-layout-flow wp-block-column-is-layout-flow\" style=\"flex-basis:50%\">\n<div class=\"wp-block-contact-form-7-contact-form-selector\">\n<div class=\"wpcf7 no-js\" id=\"wpcf7-f36220-o1\" lang=\"en-US\" dir=\"ltr\">\n<div class=\"screen-reader-response\"><p role=\"status\" aria-live=\"polite\" aria-atomic=\"true\"><\/p> <ul><\/ul><\/div>\n<form action=\"\/se\/wp-json\/wp\/v2\/pages\/36062#wpcf7-f36220-o1\" method=\"post\" class=\"wpcf7-form init\" aria-label=\"Contact form\" novalidate=\"novalidate\" data-status=\"init\">\n<div style=\"display: none;\">\n<input type=\"hidden\" name=\"_wpcf7\" value=\"36220\" \/>\n<input type=\"hidden\" name=\"_wpcf7_version\" value=\"5.9.8\" \/>\n<input type=\"hidden\" name=\"_wpcf7_locale\" value=\"en_US\" \/>\n<input type=\"hidden\" name=\"_wpcf7_unit_tag\" value=\"wpcf7-f36220-o1\" \/>\n<input type=\"hidden\" name=\"_wpcf7_container_post\" value=\"0\" \/>\n<input type=\"hidden\" name=\"_wpcf7_posted_data_hash\" value=\"\" \/>\n<input type=\"hidden\" name=\"_wpcf7_recaptcha_response\" value=\"\" \/>\n<\/div>\n<p><span class=\"wpcf7-form-control-wrap\" data-name=\"ordernumber\"><input size=\"40\" maxlength=\"400\" class=\"wpcf7-form-control wpcf7-text wpcf7-validates-as-required\" aria-required=\"true\" aria-invalid=\"false\" placeholder=\"Ordernummer*\" value=\"\" type=\"text\" name=\"ordernumber\" \/><\/span>\n<\/p>\n<p><span class=\"wpcf7-form-control-wrap\" data-name=\"item\"><select class=\"wpcf7-form-control wpcf7-select wpcf7-validates-as-required\" aria-required=\"true\" aria-invalid=\"false\" name=\"item\"><option value=\"- V\u00e4lj produkt* -\">- V\u00e4lj produkt* -<\/option><option value=\"Hela ordern\">Hela ordern<\/option><option value=\"Ankarsrum Assistent\">Ankarsrum Assistent<\/option><option value=\"920900067 - Deluxepaket\">920900067 - Deluxepaket<\/option><option value=\"920900071 - Bakst\u00e5l\">920900071 - Bakst\u00e5l<\/option><option value=\"920900026 - Citruspress\">920900026 - Citruspress<\/option><option value=\"920900023 - Dubbelvisp komplett\">920900023 - Dubbelvisp komplett<\/option><option value=\"920900044 - Extra trummor till Gr\u00f6nsakssk\u00e4raren\">920900044 - Extra trummor till Gr\u00f6nsakssk\u00e4raren<\/option><option value=\"920900072 - Glassmaskin komplett\">920900072 - Glassmaskin komplett<\/option><option value=\"920900070 - Go Green-paketet\">920900070 - Go Green-paketet<\/option><option value=\"920900043 - Gr\u00f6nsakssk\u00e4raren\">920900043 - Gr\u00f6nsakssk\u00e4raren<\/option><option value=\"920900057 - K\u00f6ttkvarn Baspaket\">920900057 - K\u00f6ttkvarn Baspaket<\/option><option value=\"920900059 - K\u00f6ttkvarn H\u00f6stl\u00e5da\">920900059 - K\u00f6ttkvarn H\u00f6stl\u00e5da<\/option><option value=\"920900060 - K\u00f6ttkvarn Jaktl\u00e5da\">920900060 - K\u00f6ttkvarn Jaktl\u00e5da<\/option><option value=\"920900058 - K\u00f6ttkvarn Komplett\">920900058 - K\u00f6ttkvarn Komplett<\/option><option value=\"920900066 - Mixer\">920900066 - Mixer<\/option><option value=\"920900045 - Mj\u00f6l- och kaffekvarn\">920900045 - Mj\u00f6l- och kaffekvarn<\/option><option value=\"920900046 - M\u00fcslikvarn\">920900046 - M\u00fcslikvarn<\/option><option value=\"920900064 - Pastavals Fettuccine\">920900064 - Pastavals Fettuccine<\/option><option value=\"920900063 - Pastavals Lasagne\">920900063 - Pastavals Lasagne<\/option><option value=\"920900076 - Pastavals Lasagnette\">920900076 - Pastavals Lasagnette<\/option><option value=\"920900065 - Pastavals Spaghetti\">920900065 - Pastavals Spaghetti<\/option><option value=\"920900078 - Vispsk\u00e5l i rostfritt st\u00e5l\">920900078 - Vispsk\u00e5l i rostfritt st\u00e5l<\/option><option value=\"\u00d6vriga produkter - specificera i &#039;\u00d6vrig information&#039;\">\u00d6vriga produkter - specificera i &#039;\u00d6vrig information&#039;<\/option><\/select><\/span>\n<\/p>\n<p><span class=\"wpcf7-form-control-wrap\" data-name=\"customerName\"><input size=\"40\" maxlength=\"400\" class=\"wpcf7-form-control wpcf7-text wpcf7-validates-as-required\" aria-required=\"true\" aria-invalid=\"false\" placeholder=\"Namn*\" value=\"\" type=\"text\" name=\"customerName\" \/><\/span>\n<\/p>\n<p><span class=\"wpcf7-form-control-wrap\" data-name=\"address1\"><input size=\"40\" maxlength=\"400\" class=\"wpcf7-form-control wpcf7-text wpcf7-validates-as-required\" aria-required=\"true\" aria-invalid=\"false\" placeholder=\"Adress*\" value=\"\" type=\"text\" name=\"address1\" \/><\/span>\n<\/p>\n<p><span class=\"wpcf7-form-control-wrap\" data-name=\"zip\"><input size=\"40\" maxlength=\"400\" class=\"wpcf7-form-control wpcf7-text wpcf7-validates-as-required\" aria-required=\"true\" aria-invalid=\"false\" placeholder=\"Postnummer*\" value=\"\" type=\"text\" name=\"zip\" \/><\/span>\n<\/p>\n<p><span class=\"wpcf7-form-control-wrap\" data-name=\"city\"><input size=\"40\" maxlength=\"400\" class=\"wpcf7-form-control wpcf7-text wpcf7-validates-as-required\" aria-required=\"true\" aria-invalid=\"false\" placeholder=\"Ort*\" value=\"\" type=\"text\" name=\"city\" \/><\/span>\n<\/p>\n<p><span class=\"wpcf7-form-control-wrap\" data-name=\"phone\"><input size=\"40\" maxlength=\"400\" class=\"wpcf7-form-control wpcf7-tel wpcf7-validates-as-required wpcf7-text wpcf7-validates-as-tel\" aria-required=\"true\" aria-invalid=\"false\" placeholder=\"Telefonnummer*\" value=\"\" type=\"tel\" name=\"phone\" \/><\/span>\n<\/p>\n<p><span class=\"wpcf7-form-control-wrap\" data-name=\"email\"><input size=\"40\" maxlength=\"400\" class=\"wpcf7-form-control wpcf7-email wpcf7-validates-as-required wpcf7-text wpcf7-validates-as-email\" aria-required=\"true\" aria-invalid=\"false\" placeholder=\"E-post*\" value=\"\" type=\"email\" name=\"email\" \/><\/span>\n<\/p>\n<p><span class=\"wpcf7-form-control-wrap\" data-name=\"other\"><input size=\"40\" maxlength=\"400\" class=\"wpcf7-form-control wpcf7-text\" aria-invalid=\"false\" placeholder=\"\u00d6vrig information\" value=\"\" type=\"text\" name=\"other\" \/><\/span>\n<\/p>\n<p>Genom att skicka in formul\u00e4ret godk\u00e4nner du v\u00e5ra <a href='https:\/\/www.ankarsrum.com\/se\/retur-reklamation\/'>returvillkor<\/a>*.\n<\/p>\n<p><input class=\"wpcf7-form-control wpcf7-submit has-spinner\" type=\"submit\" value=\"Skicka\" \/>\n<\/p><div class=\"wpcf7-response-output\" aria-hidden=\"true\"><\/div>\n<\/form>\n<\/div>\n<\/div>\n\n\n\n<p><\/p>\n<\/div>\n<\/div>\n","protected":false},"excerpt":{"rendered":"<p>Vill du \u00e5ngra ditt k\u00f6p? Oroa dig inte det h\u00e4nder alla n\u00e5gon g\u00e5ng vi har 30 dagars \u00f6ppet k\u00f6p med&hellip;<\/p>\n","protected":false},"author":23,"featured_media":0,"parent":0,"menu_order":0,"comment_status":"closed","ping_status":"closed","template":"","meta":{"_acf_changed":false,"content-type":"","editor_notices":[],"footnotes":""},"class_list":["post-36062","page","type-page","status-publish","hentry"],"acf":[],"_links":{"self":[{"href":"https:\/\/www.ankarsrum.com\/se\/wp-json\/wp\/v2\/pages\/36062","targetHints":{"allow":["GET"]}}],"collection":[{"href":"https:\/\/www.ankarsrum.com\/se\/wp-json\/wp\/v2\/pages"}],"about":[{"href":"https:\/\/www.ankarsrum.com\/se\/wp-json\/wp\/v2\/types\/page"}],"author":[{"embeddable":true,"href":"https:\/\/www.ankarsrum.com\/se\/wp-json\/wp\/v2\/users\/23"}],"replies":[{"embeddable":true,"href":"https:\/\/www.ankarsrum.com\/se\/wp-json\/wp\/v2\/comments?post=36062"}],"version-history":[{"count":5,"href":"https:\/\/www.ankarsrum.com\/se\/wp-json\/wp\/v2\/pages\/36062\/revisions"}],"predecessor-version":[{"id":36343,"href":"https:\/\/www.ankarsrum.com\/se\/wp-json\/wp\/v2\/pages\/36062\/revisions\/36343"}],"wp:attachment":[{"href":"https:\/\/www.ankarsrum.com\/se\/wp-json\/wp\/v2\/media?parent=36062"}],"curies":[{"name":"wp","href":"https:\/\/api.w.org\/{rel}","templated":true}]}}