{"id":57,"date":"2018-12-04T07:58:00","date_gmt":"2018-12-04T07:58:00","guid":{"rendered":"https:\/\/www.ankarsrum.com.dev.synot.io\/cart\/"},"modified":"2024-12-10T15:03:21","modified_gmt":"2024-12-10T14:03:21","slug":"cart","status":"publish","type":"page","link":"https:\/\/www.ankarsrum.com\/se\/cart\/","title":{"rendered":"Korg"},"content":{"rendered":"<h4 style=\"text-align: center;\">Paket levereras ut till PostNords n\u00e4rmsta service point<\/h4>\r\n<h4 style=\"text-align: center;\"><strong>Kredit- och direktbetalningar via Klarna<\/strong><\/h4>\r\n<h4 style=\"text-align: center;\"><a href=\"https:\/\/www.ankarsrum.com\/se\/kopvillkor\/\"><em>V\u00e5ra k\u00f6pvillkor<\/em><\/a><\/h4>\r\n&nbsp;\r\n\r\n<div class=\"woocommerce\"><div class=\"woocommerce-notices-wrapper\"><\/div><div class=\"wc-empty-cart-message\">\n\t<div class=\"cart-empty woocommerce-info\" role=\"status\">\n\t\tDin varukorg \u00e4r tom\t<\/div>\n<\/div>\t<p class=\"return-to-shop\">\n\t\t<a class=\"button wc-backward\" href=\"https:\/\/www.ankarsrum.com\/se\/shop\/\">\n\t\t\tG\u00e5 tillbaka till butiken\t\t<\/a>\n\t<\/p>\n<\/div>","protected":false},"excerpt":{"rendered":"<p>Paket levereras ut till PostNords n\u00e4rmsta service point. Kredit- och direktbetalningar via Klarna. V\u00e5ra k\u00f6pvillkor&hellip;<\/p>\n","protected":false},"author":21,"featured_media":0,"parent":0,"menu_order":0,"comment_status":"closed","ping_status":"closed","template":"","meta":{"_acf_changed":false,"content-type":"","editor_notices":[],"footnotes":""},"class_list":["post-57","page","type-page","status-publish","hentry"],"acf":[],"_links":{"self":[{"href":"https:\/\/www.ankarsrum.com\/se\/wp-json\/wp\/v2\/pages\/57","targetHints":{"allow":["GET"]}}],"collection":[{"href":"https:\/\/www.ankarsrum.com\/se\/wp-json\/wp\/v2\/pages"}],"about":[{"href":"https:\/\/www.ankarsrum.com\/se\/wp-json\/wp\/v2\/types\/page"}],"author":[{"embeddable":true,"href":"https:\/\/www.ankarsrum.com\/se\/wp-json\/wp\/v2\/users\/21"}],"replies":[{"embeddable":true,"href":"https:\/\/www.ankarsrum.com\/se\/wp-json\/wp\/v2\/comments?post=57"}],"version-history":[{"count":6,"href":"https:\/\/www.ankarsrum.com\/se\/wp-json\/wp\/v2\/pages\/57\/revisions"}],"predecessor-version":[{"id":58092,"href":"https:\/\/www.ankarsrum.com\/se\/wp-json\/wp\/v2\/pages\/57\/revisions\/58092"}],"wp:attachment":[{"href":"https:\/\/www.ankarsrum.com\/se\/wp-json\/wp\/v2\/media?parent=57"}],"curies":[{"name":"wp","href":"https:\/\/api.w.org\/{rel}","templated":true}]}}