{"id":58834,"date":"2024-12-28T12:54:11","date_gmt":"2024-12-28T11:54:11","guid":{"rendered":"https:\/\/www.ankarsrum.com\/se\/?page_id=58834"},"modified":"2025-01-09T11:38:20","modified_gmt":"2025-01-09T10:38:20","slug":"supply-chain-koordinator","status":"publish","type":"page","link":"https:\/\/www.ankarsrum.com\/se\/supply-chain-koordinator\/","title":{"rendered":"Supply Chain-koordinator"},"content":{"rendered":"\n\n<div class=\"wp-block-qala-blocks-hero alignfull content-position__center content-align__center has-image-bg has-image-cover has-media-first-mobile has-media-full-mobile alignfull  wp-block-qala-blocks-hero\">\n\t<div\n\t\tclass=\"wp-block-qala-blocks-hero__wrapper \"\n\t\tstyle=\"min-height:40vh; \"\n\t\t>\n\n\t\t\t\t<div\n\t\t\tclass=\"wp-block-qala-blocks-hero__content \"\n\t\t\tdata-width=\"50%\"\n\t\t\tstyle=\"   text-align:center;\"\n\t\t\t>\n\t\t\t\t\t\t\t\n\n<h5 class=\"wp-block-heading tagline\" id=\"h-\"><\/h5>\n\n\n\n<h1 class=\"wp-block-heading title\" id=\"h-\"><\/h1>\n\n\n\n<p><\/p>\n\n\n\n<div class=\"wp-block-buttons is-content-justification-center is-layout-flex wp-container-core-buttons-is-layout-a89b3969 wp-block-buttons-is-layout-flex\"><\/div>\n\n\t\t\t\t\t<\/div>\n\n\t\t\t\t<div\n\t\t\tclass=\"wp-block-qala-blocks-hero__media-wrap \"\n\t\t\t\t\t\tstyle=\"\"\n\t\t\t>\n\n\t\t\t\t\t\t\t<picture><source height=\"1024\" width=\"1024\" sizes=\"(max-width: 2766px) 100vw, 2766px\" srcset=\"https:\/\/www.ankarsrum.com\/img-srv\/GHmLUN7mdXifiwp3jiDUJEHNRMHhZc665yVWapedfJk\/resizing_type:auto\/width:358\/height:0\/gravity:sm\/enlarge:1\/ext:webp\/strip_metadata:1\/quality:90\/cachebuster:filesize-80732\/bG9jYWw6Ly8vd3d3LmFua2Fyc3J1bS5jb20vd3AtY29udGVudC91cGxvYWRzL3NpdGVzLzExLzIwMjQvMDMvbmFtbmxvcy1kZXNpZ24tMTkuanBn.webp 358w, https:\/\/www.ankarsrum.com\/img-srv\/wxOxmTnz91NO9mbwUIZ6TfhKy9EbtXdUYNGl3FHI0aI\/resizing_type:auto\/width:614\/height:0\/gravity:sm\/enlarge:1\/ext:webp\/strip_metadata:1\/quality:90\/cachebuster:filesize-80732\/bG9jYWw6Ly8vd3d3LmFua2Fyc3J1bS5jb20vd3AtY29udGVudC91cGxvYWRzL3NpdGVzLzExLzIwMjQvMDMvbmFtbmxvcy1kZXNpZ24tMTkuanBn.webp 614w, https:\/\/www.ankarsrum.com\/img-srv\/Hv5YxsvRKNJI7FpKDHf1M0ZI7xT1_eTXlo3aU-61_vk\/resizing_type:auto\/width:870\/height:0\/gravity:sm\/enlarge:1\/ext:webp\/strip_metadata:1\/quality:90\/cachebuster:filesize-80732\/bG9jYWw6Ly8vd3d3LmFua2Fyc3J1bS5jb20vd3AtY29udGVudC91cGxvYWRzL3NpdGVzLzExLzIwMjQvMDMvbmFtbmxvcy1kZXNpZ24tMTkuanBn.webp 870w, https:\/\/www.ankarsrum.com\/img-srv\/3uAaZW69El6tgUjE8aZtqGPARcrDyww58EozgpBvj_g\/resizing_type:auto\/width:1126\/height:0\/gravity:sm\/enlarge:1\/ext:webp\/strip_metadata:1\/quality:90\/cachebuster:filesize-80732\/bG9jYWw6Ly8vd3d3LmFua2Fyc3J1bS5jb20vd3AtY29udGVudC91cGxvYWRzL3NpdGVzLzExLzIwMjQvMDMvbmFtbmxvcy1kZXNpZ24tMTkuanBn.webp 1126w, https:\/\/www.ankarsrum.com\/img-srv\/7U3Vsru0JCZHAxYKBoGixrkqEeBtTIt4UIcTJyVcoeE\/resizing_type:auto\/width:1382\/height:0\/gravity:sm\/enlarge:1\/ext:webp\/strip_metadata:1\/quality:90\/cachebuster:filesize-80732\/bG9jYWw6Ly8vd3d3LmFua2Fyc3J1bS5jb20vd3AtY29udGVudC91cGxvYWRzL3NpdGVzLzExLzIwMjQvMDMvbmFtbmxvcy1kZXNpZ24tMTkuanBn.webp 1382w, https:\/\/www.ankarsrum.com\/img-srv\/11DTseGZRRfljxSv8lf13IO-TwbJNUbBQeHTVB5lQy0\/resizing_type:auto\/width:1638\/height:0\/gravity:sm\/enlarge:1\/ext:webp\/strip_metadata:1\/quality:90\/cachebuster:filesize-80732\/bG9jYWw6Ly8vd3d3LmFua2Fyc3J1bS5jb20vd3AtY29udGVudC91cGxvYWRzL3NpdGVzLzExLzIwMjQvMDMvbmFtbmxvcy1kZXNpZ24tMTkuanBn.webp 1638w, https:\/\/www.ankarsrum.com\/img-srv\/KOEKdRDTbkwiQPunFYSiQLONEqO3cxaPnra5cylDtJs\/resizing_type:auto\/width:1894\/height:0\/gravity:sm\/enlarge:1\/ext:webp\/strip_metadata:1\/quality:90\/cachebuster:filesize-80732\/bG9jYWw6Ly8vd3d3LmFua2Fyc3J1bS5jb20vd3AtY29udGVudC91cGxvYWRzL3NpdGVzLzExLzIwMjQvMDMvbmFtbmxvcy1kZXNpZ24tMTkuanBn.webp 1894w, https:\/\/www.ankarsrum.com\/img-srv\/3T_TzQK1RNofX0m307nAmXmQYDkOyPJQE623Z1Xo-g4\/resizing_type:auto\/width:2150\/height:0\/gravity:sm\/enlarge:1\/ext:webp\/strip_metadata:1\/quality:90\/cachebuster:filesize-80732\/bG9jYWw6Ly8vd3d3LmFua2Fyc3J1bS5jb20vd3AtY29udGVudC91cGxvYWRzL3NpdGVzLzExLzIwMjQvMDMvbmFtbmxvcy1kZXNpZ24tMTkuanBn.webp 2150w, https:\/\/www.ankarsrum.com\/img-srv\/Wo_FaXZxDGDKOENGwkFkxyLFHKi8dkjHsMwlXLB7Yak\/resizing_type:auto\/width:2406\/height:0\/gravity:sm\/enlarge:1\/ext:webp\/strip_metadata:1\/quality:90\/cachebuster:filesize-80732\/bG9jYWw6Ly8vd3d3LmFua2Fyc3J1bS5jb20vd3AtY29udGVudC91cGxvYWRzL3NpdGVzLzExLzIwMjQvMDMvbmFtbmxvcy1kZXNpZ24tMTkuanBn.webp 2406w, https:\/\/www.ankarsrum.com\/img-srv\/ABN9po98Jcy_W84CItD8g26MJFEKQrTUNthkZMR77E8\/resizing_type:auto\/width:2662\/height:0\/gravity:sm\/enlarge:1\/ext:webp\/strip_metadata:1\/quality:90\/cachebuster:filesize-80732\/bG9jYWw6Ly8vd3d3LmFua2Fyc3J1bS5jb20vd3AtY29udGVudC91cGxvYWRzL3NpdGVzLzExLzIwMjQvMDMvbmFtbmxvcy1kZXNpZ24tMTkuanBn.webp 2662w, https:\/\/www.ankarsrum.com\/img-srv\/O-0buUaYC2imEideoOVt8LYLLr2OaymrlWpka_oAmy4\/resizing_type:auto\/width:2918\/height:0\/gravity:sm\/enlarge:1\/ext:webp\/strip_metadata:1\/quality:90\/cachebuster:filesize-80732\/bG9jYWw6Ly8vd3d3LmFua2Fyc3J1bS5jb20vd3AtY29udGVudC91cGxvYWRzL3NpdGVzLzExLzIwMjQvMDMvbmFtbmxvcy1kZXNpZ24tMTkuanBn.webp 2918w\" type=\"image\/webp\" ><source height=\"1024\" width=\"1024\" sizes=\"(max-width: 2766px) 100vw, 2766px\" srcset=\"https:\/\/www.ankarsrum.com\/img-srv\/e8H4GF9CI6GS3V00txm4oh_P4JY7DMl5e2smAZ0YMFM\/resizing_type:auto\/width:1024\/height:0\/gravity:sm\/enlarge:1\/ext:webp\/strip_metadata:1\/quality:90\/cachebuster:filesize-80732\/bG9jYWw6Ly8vd3d3LmFua2Fyc3J1bS5jb20vd3AtY29udGVudC91cGxvYWRzL3NpdGVzLzExLzIwMjQvMDMvbmFtbmxvcy1kZXNpZ24tMTkuanBn.webp 1024w\" type=\"image\/webp\" ><img decoding=\"async\" width=\"2766\" height=\"1024\" src=\"https:\/\/www.ankarsrum.com\/img-srv\/e8H4GF9CI6GS3V00txm4oh_P4JY7DMl5e2smAZ0YMFM\/resizing_type:auto\/width:1024\/height:0\/gravity:sm\/enlarge:1\/ext:webp\/strip_metadata:1\/quality:90\/cachebuster:filesize-80732\/bG9jYWw6Ly8vd3d3LmFua2Fyc3J1bS5jb20vd3AtY29udGVudC91cGxvYWRzL3NpdGVzLzExLzIwMjQvMDMvbmFtbmxvcy1kZXNpZ24tMTkuanBn.webp\" class=\"attachment-large size-large wp-image-46893\" alt=\"\" loading=\"lazy\" data-blur-hash=\"LILNPd^g9F^j~pD*kCRj%3-:M{of\" style=\"background-size: cover; background-origin: content-box; background-repeat: no-repeat; background-image: url(data:image\/png;base64,iVBORw0KGgoAAAANSUhEUgAAACAAAAAMCAIAAACMdijuAAAACXBIWXMAAA7EAAAOxAGVKw4bAAACAUlEQVQ4jU2Uy5XsNgxEqwA5\/zSciMNwCu\/jnmmJJFDlBaU+j4cLrnBZH5L\/\/vM3ABsCBNoUKIYRZpDBSEYEMyMiIskgScK2LalaVTVXzVVj1bXWWDVXre6WDkkADNg0LFCgDAMgHKBIgEEZNIQAQJvYCNuyDdiwYdwbe+xRtR4FFKCtAGHSDDLJZqSiI1IRGREkCe6RklqtbknWhhn2fUkfcw4YBp7paD8ABCLJ2GMzM29ABElga2ipWr2Xql1SyzJk6BjjhGFQRgMyGpTvGMBgbEAeD2CHQWwRll2t6q7q6q7uUnf35hxzjG2WjL43GxT4ATAyIzPzyDweQNwaIKvk6l7Vs3o9hxvQtXZAbcuoPxifIm17MlORnXk8gB3DR8HsnqtG9aya1avV0mHpDl7YAUnQnbmMYKR0VwQBGAhnWOAOYTd1VY0\/anqtWt3VOiLSsA2HLcomQYPeJvOunAHBhLX9NB9\/ensy15jrnPMc8z3WOeZYtbqPIw8DtmmQd9XviZ8YmESSGUgiYQI0AFmNLtfSHD2udZ7z+7y+3tfXdb2vOVYdx\/GXbRu0SYMwDQIGTT2AiExmMJ+Ocl\/fm7Fcs+dV4z3fX9fr9f379X59X9\/nPDJyK4D3A7VoEynA5EfB00\/u\/wP76ROmRbW73FPrqvGe53\/j9fP88ePr96\/rf0ixTFvTnJqlAAAAAElFTkSuQmCC);\" srcset=\"https:\/\/www.ankarsrum.com\/img-srv\/e8H4GF9CI6GS3V00txm4oh_P4JY7DMl5e2smAZ0YMFM\/resizing_type:auto\/width:1024\/height:0\/gravity:sm\/enlarge:1\/ext:webp\/strip_metadata:1\/quality:90\/cachebuster:filesize-80732\/bG9jYWw6Ly8vd3d3LmFua2Fyc3J1bS5jb20vd3AtY29udGVudC91cGxvYWRzL3NpdGVzLzExLzIwMjQvMDMvbmFtbmxvcy1kZXNpZ24tMTkuanBn.webp 1024w\" sizes=\"(max-width: 2766px) 100vw, 2766px\" qala-img-proxy-processed=\"processed\" \/>\n\n<\/picture>\t\t\t\n\t\t\t\t\t\t\n\t\t\t\t\t\t\t<div\n\t\t\t\t\tclass=\"overlay\"\n\t\t\t\t\tstyle=\"opacity:70%; \"\n\t\t\t\t><\/div>\n\t\t\t\n\t\t<\/div>\n\t<\/div>\n<\/div>\n\n\n\n<div style=\"height:56px\" aria-hidden=\"true\" class=\"wp-block-spacer\"><\/div>\n\n\n\n<div class=\"wp-block-columns alignwide is-layout-flex wp-container-core-columns-is-layout-28f84493 wp-block-columns-is-layout-flex\">\n<div class=\"wp-block-column is-layout-flow wp-block-column-is-layout-flow\" style=\"flex-basis:25%\"><\/div>\n\n\n\n<div class=\"wp-block-column is-layout-flow wp-block-column-is-layout-flow\" style=\"flex-basis:50%\">\n<h1 class=\"wp-block-heading has-text-align-center has-large-font-size\" id=\"h-ankarsrum-kitchen-ab-soker-en-supply-chain-specialist\">Ankarsrum Kitchen AB s\u00f6ker en <br>Supply Chain Specialist\u00a0<\/h1>\n\n\n\n<p class=\"has-text-align-center has-medium-font-size\"><strong>Var med och utveckla framtidens k\u00f6ksprodukter!<\/strong><\/p>\n\n\n\n<p>Har du erfarenhet fr\u00e5n arbete med f\u00f6rs\u00f6rjningskedjan inom industrin? S\u00f6ker du en roll d\u00e4r du f\u00e5r m\u00f6jlighet att bidra med dina kvaliteter och samtidigt forts\u00e4tta utvecklas? Hos oss erbjuds du en sp\u00e4nnande m\u00f6jlighet att arbeta f\u00f6r smidiga och effektiva processer inom Supply Chain, i n\u00e4ra samarbete med v\u00e5r tekniska avdelning och ink\u00f6p.<br><br>Ankarsrum Kitchen \u00e4r ett expansivt f\u00f6retag med stark f\u00f6rankring inom den svenska tillverkningsindustrin. Vi brinner f\u00f6r att skapa h\u00f6gkvalitativa produkter och l\u00e5ngsiktiga relationer med b\u00e5de v\u00e5ra kunder och leverant\u00f6rer. V\u00e5r arbetskultur pr\u00e4glas av nyt\u00e4nkande, samarbete och en str\u00e4van efter st\u00e4ndig f\u00f6rb\u00e4ttring.<\/p>\n\n\n\n<p><strong>Om tj\u00e4nsten&nbsp;<\/strong><\/p>\n\n\n\n<p>Som Supply Chain Specialist kommer du att spela en viktig roll i att s\u00e4kerst\u00e4lla att v\u00e5ra f\u00f6rs\u00f6rjningsprocesser fungerar effektivt. Du kommer arbeta med fl\u00f6den och processer och ansvara f\u00f6r att samordna leverant\u00f6rs\u00e4renden och ink\u00f6psarbete. Ditt arbete bidrar direkt till att v\u00e5ra produkter levereras i tid och enligt v\u00e5ra kvalitetsstandarder.<br><br>I rollen ing\u00e5r ocks\u00e5 att identifiera f\u00f6rb\u00e4ttringsomr\u00e5den och implementera l\u00f6sningar som st\u00e4rker effektiviteten och minskar kostnaderna. Du arbetar n\u00e4ra kollegor inom ink\u00f6p, konstruktion och tillverkning f\u00f6r att n\u00e5 gemensamma m\u00e5l.<br><br>Tj\u00e4nsten \u00e4r tillsvidare och placerad i v\u00e5ra nyrenoverade lokaler i V\u00e4stervik.<br><br><strong>Huvudsakliga arbetsuppgifter<\/strong><br><strong><br><\/strong>\u25fe Hantera och optimera processer inom hela f\u00f6rs\u00f6rjningskedjan.<br>\u25fe Orderl\u00e4ggning och ink\u00f6p av assistenter fr\u00e5n kontraktstillverkare.<br>\u25fe F\u00f6rhandling av transportink\u00f6p\/avtal tillsammans med logistikavdelning.<br>\u25fe Driva genomf\u00f6rande i f\u00f6rb\u00e4ttringsaktiviteter samt dokumentation.<br>\u25fe Leda eller delta i nya projekt eller f\u00f6rb\u00e4ttring av befintliga artiklar.<br>\u25fe Delta i ink\u00f6psrelaterade fr\u00e5gor och aktiviteter.<\/p>\n\n\n\n<p><strong>Kvalifikationer<\/strong><\/p>\n\n\n\n<p>Vi s\u00f6ker dig som har en kandidatexamen inom Supply Chain management, Business Administration eller motsvarande. Du har god analytisk f\u00f6rm\u00e5ga, ett l\u00f6sningsorienterat arbetss\u00e4tt och f\u00f6rm\u00e5gan att samarbeta med olika funktioner i och utanf\u00f6r organisationen. <\/p>\n\n\n\n<p>Ett noggrant och strukturerat arbetss\u00e4tt \u00e4r viktigt f\u00f6r rollen. Har du tidigare erfarenhet fr\u00e5n en liknande roll inom tillverkningsindustrin, eller tidigare arbetat med ink\u00f6p ser vi det som meriterande. Du har ett tekniskt intresse och goda kunskaper i svenska och engelska i b\u00e5de tal och skrift. Erfarenhet fr\u00e5n aff\u00e4rssystemet monitor \u00e4r ett plus.<br><\/p>\n\n\n\n<p>Vidare \u00e4r du \u00e4r en sj\u00e4lvst\u00e4ndig person som gillar att ta egna initiativ. Du har god social kompetens och k\u00e4nner dig bekv\u00e4m att f\u00f6ra diskussioner med olika funktioner, hela tiden med relationsbygge och l\u00e5ngsiktighet i fokus.<\/p>\n\n\n\n<p><strong>Om Ankarsrum Kitchen AB<\/strong><\/p>\n\n\n\n<p>Ankarsrum Kitchen AB marknadsf\u00f6r, s\u00e4ljer och ansvarar f\u00f6r tillverkningen av hush\u00e5llsassistenten Ankarsrum\u00ae Assistent Original. Assistent Original \u00e4r en svensktillverkad kvalitetsprodukt som funnits p\u00e5 den svenska marknaden i 80 \u00e5r. Sedan 2001 \u00e4gs bolaget av investmentbolaget AB Traction, och sedan 2009 ocks\u00e5 produkt-r\u00e4ttigheterna till Ankarsrum\u00ae Assistent Original. Bolaget omsatte ca 206 MSEK \u00e5r 2022, med mycket stark tillv\u00e4xt. Det finns en stor tillv\u00e4xtpotential f\u00f6r denna genuina, svensktillverkade kvalitetsprodukt, p\u00e5 den internationella och svenska marknaden.<\/p>\n\n\n\n<p><strong>Hur du ans\u00f6ker<\/strong><\/p>\n\n\n\n<p>Vi arbetar med l\u00f6pande urval s\u00e5 v\u00e4nta inte med att skicka in din ans\u00f6kan. Vi tar ej emot ans\u00f6kningar via e-post p\u00e5 grund av lagstiftningen GDPR. F\u00f6r att din ans\u00f6kan skall vara giltig, <a href=\"https:\/\/candidate.hr-manager.net\/ApplicationForm\/SinglePageApplicationForm.aspx?cid=2008&amp;departmentId=19188&amp;ProjectId=144095&amp;MediaId=5\" target=\"_blank\" rel=\"noreferrer noopener\">v\u00e4nligen registrera dig och ans\u00f6k h\u00e4r.<\/a> <strong>Sista ans\u00f6kningsdag<\/strong>:&nbsp;2025-01-12<br><br>Har du fr\u00e5gor eller vill veta mer \u00e4r du v\u00e4lkommen att kontakta ansvarig rekryterare Gustav Warelius p\u00e5 telefon 072-337 74 54 eller e-post gustav@telinrekrytering.se<br><br><strong>V\u00e4lkommen med din ans\u00f6kan!<\/strong><\/p>\n<\/div>\n\n\n\n<div class=\"wp-block-column is-layout-flow wp-block-column-is-layout-flow\" style=\"flex-basis:25%\"><\/div>\n<\/div>\n","protected":false},"excerpt":{"rendered":"<p>Ankarsrum Kitchen AB s\u00f6ker en Supply Chain Specialist\u00a0 Var med och utveckla framtidens k\u00f6ksprodukter! Har du erfarenhet fr\u00e5n arbete med&hellip;<\/p>\n","protected":false},"author":23,"featured_media":58398,"parent":0,"menu_order":0,"comment_status":"closed","ping_status":"closed","template":"","meta":{"_acf_changed":false,"content-type":"","editor_notices":[],"footnotes":""},"class_list":["post-58834","page","type-page","status-publish","has-post-thumbnail","hentry"],"acf":[],"_links":{"self":[{"href":"https:\/\/www.ankarsrum.com\/se\/wp-json\/wp\/v2\/pages\/58834","targetHints":{"allow":["GET"]}}],"collection":[{"href":"https:\/\/www.ankarsrum.com\/se\/wp-json\/wp\/v2\/pages"}],"about":[{"href":"https:\/\/www.ankarsrum.com\/se\/wp-json\/wp\/v2\/types\/page"}],"author":[{"embeddable":true,"href":"https:\/\/www.ankarsrum.com\/se\/wp-json\/wp\/v2\/users\/23"}],"replies":[{"embeddable":true,"href":"https:\/\/www.ankarsrum.com\/se\/wp-json\/wp\/v2\/comments?post=58834"}],"version-history":[{"count":4,"href":"https:\/\/www.ankarsrum.com\/se\/wp-json\/wp\/v2\/pages\/58834\/revisions"}],"predecessor-version":[{"id":59159,"href":"https:\/\/www.ankarsrum.com\/se\/wp-json\/wp\/v2\/pages\/58834\/revisions\/59159"}],"wp:featuredmedia":[{"embeddable":true,"href":"https:\/\/www.ankarsrum.com\/se\/wp-json\/wp\/v2\/media\/58398"}],"wp:attachment":[{"href":"https:\/\/www.ankarsrum.com\/se\/wp-json\/wp\/v2\/media?parent=58834"}],"curies":[{"name":"wp","href":"https:\/\/api.w.org\/{rel}","templated":true}]}}