{"id":60250,"date":"2025-02-19T11:13:15","date_gmt":"2025-02-19T10:13:15","guid":{"rendered":"https:\/\/www.ankarsrum.com\/se\/?page_id=60250"},"modified":"2025-02-19T11:14:24","modified_gmt":"2025-02-19T10:14:24","slug":"test-kontakta-oss","status":"publish","type":"page","link":"https:\/\/www.ankarsrum.com\/se\/test-kontakta-oss\/","title":{"rendered":"Test kontakta oss"},"content":{"rendered":"\n<div class=\"wp-block-cover alignfull\" style=\"min-height:370px;aspect-ratio:unset;\"><span aria-hidden=\"true\" class=\"wp-block-cover__background has-base-900-background-color has-background-dim-40 has-background-dim\"><\/span><img loading=\"lazy\" decoding=\"async\" width=\"1499\" height=\"1000\" class=\"wp-block-cover__image-background wp-image-37681\" alt=\"\" src=\"https:\/\/www.ankarsrum.com\/se\/wp-content\/uploads\/sites\/11\/2023\/02\/207A5802_korr-scaled-e1677158223372.jpg\" style=\"object-position:50% 77%\" data-object-fit=\"cover\" data-object-position=\"50% 77%\"\/><div class=\"wp-block-cover__inner-container is-layout-flow wp-block-cover-is-layout-flow\">\n<h2 class=\"wp-block-heading has-text-align-center\" id=\"h-kontakta-oss\">Kontakta oss<\/h2>\n\n\n\n<p class=\"has-text-align-center\">Funderar du p\u00e5 n\u00e5got kring din Ankarsrum och hittar inte svaret p\u00e5 v\u00e5r sajt?<br>Fyll bara i formul\u00e4ret h\u00e4r nedan.<\/p>\n<\/div><\/div>\n\n\n\n<div class=\"wp-block-columns alignwide is-layout-flex wp-container-core-columns-is-layout-28f84493 wp-block-columns-is-layout-flex\">\n<div class=\"wp-block-column is-layout-flow wp-block-column-is-layout-flow\">\n<div style=\"height:15px\" aria-hidden=\"true\" class=\"wp-block-spacer\"><\/div>\n\n\n\n<div class=\"wp-block-columns is-layout-flex wp-container-core-columns-is-layout-28f84493 wp-block-columns-is-layout-flex\">\n<div class=\"wp-block-column is-layout-flow wp-block-column-is-layout-flow\" style=\"flex-basis:50%\">\n<div class=\"wp-block-leadin-hubspot-form-block\">\n\t\t\t\t\t\t<script>\n\t\t\t\t\t\t\twindow.hsFormsOnReady = window.hsFormsOnReady || [];\n\t\t\t\t\t\t\twindow.hsFormsOnReady.push(()=>{\n\t\t\t\t\t\t\t\thbspt.forms.create({\n\t\t\t\t\t\t\t\t\tportalId: 145411780,\n\t\t\t\t\t\t\t\t\tformId: \"6fa3fad0-95ae-4d43-a88c-cfbea6ea6ed9\",\n\t\t\t\t\t\t\t\t\ttarget: \"#hbspt-form-1775646133000-5882996549\",\n\t\t\t\t\t\t\t\t\tregion: \"eu1\",\n\t\t\t\t\t\t\t\t\t\n\t\t\t\t\t\t\t})});\n\t\t\t\t\t\t<\/script>\n\t\t\t\t\t\t<div class=\"hbspt-form\" id=\"hbspt-form-1775646133000-5882996549\"><\/div><\/div>\n<\/div>\n\n\n\n<div class=\"wp-block-column is-layout-flow wp-block-column-is-layout-flow\" style=\"flex-basis:50%\">\n<figure class=\"wp-block-image size-full\"><img loading=\"lazy\" decoding=\"async\" width=\"1200\" height=\"747\" src=\"https:\/\/www.ankarsrum.com\/se\/wp-content\/uploads\/sites\/11\/2020\/09\/6-1.jpg\" alt=\"\" class=\"wp-image-42928\" srcset=\"https:\/\/www.ankarsrum.com\/se\/wp-content\/uploads\/sites\/11\/2020\/09\/6-1.jpg 1200w, https:\/\/www.ankarsrum.com\/se\/wp-content\/uploads\/sites\/11\/2020\/09\/6-1-300x187.jpg 300w, https:\/\/www.ankarsrum.com\/se\/wp-content\/uploads\/sites\/11\/2020\/09\/6-1-1024x637.jpg 1024w, https:\/\/www.ankarsrum.com\/se\/wp-content\/uploads\/sites\/11\/2020\/09\/6-1-768x478.jpg 768w, https:\/\/www.ankarsrum.com\/se\/wp-content\/uploads\/sites\/11\/2020\/09\/6-1-266x166.jpg 266w, https:\/\/www.ankarsrum.com\/se\/wp-content\/uploads\/sites\/11\/2020\/09\/6-1-720x448.jpg 720w, https:\/\/www.ankarsrum.com\/se\/wp-content\/uploads\/sites\/11\/2020\/09\/6-1-580x361.jpg 580w\" sizes=\"(max-width: 1200px) 100vw, 1200px\" \/><\/figure>\n<\/div>\n<\/div>\n\n\n\n<div style=\"height:30px\" aria-hidden=\"true\" class=\"wp-block-spacer\"><\/div>\n\n\n\n<h3 class=\"wp-block-heading has-text-align-center\" id=\"h-kontakta-oss-via-mail\">Kontakta oss via mail<\/h3>\n\n\n\n<div class=\"wp-block-columns is-layout-flex wp-container-core-columns-is-layout-28f84493 wp-block-columns-is-layout-flex\">\n<div class=\"wp-block-column is-layout-flow wp-block-column-is-layout-flow\">\n<p class=\"has-text-align-center has-medium-font-size\">Orderl\u00e4ggning<br>order@ankarsrum.com<\/p>\n\n\n\n<p class=\"has-text-align-center has-medium-font-size\">Reklamations\u00e4renden<br>product@ankarsrum.com<\/p>\n\n\n\n<p class=\"has-text-align-center has-medium-font-size\">Produktfr\u00e5gor<br>info@ankarsrum.com<\/p>\n<\/div>\n\n\n\n<div class=\"wp-block-column is-layout-flow wp-block-column-is-layout-flow\">\n<p class=\"has-text-align-center has-medium-font-size\">Marknadsfr\u00e5gor<br>marknad@ankarsrum.com<\/p>\n\n\n\n<p class=\"has-text-align-center has-medium-font-size\">Annonsering &amp; samarbeten<br>marknad@ankarsrum.com<\/p>\n\n\n\n<p class=\"has-text-align-center has-medium-font-size\">Logistikfr\u00e5gor<br>logistics@ankarsrum.com<\/p>\n<\/div>\n\n\n\n<div class=\"wp-block-column is-layout-flow wp-block-column-is-layout-flow\">\n<p class=\"has-text-align-center has-medium-font-size\">\u00d6vriga fr\u00e5gor<br>info@ankarsrum.com<\/p>\n<\/div>\n<\/div>\n\n\n\n<div style=\"height:30px\" aria-hidden=\"true\" class=\"wp-block-spacer\"><\/div>\n\n\n\n<div class=\"wp-block-columns is-layout-flex wp-container-core-columns-is-layout-28f84493 wp-block-columns-is-layout-flex\">\n<div class=\"wp-block-column is-layout-flow wp-block-column-is-layout-flow\">\n<h4 class=\"wp-block-heading has-text-align-center\" id=\"h-postadress\">Postadress<\/h4>\n\n\n\n<p class=\"has-text-align-center has-medium-font-size\">Ankarsrum Kitchen AB<br>Lysingsv\u00e4gen 18<br>SE-593 53 V\u00e4stervik<br>Sweden<\/p>\n<\/div>\n\n\n\n<div class=\"wp-block-column is-layout-flow wp-block-column-is-layout-flow\">\n<h4 class=\"wp-block-heading has-text-align-center\" id=\"h-kontakta-oss-pa-telefon\">Kontakta oss p\u00e5 telefon<\/h4>\n\n\n\n<p class=\"has-text-align-center has-medium-font-size\">0490-52 000<br>\u00d6ppet mellan 08:00 &#8211; 16:30<\/p>\n<\/div>\n<\/div>\n\n\n\n<div style=\"height:30px\" aria-hidden=\"true\" class=\"wp-block-spacer\"><\/div>\n\n\n\n<h3 class=\"wp-block-heading has-text-align-center\" id=\"h-kontaktpersoner\">Kontaktpersoner<\/h3>\n\n\n\n<div style=\"height:30px\" aria-hidden=\"true\" class=\"wp-block-spacer\"><\/div>\n\n\n\n<div class=\"wp-block-columns is-layout-flex wp-container-core-columns-is-layout-28f84493 wp-block-columns-is-layout-flex\">\n<div class=\"wp-block-column is-layout-flow wp-block-column-is-layout-flow\">\n<h4 class=\"wp-block-heading has-text-align-center\" id=\"h-vd\"><strong>VD<\/strong><\/h4>\n\n\n\n<p class=\"has-text-align-center has-medium-font-size\">Marcus Grimer\u00f6<br>marcus.grimero@ankarsrum.com<\/p>\n<\/div>\n\n\n\n<div class=\"wp-block-column is-layout-flow wp-block-column-is-layout-flow\">\n<h4 class=\"wp-block-heading has-text-align-center\" id=\"h-saljansvarig-norden\">S\u00c4LJANSVARIG NORDEN<\/h4>\n\n\n\n<p class=\"has-text-align-center has-medium-font-size\">Patricia Th\u00f6rnwall<br>patricia.thornwall@ankarsrum.com<\/p>\n<\/div>\n<\/div>\n\n\n\n<div style=\"height:30px\" aria-hidden=\"true\" class=\"wp-block-spacer\"><\/div>\n\n\n\n<div class=\"wp-block-media-text alignwide is-stacked-on-mobile\"><figure class=\"wp-block-media-text__media\"><img loading=\"lazy\" decoding=\"async\" width=\"761\" height=\"761\" src=\"https:\/\/www.ankarsrum.com\/se\/wp-content\/uploads\/sites\/11\/2021\/05\/Degrulle-e1712746973640.png\" alt=\"\" class=\"wp-image-19139 size-full\" srcset=\"https:\/\/www.ankarsrum.com\/se\/wp-content\/uploads\/sites\/11\/2021\/05\/Degrulle-e1712746973640.png 761w, https:\/\/www.ankarsrum.com\/se\/wp-content\/uploads\/sites\/11\/2021\/05\/Degrulle-e1712746973640-300x300.png 300w, https:\/\/www.ankarsrum.com\/se\/wp-content\/uploads\/sites\/11\/2021\/05\/Degrulle-e1712746973640-350x350.png 350w, https:\/\/www.ankarsrum.com\/se\/wp-content\/uploads\/sites\/11\/2021\/05\/Degrulle-e1712746973640-600x600.png 600w, https:\/\/www.ankarsrum.com\/se\/wp-content\/uploads\/sites\/11\/2021\/05\/Degrulle-e1712746973640-720x720.png 720w, https:\/\/www.ankarsrum.com\/se\/wp-content\/uploads\/sites\/11\/2021\/05\/Degrulle-e1712746973640-325x325.png 325w, https:\/\/www.ankarsrum.com\/se\/wp-content\/uploads\/sites\/11\/2021\/05\/Degrulle-e1712746973640-580x580.png 580w, https:\/\/www.ankarsrum.com\/se\/wp-content\/uploads\/sites\/11\/2021\/05\/Degrulle-e1712746973640-577x577.png 577w, https:\/\/www.ankarsrum.com\/se\/wp-content\/uploads\/sites\/11\/2021\/05\/Degrulle-e1712746973640-178x178.png 178w, https:\/\/www.ankarsrum.com\/se\/wp-content\/uploads\/sites\/11\/2021\/05\/Degrulle-e1712746973640-110x110.png 110w, https:\/\/www.ankarsrum.com\/se\/wp-content\/uploads\/sites\/11\/2021\/05\/Degrulle-e1712746973640-50x50.png 50w, https:\/\/www.ankarsrum.com\/se\/wp-content\/uploads\/sites\/11\/2021\/05\/Degrulle-e1712746973640-100x100.png 100w\" sizes=\"(max-width: 761px) 100vw, 761px\" \/><\/figure><div class=\"wp-block-media-text__content\">\n<h2 class=\"wp-block-heading has-text-align-center\" id=\"h-fragor-amp-svar\">Fr\u00e5gor &amp; Svar<\/h2>\n\n\n\n<p class=\"has-text-align-center\">Klicka vidare till v\u00e5rt forum. D\u00e4r kan du b\u00e5de hitta svar p\u00e5 tidigare st\u00e4llda fr\u00e5gor, hitta svar p\u00e5 v\u00e5ra vanligaste fr\u00e5gor och s\u00e5klart st\u00e4lla dina egna fr\u00e5gor till oss.<\/p>\n\n\n\n<div class=\"wp-block-buttons is-content-justification-center is-layout-flex wp-container-core-buttons-is-layout-a89b3969 wp-block-buttons-is-layout-flex\">\n<div class=\"wp-block-button wp-block-button\"><a class=\"wp-block-button__link wp-element-button\" href=\"https:\/\/forum.ankarsrum.com\/org\/ankarsrum\/\">G\u00e5 till v\u00e5rt forum<\/a><\/div>\n<\/div>\n<\/div><\/div>\n<\/div>\n<\/div>\n","protected":false},"excerpt":{"rendered":"<p>Kontakta oss. Funderar du p\u00e5 n\u00e5got kring din Ankarsrum och hittar inte svaret p\u00e5 v\u00e5r sajt<\/p>\n","protected":false},"author":224,"featured_media":0,"parent":0,"menu_order":0,"comment_status":"closed","ping_status":"closed","template":"","meta":{"_acf_changed":false,"content-type":"","editor_notices":[],"footnotes":""},"class_list":["post-60250","page","type-page","status-publish","hentry"],"acf":[],"_links":{"self":[{"href":"https:\/\/www.ankarsrum.com\/se\/wp-json\/wp\/v2\/pages\/60250","targetHints":{"allow":["GET"]}}],"collection":[{"href":"https:\/\/www.ankarsrum.com\/se\/wp-json\/wp\/v2\/pages"}],"about":[{"href":"https:\/\/www.ankarsrum.com\/se\/wp-json\/wp\/v2\/types\/page"}],"author":[{"embeddable":true,"href":"https:\/\/www.ankarsrum.com\/se\/wp-json\/wp\/v2\/users\/224"}],"replies":[{"embeddable":true,"href":"https:\/\/www.ankarsrum.com\/se\/wp-json\/wp\/v2\/comments?post=60250"}],"version-history":[{"count":2,"href":"https:\/\/www.ankarsrum.com\/se\/wp-json\/wp\/v2\/pages\/60250\/revisions"}],"predecessor-version":[{"id":60255,"href":"https:\/\/www.ankarsrum.com\/se\/wp-json\/wp\/v2\/pages\/60250\/revisions\/60255"}],"wp:attachment":[{"href":"https:\/\/www.ankarsrum.com\/se\/wp-json\/wp\/v2\/media?parent=60250"}],"curies":[{"name":"wp","href":"https:\/\/api.w.org\/{rel}","templated":true}]}}