{"id":626,"date":"2019-01-25T07:23:50","date_gmt":"2019-01-25T07:23:50","guid":{"rendered":"https:\/\/www.ankarsrum.com\/?page_id=626"},"modified":"2025-10-22T15:04:07","modified_gmt":"2025-10-22T13:04:07","slug":"manualer","status":"publish","type":"page","link":"https:\/\/www.ankarsrum.com\/se\/manualer\/","title":{"rendered":"Manualer"},"content":{"rendered":"\n<div class=\"wp-block-cover alignfull\" style=\"min-height:370px;aspect-ratio:unset;\"><span aria-hidden=\"true\" class=\"wp-block-cover__background has-base-900-background-color has-background-dim\"><\/span><img decoding=\"async\" class=\"wp-block-cover__image-background wp-image-16391\" alt=\"Ankarsrum Assistent Original med alla tillbeh\u00f6r\" src=\"https:\/\/www.ankarsrum.com\/wp-content\/uploads\/2024\/06\/tillbehor-ankarsrum.png\" style=\"object-position:50% 59%\" data-object-fit=\"cover\" data-object-position=\"50% 59%\"\/><div class=\"wp-block-cover__inner-container is-layout-flow wp-block-cover-is-layout-flow\">\n<h1 class=\"wp-block-heading has-text-align-center\" id=\"h-manualer-for-vara-produkter\">Manualer f\u00f6r v\u00e5ra produkter<\/h1>\n\n\n\n<p class=\"has-text-align-center has-white-color has-text-color\">H\u00e4r hittar du manualer och s\u00e4kerhetsinstruktioner f\u00f6r Ankarsrum Assistent Original och dess tillbeh\u00f6r.<\/p>\n\n\n\n<div class=\"wp-block-buttons is-content-justification-center is-layout-flex wp-container-core-buttons-is-layout-a89b3969 wp-block-buttons-is-layout-flex\"><\/div>\n<\/div><\/div>\n\n\n\n<div style=\"height:20px\" aria-hidden=\"true\" class=\"wp-block-spacer\"><\/div>\n\n\n\n<p><\/p>\n\n\n\n<h2 class=\"wp-block-heading has-text-align-center has-large-font-size\" id=\"h-manual-och-sakerhetsinstruktion-akm6230\" style=\"text-transform:uppercase\"><a href=\"https:\/\/www.ankarsrum.com\/se\/wp-content\/uploads\/sites\/11\/2024\/06\/n30-manual-akm6230-nordic-2023-web.pdf\"><a href=\"https:\/\/www.ankarsrum.com\/se\/wp-content\/uploads\/sites\/11\/2023\/07\/n30-manual-akm6230-nordic-2023-web.pdf\"><strong>Manual och s\u00e4kerhetsinstruktion AKM6230<\/strong><\/a><\/a><\/h2>\n\n\n\n<div class=\"wp-block-columns alignwide is-layout-flex wp-container-core-columns-is-layout-28f84493 wp-block-columns-is-layout-flex\">\n<div class=\"wp-block-column is-layout-flow wp-block-column-is-layout-flow\"><\/div>\n\n\n\n<div class=\"wp-block-column is-layout-flow wp-block-column-is-layout-flow\">\n<figure class=\"wp-block-image alignwide size-full\"><a href=\"https:\/\/www.ankarsrum.com\/se\/wp-content\/uploads\/sites\/11\/2024\/11\/akm-manual-nordic-1061-rev1.pdf\"><img decoding=\"async\" src=\"https:\/\/www.ankarsrum.com\/img-srv\/DowuDRnrIIpysMK9TUlsK2EwKe-DFztlpslfh6fq3KM\/resizing_type:auto\/width:0\/height:0\/gravity:sm\/enlarge:1\/ext:webp\/strip_metadata:1\/quality:90\/bG9jYWw6Ly8vd3d3LmFua2Fyc3J1bS5jb20vd3AtY29udGVudC91cGxvYWRzLzIwMjQvMDYvMjA3YTQ3OTkta29waWEtc2NhbGVkLmpwZw.webp\" alt=\"\" class=\"wp-image-16461\"\/><\/a><\/figure>\n<\/div>\n\n\n\n<div class=\"wp-block-column is-layout-flow wp-block-column-is-layout-flow\"><\/div>\n<\/div>\n\n\n\n<h2 class=\"wp-block-heading has-text-align-center has-large-font-size\" id=\"h-tillbehor\" style=\"text-transform:none\">Tillbeh\u00f6r<\/h2>\n\n\n\n<div style=\"height:19px\" aria-hidden=\"true\" class=\"wp-block-spacer\"><\/div>\n\n\n\n<div class=\"wp-block-columns alignwide is-layout-flex wp-container-core-columns-is-layout-28f84493 wp-block-columns-is-layout-flex\">\n<div class=\"wp-block-column is-layout-flow wp-block-column-is-layout-flow\">\n<h3 class=\"wp-block-heading has-text-align-center\" id=\"h-vispar\"><a href=\"https:\/\/www.ankarsrum.com\/wp-content\/uploads\/2024\/06\/920000230-instruktionsfolder-double-beater-rev4.pdf\"><\/a><a href=\"https:\/\/www.ankarsrum.com\/wp-content\/uploads\/2019\/02\/Whisks-Instructions-Ankarsrum-Assistent-Original.pdf\"><strong>Vispar<\/strong><\/a><\/h3>\n\n\n\n<h3 class=\"wp-block-heading has-text-align-center\" id=\"h-glassmaskin\"><a href=\"https:\/\/www.ankarsrum.com\/wp-content\/uploads\/2024\/06\/1023-instruktionsfolder-ice-cream-accessory-rev5.pdf\"><\/a><a href=\"https:\/\/www.ankarsrum.com\/se\/wp-content\/uploads\/sites\/11\/2024\/11\/instructionsfolder-ice-cream-accessory-rev5.pdf\"><strong>Glassmaskin<\/strong><\/a><\/h3>\n\n\n\n<h3 class=\"wp-block-heading has-text-align-center\" id=\"h-mixer\"><a href=\"https:\/\/www.ankarsrum.com\/wp-content\/uploads\/2024\/06\/1069-instruktionsfolder-blender-rev2.pdf\"><\/a><a href=\"https:\/\/www.ankarsrum.com\/se\/wp-content\/uploads\/sites\/11\/2024\/11\/instructionsfolder-blender-rev2.pdf\"><strong>Mixer<\/strong><\/a><\/h3>\n\n\n\n<h3 class=\"wp-block-heading has-text-align-center\" id=\"h-pastavals-fettuccine\"><a href=\"https:\/\/www.ankarsrum.com\/wp-content\/uploads\/2024\/06\/ankarsrum-instructions-fettuccine-marcato-rev3.pdf\"><\/a><a href=\"https:\/\/www.ankarsrum.com\/se\/wp-content\/uploads\/sites\/11\/2024\/11\/instructionsfolder-fettuccine-rev3.pdf\"><strong>Pastavals Fettuccine<\/strong><\/a><\/h3>\n\n\n\n<h3 class=\"wp-block-heading has-text-align-center\" id=\"h-pastavals-spaghetti\"><a href=\"https:\/\/www.ankarsrum.com\/wp-content\/uploads\/2024\/06\/ankarsrum-instructions-spaghetti-marcato-rev3.pdf\"><\/a><a href=\"https:\/\/www.ankarsrum.com\/se\/wp-content\/uploads\/sites\/11\/2024\/11\/instructionsfolder-spaghetti-rev3.pdf\"><strong>Pastavals Spaghetti<\/strong><\/a><\/h3>\n<\/div>\n\n\n\n<div class=\"wp-block-column is-layout-flow wp-block-column-is-layout-flow\">\n<h3 class=\"wp-block-heading has-text-align-center\" id=\"h-degkrok\"><a href=\"https:\/\/www.ankarsrum.com\/wp-content\/uploads\/2024\/06\/920000232-instruktionsfolder-dough-hook-rev6.pdf\"><\/a><a href=\"https:\/\/www.ankarsrum.com\/se\/wp-content\/uploads\/sites\/11\/2024\/11\/instructionsfolder-dough-hook-rev6.pdf\"><strong>Degkrok<\/strong><\/a><\/h3>\n\n\n\n<h3 class=\"wp-block-heading has-text-align-center\" id=\"h-gronsaksskarare\"><a href=\"https:\/\/www.ankarsrum.com\/wp-content\/uploads\/2024\/06\/920000240-instruktionsfolder-vegetable-cutter-rev5.pdf\"><\/a><a href=\"https:\/\/www.ankarsrum.com\/se\/wp-content\/uploads\/sites\/11\/2024\/11\/instructionsfolder-vegetable-cutter-rev5.pdf\"><strong>Gr\u00f6nsakssk\u00e4rare<\/strong><\/a><\/h3>\n\n\n\n<h3 class=\"wp-block-heading has-text-align-center\" id=\"h-mjolkvarn\"><a href=\"https:\/\/www.ankarsrum.com\/wp-content\/uploads\/2024\/06\/920000242-instruktionsfolder-grain-mill-rev4.pdf\"><\/a><a href=\"https:\/\/www.ankarsrum.com\/se\/wp-content\/uploads\/sites\/11\/2024\/11\/instructionsfolder-grain-mill-rev4.pdf\"><strong>Mj\u00f6lkvarn<\/strong><\/a><\/h3>\n\n\n\n<h3 class=\"wp-block-heading has-text-align-center\" id=\"h-pastavals-lasagne\"><a href=\"https:\/\/www.ankarsrum.com\/wp-content\/uploads\/2024\/06\/ankarsrum-instructions-lasagne-marcato-rev3.pdf\"><\/a><a href=\"https:\/\/www.ankarsrum.com\/se\/wp-content\/uploads\/sites\/11\/2024\/11\/instructionsfolder-lasagne-rev3.pdf\"><strong>Pastavals Lasagne<\/strong><\/a><\/h3>\n\n\n\n<h3 class=\"wp-block-heading has-text-align-center\" id=\"h-kvarn\"><a href=\"https:\/\/www.ankarsrum.com\/wp-content\/uploads\/2024\/06\/920000236-instruktionsfolder-mincer-rev6.pdf\"><\/a><a href=\"https:\/\/www.ankarsrum.com\/se\/wp-content\/uploads\/sites\/11\/2024\/11\/instructionsfolder-mincer-rev6.pdf\"><strong>Kvarn<\/strong><\/a><\/h3>\n\n\n\n<h3 class=\"wp-block-heading has-text-align-center\" id=\"h-rivtillsats\"><a href=\"https:\/\/www.ankarsrum.com\/wp-content\/uploads\/2024\/06\/920000235-instruktionsfolder-grater-rev4.pdf\"><\/a><a href=\"https:\/\/www.ankarsrum.com\/se\/wp-content\/uploads\/sites\/11\/2024\/11\/instructionsfolder-grater-rev4.pdf\"><strong>Rivtillsats<\/strong><\/a><\/h3>\n<\/div>\n\n\n\n<div class=\"wp-block-column is-layout-flow wp-block-column-is-layout-flow\">\n<h3 class=\"wp-block-heading has-text-align-center\" id=\"h-citronpress\"><a href=\"https:\/\/www.ankarsrum.com\/wp-content\/uploads\/2024\/06\/920000231-instruktionsfolder-citrus-press-rev5.pdf\"><\/a><a href=\"https:\/\/www.ankarsrum.com\/se\/wp-content\/uploads\/sites\/11\/2024\/11\/instructionsfolder-citrus-press-rev5.pdf\"><strong>Citronpress<\/strong><\/a><\/h3>\n\n\n\n<h3 class=\"wp-block-heading has-text-align-center\" id=\"h-muslikvarn\"><a href=\"https:\/\/www.ankarsrum.com\/wp-content\/uploads\/2024\/06\/920000243-instruktionsfolder-flake-mill-rev4.pdf\"><\/a><a href=\"https:\/\/www.ankarsrum.com\/se\/wp-content\/uploads\/sites\/11\/2024\/11\/instructionsfolder-flake-mill-rev4.pdf\"><strong>M\u00fcslikvarn<\/strong><\/a><\/h3>\n\n\n\n<h3 class=\"wp-block-heading has-text-align-center\" id=\"h-pa-stavals-lasagnette\"><a href=\"https:\/\/www.ankarsrum.com\/wp-content\/uploads\/2024\/06\/ankarsrum-instructions-lasagnette-marcato-rev2.pdf\"><\/a><a href=\"https:\/\/www.ankarsrum.com\/se\/wp-content\/uploads\/sites\/11\/2024\/11\/instructionsfolder-fettuccine-rev3.pdf\"><strong>Pa<\/strong><\/a><strong><a href=\"https:\/\/www.ankarsrum.com\/se\/wp-content\/uploads\/sites\/11\/2024\/11\/instructionsfolder-lasagnette-rev2.pdf\">stavals Lasagnette<\/a><\/strong><\/h3>\n\n\n\n<h3 class=\"wp-block-heading has-text-align-center\" id=\"h-passertillsats\"><a href=\"https:\/\/www.ankarsrum.com\/wp-content\/uploads\/2024\/06\/920000234-instruktionsfolder-strainer-rev4.pdf\"><\/a><a href=\"https:\/\/www.ankarsrum.com\/se\/wp-content\/uploads\/sites\/11\/2024\/11\/instructionsfolder-strainer-rev4.pdf\"><strong>Passertillsats<\/strong><\/a><\/h3>\n\n\n\n<h3 class=\"wp-block-heading has-text-align-center\" id=\"h-kakpress\"><a href=\"https:\/\/www.ankarsrum.com\/wp-content\/uploads\/2024\/06\/920000244-instruktionsfolder-cookie-press-rev4.pdf\"><\/a><a href=\"https:\/\/www.ankarsrum.com\/se\/wp-content\/uploads\/sites\/11\/2024\/11\/instructionsfolder-cookie-press-rev4.pdf\"><strong>Kakpress<\/strong><\/a><\/h3>\n<\/div>\n<\/div>\n\n\n\n<div style=\"height:19px\" aria-hidden=\"true\" class=\"wp-block-spacer\"><\/div>\n","protected":false},"excerpt":{"rendered":"<p>Manualer f\u00f6r v\u00e5ra produkter. H\u00e4r hittar du manualer och s\u00e4kerhetsinstruktioner f\u00f6r Ankarsrum Assistent Original och dess tillbeh\u00f6r<\/p>\n","protected":false},"author":5,"featured_media":0,"parent":0,"menu_order":0,"comment_status":"closed","ping_status":"closed","template":"","meta":{"_acf_changed":false,"content-type":"","editor_notices":[],"footnotes":""},"class_list":["post-626","page","type-page","status-publish","hentry"],"acf":[],"_links":{"self":[{"href":"https:\/\/www.ankarsrum.com\/se\/wp-json\/wp\/v2\/pages\/626","targetHints":{"allow":["GET"]}}],"collection":[{"href":"https:\/\/www.ankarsrum.com\/se\/wp-json\/wp\/v2\/pages"}],"about":[{"href":"https:\/\/www.ankarsrum.com\/se\/wp-json\/wp\/v2\/types\/page"}],"author":[{"embeddable":true,"href":"https:\/\/www.ankarsrum.com\/se\/wp-json\/wp\/v2\/users\/5"}],"replies":[{"embeddable":true,"href":"https:\/\/www.ankarsrum.com\/se\/wp-json\/wp\/v2\/comments?post=626"}],"version-history":[{"count":5,"href":"https:\/\/www.ankarsrum.com\/se\/wp-json\/wp\/v2\/pages\/626\/revisions"}],"predecessor-version":[{"id":69682,"href":"https:\/\/www.ankarsrum.com\/se\/wp-json\/wp\/v2\/pages\/626\/revisions\/69682"}],"wp:attachment":[{"href":"https:\/\/www.ankarsrum.com\/se\/wp-json\/wp\/v2\/media?parent=626"}],"curies":[{"name":"wp","href":"https:\/\/api.w.org\/{rel}","templated":true}]}}