{"id":75,"date":"2018-12-07T12:09:00","date_gmt":"2018-12-07T12:09:00","guid":{"rendered":"https:\/\/www.ankarsrum.com.dev.synot.io\/?page_id=75"},"modified":"2020-01-02T11:06:05","modified_gmt":"2020-01-02T10:06:05","slug":"product-categories","status":"publish","type":"page","link":"https:\/\/www.ankarsrum.com\/se\/product-categories\/","title":{"rendered":"Redo att assistera. Hemma i ditt k\u00f6k."},"content":{"rendered":"Ankarsrum Assistent Original tillverkas och monteras f\u00f6r hand. Den \u00e4r byggd f\u00f6r att klara riktigt h\u00e5rt k\u00f6ksjobb och har 7 \u00e5rs garanti. H\u00e4r k\u00f6per du din alldeles egen maskin.\r\n<p style=\"text-align: center;\">","protected":false},"excerpt":{"rendered":"<p>Ankarsrum Assistent Original tillverkas och monteras f\u00f6r hand. Den \u00e4r byggd f\u00f6r att klara riktigt h\u00e5rt k\u00f6ksjobb och har 7&hellip;<\/p>\n","protected":false},"author":21,"featured_media":0,"parent":0,"menu_order":0,"comment_status":"closed","ping_status":"closed","template":"template-categories.php","meta":{"_acf_changed":false,"content-type":"","editor_notices":[],"footnotes":""},"class_list":["post-75","page","type-page","status-publish","hentry"],"acf":[],"_links":{"self":[{"href":"https:\/\/www.ankarsrum.com\/se\/wp-json\/wp\/v2\/pages\/75","targetHints":{"allow":["GET"]}}],"collection":[{"href":"https:\/\/www.ankarsrum.com\/se\/wp-json\/wp\/v2\/pages"}],"about":[{"href":"https:\/\/www.ankarsrum.com\/se\/wp-json\/wp\/v2\/types\/page"}],"author":[{"embeddable":true,"href":"https:\/\/www.ankarsrum.com\/se\/wp-json\/wp\/v2\/users\/21"}],"replies":[{"embeddable":true,"href":"https:\/\/www.ankarsrum.com\/se\/wp-json\/wp\/v2\/comments?post=75"}],"version-history":[{"count":7,"href":"https:\/\/www.ankarsrum.com\/se\/wp-json\/wp\/v2\/pages\/75\/revisions"}],"predecessor-version":[{"id":47880,"href":"https:\/\/www.ankarsrum.com\/se\/wp-json\/wp\/v2\/pages\/75\/revisions\/47880"}],"wp:attachment":[{"href":"https:\/\/www.ankarsrum.com\/se\/wp-json\/wp\/v2\/media?parent=75"}],"curies":[{"name":"wp","href":"https:\/\/api.w.org\/{rel}","templated":true}]}}