{"id":99,"date":"2018-12-11T10:28:24","date_gmt":"2018-12-11T10:28:24","guid":{"rendered":"https:\/\/www.ankarsrum.com\/?page_id=99"},"modified":"2025-10-22T14:16:31","modified_gmt":"2025-10-22T12:16:31","slug":"personuppgiftspolicy","status":"publish","type":"page","link":"https:\/\/www.ankarsrum.com\/se\/personuppgiftspolicy\/","title":{"rendered":""},"content":{"rendered":"\n<p><\/p>\n\n\n\n<div style=\"height:100px\" aria-hidden=\"true\" class=\"wp-block-spacer\"><\/div>\n\n\n\n<h1 class=\"wp-block-heading has-text-align-center\" id=\"h-personuppgiftspolicy\">Personuppgiftspolicy<\/h1>\n\n\n\n<h2 class=\"wp-block-heading has-text-align-center\" id=\"h-ankarsrum-kitchen-ab\">Ankarsrum Kitchen AB<\/h2>\n\n\n\n<div style=\"height:100px\" aria-hidden=\"true\" class=\"wp-block-spacer\"><\/div>\n\n\n\n<p>Ankarsrum Kitchen AB (nedan Ankarsrum) har antagit f\u00f6ljande personuppgiftspolicy i egenskap av personuppgiftsansvarig. Denna personuppgiftspolicy omfattar alla personuppgifter som bolaget behandlar avseende dig som konsument men \u00e4ven till viss del v\u00e5ra B2B-kunder, leverant\u00f6rer och andra som Ankarsrum har aff\u00e4rsrelationer med.<\/p>\n\n\n\n<p>Personuppgiftspolicyn ger information om alla former av personuppgifter som Ankarsrum \u00e4r personuppgiftsansvarig f\u00f6r. Personuppgifter \u00e4r all information som direkt eller indirekt kan identifiera en person. Det kan ocks\u00e5 finnas s\u00e4rskilda mallar och riktlinjer f\u00f6r hanteringen. Tvingande lagar och regler p\u00e5 de platser d\u00e4r Ankarsrum bedriver verksamhet ska alltid f\u00f6ljas och ges f\u00f6retr\u00e4de om konflikt eller avvikelse fr\u00e5n denna personuppgiftspolicy skulle identifieras.<\/p>\n\n\n\n<h3 class=\"wp-block-heading\" id=\"h-ankarsrum-tar-ansvar-for-dina-personuppgifter\">ANKARSRUM TAR ANSVAR F\u00d6R DINA PERSONUPPGIFTER<\/h3>\n\n\n\n<p>Ankarsrum \u00e4r personuppgiftsansvarig f\u00f6r behandlingen av samtliga registrerade personers personuppgifter. Det inneb\u00e4r att Ankarsrum ansvarar f\u00f6r att de registrerade personuppgifterna behandlas p\u00e5 ett korrekt s\u00e4tt och i enlighet med till\u00e4mplig dataskyddslagstiftning.<\/p>\n\n\n\n<p>Ankarsrum Kitchen AB<br>Org. nr.: 556757-6300<br>Adress: Lysingsv\u00e4gen 18<br>593 53 V\u00e4stervik<br>Mail:&nbsp;<a href=\"mailto:info@ankarsrum.com\">info@ankarsrum.com<\/a><\/p>\n\n\n\n<h3 class=\"wp-block-heading\" id=\"h-definitioner\">Definitioner<\/h3>\n\n\n\n<figure class=\"wp-block-table\"><table><tbody><tr><td>Personuppgift<\/td><td>All slags information som direkt eller indirekt kan h\u00e4nf\u00f6ras till en fysisk person som \u00e4r i livet, inkl. mailadresser, foton etc.<\/td><\/tr><tr><td>Registrerad<\/td><td>Den som en personuppgift avser, det vill s\u00e4ga den fysiska person som direkt eller indirekt kan identifieras genom personuppgifterna i ett register.<\/td><\/tr><tr><td>Personuppgiftsbehandling<\/td><td>En \u00e5tg\u00e4rd eller kombination av \u00e5tg\u00e4rder betr\u00e4ffande personuppgifter \u2013 oberoende av om de utf\u00f6rs automatiserat eller ej \u2013 s\u00e5som insamling, registrering, organisering och strukturering<\/td><\/tr><\/tbody><\/table><\/figure>\n\n\n\n<h3 class=\"wp-block-heading\" id=\"h-personuppgifter-som-behandlas-av-ankarsrum\">PERSONUPPGIFTER SOM BEHANDLAS AV ANKARSRUM<\/h3>\n\n\n\n<p>Ankarsrum kan sammanfattningsvis komma att behandla f\u00f6ljande uppgifter om dig.<\/p>\n\n\n\n<p>Vid k\u00f6p via v\u00e5r webbshop inom Sverige fr\u00e5n ankarsrum.com\/se\/ kommer vi bland annat att efterfr\u00e5ga ditt namn, adress, telefonnummer och e-post.<\/p>\n\n\n\n<p>Personuppgifter lagras inte l\u00e4ngre \u00e4n vad som \u00e4r n\u00f6dv\u00e4ndigt med h\u00e4nsyn till \u00e4ndam\u00e5let med behandlingen. F\u00f6r att kunna fullg\u00f6ra v\u00e5rt garanti\u00e5tagande gentemot dig som konsument sparar vi personuppgifter i sju \u00e5r. Vid garantiregistrering av nyink\u00f6pt maskin samlas f\u00f6ljande personuppgifter in: Serienummer, ink\u00f6psdatum, ink\u00f6psst\u00e4lle, namn, telefonnummer och e-post. Vid angivande av denna information kan du ge ditt samtycke om du \u00f6nskar ta del av information och erbjudanden fr\u00e5n Ankarsrum, som inte \u00e4r kopplat till sj\u00e4lva garantin.<\/p>\n\n\n\n<p>Ankarsrum till\u00e4mpar l\u00e4mpliga tekniska och organisatoriska s\u00e4kerhets\u00e5tg\u00e4rder f\u00f6r att skydda personuppgifter mot bland annat f\u00f6rlust, missbruk och obeh\u00f6rig \u00e5tkomst. Endast personer hos Ankarsrum som i sin anst\u00e4llning beh\u00f6ver behandla personuppgifter i enlighet med ovan angivna \u00e4ndam\u00e5l kommer att ha tillg\u00e5ng till dem. Vi delar \u00e4ven personuppgifter till v\u00e5ra systemleverant\u00f6rer f\u00f6r att administrera ditt k\u00f6p mm. Alla personuppgifter som samlas in behandlas inom EU\/EES. Vi \u00f6verf\u00f6r inte personuppgifter till tredjeland.<\/p>\n\n\n\n<p>Om du f\u00f6ljer oss och interagerar med oss via n\u00e5gon av v\u00e5ra sidor p\u00e5 tredjepartsplattformar som t ex Instagram och Facebook, till\u00e4mpas de plattformarnas policies, inklusive integritetsskyddspolicies p\u00e5 den information du l\u00e4mnar. Vi uppmanar dig d\u00e4rf\u00f6r att bekanta dig med de villkoren.<\/p>\n\n\n\n<p>F\u00f6r mer detaljerad information om vilka personuppgifter vi behandlar f\u00f6r respektive \u00e4ndam\u00e5l och hur l\u00e4nge vi sparar dina personuppgifter och mer detaljer kring dessa kan du klicka p\u00e5 respektive \u00e4ndam\u00e5l nedan.<\/p>\n\n\n\n<h3 class=\"wp-block-heading\" id=\"h-kop\">K\u00f6p<\/h3>\n\n\n\n<p>Vi behandlar dina personuppgifter i samband med att du genomf\u00f6r ett k\u00f6p p\u00e5 v\u00e5r hemsida.<\/p>\n\n\n\n<figure class=\"wp-block-table\"><table><tbody><tr><td><strong>Behandling<\/strong><\/td><td><strong>Personuppgifter<\/strong><\/td><td><strong>Laglig grund<\/strong><\/td><td><strong>Lagringstid<\/strong><\/td><\/tr><tr><td>F\u00f6r produkter som inte omfattas av sju \u00e5rs garanti att<br>&#8211; administrera ditt k\u00f6p och best\u00e4llning,<br>&#8211; administration av din betalning,<br>&#8211; f\u00f6r att bekr\u00e4fta ditt k\u00f6p, f\u00f6r att leverera ditt k\u00f6p<br>&#8211; kommunicera med dig ang\u00e5ende din m\u00f6jlighet att registrera din garanti<br>&#8211; kommunicera med dig om din leverans<\/td><td>Namn<br>Kundnummer<br>E-post<br>Orderinformation<br>Betalningsuppgifter<br>Adress<br>Telefonnummer<br>IP-adress<\/td><td>Avtal om k\u00f6p som vi ing\u00e5r med dig<\/td><td>Vi lagrar dina personuppgifter i tre \u00e5r<\/td><\/tr><tr><td>F\u00f6r produkter som omfattas av sju \u00e5rs garanti.<br>&#8211; administrera ditt k\u00f6p och best\u00e4llning,<br>&#8211; administration av din betalning,<br>&#8211; f\u00f6r att bekr\u00e4fta ditt k\u00f6p, f\u00f6r att leverera ditt k\u00f6p<br>&#8211; kommunicera med dig ang\u00e5ende din m\u00f6jlighet att registrera din garanti<br>&#8211; kommunicera med dig om din leverans<\/td><td>Namn<br>Kundnummer<br>Adress<br>E-post<br>Orderinformation Produktnummer<br>Telefonnummer<\/td><td>Avtal om k\u00f6p som vi ing\u00e5r med dig<\/td><td>Vi lagrar dina personuppgifter i sju \u00e5r<\/td><\/tr><tr><td>F\u00f6r att kunna fullg\u00f6ra v\u00e5rt garanti\u00e5tagande gentemot dig som g\u00f6r en garantiregistrering<\/td><td>Namn<br>E-post<br>Telefonnummer<br>Serienummer<br>ink\u00f6psdatum,<br>Ink\u00f6psst\u00e4lle<\/td><td>Avtal om garanti<\/td><td>Vi lagrar dina personuppgifter i sju \u00e5r<\/td><\/tr><\/tbody><\/table><\/figure>\n\n\n\n<figure class=\"wp-block-table\"><table><tbody><tr><td>Mottagare av personuppgifter<\/td><td>I samband med k\u00f6pet delar vi dina personuppgifter med v\u00e5r betaltj\u00e4nstleverant\u00f6r, som \u00e4r sj\u00e4lvst\u00e4ndigt personuppgiftsansvarig. Detta inneb\u00e4r att du kan v\u00e4nda dig direkt till den aktuella betaltj\u00e4nstleverant\u00f6ren f\u00f6r eventuella fr\u00e5gor om behandlingen av dina personuppgifter g\u00e4llande betalningen.<br>&nbsp;<br>Vi behandlar dina personuppgifter i ett aff\u00e4rssystem genom en tredjepartsleverant\u00f6r samt delar uppgifter med v\u00e5r logistikpartner, som \u00e4r personuppgiftbitr\u00e4de f\u00f6r oss, f\u00f6r att kunna leverera dina produkter.<br>&nbsp;<br>Vi delar dina personuppgifter med den transport\u00f6r som du v\u00e4ljer. Denna \u00e4r sj\u00e4lvst\u00e4ndigt personuppgiftsansvarig f\u00f6r behandlingen av dina personuppgifter. Vid fr\u00e5gor avseende deras hantering h\u00e4nvisas du till respektive akt\u00f6r.<\/td><\/tr><\/tbody><\/table><\/figure>\n\n\n\n<h3 class=\"wp-block-heading\" id=\"h-kundservice-och-returer\">Kundservice och returer<\/h3>\n\n\n\n<p>Vi behandlar dina personuppgifter n\u00e4r du \u00e4r i kontakt med v\u00e5r kundtj\u00e4nst och vid v\u00e5r kontakt med dig vid eventuella fr\u00e5gor om ditt k\u00f6p samt i samband med eventuell reklamation, returer och klagom\u00e5l.<\/p>\n\n\n\n<figure class=\"wp-block-table\"><table><tbody><tr><td><strong>Behandling<\/strong><\/td><td><strong>Personuppgifter<\/strong><\/td><td><strong>Laglig grund<\/strong><\/td><td><strong>Lagringstid<\/strong><\/td><\/tr><tr><td>F\u00f6r att<br>&#8211; besvara dina fr\u00e5gor n\u00e4r du kontaktar oss genom v\u00e5r kundtj\u00e4nst<\/td><td>Namn,<br>\u00c4rendenummer<br>Telefon<br>Mail<br>Adress<br>\u00c4rendeinformation<br>Bilder som du skickar till oss och annan information som du f\u00f6rser oss med.<\/td><td>Ber\u00e4ttigat intresse<br>&nbsp;<br>V\u00e5rt ber\u00e4ttigade intresse att administrera och f\u00f6lja upp v\u00e5r kontakt med dig och f\u00f6lja upp v\u00e5ra kundservice\u00e4renden<\/td><td>Vi lagrar dina personuppgifter i 2 \u00e5r fr\u00e5n d\u00e5 du kontaktar oss via kundtj\u00e4nst.<\/td><\/tr><tr><td>F\u00f6r att<br>&#8211; Hantera returer<br>&#8211; Hantera reklamationer eller klagom\u00e5l<br>&#8211; F\u00f6lja konsumentsskyddslag<\/td><td>Namn<br>Adress<br>Telefon<br>\u00c4rendenummer<br>E-post<br>Serienummer till din produkt<\/td><td>Avtal och r\u00e4ttlig f\u00f6rpliktelse<\/td><td>Vi lagrar dina personuppgifter i 2 \u00e5r fr\u00e5n hantering av servicen<\/td><\/tr><tr><td>N\u00e4r du kontaktar oss via telefon och inte har kontakt p\u00e5 annat s\u00e4tt med kundtj\u00e4nst.<\/td><td>Telefonnummer<\/td><td><\/td><td>Vi lagrar ditt telefonnummer i 14 dagar.<\/td><\/tr><\/tbody><\/table><\/figure>\n\n\n\n<figure class=\"wp-block-table\"><table><tbody><tr><td>Mottagare av personuppgifter<\/td><td>Vi delar dina personuppgifter med v\u00e5r Kundtj\u00e4nst- och reklamationshanterings-leverant\u00f6r samt v\u00e5r IT-partner och aff\u00e4rssystemsleverant\u00f6r och ditt telefonnummer behandlas av v\u00e5r telefonv\u00e4xelleverant\u00f6r. Dessa akt\u00f6rer behandlar dina personuppgifter f\u00f6r v\u00e5r r\u00e4kning i egenskap av personuppgiftsbitr\u00e4den.<\/td><\/tr><\/tbody><\/table><\/figure>\n\n\n\n<p><\/p>\n\n\n\n<h3 class=\"wp-block-heading\" id=\"h-rattsliga-forpliktelser\">R\u00e4ttsliga f\u00f6rpliktelser<\/h3>\n\n\n\n<p>I vissa fall beh\u00f6ver vi behandla dina personuppgifter f\u00f6r att uppfylla lagar eller andra krav.<\/p>\n\n\n\n<figure class=\"wp-block-table\"><table><tbody><tr><td><strong>Behandling<\/strong><\/td><td><strong>Personuppgifter<\/strong><\/td><td><strong>Laglig grund<\/strong><\/td><td><strong>Lagringstid<\/strong><\/td><\/tr><tr><td>F\u00f6r att f\u00f6lja lagar, s\u00e5som bokf\u00f6ringslagen<\/td><td>Namn<br>Adress<br>Transaktionsinformation, betalningshistorik samt \u00f6vrig information som framg\u00e5r p\u00e5 din faktura<\/td><td>R\u00e4ttslig f\u00f6rpliktelse.<br>&nbsp;<br>F\u00f6r att uppfylla krav enligt lag.<\/td><td>Fr\u00e5n n\u00e4r du genomf\u00f6r ditt k\u00f6p och sju \u00e5r, om inte annat anges i lag.<\/td><\/tr><tr><td>F\u00f6r att f\u00f6lja lagar s\u00e5 som produktansvar och s\u00e4kerhet<\/td><td>Namn<br>Adress<br>Mail<\/td><td>R\u00e4ttslig f\u00f6rpliktelse.<br>&nbsp;<br>F\u00f6r att uppfylla krav enligt lag.<\/td><td>Fr\u00e5n n\u00e4r du genomf\u00f6r ditt k\u00f6p och sju \u00e5r, om inte annat anges i lag.<\/td><\/tr><\/tbody><\/table><\/figure>\n\n\n\n<figure class=\"wp-block-table\"><table><tbody><tr><td>Mottagare av personuppgifter<\/td><td>Vi delar dina personuppgifter med v\u00e5r IT-partner som hanterar v\u00e5ra servrar, backuper och aff\u00e4rssystem. De behandlar dina personuppgifter f\u00f6r v\u00e5r r\u00e4kning i egenskap av personuppgiftsbitr\u00e4de.<\/td><\/tr><\/tbody><\/table><\/figure>\n\n\n\n<p><\/p>\n\n\n\n<h3 class=\"wp-block-heading\" id=\"h-nyhetsbrev-och-marknadsforing\">Nyhetsbrev- och marknadsf\u00f6ring<\/h3>\n\n\n\n<p>Vi behandlar dina personuppgifter f\u00f6r att du ska f\u00e5 de senaste erbjudandena och nyheter. I samband med att du bes\u00f6ker v\u00e5r hemsida samt n\u00e4r du registrerar garanti av din produkt har du m\u00f6jlighet att l\u00e4mna information till oss f\u00f6r att vi ska ha m\u00f6jlighet att marknadsf\u00f6ra v\u00e5ra produkter och tj\u00e4nster.<\/p>\n\n\n\n<figure class=\"wp-block-table\"><table><tbody><tr><td><strong>Behandling<\/strong><\/td><td><strong>Personuppgifter<\/strong><\/td><td><strong>Laglig grund<\/strong><\/td><td><strong>Lagringstid<\/strong><\/td><\/tr><tr><td>F\u00f6r att<br>&#8211; skicka nyhetsbrev<br>&#8211; skicka erbjudanden till dig<br>&#8211; Kundunders\u00f6kning<br>&#8211; Anonymisering<\/td><td>Namn<br>E-post<br>Telefonnummer<br>Orderinformation<br>K\u00f6phistorik<br>Bes\u00f6kshistorik<br>S\u00f6khistorik<\/td><td>Samtycke<br>&nbsp;<br>N\u00e4r du anger till oss att du vill ha nyhetsbrev fr\u00e5n oss behandlar vi dina personuppgifter baserat p\u00e5 ditt samtycke<\/td><td>Fr\u00e5n n\u00e4r du anger att du valt att f\u00e5 nyhetsbrev tills du avregistrerar fr\u00e5n v\u00e5ra nyhetsbrev.<\/td><\/tr><tr><td>F\u00f6r att g\u00f6ra riktad marknadsf\u00f6ring<br>mot dig hos tredje parts sajter.<\/td><td>Namn<br>E-post<br>IP-adress<br>K\u00f6phistorik<br>S\u00f6khistorik<br>Klickhistorik<\/td><td>Samtycke<br>Om du har samtyckt till det uppl\u00e5ter vi cookies eller pixlar till plattformar med annonstj\u00e4nster som vi samarbetar med.<\/td><td>Vi lagrar dina personuppgifter i upp till 180 dagar<\/td><\/tr><\/tbody><\/table><\/figure>\n\n\n\n<figure class=\"wp-block-table\"><table><tbody><tr><td>Mottagare av personuppgifter<\/td><td>Vi delar dina personuppgifter med v\u00e5r nyhetsbrevsleverant\u00f6r samt leverant\u00f6r f\u00f6r webbutveckling och hosting av webbplats, samt systemleverant\u00f6r f\u00f6r webbutik, som behandlar personuppgifter f\u00f6r v\u00e5r r\u00e4kning i egenskap av personuppgiftsbitr\u00e4den. Om du har samtyckt till det uppl\u00e5ter vi cookies eller pixlar till plattformar med annonstj\u00e4nster som vi samarbetar med som ska kunna optimera v\u00e5ra k\u00f6pta annonser. Vi delar d\u00e5 med oss av aggregerad information om psedonymiserade personuppgifter.<\/td><\/tr><\/tbody><\/table><\/figure>\n\n\n\n<p><\/p>\n\n\n\n<h3 class=\"wp-block-heading\" id=\"h-hantera-recensioner\">Hantera recensioner<\/h3>\n\n\n\n<p>N\u00e4r du l\u00e4mnar en recension om v\u00e5ra produkter behandlar vi dina personuppgifter.<\/p>\n\n\n\n<figure class=\"wp-block-table\"><table><tbody><tr><td><strong>Behandling<\/strong><\/td><td><strong>Personuppgifter<\/strong><\/td><td><strong>Laglig grund<\/strong><\/td><td><strong>Lagringstid<\/strong><\/td><\/tr><tr><td>Publicering av din recension p\u00e5 v\u00e5r hemsida och sociala medier.<\/td><td>Namn<br>E-post<br>Recension<br>IP-adress<\/td><td>Samtycke<br>&nbsp;<br>N\u00e4r du publicerar din recension l\u00e4mnar du ditt samtycke till att vi publicerar denna p\u00e5 plattformen.<br>&nbsp;<br>Du har r\u00e4tt att n\u00e4r som helst \u00e5terkalla ditt samtycke. Detta p\u00e5verkar dock inte hanteringen innan du \u00e5terkallat samtycket.<\/td><td>Recensionen finns kvar tills vi tar bort den. Du kan n\u00e4r som helst h\u00f6ra av dig till oss och be oss ta bort din recension<\/td><\/tr><\/tbody><\/table><\/figure>\n\n\n\n<figure class=\"wp-block-table\"><table><tbody><tr><td>Mottagare av personuppgifter<\/td><td>Vi delar dina personuppgifter med v\u00e5r marknadsf\u00f6ringsplattform som behandlar dina personuppgifter f\u00f6r v\u00e5r r\u00e4kning i egenskap av personuppgiftsbitr\u00e4de.<\/td><\/tr><\/tbody><\/table><\/figure>\n\n\n\n<p><\/p>\n\n\n\n<h3 class=\"wp-block-heading\" id=\"h-besok-pa-hemsidan\">Bes\u00f6k p\u00e5 hemsidan<\/h3>\n\n\n\n<p>Vi behandlar dina personuppgifter n\u00e4r du bes\u00f6ker v\u00e5r websida, om du valt att samtycka till detta.<\/p>\n\n\n\n<figure class=\"wp-block-table\"><table><tbody><tr><td><strong>Behandling<\/strong><\/td><td><strong>Personuppgifter<\/strong><\/td><td><strong>Laglig grund<\/strong><\/td><td><strong>Lagringstid<\/strong><\/td><\/tr><tr><td>F\u00f6r att<br>&#8211; f\u00f6rb\u00e4ttra funktioner p\u00e5 v\u00e5r hemsida<br>&#8211; anv\u00e4ndarupplevelsen,<br>&#8211; analysera anv\u00e4ndning<\/td><td>Namn<br>E-post<br>S\u00f6khistorik<br>k\u00f6phistorik<br>Bes\u00f6kshistorik<br>IP-adress<\/td><td>Samtycke<\/td><td>Vi lagrar dina personuppgifter tv\u00e5 \u00e5r eller fram tills att du \u00e5terkallar ditt samtycke<\/td><\/tr><\/tbody><\/table><\/figure>\n\n\n\n<figure class=\"wp-block-table\"><table><tbody><tr><td>Mottagare av personuppgifter<\/td><td>Vi delar dina personuppgifter med v\u00e5r webbutvecklingsleverant\u00f6r som behandlar dina personuppgifter f\u00f6r v\u00e5r r\u00e4kning i egenskap av personuppgiftsbitr\u00e4de. Om du har samtyckt till det anger vi pixlar till Google Analytics som vi samarbetar med f\u00f6r att optimera v\u00e5ra k\u00f6pta annonser. Vi delar d\u00e5 endast aggregerad information av psedonymiserade personuppgifter.<\/td><\/tr><\/tbody><\/table><\/figure>\n\n\n\n<p><\/p>\n\n\n\n<h3 class=\"wp-block-heading\" id=\"h-it-sakerhet\">IT-s\u00e4kerhet<\/h3>\n\n\n\n<p>Ankarsrum vidtar l\u00e4mpliga tekniska och organisatoriska \u00e5tg\u00e4rder i \u00f6verensst\u00e4mmelse med till\u00e4mplig dataskyddslag. Vi kommer \u00e4ven att kr\u00e4va att v\u00e5ra tj\u00e4nsteleverant\u00f6rer, aff\u00e4rspartners eller professionella r\u00e5dgivare ska anv\u00e4nda l\u00e4mpliga \u00e5tg\u00e4rder f\u00f6r att skydda dina personuppgifter.<\/p>\n\n\n\n<h3 class=\"wp-block-heading\" id=\"h-b2b-kunder-och-andra-affarsrelationer\">B2B-KUNDER OCH ANDRA AFF\u00c4RSRELATIONER<\/h3>\n\n\n\n<p>De personuppgifter som Ankarsrum behandlar n\u00e4r det g\u00e4ller leverant\u00f6rer och kunder (ej konsumenter) \u00e4r begr\u00e4nsade till namn, e-post och telefonnummer till representanter f\u00f6r de f\u00f6retag som vi har befintliga eller potentiella aff\u00e4rsrelationer med.<\/p>\n\n\n\n<figure class=\"wp-block-table\"><table><tbody><tr><td><strong>Vilka uppgifter vi behandlar och varf\u00f6r<\/strong><\/td><td><strong>Laglig grund<\/strong><\/td><td><strong>Hur l\u00e4nge vi sparar uppgifterna<\/strong><\/td><\/tr><tr><td>Kontaktuppgifter s\u00e5 som e-mail, telefonnr, f\u00f6r- och efternamn, titel, ansvarsomr\u00e5de eventuella intressen f\u00f6r att bearbeta potentiella kunder.<\/td><td>Intresseavv\u00e4gning<\/td><td>S\u00e5 l\u00e4nge den potentiella kunden bearbetas.<\/td><\/tr><tr><td>Kontaktuppgifter s\u00e5 som e-mail, telefonnr, f\u00f6r- och efternamn, titel, ansvarsomr\u00e5de eventuella intressen f\u00f6r att uppr\u00e4tth\u00e5lla relationen med befintliga kunder.<\/td><td>N\u00f6dv\u00e4ndigt f\u00f6r att uppfylla ett avtal samt samtycke.<\/td><td>S\u00e5 l\u00e4nge aff\u00e4rsrelationen best\u00e5r.<\/td><\/tr><\/tbody><\/table><\/figure>\n\n\n\n<p>Ankarsrum kan dela personuppgifter med leverant\u00f6rer som tillhandah\u00e5ller tj\u00e4nster till Ankarsrum, som t.ex. att genomf\u00f6ra best\u00e4llningar, tillhandah\u00e5lla databehandlings- och andra informationstekniktj\u00e4nster, administrera kampanjer, t\u00e4vlingar, genomf\u00f6ra analys. Dessa leverant\u00f6rer f\u00e5r endast behandla personuppgifterna, i egenskap av Personuppgiftsbitr\u00e4den, f\u00f6r de syften som Ankarsrum har best\u00e4mt.<\/p>\n\n\n\n<p>N\u00e4r vi delar personuppgifter med bolag som \u00e4r att betrakta som personuppgiftsbitr\u00e4de, kontrollerar vi dem noga f\u00f6r att s\u00e4kerst\u00e4lla att de kan l\u00e4mna tillr\u00e4ckliga garantier avseende s\u00e4kerheten och sekretessen f\u00f6r personuppgifter. Vi har skriftliga avtal med alla personuppgiftsbitr\u00e4den genom vilka de garanterar s\u00e4kerheten f\u00f6r de personuppgifter som behandlas och \u00e5tar sig att f\u00f6lja v\u00e5ra s\u00e4kerhetskrav samt begr\u00e4nsningar och krav avseende internationell \u00f6verf\u00f6ring av personuppgifter.<\/p>\n\n\n\n<h3 class=\"wp-block-heading\" id=\"h-dina-rattigheter\">Dina r\u00e4ttigheter<\/h3>\n\n\n\n<p>Du har enligt dataskyddsf\u00f6rordningen\/GDPR ett antal r\u00e4ttigheter att p\u00e5verka behandlingen av dina personuppgifter. Dessa r\u00e4ttigheter kan begr\u00e4nsas av andra best\u00e4mmelser i dataskyddslagstiftningen. Nedan f\u00f6ljer en mer detaljerad beskrivning av dina r\u00e4ttigheter och hur du kan ut\u00f6va dem. Du \u00e4r alltid v\u00e4lkommen att h\u00f6ra av dig till oss om du har n\u00e5gra fr\u00e5gor om hur vi behandlar dina personuppgifter.<\/p>\n\n\n\n<p><em>Din r\u00e4tt till tillg\u00e5ng<\/em><\/p>\n\n\n\n<p>Vi vill vara transparenta med hur vi behandlar dina uppgifter. Om du vill f\u00e5 mer insyn i den personuppgiftsbehandling som vi g\u00f6r i relation till just dig har du r\u00e4tt att beg\u00e4ra att f\u00e5 tillg\u00e5ng till dina uppgifter. V\u00e4nligen notera att n\u00e4r vi tar emot din beg\u00e4ran om tillg\u00e5ng kan vi komma att fr\u00e5ga om kompletterande information f\u00f6r att s\u00e4kerst\u00e4lla att vi l\u00e4mnar ut uppgifterna till r\u00e4tt person.<\/p>\n\n\n\n<p><em>Din r\u00e4tt till r\u00e4ttelse<\/em><\/p>\n\n\n\n<p>Det \u00e4r viktigt f\u00f6r oss att vi behandlar r\u00e4tt uppgifter om dig. Du har r\u00e4tt att f\u00e5 felaktiga personuppgifter som r\u00f6r dig r\u00e4ttade eller ofullst\u00e4ndiga uppgifter om dig kompletterade. Om vi inte har dina senast aktuella uppgifter eller om uppgifterna inte \u00e4r korrekta, \u00e4r du v\u00e4lkommen att h\u00f6ra av dig till oss s\u00e5 ordnar vi med en r\u00e4ttelse.<\/p>\n\n\n\n<p><em>Din r\u00e4tt till radering och begr\u00e4nsning<\/em><\/p>\n\n\n\n<p>Du har r\u00e4tt att under vissa omst\u00e4ndigheter f\u00e5 dina personuppgifter raderade. Det g\u00e4ller till exempel om personuppgifterna inte l\u00e4ngre \u00e4r n\u00f6dv\u00e4ndiga f\u00f6r det syfte f\u00f6r vilka de samlats in eller p\u00e5 annat s\u00e4tt behandlas, eller om du \u00e5terkallar ditt samtycke p\u00e5 vilken v\u00e5r behandling av dina personuppgifter grundar sig om vi inte har en annan r\u00e4ttslig grund f\u00f6r behandlingen. Du har \u00e4ven r\u00e4tt att beg\u00e4ra att vi begr\u00e4nsar v\u00e5r behandling av dina personuppgifter. Det g\u00e4ller till exempel om du bestrider personuppgifternas korrekthet eller om behandlingen av personuppgifterna skulle vara olaglig och du skulle bestrida att vi raderade personuppgifterna och ist\u00e4llet beg\u00e4r en begr\u00e4nsning av deras anv\u00e4ndning.<\/p>\n\n\n\n<p><em>Din r\u00e4tt att inv\u00e4nda mot v\u00e5r behandling inkl. direktmarknadsf\u00f6ring<\/em><\/p>\n\n\n\n<p>Du har r\u00e4tt att inv\u00e4nda mot v\u00e5r behandling av dina personuppgifter. Det kan du g\u00f6ra genom att kontakta v\u00e5r Kundservice. Dina personuppgifter f\u00e5r inte behandlas f\u00f6r direktmarknadsf\u00f6ring om du inv\u00e4nder mot s\u00e5dan behandling. Inv\u00e4nder du mot v\u00e5r direktmarknadsf\u00f6ring kommer vi att sluta g\u00f6ra utskick till dig.<\/p>\n\n\n\n<p><em>Din r\u00e4tt att kunna \u00e5terkalla ett l\u00e4mnat samtycke<\/em><\/p>\n\n\n\n<p>Om du har l\u00e4mnat samtycke till n\u00e5gon behandling som vi utf\u00f6r har du r\u00e4tt att n\u00e4r som helst \u00e5terkalla detta. Det kan du g\u00f6ra genom att kontakta v\u00e5r Kundservice.<\/p>\n\n\n\n<p><em>Din r\u00e4tt till dataportabilitet<\/em><\/p>\n\n\n\n<p>F\u00f6r den behandling som vi utf\u00f6r baserat p\u00e5 v\u00e5rt avtal med dig eller om du l\u00e4mnat ditt samtycke till en viss behandling kan du beg\u00e4ra s.k. dataportering, dvs. att f\u00e5 de uppgifter som du har tillhandah\u00e5llit \u00f6verf\u00f6rda till en annan personuppgiftsansvarig.<\/p>\n\n\n\n<p><em>Din r\u00e4tt att ha m\u00f6jlighet att l\u00e4mna in klagom\u00e5l till Integritetsskyddsmyndigheten<\/em><\/p>\n\n\n\n<p>Du har alltid r\u00e4tt till att l\u00e4mna in klagom\u00e5l till en tillsynsmyndighet. Du kan g\u00f6ra det i den s\u00e4rskilda EU\/EEA-medlemsstat d\u00e4r du har din hemvist, d\u00e4r du jobbar eller d\u00e4r en p\u00e5st\u00e5dd \u00f6vertr\u00e4delse av g\u00e4llande lagstiftning om dataskydd skett. I Sverige&nbsp;\u00e4r Integritetsskyddsmyndigheten (IMY) tillsynsmyndigheten.<\/p>\n\n\n\n<h3 class=\"wp-block-heading\" id=\"h-hur-du-kontaktar-oss\">HUR DU KONTAKTAR OSS<\/h3>\n\n\n\n<p>F\u00f6r fr\u00e5gor g\u00e4llande hur vi behandlar dina personuppgifter eller andra fr\u00e5gor som r\u00f6r personuppgiftshantering kan du v\u00e4nda er till oss p\u00e5: <ins>&nbsp;<\/ins><a href=\"mailto:info@ankarsrum.com\">info@ankarsrum.com<\/a><\/p>\n\n\n\n<h3 class=\"wp-block-heading\" id=\"h-andringar-i-policyn\">\u00c4NDRINGAR I POLICYN<\/h3>\n\n\n\n<p>Ankarsrum kan komma att g\u00f6ra \u00e4ndringar i denna personuppgiftspolicy. Det angivna datumet anger n\u00e4r \u00e4ndringar i policyn senast gjordes. Vi uppmanar dig att regelbundet titta p\u00e5 hemsidan efter den senast uppdaterade versionen av v\u00e5r policy. Om vi g\u00f6r en st\u00f6rre \u00e4ndring kommer vi att underr\u00e4tta dig om detta via tillg\u00e4ngliga kanaler. &nbsp;<\/p>\n\n\n\n<div style=\"height:100px\" aria-hidden=\"true\" class=\"wp-block-spacer\"><\/div>\n","protected":false},"excerpt":{"rendered":"<p>Personuppgiftspolicy. Ankarsrum Kitchen AB. <\/p>\n","protected":false},"author":21,"featured_media":0,"parent":0,"menu_order":0,"comment_status":"closed","ping_status":"closed","template":"","meta":{"_acf_changed":false,"content-type":"","editor_notices":[],"footnotes":""},"class_list":["post-99","page","type-page","status-publish","hentry"],"acf":[],"_links":{"self":[{"href":"https:\/\/www.ankarsrum.com\/se\/wp-json\/wp\/v2\/pages\/99","targetHints":{"allow":["GET"]}}],"collection":[{"href":"https:\/\/www.ankarsrum.com\/se\/wp-json\/wp\/v2\/pages"}],"about":[{"href":"https:\/\/www.ankarsrum.com\/se\/wp-json\/wp\/v2\/types\/page"}],"author":[{"embeddable":true,"href":"https:\/\/www.ankarsrum.com\/se\/wp-json\/wp\/v2\/users\/21"}],"replies":[{"embeddable":true,"href":"https:\/\/www.ankarsrum.com\/se\/wp-json\/wp\/v2\/comments?post=99"}],"version-history":[{"count":4,"href":"https:\/\/www.ankarsrum.com\/se\/wp-json\/wp\/v2\/pages\/99\/revisions"}],"predecessor-version":[{"id":62842,"href":"https:\/\/www.ankarsrum.com\/se\/wp-json\/wp\/v2\/pages\/99\/revisions\/62842"}],"wp:attachment":[{"href":"https:\/\/www.ankarsrum.com\/se\/wp-json\/wp\/v2\/media?parent=99"}],"curies":[{"name":"wp","href":"https:\/\/api.w.org\/{rel}","templated":true}]}}