{"id":10367,"date":"2024-07-10T16:12:00","date_gmt":"2024-07-10T14:12:00","guid":{"rendered":"https:\/\/www.ankarsrum.com\/se\/produkt\/rostfri-kittel-med-jaslock\/"},"modified":"2026-04-29T13:46:17","modified_gmt":"2026-04-29T11:46:17","slug":"rostfri-kittel-med-jaslock","status":"publish","type":"product","link":"https:\/\/www.ankarsrum.com\/se\/produkt\/rostfri-kittel-med-jaslock\/","title":{"rendered":"Rostfri kittel med j\u00e4slock"},"content":{"rendered":"<p>\u2022 Volym 7 liter, maxkapacitet 5 kilo deg.<br \/>\u2022 Hanterar 1,5 liter degv\u00e4tska.<br \/>\u2022 Kittel i rostfritt st\u00e5l.<br \/>\u2022 J\u00e4slock i polyetenplast.<br \/>\u2022 Tillh\u00f6rande j\u00e4slock till\u00e5ter degen att j\u00e4sa direkt i kitteln.\u00a0J\u00e4slocket passar \u00e4ven som\u00a0st\u00e4nkskydd p\u00e5 vispsk\u00e5len.<br \/>\u2022 Den h\u00f6ga kanten p\u00e5 j\u00e4slocket g\u00f6r att degen kan v\u00e4xa h\u00f6gre \u00e4n bunken.<br \/>\u2022 Kitteln passar till alla assistenter N1-N30.<\/p>","protected":false},"excerpt":{"rendered":"<p>Rostfri kittel p\u00e5 sju liter inklusive j\u00e4slock, sv\u00e5rslaget n\u00e4r det kommer till br\u00f6dbak!\u00a0<\/p>\n","protected":false},"featured_media":54485,"comment_status":"open","ping_status":"closed","template":"","meta":{"_acf_changed":false,"content-type":"","editor_notices":[]},"product_brand":[],"product_cat":[636],"product_tag":[],"product-tag":[],"machines":[343,318,362,367,371,375,383,399,388,393,345,397,348,353,360,341,344],"filter":[325],"class_list":{"0":"post-10367","1":"product","2":"type-product","3":"status-publish","4":"has-post-thumbnail","6":"product_cat-ankarsrum-reservdelar","7":"machines-02-n1","8":"machines-09-n10","9":"machines-10-n100","10":"machines-11-n20","11":"machines-12-n21","12":"machines-13-n22","13":"machines-14-n23-24","14":"machines-15-n24","15":"machines-16-n25-26","16":"machines-17-n28","17":"machines-04-n3","18":"machines-18-n30","19":"machines-05-n4","20":"machines-06-n6","21":"machines-08-n8","22":"machines-01-ng1","23":"machines-03-nx1","24":"filter-baspaket","26":"first","27":"instock","28":"taxable","29":"shipping-taxable","30":"purchasable","31":"product-type-simple"},"bundled_by":[],"bundle_stock_status":"instock","bundle_stock_quantity":null,"bundle_virtual":false,"bundle_layout":"","bundle_add_to_cart_form_location":"","bundle_editable_in_cart":false,"bundle_sold_individually_context":"","bundle_item_grouping":"","bundle_min_size":"","bundle_max_size":"","bundle_price":[],"bundled_items":[],"bundle_sell_ids":[],"acf":[],"_links":{"self":[{"href":"https:\/\/www.ankarsrum.com\/se\/wp-json\/wp\/v2\/product\/10367","targetHints":{"allow":["GET"]}}],"collection":[{"href":"https:\/\/www.ankarsrum.com\/se\/wp-json\/wp\/v2\/product"}],"about":[{"href":"https:\/\/www.ankarsrum.com\/se\/wp-json\/wp\/v2\/types\/product"}],"replies":[{"embeddable":true,"href":"https:\/\/www.ankarsrum.com\/se\/wp-json\/wp\/v2\/comments?post=10367"}],"wp:featuredmedia":[{"embeddable":true,"href":"https:\/\/www.ankarsrum.com\/se\/wp-json\/wp\/v2\/media\/54485"}],"wp:attachment":[{"href":"https:\/\/www.ankarsrum.com\/se\/wp-json\/wp\/v2\/media?parent=10367"}],"wp:term":[{"taxonomy":"product_brand","embeddable":true,"href":"https:\/\/www.ankarsrum.com\/se\/wp-json\/wp\/v2\/product_brand?post=10367"},{"taxonomy":"product_cat","embeddable":true,"href":"https:\/\/www.ankarsrum.com\/se\/wp-json\/wp\/v2\/product_cat?post=10367"},{"taxonomy":"product_tag","embeddable":true,"href":"https:\/\/www.ankarsrum.com\/se\/wp-json\/wp\/v2\/product_tag?post=10367"},{"taxonomy":"product-tag","embeddable":true,"href":"https:\/\/www.ankarsrum.com\/se\/wp-json\/wp\/v2\/product-tag?post=10367"},{"taxonomy":"machines","embeddable":true,"href":"https:\/\/www.ankarsrum.com\/se\/wp-json\/wp\/v2\/machines?post=10367"},{"taxonomy":"filter","embeddable":true,"href":"https:\/\/www.ankarsrum.com\/se\/wp-json\/wp\/v2\/filter?post=10367"}],"curies":[{"name":"wp","href":"https:\/\/api.w.org\/{rel}","templated":true}]}}