{"id":10372,"date":"2024-07-15T14:09:23","date_gmt":"2024-07-15T12:09:23","guid":{"rendered":"https:\/\/www.ankarsrum.com\/se\/produkt\/degkrok-classic\/"},"modified":"2026-04-15T13:01:53","modified_gmt":"2026-04-15T11:01:53","slug":"degkrok-classic","status":"publish","type":"product","link":"https:\/\/www.ankarsrum.com\/se\/produkt\/degkrok-classic\/","title":{"rendered":"Degkrok Classic"},"content":{"rendered":"<p>\u2022 Degkroken anv\u00e4nds fr\u00e4mst vid br\u00f6dbaket!<br \/>\u2022 Anv\u00e4nd alltid degkroken tillsammans med degkniven f\u00f6r att hj\u00e4lpa till att driva degen mot kittelns mitt.<br \/>\u2022 Degkrok Classic finns att k\u00f6pa till \u00e4ldre modeller N6-N24.<\/p>\n<p>Anv\u00e4nda degrullen eller degkroken? Detta \u00e4r en fr\u00e5ga om tycke och smak. Degrullen har varit med sedan tidernas begynnelse medan degkroken lades till som produkt i samband med introduktion av Assistent Original i USA. V\u00e5rt r\u00e5d \u00e4r att prova sig fram. En v\u00e4gledning \u00e4r att degkroken l\u00e4mpar sig b\u00e4ttre vid st\u00f6rre degar och bak.<\/p>","protected":false},"excerpt":{"rendered":"<p>Degkrok i rostfritt st\u00e5l som bearbetar degen genom att &#034;dra&#034; den. Degkroken rekommenderas vid st\u00f6rre degar.<br \/>Degkrok Classic finns att k\u00f6pa till \u00e4ldre modeller N6-N24.<\/p>\n","protected":false},"featured_media":54494,"comment_status":"open","ping_status":"closed","template":"","meta":{"_acf_changed":false,"content-type":"","editor_notices":[]},"product_brand":[],"product_cat":[636],"product_tag":[],"product-tag":[],"machines":[318,362,367,371,375,383,399,353,358,360],"filter":[325],"class_list":{"0":"post-10372","1":"product","2":"type-product","3":"status-publish","4":"has-post-thumbnail","6":"product_cat-ankarsrum-reservdelar","7":"machines-09-n10","8":"machines-10-n100","9":"machines-11-n20","10":"machines-12-n21","11":"machines-13-n22","12":"machines-14-n23-24","13":"machines-15-n24","14":"machines-06-n6","15":"machines-07-n7","16":"machines-08-n8","17":"filter-baspaket","19":"first","20":"instock","21":"taxable","22":"shipping-taxable","23":"purchasable","24":"product-type-simple"},"bundled_by":[],"bundle_stock_status":"instock","bundle_stock_quantity":null,"bundle_virtual":false,"bundle_layout":"","bundle_add_to_cart_form_location":"","bundle_editable_in_cart":false,"bundle_sold_individually_context":"","bundle_item_grouping":"","bundle_min_size":"","bundle_max_size":"","bundle_price":[],"bundled_items":[],"bundle_sell_ids":[],"acf":[],"_links":{"self":[{"href":"https:\/\/www.ankarsrum.com\/se\/wp-json\/wp\/v2\/product\/10372","targetHints":{"allow":["GET"]}}],"collection":[{"href":"https:\/\/www.ankarsrum.com\/se\/wp-json\/wp\/v2\/product"}],"about":[{"href":"https:\/\/www.ankarsrum.com\/se\/wp-json\/wp\/v2\/types\/product"}],"replies":[{"embeddable":true,"href":"https:\/\/www.ankarsrum.com\/se\/wp-json\/wp\/v2\/comments?post=10372"}],"wp:featuredmedia":[{"embeddable":true,"href":"https:\/\/www.ankarsrum.com\/se\/wp-json\/wp\/v2\/media\/54494"}],"wp:attachment":[{"href":"https:\/\/www.ankarsrum.com\/se\/wp-json\/wp\/v2\/media?parent=10372"}],"wp:term":[{"taxonomy":"product_brand","embeddable":true,"href":"https:\/\/www.ankarsrum.com\/se\/wp-json\/wp\/v2\/product_brand?post=10372"},{"taxonomy":"product_cat","embeddable":true,"href":"https:\/\/www.ankarsrum.com\/se\/wp-json\/wp\/v2\/product_cat?post=10372"},{"taxonomy":"product_tag","embeddable":true,"href":"https:\/\/www.ankarsrum.com\/se\/wp-json\/wp\/v2\/product_tag?post=10372"},{"taxonomy":"product-tag","embeddable":true,"href":"https:\/\/www.ankarsrum.com\/se\/wp-json\/wp\/v2\/product-tag?post=10372"},{"taxonomy":"machines","embeddable":true,"href":"https:\/\/www.ankarsrum.com\/se\/wp-json\/wp\/v2\/machines?post=10372"},{"taxonomy":"filter","embeddable":true,"href":"https:\/\/www.ankarsrum.com\/se\/wp-json\/wp\/v2\/filter?post=10372"}],"curies":[{"name":"wp","href":"https:\/\/api.w.org\/{rel}","templated":true}]}}