{"id":10374,"date":"2024-07-10T16:43:25","date_gmt":"2024-07-10T14:43:25","guid":{"rendered":"https:\/\/www.ankarsrum.com\/se\/produkt\/mordegsvispar\/"},"modified":"2026-05-02T14:01:19","modified_gmt":"2026-05-02T12:01:19","slug":"mordegsvispar","status":"publish","type":"product","link":"https:\/\/www.ankarsrum.com\/se\/produkt\/mordegsvispar\/","title":{"rendered":"M\u00f6rdegsvispar"},"content":{"rendered":"<p>\u2022 Anv\u00e4nd m\u00f6rdegsvispen n\u00e4r du skall g\u00f6ra smet eller enklare degar som \u00e4r sm\u00f6rbaserade, t ex pajdeg eller kakdeg.<br \/>\u2022 N\u00e4r du byter mellan ballong- och m\u00f6rdegsvisparna, kontrollera att du h\u00f6r ett \u201dklick\u201d n\u00e4r du f\u00e4ster dem i kugghjulet i visphuvudet.<\/p>","protected":false},"excerpt":{"rendered":"<p>Med m\u00f6rdegsvisparna bakar du b\u00e5de de godaste sm\u00e5kakorna och den frasigaste pajdegen du kan t\u00e4nka dig.<\/p>\n","protected":false},"featured_media":54464,"comment_status":"open","ping_status":"closed","template":"","meta":{"_acf_changed":false,"content-type":"","editor_notices":[]},"product_brand":[],"product_cat":[636],"product_tag":[],"product-tag":[],"machines":[343,318,362,367,371,375,383,399,388,393,345,397,348,353,358,360,341,344],"filter":[325],"class_list":{"0":"post-10374","1":"product","2":"type-product","3":"status-publish","4":"has-post-thumbnail","6":"product_cat-ankarsrum-reservdelar","7":"machines-02-n1","8":"machines-09-n10","9":"machines-10-n100","10":"machines-11-n20","11":"machines-12-n21","12":"machines-13-n22","13":"machines-14-n23-24","14":"machines-15-n24","15":"machines-16-n25-26","16":"machines-17-n28","17":"machines-04-n3","18":"machines-18-n30","19":"machines-05-n4","20":"machines-06-n6","21":"machines-07-n7","22":"machines-08-n8","23":"machines-01-ng1","24":"machines-03-nx1","25":"filter-baspaket","27":"first","28":"instock","29":"taxable","30":"shipping-taxable","31":"purchasable","32":"product-type-simple"},"bundled_by":[],"bundle_stock_status":"instock","bundle_stock_quantity":null,"bundle_virtual":false,"bundle_layout":"","bundle_add_to_cart_form_location":"","bundle_editable_in_cart":false,"bundle_sold_individually_context":"","bundle_item_grouping":"","bundle_min_size":"","bundle_max_size":"","bundle_price":[],"bundled_items":[],"bundle_sell_ids":[],"acf":[],"_links":{"self":[{"href":"https:\/\/www.ankarsrum.com\/se\/wp-json\/wp\/v2\/product\/10374","targetHints":{"allow":["GET"]}}],"collection":[{"href":"https:\/\/www.ankarsrum.com\/se\/wp-json\/wp\/v2\/product"}],"about":[{"href":"https:\/\/www.ankarsrum.com\/se\/wp-json\/wp\/v2\/types\/product"}],"replies":[{"embeddable":true,"href":"https:\/\/www.ankarsrum.com\/se\/wp-json\/wp\/v2\/comments?post=10374"}],"wp:featuredmedia":[{"embeddable":true,"href":"https:\/\/www.ankarsrum.com\/se\/wp-json\/wp\/v2\/media\/54464"}],"wp:attachment":[{"href":"https:\/\/www.ankarsrum.com\/se\/wp-json\/wp\/v2\/media?parent=10374"}],"wp:term":[{"taxonomy":"product_brand","embeddable":true,"href":"https:\/\/www.ankarsrum.com\/se\/wp-json\/wp\/v2\/product_brand?post=10374"},{"taxonomy":"product_cat","embeddable":true,"href":"https:\/\/www.ankarsrum.com\/se\/wp-json\/wp\/v2\/product_cat?post=10374"},{"taxonomy":"product_tag","embeddable":true,"href":"https:\/\/www.ankarsrum.com\/se\/wp-json\/wp\/v2\/product_tag?post=10374"},{"taxonomy":"product-tag","embeddable":true,"href":"https:\/\/www.ankarsrum.com\/se\/wp-json\/wp\/v2\/product-tag?post=10374"},{"taxonomy":"machines","embeddable":true,"href":"https:\/\/www.ankarsrum.com\/se\/wp-json\/wp\/v2\/machines?post=10374"},{"taxonomy":"filter","embeddable":true,"href":"https:\/\/www.ankarsrum.com\/se\/wp-json\/wp\/v2\/filter?post=10374"}],"curies":[{"name":"wp","href":"https:\/\/api.w.org\/{rel}","templated":true}]}}