{"id":10376,"date":"2024-07-15T14:17:57","date_gmt":"2024-07-15T12:17:57","guid":{"rendered":"https:\/\/www.ankarsrum.com\/se\/produkt\/passertillsats\/"},"modified":"2026-05-01T13:56:27","modified_gmt":"2026-05-01T11:56:27","slug":"passertillsats","status":"publish","type":"product","link":"https:\/\/www.ankarsrum.com\/se\/produkt\/passertillsats\/","title":{"rendered":"Passertillsats"},"content":{"rendered":"<p>Med Ankarsrums Passertillsats tar du din matlagning till nya niv\u00e5er. Passertillsatsen monteras p\u00e5 din K\u00f6ttkvarn och g\u00f6r det enkelt att passera frukt och b\u00e4r till sl\u00e4ta pur\u00e9er eller mos, utan att du beh\u00f6ver skala eller k\u00e4rna ur. Perfekt f\u00f6r \u00e4ppelmos, tomats\u00e5s, sylt, marmelad, barnmat eller tillbeh\u00f6r till middagen.<\/p>\n<p>Passertillsatsen hj\u00e4lper dig att bevara de naturliga smakerna och vitaminerna i frukten, s\u00e5 att du kan njuta av sommarens sk\u00f6rd l\u00e5ngt efter att s\u00e4songen \u00e4r \u00f6ver. Justera konsistensen med hj\u00e4lp av st\u00e4llratten \u2013 fr\u00e5n l\u00f6st till fast mos. F\u00f6r b\u00e4sta resultat, b\u00f6rja alltid i innersta l\u00e4get.<\/p>\n<p>Med sin flexibla design l\u00e5ter den dig beh\u00e5lla b\u00e5de skal och k\u00e4rnhus, vilket sparar tid och g\u00f6r processen smidig. Ett perfekt val f\u00f6r dig som vill laga h\u00e4lsosamma och hemlagade r\u00e4tter med minimal anstr\u00e4ngning.<\/p>\n<p><strong>Passertillsatsen \u00e4r kompatibel med K\u00f6ttkvarnmodell 10. Kvarnmodell st\u00e5r p\u00e5 den 4-bladiga kniven \u201d10\u201d.<\/strong><\/p>\n<p>Vad ing\u00e5r?<\/p>\n<ul>\n<li>Passervals<\/li>\n<li>Ventil<\/li>\n<li>Passerr\u00f6r<\/li>\n<li>St\u00e4llratt<\/li>\n<li>Passerr\u00e4nna<\/li>\n<\/ul>","protected":false},"excerpt":{"rendered":"<p>F\u00f6rvandla frukt och b\u00e4r till lena pur\u00e9er och mos med Ankarsrums Passertillsats!\u00a0Ett flexibelt och enkelt tillbeh\u00f6r som monteras smidigt p\u00e5 din K\u00f6ttkvarn. Perfekt n\u00e4r du vill ta tillvara p\u00e5 frukt och b\u00e4r och skapa \u00e4ppelmos, b\u00e4rs\u00e5ser eller pur\u00e9er \u2013 direkt i ditt eget k\u00f6k.<\/p>\n","protected":false},"featured_media":54546,"comment_status":"open","ping_status":"closed","template":"","meta":{"_acf_changed":false,"content-type":"","editor_notices":[]},"product_brand":[],"product_cat":[139],"product_tag":[],"product-tag":[],"machines":[318,362,367,371,375,383,399,388,393,397],"filter":[429,412,319],"class_list":{"0":"post-10376","1":"product","2":"type-product","3":"status-publish","4":"has-post-thumbnail","6":"product_cat-ankarsrum-tillbehor","7":"machines-09-n10","8":"machines-10-n100","9":"machines-11-n20","10":"machines-12-n21","11":"machines-13-n22","12":"machines-14-n23-24","13":"machines-15-n24","14":"machines-16-n25-26","15":"machines-17-n28","16":"machines-18-n30","17":"filter-desserter","18":"filter-frukt-gront","19":"filter-kvarn","21":"first","22":"instock","23":"taxable","24":"shipping-taxable","25":"purchasable","26":"product-type-simple"},"bundled_by":[],"bundle_stock_status":"instock","bundle_stock_quantity":null,"bundle_virtual":false,"bundle_layout":"","bundle_add_to_cart_form_location":"","bundle_editable_in_cart":false,"bundle_sold_individually_context":"","bundle_item_grouping":"","bundle_min_size":"","bundle_max_size":"","bundle_price":[],"bundled_items":[],"bundle_sell_ids":[],"acf":[],"_links":{"self":[{"href":"https:\/\/www.ankarsrum.com\/se\/wp-json\/wp\/v2\/product\/10376","targetHints":{"allow":["GET"]}}],"collection":[{"href":"https:\/\/www.ankarsrum.com\/se\/wp-json\/wp\/v2\/product"}],"about":[{"href":"https:\/\/www.ankarsrum.com\/se\/wp-json\/wp\/v2\/types\/product"}],"replies":[{"embeddable":true,"href":"https:\/\/www.ankarsrum.com\/se\/wp-json\/wp\/v2\/comments?post=10376"}],"wp:featuredmedia":[{"embeddable":true,"href":"https:\/\/www.ankarsrum.com\/se\/wp-json\/wp\/v2\/media\/54546"}],"wp:attachment":[{"href":"https:\/\/www.ankarsrum.com\/se\/wp-json\/wp\/v2\/media?parent=10376"}],"wp:term":[{"taxonomy":"product_brand","embeddable":true,"href":"https:\/\/www.ankarsrum.com\/se\/wp-json\/wp\/v2\/product_brand?post=10376"},{"taxonomy":"product_cat","embeddable":true,"href":"https:\/\/www.ankarsrum.com\/se\/wp-json\/wp\/v2\/product_cat?post=10376"},{"taxonomy":"product_tag","embeddable":true,"href":"https:\/\/www.ankarsrum.com\/se\/wp-json\/wp\/v2\/product_tag?post=10376"},{"taxonomy":"product-tag","embeddable":true,"href":"https:\/\/www.ankarsrum.com\/se\/wp-json\/wp\/v2\/product-tag?post=10376"},{"taxonomy":"machines","embeddable":true,"href":"https:\/\/www.ankarsrum.com\/se\/wp-json\/wp\/v2\/machines?post=10376"},{"taxonomy":"filter","embeddable":true,"href":"https:\/\/www.ankarsrum.com\/se\/wp-json\/wp\/v2\/filter?post=10376"}],"curies":[{"name":"wp","href":"https:\/\/api.w.org\/{rel}","templated":true}]}}