{"id":10381,"date":"2024-07-15T15:19:22","date_gmt":"2024-07-15T13:19:22","guid":{"rendered":"https:\/\/www.ankarsrum.com\/se\/produkt\/gronsaksskarare\/"},"modified":"2026-04-29T13:46:36","modified_gmt":"2026-04-29T11:46:36","slug":"gronsaksskarare","status":"publish","type":"product","link":"https:\/\/www.ankarsrum.com\/se\/produkt\/gronsaksskarare\/","title":{"rendered":"Gr\u00f6nsakssk\u00e4rare"},"content":{"rendered":"<p>Med Ankarsrums Gr\u00f6nsakssk\u00e4rare, som monteras enkelt p\u00e5 din Assistent Original, blir varje m\u00e5ltid b\u00e5de smidigare och roligare. De tre medf\u00f6ljande trummorna ger dig allt du beh\u00f6ver f\u00f6r att f\u00e5 till perfekta skivor, riv och strimlor p\u00e5 nolltid:<\/p>\n<ul>\n<li><strong>Skivtrumma:<\/strong> Perfekt f\u00f6r att skiva potatis, l\u00f6k, rotfrukter, frukt och gr\u00f6nsaker. Skapa snygga sallader och grat\u00e4nger utan anstr\u00e4ngning.<\/li>\n<li><strong>Grov rivtrumma:<\/strong> Riv rotfrukter, gr\u00f6nsaker, frukt till soppor och pajer, eller mandel, n\u00f6tter, choklad och ost \u2013 snabbt och enkelt.<\/li>\n<li><strong>Medelgrov rivtrumma:<\/strong> Perfekt f\u00f6r r\u00e5kost, bakning och att riva frukt och ost \u2013 direkt i sk\u00e5len.<\/li>\n<\/ul>\n<p>Ankarsrums Gr\u00f6nsakssk\u00e4rare \u00e4r inte bara effektiv, den \u00e4r ocks\u00e5 l\u00e4tt att reng\u00f6ra och ger dig full kontroll \u00f6ver vad som hamnar p\u00e5 tallriken. Oavsett om du g\u00f6r sallader, pajer eller klassiker som r\u00f6sti, g\u00f6r sk\u00e4raren jobbet p\u00e5 ett \u00f6gonblick.<br \/>Om du vill ut\u00f6ka dina m\u00f6jligheter ytterligare finns ett paket med fin rivtrumma, strimmeltrumma och kroppkakstrumma att k\u00f6pa till din gr\u00f6nsakssk\u00e4rare. Med Ankarsrums Gr\u00f6nsakssk\u00e4rare blir vardagen gr\u00f6nare och matlagningen smidigare \u2013 en oumb\u00e4rlig hj\u00e4lpreda i ditt k\u00f6k!<\/p>\n<p><strong>Gr\u00f6nsakssk\u00e4raren passar samtliga modeller av Assistent Original N1-N30.<\/strong><\/p>\n<p>Vad ing\u00e5r?<\/p>\n<ul>\n<li>Skivtrumma<\/li>\n<li>Grov rivtrumma<\/li>\n<li>Medelgrov rivtrumma<\/li>\n<li>Matarpropp till gr\u00f6nsakssk\u00e4rare<\/li>\n<li>L\u00e5sring till gr\u00f6nsakssk\u00e4rare<\/li>\n<li>Gr\u00f6nsakssk\u00e4rarhus<\/li>\n<\/ul>","protected":false},"excerpt":{"rendered":"<p>F\u00f6renkla din matlagning med Ankarsrums Gr\u00f6nsakssk\u00e4rare! Perfekt f\u00f6r att snabbt skiva, riva och strimla allt fr\u00e5n potatis till frukt och gr\u00f6nsaker. Med tre trummor som ing\u00e5r f\u00e5r du ett m\u00e5ngsidigt verktyg som g\u00f6r matlagningen roligare \u2013 och du sparar tid i k\u00f6ket!<\/p>\n","protected":false},"featured_media":54549,"comment_status":"open","ping_status":"closed","template":"","meta":{"_acf_changed":false,"content-type":"","editor_notices":[]},"product_brand":[],"product_cat":[139],"product_tag":[],"product-tag":[],"machines":[375,383,399,388,393,397],"filter":[412,409],"class_list":{"0":"post-10381","1":"product","2":"type-product","3":"status-publish","4":"has-post-thumbnail","6":"product_cat-ankarsrum-tillbehor","7":"machines-13-n22","8":"machines-14-n23-24","9":"machines-15-n24","10":"machines-16-n25-26","11":"machines-17-n28","12":"machines-18-n30","13":"filter-frukt-gront","14":"filter-mat","16":"first","17":"instock","18":"taxable","19":"shipping-taxable","20":"purchasable","21":"product-type-simple"},"bundled_by":["65741","65757","65933","65961","65966","65967","65985","65986","65990","65992","65994","66000","66002","66004","66007","66010","66287"],"bundle_stock_status":"instock","bundle_stock_quantity":null,"bundle_virtual":false,"bundle_layout":"","bundle_add_to_cart_form_location":"","bundle_editable_in_cart":false,"bundle_sold_individually_context":"","bundle_item_grouping":"","bundle_min_size":"","bundle_max_size":"","bundle_price":[],"bundled_items":[],"bundle_sell_ids":[],"acf":[],"_links":{"self":[{"href":"https:\/\/www.ankarsrum.com\/se\/wp-json\/wp\/v2\/product\/10381","targetHints":{"allow":["GET"]}}],"collection":[{"href":"https:\/\/www.ankarsrum.com\/se\/wp-json\/wp\/v2\/product"}],"about":[{"href":"https:\/\/www.ankarsrum.com\/se\/wp-json\/wp\/v2\/types\/product"}],"replies":[{"embeddable":true,"href":"https:\/\/www.ankarsrum.com\/se\/wp-json\/wp\/v2\/comments?post=10381"}],"wp:featuredmedia":[{"embeddable":true,"href":"https:\/\/www.ankarsrum.com\/se\/wp-json\/wp\/v2\/media\/54549"}],"wp:attachment":[{"href":"https:\/\/www.ankarsrum.com\/se\/wp-json\/wp\/v2\/media?parent=10381"}],"wp:term":[{"taxonomy":"product_brand","embeddable":true,"href":"https:\/\/www.ankarsrum.com\/se\/wp-json\/wp\/v2\/product_brand?post=10381"},{"taxonomy":"product_cat","embeddable":true,"href":"https:\/\/www.ankarsrum.com\/se\/wp-json\/wp\/v2\/product_cat?post=10381"},{"taxonomy":"product_tag","embeddable":true,"href":"https:\/\/www.ankarsrum.com\/se\/wp-json\/wp\/v2\/product_tag?post=10381"},{"taxonomy":"product-tag","embeddable":true,"href":"https:\/\/www.ankarsrum.com\/se\/wp-json\/wp\/v2\/product-tag?post=10381"},{"taxonomy":"machines","embeddable":true,"href":"https:\/\/www.ankarsrum.com\/se\/wp-json\/wp\/v2\/machines?post=10381"},{"taxonomy":"filter","embeddable":true,"href":"https:\/\/www.ankarsrum.com\/se\/wp-json\/wp\/v2\/filter?post=10381"}],"curies":[{"name":"wp","href":"https:\/\/api.w.org\/{rel}","templated":true}]}}