{"id":10382,"date":"2024-07-15T15:28:37","date_gmt":"2024-07-15T13:28:37","guid":{"rendered":"https:\/\/www.ankarsrum.com\/se\/produkt\/extratrummor-till-gronsaksskararen\/"},"modified":"2026-04-15T13:01:56","modified_gmt":"2026-04-15T11:01:56","slug":"extratrummor-till-gronsaksskararen","status":"publish","type":"product","link":"https:\/\/www.ankarsrum.com\/se\/produkt\/extratrummor-till-gronsaksskararen\/","title":{"rendered":"Extratrummor till Gr\u00f6nsakssk\u00e4raren"},"content":{"rendered":"<p>Ge din Gr\u00f6nsakssk\u00e4rare \u00e4nnu fler anv\u00e4ndningsomr\u00e5den med detta trepack Extratrummor. Med dessa extra trummor kan du anpassa sk\u00e4rningen efter behov, perfekt f\u00f6r b\u00e5de bakning och matlagning.<\/p>\n<p><strong>Fin rivtrumma<\/strong> \u2013 Perfekt f\u00f6r att finriva choklad, n\u00f6tter, mandel eller parmesanost.<br \/><strong>Strimmeltrumma<\/strong> \u2013 Strimla enkelt rotfrukter, potatis och frukt till sallader, grat\u00e4nger och r\u00e5kost.<br \/><strong>Kroppkakstrumma<\/strong> \u2013 G\u00f6r det smidigt att f\u00f6rbereda potatis till kroppkakor och andra klassiska r\u00e4tter.<\/p>\n<p>De Extratrummorna monteras enkelt p\u00e5 din Gr\u00f6nsakssk\u00e4rare och ger dig \u00e4nnu fler m\u00f6jligheter i k\u00f6ket b\u00e5de snabbt och smidigt!<\/p>\n<p><strong>Dessa Extratrummor \u00e4r kompatibla med Ankarsrums Gr\u00f6nsakssk\u00e4rare.<\/strong><\/p>\n<p>Vad ing\u00e5r?<\/p>\n<ul>\n<li>Fin rivtrumma<\/li>\n<li>Strimmeltrumma\u00a0<span style=\"font-family: Symbol\"><span><span>\u00a0<\/span><\/span><\/span><\/li>\n<li>Kroppkakstrumma<\/li>\n<\/ul>","protected":false},"excerpt":{"rendered":"<p>Uppgradera din Gr\u00f6nsakssk\u00e4rare med tre Extrat<a>rummor<\/a>. Perfekt f\u00f6r att finriva choklad och parmesan, strimla rotfrukter eller g\u00f6ra potatis till kroppkakor. Ett enkelt s\u00e4tt att f\u00e5 fler m\u00f6jligheter i k\u00f6ket!<\/p>\n","protected":false},"featured_media":54560,"comment_status":"open","ping_status":"closed","template":"","meta":{"_acf_changed":false,"content-type":"","editor_notices":[]},"product_brand":[],"product_cat":[139],"product_tag":[],"product-tag":[],"machines":[375,383,399,388,393,397],"filter":[412],"class_list":{"0":"post-10382","1":"product","2":"type-product","3":"status-publish","4":"has-post-thumbnail","6":"product_cat-ankarsrum-tillbehor","7":"machines-13-n22","8":"machines-14-n23-24","9":"machines-15-n24","10":"machines-16-n25-26","11":"machines-17-n28","12":"machines-18-n30","13":"filter-frukt-gront","15":"first","16":"instock","17":"taxable","18":"shipping-taxable","19":"purchasable","20":"product-type-simple"},"bundled_by":[],"bundle_stock_status":"instock","bundle_stock_quantity":null,"bundle_virtual":false,"bundle_layout":"","bundle_add_to_cart_form_location":"","bundle_editable_in_cart":false,"bundle_sold_individually_context":"","bundle_item_grouping":"","bundle_min_size":"","bundle_max_size":"","bundle_price":[],"bundled_items":[],"bundle_sell_ids":[],"acf":[],"_links":{"self":[{"href":"https:\/\/www.ankarsrum.com\/se\/wp-json\/wp\/v2\/product\/10382","targetHints":{"allow":["GET"]}}],"collection":[{"href":"https:\/\/www.ankarsrum.com\/se\/wp-json\/wp\/v2\/product"}],"about":[{"href":"https:\/\/www.ankarsrum.com\/se\/wp-json\/wp\/v2\/types\/product"}],"replies":[{"embeddable":true,"href":"https:\/\/www.ankarsrum.com\/se\/wp-json\/wp\/v2\/comments?post=10382"}],"wp:featuredmedia":[{"embeddable":true,"href":"https:\/\/www.ankarsrum.com\/se\/wp-json\/wp\/v2\/media\/54560"}],"wp:attachment":[{"href":"https:\/\/www.ankarsrum.com\/se\/wp-json\/wp\/v2\/media?parent=10382"}],"wp:term":[{"taxonomy":"product_brand","embeddable":true,"href":"https:\/\/www.ankarsrum.com\/se\/wp-json\/wp\/v2\/product_brand?post=10382"},{"taxonomy":"product_cat","embeddable":true,"href":"https:\/\/www.ankarsrum.com\/se\/wp-json\/wp\/v2\/product_cat?post=10382"},{"taxonomy":"product_tag","embeddable":true,"href":"https:\/\/www.ankarsrum.com\/se\/wp-json\/wp\/v2\/product_tag?post=10382"},{"taxonomy":"product-tag","embeddable":true,"href":"https:\/\/www.ankarsrum.com\/se\/wp-json\/wp\/v2\/product-tag?post=10382"},{"taxonomy":"machines","embeddable":true,"href":"https:\/\/www.ankarsrum.com\/se\/wp-json\/wp\/v2\/machines?post=10382"},{"taxonomy":"filter","embeddable":true,"href":"https:\/\/www.ankarsrum.com\/se\/wp-json\/wp\/v2\/filter?post=10382"}],"curies":[{"name":"wp","href":"https:\/\/api.w.org\/{rel}","templated":true}]}}