{"id":10385,"date":"2024-07-11T11:56:23","date_gmt":"2024-07-11T09:56:23","guid":{"rendered":"https:\/\/www.ankarsrum.com\/se\/produkt\/halskiva-25-mm\/"},"modified":"2026-05-01T13:56:19","modified_gmt":"2026-05-01T11:56:19","slug":"halskiva-25-mm","status":"publish","type":"product","link":"https:\/\/www.ankarsrum.com\/se\/produkt\/halskiva-25-mm\/","title":{"rendered":"H\u00e5lskiva 2,5 mm"},"content":{"rendered":"<p>\u2022 H\u00e5lskivan\u00a0\u00e4r 70 mm i diameter och h\u00e5len 2,5 mm.<br \/>\u2022 H\u00e5lskivan\u00a0passar alla kvarnmodell 10, kvarnmodell st\u00e5r p\u00e5 kniven \u201d10\u201d.<br \/>\u2022 H\u00e5lskivan \u00e4r i rostfritt st\u00e5l.<\/p>\n<p>H\u00e5lskiva 2,5 mm passar bra att anv\u00e4nda till att mala fiskf\u00e4rs eller n\u00e4r man ska g\u00f6ra pat\u00e9er eller liknande.<\/p>","protected":false},"excerpt":{"rendered":"<p>H\u00e5lskiva i rostfritt st\u00e5l, 2,5 mm, som passar kvarnmodell 10.<\/p>\n","protected":false},"featured_media":54504,"comment_status":"open","ping_status":"closed","template":"","meta":{"_acf_changed":false,"content-type":"","editor_notices":[]},"product_brand":[],"product_cat":[636],"product_tag":[],"product-tag":[],"machines":[318,362,367,371,375,383,399,388,393,397],"filter":[319],"class_list":{"0":"post-10385","1":"product","2":"type-product","3":"status-publish","4":"has-post-thumbnail","6":"product_cat-ankarsrum-reservdelar","7":"machines-09-n10","8":"machines-10-n100","9":"machines-11-n20","10":"machines-12-n21","11":"machines-13-n22","12":"machines-14-n23-24","13":"machines-15-n24","14":"machines-16-n25-26","15":"machines-17-n28","16":"machines-18-n30","17":"filter-kvarn","19":"first","20":"instock","21":"taxable","22":"shipping-taxable","23":"purchasable","24":"product-type-simple"},"bundled_by":[],"bundle_stock_status":"instock","bundle_stock_quantity":null,"bundle_virtual":false,"bundle_layout":"","bundle_add_to_cart_form_location":"","bundle_editable_in_cart":false,"bundle_sold_individually_context":"","bundle_item_grouping":"","bundle_min_size":"","bundle_max_size":"","bundle_price":[],"bundled_items":[],"bundle_sell_ids":[],"acf":[],"_links":{"self":[{"href":"https:\/\/www.ankarsrum.com\/se\/wp-json\/wp\/v2\/product\/10385","targetHints":{"allow":["GET"]}}],"collection":[{"href":"https:\/\/www.ankarsrum.com\/se\/wp-json\/wp\/v2\/product"}],"about":[{"href":"https:\/\/www.ankarsrum.com\/se\/wp-json\/wp\/v2\/types\/product"}],"replies":[{"embeddable":true,"href":"https:\/\/www.ankarsrum.com\/se\/wp-json\/wp\/v2\/comments?post=10385"}],"wp:featuredmedia":[{"embeddable":true,"href":"https:\/\/www.ankarsrum.com\/se\/wp-json\/wp\/v2\/media\/54504"}],"wp:attachment":[{"href":"https:\/\/www.ankarsrum.com\/se\/wp-json\/wp\/v2\/media?parent=10385"}],"wp:term":[{"taxonomy":"product_brand","embeddable":true,"href":"https:\/\/www.ankarsrum.com\/se\/wp-json\/wp\/v2\/product_brand?post=10385"},{"taxonomy":"product_cat","embeddable":true,"href":"https:\/\/www.ankarsrum.com\/se\/wp-json\/wp\/v2\/product_cat?post=10385"},{"taxonomy":"product_tag","embeddable":true,"href":"https:\/\/www.ankarsrum.com\/se\/wp-json\/wp\/v2\/product_tag?post=10385"},{"taxonomy":"product-tag","embeddable":true,"href":"https:\/\/www.ankarsrum.com\/se\/wp-json\/wp\/v2\/product-tag?post=10385"},{"taxonomy":"machines","embeddable":true,"href":"https:\/\/www.ankarsrum.com\/se\/wp-json\/wp\/v2\/machines?post=10385"},{"taxonomy":"filter","embeddable":true,"href":"https:\/\/www.ankarsrum.com\/se\/wp-json\/wp\/v2\/filter?post=10385"}],"curies":[{"name":"wp","href":"https:\/\/api.w.org\/{rel}","templated":true}]}}