{"id":10392,"date":"2024-07-16T09:17:29","date_gmt":"2024-07-16T07:17:29","guid":{"rendered":"https:\/\/www.ankarsrum.com\/se\/produkt\/kottkvarn-hostlada\/"},"modified":"2026-04-16T13:01:41","modified_gmt":"2026-04-16T11:01:41","slug":"kottkvarn-hostlada","status":"publish","type":"product","link":"https:\/\/www.ankarsrum.com\/se\/produkt\/kottkvarn-hostlada\/","title":{"rendered":"K\u00f6ttkvarn H\u00f6stl\u00e5da"},"content":{"rendered":"<p>Ankarsrums K\u00f6ttkvarn ger dig friheten att skapa dina egna r\u00e4tter \u2013 fr\u00e5n k\u00f6tt och fisk till vegetariska alternativ som kik\u00e4rtsf\u00e4rs och falafel. N\u00e4r du monterar kvarnen p\u00e5 din Ankarsrum f\u00e5r du kraften fr\u00e5n assistentens starka motor, vilket g\u00f6r att du kan mala stora m\u00e4ngder snabbt och smidigt.<\/p>\n<p>K\u00f6ttkvarnen \u00e4r tillverkad i Sverige med h\u00f6g kvalitet och \u00e4r perfekt f\u00f6r b\u00e5de hemmakockar och j\u00e4gare som vill ta vara p\u00e5 sitt eget k\u00f6tt. H\u00f6stl\u00e5dan inneh\u00e5ller allt du beh\u00f6ver f\u00f6r att komma ig\u00e5ng: k\u00f6ttkvarnen, tre olika korvhorn, h\u00e5lskiva samt Passertillsatsen, som l\u00e5ter dig skapa \u00e4nnu fler r\u00e4tter fr\u00e5n grunden. Vill du justera malningsgraden? Det finns extra h\u00e5lskivor att k\u00f6pa till.<\/p>\n<p>Skapa egna korvar, saftiga hamburgare och s\u00e4tt din egen pr\u00e4gel p\u00e5 smakerna.<br \/>Med Passertillsatsen som du enkelt monterar p\u00e5 K\u00f6ttkvarnen kan du dessutom smidigt g\u00f6ra barnmat, tomats\u00e5s, \u00e4ppelmos och sylt. Ett perfekt s\u00e4tt att ta vara p\u00e5 s\u00e4songens r\u00e5varor och skapa hemlagade m\u00e5ltider fr\u00e5n grunden.\u00a0<\/p>\n<p>Njut av friheten att skapa egna r\u00e4tter med ingredienser du litar p\u00e5. Ankarsrums K\u00f6ttkvarn \u00e4r inte bara ett redskap \u2013 det \u00e4r din v\u00e4g till b\u00e4ttre och mer personlig matlagning.<\/p>\n<p><strong>K\u00f6ttkvarnen passar samtliga modeller av Assistent Original N1-N30.<\/strong><br \/><strong>Passertillsatsen \u00e4r kompatibel med K\u00f6ttkvarnmodell 10. Kvarnmodell st\u00e5r p\u00e5 den 4-bladiga kniven \u201d10\u201d.<\/strong><\/p>\n<p>Vad ing\u00e5r?\u00a0<\/p>\n<ul>\n<li class=\"MsoNormal\">Kvarnhus med kvarnvals<\/li>\n<li>4-bladig kniv<\/li>\n<li>3 korvhorn 10\/20\/25 mm<\/li>\n<li>Matarbord<\/li>\n<li>Matarpropp<\/li>\n<li>H\u00e5lskiva 4,5 mm<\/li>\n<li>St\u00e4nkskydd till kvarn<\/li>\n<li>Passertillsats: Passervals, ventil, passerr\u00f6r, st\u00e4llratt och passerr\u00e4nna<span style=\"font-size: 12.0pt; line-height: 115%; font-family: &#039;Aptos&#039;,sans-serif; mso-ascii-theme-font: minor-latin; mso-fareast-font-family: Aptos; mso-fareast-theme-font: minor-latin; mso-hansi-theme-font: minor-latin; mso-bidi-font-family: &#039;Times New Roman&#039;; mso-bidi-theme-font: minor-bidi; mso-ansi-language: SV; mso-fareast-language: EN-US; mso-bidi-language: AR-SA;\"><br \/><br \/><\/span><\/li>\n<\/ul>","protected":false},"excerpt":{"rendered":"<p>F\u00e5 ut mer av din Ankarsrum Assistent Original med K\u00f6ttkvarn H\u00f6stl\u00e5da! Ett komplett paket som l\u00e5ter dig mala, passera och skapa egna korvar \u2013 snabbt och enkelt. Perfekt f\u00f6r dig som vill laga mat fr\u00e5n grunden och ta vara p\u00e5 s\u00e4songens r\u00e5varor.<\/p>\n","protected":false},"featured_media":54693,"comment_status":"open","ping_status":"closed","template":"","meta":{"_acf_changed":false,"content-type":"","editor_notices":[]},"product_brand":[],"product_cat":[139],"product_tag":[],"product-tag":[],"machines":[318,362,367,371,375,383,399,388,393,397],"filter":[412,319,409,323],"class_list":{"0":"post-10392","1":"product","2":"type-product","3":"status-publish","4":"has-post-thumbnail","6":"product_cat-ankarsrum-tillbehor","7":"machines-09-n10","8":"machines-10-n100","9":"machines-11-n20","10":"machines-12-n21","11":"machines-13-n22","12":"machines-14-n23-24","13":"machines-15-n24","14":"machines-16-n25-26","15":"machines-17-n28","16":"machines-18-n30","17":"filter-frukt-gront","18":"filter-kvarn","19":"filter-mat","20":"filter-tillbehorspaket","22":"first","23":"instock","24":"taxable","25":"shipping-taxable","26":"purchasable","27":"product-type-simple"},"bundled_by":[],"bundle_stock_status":"instock","bundle_stock_quantity":null,"bundle_virtual":false,"bundle_layout":"","bundle_add_to_cart_form_location":"","bundle_editable_in_cart":false,"bundle_sold_individually_context":"","bundle_item_grouping":"","bundle_min_size":"","bundle_max_size":"","bundle_price":[],"bundled_items":[],"bundle_sell_ids":[],"acf":[],"_links":{"self":[{"href":"https:\/\/www.ankarsrum.com\/se\/wp-json\/wp\/v2\/product\/10392","targetHints":{"allow":["GET"]}}],"collection":[{"href":"https:\/\/www.ankarsrum.com\/se\/wp-json\/wp\/v2\/product"}],"about":[{"href":"https:\/\/www.ankarsrum.com\/se\/wp-json\/wp\/v2\/types\/product"}],"replies":[{"embeddable":true,"href":"https:\/\/www.ankarsrum.com\/se\/wp-json\/wp\/v2\/comments?post=10392"}],"wp:featuredmedia":[{"embeddable":true,"href":"https:\/\/www.ankarsrum.com\/se\/wp-json\/wp\/v2\/media\/54693"}],"wp:attachment":[{"href":"https:\/\/www.ankarsrum.com\/se\/wp-json\/wp\/v2\/media?parent=10392"}],"wp:term":[{"taxonomy":"product_brand","embeddable":true,"href":"https:\/\/www.ankarsrum.com\/se\/wp-json\/wp\/v2\/product_brand?post=10392"},{"taxonomy":"product_cat","embeddable":true,"href":"https:\/\/www.ankarsrum.com\/se\/wp-json\/wp\/v2\/product_cat?post=10392"},{"taxonomy":"product_tag","embeddable":true,"href":"https:\/\/www.ankarsrum.com\/se\/wp-json\/wp\/v2\/product_tag?post=10392"},{"taxonomy":"product-tag","embeddable":true,"href":"https:\/\/www.ankarsrum.com\/se\/wp-json\/wp\/v2\/product-tag?post=10392"},{"taxonomy":"machines","embeddable":true,"href":"https:\/\/www.ankarsrum.com\/se\/wp-json\/wp\/v2\/machines?post=10392"},{"taxonomy":"filter","embeddable":true,"href":"https:\/\/www.ankarsrum.com\/se\/wp-json\/wp\/v2\/filter?post=10392"}],"curies":[{"name":"wp","href":"https:\/\/api.w.org\/{rel}","templated":true}]}}