{"id":10393,"date":"2024-07-16T09:28:42","date_gmt":"2024-07-16T07:28:42","guid":{"rendered":"https:\/\/www.ankarsrum.com\/se\/produkt\/kottkvarn-jaktlada\/"},"modified":"2026-04-14T12:56:47","modified_gmt":"2026-04-14T10:56:47","slug":"kottkvarn-jaktlada","status":"publish","type":"product","link":"https:\/\/www.ankarsrum.com\/se\/produkt\/kottkvarn-jaktlada\/","title":{"rendered":"K\u00f6ttkvarn Jaktl\u00e5da"},"content":{"rendered":"<p class=\"MsoNormal\">Ankarsrums K\u00f6ttkvarn ger dig friheten att skapa dina egna r\u00e4tter \u2013 fr\u00e5n k\u00f6tt och fisk till vegetariska alternativ som kik\u00e4rtsf\u00e4rs och falafel. N\u00e4r du monterar kvarnen p\u00e5 din Ankarsrum f\u00e5r du kraften fr\u00e5n assistentens starka motor, vilket g\u00f6r att du kan mala stora m\u00e4ngder snabbt och smidigt.<\/p>\n<p class=\"MsoNormal\">K\u00f6ttkvarnen \u00e4r tillverkad i Sverige med h\u00f6g kvalitet och \u00e4r perfekt f\u00f6r b\u00e5de hemmakockar och j\u00e4gare som vill ta vara p\u00e5 sitt eget k\u00f6tt. Med de fyra medf\u00f6ljande h\u00e5lskivorna (2,5\/4,5\/6\/8 mm) kan du anpassa malningsgraden efter behov \u2013 fr\u00e5n finmald f\u00e4rs till gr\u00f6vre malning f\u00f6r exempelvis viltkorv.<\/p>\n<p class=\"MsoNormal\">Denna jaktl\u00e5da \u00e4r framtagen f\u00f6r dig som vill ha extra precision vid malning och m\u00f6jlighet att hantera st\u00f6rre variationer i k\u00f6ttstruktur \u2013 perfekt f\u00f6r viltk\u00f6tt. Med Ankarsrums K\u00f6ttkvarn best\u00e4mmer du sj\u00e4lv vad som hamnar p\u00e5 tallriken. Skapa egna korvar, saftiga hamburgare och s\u00e4tt din egen pr\u00e4gel p\u00e5 smakerna. Njut av friheten att skapa egna r\u00e4tter med ingredienser du litar p\u00e5.<\/p>\n<p class=\"MsoNormal\"><strong>K\u00f6ttkvarnen passar samtliga modeller av Assistent Original N1-N30.<\/strong><\/p>\n<p class=\"MsoNormal\">Vad ing\u00e5r?<\/p>\n<ul>\n<li class=\"MsoNormal\">Kvarnhus med kvarnvals<\/li>\n<li class=\"MsoNormal\">4-bladig kniv<\/li>\n<li class=\"MsoNormal\">3 korvhorn: 10\/20\/25 mm<\/li>\n<li class=\"MsoNormal\">Matarbord<\/li>\n<li class=\"MsoNormal\">Matarpropp<\/li>\n<li class=\"MsoNormal\">Fyra h\u00e5lskivor: 2,5\/4,5\/6\/8 mm<\/li>\n<li class=\"MsoNormal\">St\u00e4nkskydd till kvarn<\/li>\n<\/ul>","protected":false},"excerpt":{"rendered":"<p>Ta din matlagning till n\u00e4sta niv\u00e5 med Ankarsrums K\u00f6ttkvarn! Skapa allt fr\u00e5n saftiga hamburgare till hemmagjorda korvar och vegetariska favoriter. Tack vare Assistent Originals starka motor blir kvarnen snabbt din b\u00e4sta v\u00e4n i k\u00f6ket, oavsett vad som st\u00e5r p\u00e5 menyn. Perfekt f\u00f6r dig som vill ta vara p\u00e5 viltk\u00f6tt och skapa egna charkuterier eller vill g\u00f6ra vegetariska alternativ med precision.<\/p>\n","protected":false},"featured_media":54690,"comment_status":"open","ping_status":"closed","template":"","meta":{"_acf_changed":false,"content-type":"","editor_notices":[]},"product_brand":[],"product_cat":[139],"product_tag":[],"product-tag":[],"machines":[318,362,367,371,375,383,399,388,393,397],"filter":[319,409,323],"class_list":{"0":"post-10393","1":"product","2":"type-product","3":"status-publish","4":"has-post-thumbnail","6":"product_cat-ankarsrum-tillbehor","7":"machines-09-n10","8":"machines-10-n100","9":"machines-11-n20","10":"machines-12-n21","11":"machines-13-n22","12":"machines-14-n23-24","13":"machines-15-n24","14":"machines-16-n25-26","15":"machines-17-n28","16":"machines-18-n30","17":"filter-kvarn","18":"filter-mat","19":"filter-tillbehorspaket","21":"first","22":"instock","23":"taxable","24":"shipping-taxable","25":"purchasable","26":"product-type-simple"},"bundled_by":[],"bundle_stock_status":"instock","bundle_stock_quantity":null,"bundle_virtual":false,"bundle_layout":"","bundle_add_to_cart_form_location":"","bundle_editable_in_cart":false,"bundle_sold_individually_context":"","bundle_item_grouping":"","bundle_min_size":"","bundle_max_size":"","bundle_price":[],"bundled_items":[],"bundle_sell_ids":[],"acf":[],"_links":{"self":[{"href":"https:\/\/www.ankarsrum.com\/se\/wp-json\/wp\/v2\/product\/10393","targetHints":{"allow":["GET"]}}],"collection":[{"href":"https:\/\/www.ankarsrum.com\/se\/wp-json\/wp\/v2\/product"}],"about":[{"href":"https:\/\/www.ankarsrum.com\/se\/wp-json\/wp\/v2\/types\/product"}],"replies":[{"embeddable":true,"href":"https:\/\/www.ankarsrum.com\/se\/wp-json\/wp\/v2\/comments?post=10393"}],"wp:featuredmedia":[{"embeddable":true,"href":"https:\/\/www.ankarsrum.com\/se\/wp-json\/wp\/v2\/media\/54690"}],"wp:attachment":[{"href":"https:\/\/www.ankarsrum.com\/se\/wp-json\/wp\/v2\/media?parent=10393"}],"wp:term":[{"taxonomy":"product_brand","embeddable":true,"href":"https:\/\/www.ankarsrum.com\/se\/wp-json\/wp\/v2\/product_brand?post=10393"},{"taxonomy":"product_cat","embeddable":true,"href":"https:\/\/www.ankarsrum.com\/se\/wp-json\/wp\/v2\/product_cat?post=10393"},{"taxonomy":"product_tag","embeddable":true,"href":"https:\/\/www.ankarsrum.com\/se\/wp-json\/wp\/v2\/product_tag?post=10393"},{"taxonomy":"product-tag","embeddable":true,"href":"https:\/\/www.ankarsrum.com\/se\/wp-json\/wp\/v2\/product-tag?post=10393"},{"taxonomy":"machines","embeddable":true,"href":"https:\/\/www.ankarsrum.com\/se\/wp-json\/wp\/v2\/machines?post=10393"},{"taxonomy":"filter","embeddable":true,"href":"https:\/\/www.ankarsrum.com\/se\/wp-json\/wp\/v2\/filter?post=10393"}],"curies":[{"name":"wp","href":"https:\/\/api.w.org\/{rel}","templated":true}]}}