{"id":10394,"date":"2024-07-16T09:36:17","date_gmt":"2024-07-16T07:36:17","guid":{"rendered":"https:\/\/www.ankarsrum.com\/se\/produkt\/pastavals-lasagne\/"},"modified":"2026-05-16T14:46:41","modified_gmt":"2026-05-16T12:46:41","slug":"pastavals-lasagne","status":"publish","type":"product","link":"https:\/\/www.ankarsrum.com\/se\/produkt\/pastavals-lasagne\/","title":{"rendered":"Pastavals lasagne"},"content":{"rendered":"<p>Med Ankarsrums Pastavals f\u00f6r lasagne \u00e4r det enklare \u00e4n n\u00e5gonsin att g\u00f6ra egen pasta hemma. Valsen monteras smidigt p\u00e5 din Ankarsrum Assistent Original. Med hj\u00e4lp av assistentens kraftfulla motor kavlas degen snabbt och effektivt ut till lasagneplattor, ravioli eller tortellini \u2013 utan att du beh\u00f6ver g\u00f6ra det f\u00f6r hand. Resultatet? Perfekt j\u00e4mna plattor varje g\u00e5ng.<\/p>\n<p>Med en justerbar tjocklek fr\u00e5n 0,6 mm till 4,8 mm kan du enkelt skapa b\u00e5de tunna lasagneplattor och tjockare pastaplattor, anpassat efter dina r\u00e4tter. Det h\u00e4r \u00e4r inte bara en maskin f\u00f6r proffsen \u2013 det blir en rolig aktivitet som hela familjen kan g\u00f6ra tillsammans. N\u00e4r pastan \u00e4r klar kan du anv\u00e4nda den till lasagne eller g\u00f6ra fettuccine, spaghetti och lasagnette.<\/p>\n<p>Pastavalsen \u00e4r tillverkad i Italien av Marcato, en av v\u00e4rldens fr\u00e4msta tillverkare av pastamaskiner med \u00f6ver 80 \u00e5rs erfarenhet, vilket garanterar h\u00f6g kvalitet och h\u00e5llbarhet. Med Ankarsrums Pastavals kan du njuta av f\u00e4rsk, hemlagad pasta \u2013 enkelt och roligt, direkt i ditt eget k\u00f6k.<br \/><br \/><a>Vi rekommenderar 1mm tjocka pastaplattor f\u00f6r att g\u00f6ra lasagne, det motsvarar l\u00e4ge 7 p\u00e5 pastavalsen. Men sj\u00e4lvklart g\u00e5r det att variera efter tycke och smak.<\/a><\/p>\n<p><strong>Pastavals Lasange passar samtliga modeller av Assistent Original N1-N30.<\/strong><\/p>\n<p>Vad ing\u00e5r?<\/p>\n<ul>\n<li>Pastavals f\u00f6r lasagne<\/li>\n<\/ul>","protected":false},"excerpt":{"rendered":"<p>Imponera med hemlagad pasta! Med Ankarsrums Pastavals Lasagne g\u00f6r du enkelt perfekta pastaplattor \u2013 snabbt och smidigt. Inget mer kr\u00e5ngel med att kavla f\u00f6r hand, bara j\u00e4mna, fina plattor som hela familjen kan njuta av tillsammans.<\/p>\n","protected":false},"featured_media":54669,"comment_status":"open","ping_status":"closed","template":"","meta":{"_acf_changed":false,"content-type":"","editor_notices":[]},"product_brand":[],"product_cat":[139],"product_tag":[],"product-tag":[],"machines":[343,318,362,367,371,375,383,399,388,393,345,397,348,353,358,360,341,344],"filter":[409,314],"class_list":{"0":"post-10394","1":"product","2":"type-product","3":"status-publish","4":"has-post-thumbnail","6":"product_cat-ankarsrum-tillbehor","7":"machines-02-n1","8":"machines-09-n10","9":"machines-10-n100","10":"machines-11-n20","11":"machines-12-n21","12":"machines-13-n22","13":"machines-14-n23-24","14":"machines-15-n24","15":"machines-16-n25-26","16":"machines-17-n28","17":"machines-04-n3","18":"machines-18-n30","19":"machines-05-n4","20":"machines-06-n6","21":"machines-07-n7","22":"machines-08-n8","23":"machines-01-ng1","24":"machines-03-nx1","25":"filter-mat","26":"filter-pasta","28":"first","29":"instock","30":"taxable","31":"shipping-taxable","32":"purchasable","33":"product-type-simple"},"bundled_by":[],"bundle_stock_status":"instock","bundle_stock_quantity":null,"bundle_virtual":false,"bundle_layout":"","bundle_add_to_cart_form_location":"","bundle_editable_in_cart":false,"bundle_sold_individually_context":"","bundle_item_grouping":"","bundle_min_size":"","bundle_max_size":"","bundle_price":[],"bundled_items":[],"bundle_sell_ids":[],"acf":[],"_links":{"self":[{"href":"https:\/\/www.ankarsrum.com\/se\/wp-json\/wp\/v2\/product\/10394","targetHints":{"allow":["GET"]}}],"collection":[{"href":"https:\/\/www.ankarsrum.com\/se\/wp-json\/wp\/v2\/product"}],"about":[{"href":"https:\/\/www.ankarsrum.com\/se\/wp-json\/wp\/v2\/types\/product"}],"replies":[{"embeddable":true,"href":"https:\/\/www.ankarsrum.com\/se\/wp-json\/wp\/v2\/comments?post=10394"}],"wp:featuredmedia":[{"embeddable":true,"href":"https:\/\/www.ankarsrum.com\/se\/wp-json\/wp\/v2\/media\/54669"}],"wp:attachment":[{"href":"https:\/\/www.ankarsrum.com\/se\/wp-json\/wp\/v2\/media?parent=10394"}],"wp:term":[{"taxonomy":"product_brand","embeddable":true,"href":"https:\/\/www.ankarsrum.com\/se\/wp-json\/wp\/v2\/product_brand?post=10394"},{"taxonomy":"product_cat","embeddable":true,"href":"https:\/\/www.ankarsrum.com\/se\/wp-json\/wp\/v2\/product_cat?post=10394"},{"taxonomy":"product_tag","embeddable":true,"href":"https:\/\/www.ankarsrum.com\/se\/wp-json\/wp\/v2\/product_tag?post=10394"},{"taxonomy":"product-tag","embeddable":true,"href":"https:\/\/www.ankarsrum.com\/se\/wp-json\/wp\/v2\/product-tag?post=10394"},{"taxonomy":"machines","embeddable":true,"href":"https:\/\/www.ankarsrum.com\/se\/wp-json\/wp\/v2\/machines?post=10394"},{"taxonomy":"filter","embeddable":true,"href":"https:\/\/www.ankarsrum.com\/se\/wp-json\/wp\/v2\/filter?post=10394"}],"curies":[{"name":"wp","href":"https:\/\/api.w.org\/{rel}","templated":true}]}}