{"id":10396,"date":"2024-07-16T10:00:59","date_gmt":"2024-07-16T08:00:59","guid":{"rendered":"https:\/\/www.ankarsrum.com\/se\/produkt\/pastavals-spaghetti\/"},"modified":"2026-04-30T13:51:40","modified_gmt":"2026-04-30T11:51:40","slug":"pastavals-spaghetti","status":"publish","type":"product","link":"https:\/\/www.ankarsrum.com\/se\/produkt\/pastavals-spaghetti\/","title":{"rendered":"Pastavals Spaghetti"},"content":{"rendered":"<p>Med Ankarsrums Pastavals f\u00f6r Spaghetti g\u00f6r du enkelt perfekt skuren pasta varje g\u00e5ng. N\u00e4r degen \u00e4r utvalsad med v\u00e5r lasagnevals s\u00e5 sk\u00e4r denna pastavals dina plattor till 2 mm tunn spaghetti. Valsen monteras smidigt p\u00e5 din Ankarsrum Assistent Original och drivs av dess kraftfulla motor, vilket g\u00f6r hela processen snabb och enkel helt utan anstr\u00e4ngning.<\/p>\n<p>Pastavalsen \u00e4r tillverkad i Italien av Marcato, ett av de ledande f\u00f6retagen inom tillverkning av pastamaskiner med \u00f6ver 80 \u00e5rs erfarenhet. Att g\u00f6ra pasta tillsammans \u00e4r inte bara roligt, det blir ocks\u00e5 en uppskattad aktivitet f\u00f6r hela familjen. Skapa smakrika m\u00e5ltider d\u00e4r alla kan vara med och njut av f\u00e4rsk, hemlagad spaghetti direkt fr\u00e5n ditt k\u00f6k.<\/p>\n<p>Vi rekommenderar 1,2-1,5 mm tjocka pastaplattor f\u00f6r att g\u00f6ra spaghetti, det motsvarar l\u00e4ge 5-6 p\u00e5 pastavalsen f\u00f6r lasagne.<\/p>\n<p><strong>Pastavals Spaghetti passar samtliga modeller av Assistent Original N1-N30.<\/strong><\/p>\n<p>Vad ing\u00e5r?<\/p>\n<ul>\n<li>Pastavals f\u00f6r spaghetti<\/li>\n<\/ul>","protected":false},"excerpt":{"rendered":"<p>Imponera vid middagsbordet med hemlagad spaghetti! Med Ankarsrums Pastavals f\u00f6r Spaghetti g\u00f6r du enkelt 2 mm <a>tunn rund pasta<\/a>\u00a0\u2013 snabbt och smidigt. Slipp kr\u00e5nglet med att sk\u00e4ra f\u00f6r hand och njut av perfekt skuren spaghetti varje g\u00e5ng.<\/p>\n","protected":false},"featured_media":54645,"comment_status":"open","ping_status":"closed","template":"","meta":{"_acf_changed":false,"content-type":"","editor_notices":[]},"product_brand":[],"product_cat":[139],"product_tag":[],"product-tag":[],"machines":[343,318,362,367,371,375,383,399,388,393,345,397,348,353,358,360,341,344],"filter":[409,314],"class_list":{"0":"post-10396","1":"product","2":"type-product","3":"status-publish","4":"has-post-thumbnail","6":"product_cat-ankarsrum-tillbehor","7":"machines-02-n1","8":"machines-09-n10","9":"machines-10-n100","10":"machines-11-n20","11":"machines-12-n21","12":"machines-13-n22","13":"machines-14-n23-24","14":"machines-15-n24","15":"machines-16-n25-26","16":"machines-17-n28","17":"machines-04-n3","18":"machines-18-n30","19":"machines-05-n4","20":"machines-06-n6","21":"machines-07-n7","22":"machines-08-n8","23":"machines-01-ng1","24":"machines-03-nx1","25":"filter-mat","26":"filter-pasta","28":"first","29":"instock","30":"taxable","31":"shipping-taxable","32":"purchasable","33":"product-type-simple"},"bundled_by":[],"bundle_stock_status":"instock","bundle_stock_quantity":null,"bundle_virtual":false,"bundle_layout":"","bundle_add_to_cart_form_location":"","bundle_editable_in_cart":false,"bundle_sold_individually_context":"","bundle_item_grouping":"","bundle_min_size":"","bundle_max_size":"","bundle_price":[],"bundled_items":[],"bundle_sell_ids":[],"acf":[],"_links":{"self":[{"href":"https:\/\/www.ankarsrum.com\/se\/wp-json\/wp\/v2\/product\/10396","targetHints":{"allow":["GET"]}}],"collection":[{"href":"https:\/\/www.ankarsrum.com\/se\/wp-json\/wp\/v2\/product"}],"about":[{"href":"https:\/\/www.ankarsrum.com\/se\/wp-json\/wp\/v2\/types\/product"}],"replies":[{"embeddable":true,"href":"https:\/\/www.ankarsrum.com\/se\/wp-json\/wp\/v2\/comments?post=10396"}],"wp:featuredmedia":[{"embeddable":true,"href":"https:\/\/www.ankarsrum.com\/se\/wp-json\/wp\/v2\/media\/54645"}],"wp:attachment":[{"href":"https:\/\/www.ankarsrum.com\/se\/wp-json\/wp\/v2\/media?parent=10396"}],"wp:term":[{"taxonomy":"product_brand","embeddable":true,"href":"https:\/\/www.ankarsrum.com\/se\/wp-json\/wp\/v2\/product_brand?post=10396"},{"taxonomy":"product_cat","embeddable":true,"href":"https:\/\/www.ankarsrum.com\/se\/wp-json\/wp\/v2\/product_cat?post=10396"},{"taxonomy":"product_tag","embeddable":true,"href":"https:\/\/www.ankarsrum.com\/se\/wp-json\/wp\/v2\/product_tag?post=10396"},{"taxonomy":"product-tag","embeddable":true,"href":"https:\/\/www.ankarsrum.com\/se\/wp-json\/wp\/v2\/product-tag?post=10396"},{"taxonomy":"machines","embeddable":true,"href":"https:\/\/www.ankarsrum.com\/se\/wp-json\/wp\/v2\/machines?post=10396"},{"taxonomy":"filter","embeddable":true,"href":"https:\/\/www.ankarsrum.com\/se\/wp-json\/wp\/v2\/filter?post=10396"}],"curies":[{"name":"wp","href":"https:\/\/api.w.org\/{rel}","templated":true}]}}