{"id":10416,"date":"2024-07-05T12:07:23","date_gmt":"2024-07-05T10:07:23","guid":{"rendered":"https:\/\/www.ankarsrum.com\/se\/produkt\/lasring-till-gronsaksskarare\/"},"modified":"2026-05-08T14:15:42","modified_gmt":"2026-05-08T12:15:42","slug":"lasring-till-gronsaksskarare","status":"publish","type":"product","link":"https:\/\/www.ankarsrum.com\/se\/produkt\/lasring-till-gronsaksskarare\/","title":{"rendered":"L\u00e5sring till gr\u00f6nsakssk\u00e4rare"},"content":{"rendered":"<p>L\u00e5sring till gr\u00f6nsakssk\u00e4rare.\u00a0<\/p>","protected":false},"excerpt":{"rendered":"<p>L\u00e5sring till dagens modell av gr\u00f6nsakssk\u00e4rare som tillverkats sedan 1991.<\/p>\n","protected":false},"featured_media":54366,"comment_status":"open","ping_status":"closed","template":"","meta":{"_acf_changed":false,"content-type":"","editor_notices":[]},"product_brand":[],"product_cat":[636],"product_tag":[],"product-tag":[],"machines":[375,383,399,388,393,397],"filter":[332],"class_list":{"0":"post-10416","1":"product","2":"type-product","3":"status-publish","4":"has-post-thumbnail","6":"product_cat-ankarsrum-reservdelar","7":"machines-13-n22","8":"machines-14-n23-24","9":"machines-15-n24","10":"machines-16-n25-26","11":"machines-17-n28","12":"machines-18-n30","13":"filter-gronsaksskarare","15":"first","16":"instock","17":"taxable","18":"shipping-taxable","19":"purchasable","20":"product-type-simple"},"bundled_by":[],"bundle_stock_status":"instock","bundle_stock_quantity":null,"bundle_virtual":false,"bundle_layout":"","bundle_add_to_cart_form_location":"","bundle_editable_in_cart":false,"bundle_sold_individually_context":"","bundle_item_grouping":"","bundle_min_size":"","bundle_max_size":"","bundle_price":[],"bundled_items":[],"bundle_sell_ids":[],"acf":[],"_links":{"self":[{"href":"https:\/\/www.ankarsrum.com\/se\/wp-json\/wp\/v2\/product\/10416","targetHints":{"allow":["GET"]}}],"collection":[{"href":"https:\/\/www.ankarsrum.com\/se\/wp-json\/wp\/v2\/product"}],"about":[{"href":"https:\/\/www.ankarsrum.com\/se\/wp-json\/wp\/v2\/types\/product"}],"replies":[{"embeddable":true,"href":"https:\/\/www.ankarsrum.com\/se\/wp-json\/wp\/v2\/comments?post=10416"}],"wp:featuredmedia":[{"embeddable":true,"href":"https:\/\/www.ankarsrum.com\/se\/wp-json\/wp\/v2\/media\/54366"}],"wp:attachment":[{"href":"https:\/\/www.ankarsrum.com\/se\/wp-json\/wp\/v2\/media?parent=10416"}],"wp:term":[{"taxonomy":"product_brand","embeddable":true,"href":"https:\/\/www.ankarsrum.com\/se\/wp-json\/wp\/v2\/product_brand?post=10416"},{"taxonomy":"product_cat","embeddable":true,"href":"https:\/\/www.ankarsrum.com\/se\/wp-json\/wp\/v2\/product_cat?post=10416"},{"taxonomy":"product_tag","embeddable":true,"href":"https:\/\/www.ankarsrum.com\/se\/wp-json\/wp\/v2\/product_tag?post=10416"},{"taxonomy":"product-tag","embeddable":true,"href":"https:\/\/www.ankarsrum.com\/se\/wp-json\/wp\/v2\/product-tag?post=10416"},{"taxonomy":"machines","embeddable":true,"href":"https:\/\/www.ankarsrum.com\/se\/wp-json\/wp\/v2\/machines?post=10416"},{"taxonomy":"filter","embeddable":true,"href":"https:\/\/www.ankarsrum.com\/se\/wp-json\/wp\/v2\/filter?post=10416"}],"curies":[{"name":"wp","href":"https:\/\/api.w.org\/{rel}","templated":true}]}}