{"id":10432,"date":"2024-05-29T08:59:55","date_gmt":"2024-05-29T06:59:55","guid":{"rendered":"https:\/\/www.ankarsrum.com\/se\/produkt\/ballongvispar\/"},"modified":"2026-05-11T14:20:25","modified_gmt":"2026-05-11T12:20:25","slug":"ballongvispar","status":"publish","type":"product","link":"https:\/\/www.ankarsrum.com\/se\/produkt\/ballongvispar\/","title":{"rendered":"Ballongvispar"},"content":{"rendered":"<p>Med ballongvisparna f\u00e5r du alltid till det perfekta fluffet p\u00e5 allt fr\u00e5n gr\u00e4dde till mar\u00e4nger.<\/p>","protected":false},"excerpt":{"rendered":"<p>\u2022 Ballongvisparna \u2013 f\u00f6r det perfekta fluffet!<br \/>\u2022 Anv\u00e4nd ballongvisparna vid vispning av l\u00f6sare smet som mar\u00e4ng, gr\u00e4dde, \u00e4gg eller sockerkakssmet. Gr\u00e4dde (1-8 dl), \u00e4ggvitor (2-20 st), pannkakssmet (0,5-2,5 liter), sockerkakssmet (1-3 satser).<br \/>\u2022 Vispsk\u00e5len och visparna ska anv\u00e4ndas med rumstempererat eller sm\u00e4lt sm\u00f6r.<br \/>\u2022 Vispsk\u00e5len klarar v\u00e4rme och det g\u00e5r utm\u00e4rkt att g\u00f6ra t ex italiensk mar\u00e4ng.<br \/>\u2022 Vispsk\u00e5lens material \u00e4r Tritan Copolyester, BPA fri.<\/p>\n","protected":false},"featured_media":54128,"comment_status":"open","ping_status":"closed","template":"","meta":{"_acf_changed":false,"content-type":"","editor_notices":[]},"product_brand":[],"product_cat":[636],"product_tag":[151,152],"product-tag":[],"machines":[343,318,362,367,371,375,383,399,388,393,345,397,348,353,358,360,341,344],"filter":[325],"class_list":{"0":"post-10432","1":"product","2":"type-product","3":"status-publish","4":"has-post-thumbnail","6":"product_cat-ankarsrum-reservdelar","7":"product_tag-ballon-whisks","8":"product_tag-balloon-whisk","9":"machines-02-n1","10":"machines-09-n10","11":"machines-10-n100","12":"machines-11-n20","13":"machines-12-n21","14":"machines-13-n22","15":"machines-14-n23-24","16":"machines-15-n24","17":"machines-16-n25-26","18":"machines-17-n28","19":"machines-04-n3","20":"machines-18-n30","21":"machines-05-n4","22":"machines-06-n6","23":"machines-07-n7","24":"machines-08-n8","25":"machines-01-ng1","26":"machines-03-nx1","27":"filter-baspaket","29":"first","30":"instock","31":"taxable","32":"shipping-taxable","33":"purchasable","34":"product-type-simple"},"bundled_by":[],"bundle_stock_status":"instock","bundle_stock_quantity":null,"bundle_virtual":false,"bundle_layout":"","bundle_add_to_cart_form_location":"","bundle_editable_in_cart":false,"bundle_sold_individually_context":"","bundle_item_grouping":"","bundle_min_size":"","bundle_max_size":"","bundle_price":[],"bundled_items":[],"bundle_sell_ids":[],"acf":[],"_links":{"self":[{"href":"https:\/\/www.ankarsrum.com\/se\/wp-json\/wp\/v2\/product\/10432","targetHints":{"allow":["GET"]}}],"collection":[{"href":"https:\/\/www.ankarsrum.com\/se\/wp-json\/wp\/v2\/product"}],"about":[{"href":"https:\/\/www.ankarsrum.com\/se\/wp-json\/wp\/v2\/types\/product"}],"replies":[{"embeddable":true,"href":"https:\/\/www.ankarsrum.com\/se\/wp-json\/wp\/v2\/comments?post=10432"}],"wp:featuredmedia":[{"embeddable":true,"href":"https:\/\/www.ankarsrum.com\/se\/wp-json\/wp\/v2\/media\/54128"}],"wp:attachment":[{"href":"https:\/\/www.ankarsrum.com\/se\/wp-json\/wp\/v2\/media?parent=10432"}],"wp:term":[{"taxonomy":"product_brand","embeddable":true,"href":"https:\/\/www.ankarsrum.com\/se\/wp-json\/wp\/v2\/product_brand?post=10432"},{"taxonomy":"product_cat","embeddable":true,"href":"https:\/\/www.ankarsrum.com\/se\/wp-json\/wp\/v2\/product_cat?post=10432"},{"taxonomy":"product_tag","embeddable":true,"href":"https:\/\/www.ankarsrum.com\/se\/wp-json\/wp\/v2\/product_tag?post=10432"},{"taxonomy":"product-tag","embeddable":true,"href":"https:\/\/www.ankarsrum.com\/se\/wp-json\/wp\/v2\/product-tag?post=10432"},{"taxonomy":"machines","embeddable":true,"href":"https:\/\/www.ankarsrum.com\/se\/wp-json\/wp\/v2\/machines?post=10432"},{"taxonomy":"filter","embeddable":true,"href":"https:\/\/www.ankarsrum.com\/se\/wp-json\/wp\/v2\/filter?post=10432"}],"curies":[{"name":"wp","href":"https:\/\/api.w.org\/{rel}","templated":true}]}}