{"id":10444,"date":"2024-07-09T21:00:56","date_gmt":"2024-07-09T19:00:56","guid":{"rendered":"https:\/\/www.ankarsrum.com\/se\/produkt\/assistent-original-black-diamond-bd\/"},"modified":"2026-04-15T13:00:42","modified_gmt":"2026-04-15T11:00:42","slug":"assistent-original-black-diamond-bd","status":"publish","type":"product","link":"https:\/\/www.ankarsrum.com\/se\/produkt\/assistent-original-black-diamond-bd\/","title":{"rendered":"Ankarsrum Assistent Original K\u00f6ksassistent &#8211; Black Diamond"},"content":{"rendered":"<p>Med varje Assistent Original AKM6230 baspaket f\u00f6ljer tillbeh\u00f6r som kommer att underl\u00e4tta ditt k\u00f6ksarbete och ge dig ov\u00e4rderlig hj\u00e4lp vid bakning av allt fr\u00e5n sockerkakor till surdegsbr\u00f6d. Detta \u00e4r den senaste modellen av klassiska Assistent Original\u00ae med flera nya smarta funktioner och f\u00f6rb\u00e4ttringar.<\/p>\n<p>Tack vare den nya kraftfulla motorn, 1500 Watt, kan du blanda \u00e4nnu tyngre degar. Denna k\u00f6ksassistent har en motor\u00e5terkoppling vilket inneb\u00e4r att maskinen sj\u00e4lv automatiskt reglerar varvtalet beroende p\u00e5 hur h\u00e5rt belastad den \u00e4r. Den unika v\u00e4xelenheten ger en tyst och kraftfull maskin.<\/p>\n<p>Bunken p\u00e5 hela 7 liter g\u00f6r att detta \u00e4r en k\u00f6ksassistent f\u00f6r dig som vill ha m\u00f6jligheten att hantera riktigt stora degar. Den klarar 1,5 liter degv\u00e4tska och 5 kg deg utan problem.<\/p>\n<p>Denna k\u00f6ksassistent har en stilren och diskret design, l\u00e5g ljudniv\u00e5 och st\u00e5r stadigt p\u00e5 arbetsb\u00e4nken. Assistent Original\u00ae 6230 inneh\u00e5ller en 7 liters rostfri kittel, degrulle, degkniv, degskrapa, degkrok och j\u00e4slock. Dessutom ing\u00e5r en 3,5 liters vispsk\u00e5l i tritanplast f\u00f6r b\u00e4sta vispresultat, ballongvispar och m\u00f6rdegsvispar. Vred och fotratt \u00e4r tillverkade i f\u00f6rkromat zink.<\/p>\n<p>Detta \u00e4r uppf\u00f6ljaren till den klassiska k\u00f6ksassistenten som tidigare tillverkades av Electrolux. Denna k\u00f6ksassistent finns tillg\u00e4nglig i flera f\u00e4rger. Med ett extremt brett tillbeh\u00f6rsprogram kan du \u00e4ven mixa, vispa, mala k\u00f6tt, g\u00f6ra pasta, pressa apelsiner mm. En k\u00f6ksassistent f\u00f6r alla dina behov!<\/p>","protected":false},"excerpt":{"rendered":"<p>Assistent Original produceras \u00a0i Sverige och har gjort sedan 1940. Varje k\u00f6ksassistent testas innan den l\u00e4mnar fabriken. Vi arbetar efter ledorden kvalitet, funktionalitet och design.<\/p>\n<p>Baspaketet inneh\u00e5ller: 7 liter rostfri kittel, degrulle, degkniv, degskrapa, degkrok, j\u00e4slock, 3,5 liters vispsk\u00e5l, ballongvispar, m\u00f6rdegsvispar och receptbok.<\/p>\n","protected":false},"featured_media":54312,"comment_status":"open","ping_status":"closed","template":"","meta":{"_acf_changed":false,"content-type":"","editor_notices":[]},"product_brand":[],"product_cat":[639],"product_tag":[],"product-tag":[],"machines":[],"filter":[],"class_list":{"0":"post-10444","1":"product","2":"type-product","3":"status-publish","4":"has-post-thumbnail","6":"product_cat-koksassistent","7":"product_shipping_class-gratis-frakt","9":"first","10":"instock","11":"taxable","12":"shipping-taxable","13":"purchasable","14":"product-type-simple"},"bundled_by":["65577","65672","65679","65933","66149"],"bundle_stock_status":"instock","bundle_stock_quantity":null,"bundle_virtual":false,"bundle_layout":"","bundle_add_to_cart_form_location":"","bundle_editable_in_cart":false,"bundle_sold_individually_context":"","bundle_item_grouping":"","bundle_min_size":"","bundle_max_size":"","bundle_price":[],"bundled_items":[],"bundle_sell_ids":[],"acf":[],"_links":{"self":[{"href":"https:\/\/www.ankarsrum.com\/se\/wp-json\/wp\/v2\/product\/10444","targetHints":{"allow":["GET"]}}],"collection":[{"href":"https:\/\/www.ankarsrum.com\/se\/wp-json\/wp\/v2\/product"}],"about":[{"href":"https:\/\/www.ankarsrum.com\/se\/wp-json\/wp\/v2\/types\/product"}],"replies":[{"embeddable":true,"href":"https:\/\/www.ankarsrum.com\/se\/wp-json\/wp\/v2\/comments?post=10444"}],"wp:featuredmedia":[{"embeddable":true,"href":"https:\/\/www.ankarsrum.com\/se\/wp-json\/wp\/v2\/media\/54312"}],"wp:attachment":[{"href":"https:\/\/www.ankarsrum.com\/se\/wp-json\/wp\/v2\/media?parent=10444"}],"wp:term":[{"taxonomy":"product_brand","embeddable":true,"href":"https:\/\/www.ankarsrum.com\/se\/wp-json\/wp\/v2\/product_brand?post=10444"},{"taxonomy":"product_cat","embeddable":true,"href":"https:\/\/www.ankarsrum.com\/se\/wp-json\/wp\/v2\/product_cat?post=10444"},{"taxonomy":"product_tag","embeddable":true,"href":"https:\/\/www.ankarsrum.com\/se\/wp-json\/wp\/v2\/product_tag?post=10444"},{"taxonomy":"product-tag","embeddable":true,"href":"https:\/\/www.ankarsrum.com\/se\/wp-json\/wp\/v2\/product-tag?post=10444"},{"taxonomy":"machines","embeddable":true,"href":"https:\/\/www.ankarsrum.com\/se\/wp-json\/wp\/v2\/machines?post=10444"},{"taxonomy":"filter","embeddable":true,"href":"https:\/\/www.ankarsrum.com\/se\/wp-json\/wp\/v2\/filter?post=10444"}],"curies":[{"name":"wp","href":"https:\/\/api.w.org\/{rel}","templated":true}]}}