{"id":17439,"date":"2024-07-16T10:48:09","date_gmt":"2024-07-16T08:48:09","guid":{"rendered":"https:\/\/www.ankarsrum.com\/se\/produkt\/go-green\/"},"modified":"2026-04-16T13:01:45","modified_gmt":"2026-04-16T11:01:45","slug":"go-green","status":"publish","type":"product","link":"https:\/\/www.ankarsrum.com\/se\/produkt\/go-green\/","title":{"rendered":"Go Green"},"content":{"rendered":"<p>Med Go Green-paketet f\u00e5r du tre m\u00e5ngsidiga tillbeh\u00f6r f\u00f6r din Ankarsrum Assistent Original: Mixer med Mixerpinne, Citruspress och Gr\u00f6nsakssk\u00e4rare. Tillsammans g\u00f6r de det enkelt och roligt att laga h\u00e4lsosam mat. Skapa allt fr\u00e5n uppfriskande morgonjuicer och n\u00e4ringsrika smoothies till sallader, r\u00f6ror och gr\u00f6nsaksbaserade r\u00e4tter som hela familjen kan njuta av.<\/p>\n<p><strong>Mixer med Mixerpinne:<\/strong> Mixa smoothies, krossa b\u00e4r och skapa kr\u00e4miga s\u00e5ser \u2013 snabbt och enkelt. Tillverkad av h\u00e5llbar Tritan-plast som \u00e4r b\u00e5de BPA-fri och okrossbar.<br \/><strong>Citruspress:<\/strong> B\u00f6rja dagen med f\u00e4rskpressad juice. Perfekt f\u00f6r apelsin, citron, lime och grapefrukt. Den BPA-fria beh\u00e5llaren rymmer upp till 1,2 liter juice \u2013 idealisk f\u00f6r hela familjen.<br \/><strong>Gr\u00f6nsakssk\u00e4rare:<\/strong> Skiva, riv och strimla dina favoritgr\u00f6nsaker p\u00e5 nolltid med de tre medf\u00f6ljande trummorna. Perfekt f\u00f6r sallader, r\u00e5kost och gr\u00f6nsaksbaserade r\u00e4tter.<br \/><br \/>Go Green-paketet \u00e4r ett komplett set som g\u00f6r vardagen enklare och gr\u00f6nare \u2013 och matlagningen b\u00e5de effektiv och rolig!<\/p>\n<p class=\"MsoNormal\"><strong><span style=\"mso-fareast-font-family: &#039;Times New Roman&#039;; mso-bidi-font-family: &#039;Times New Roman&#039;; mso-font-kerning: 0pt; mso-ligatures: none; mso-fareast-language: SV;\">Gr\u00f6nsakssk\u00e4raren passar alla modeller av Assistent Original N1-N30.<br \/>Citruspressen passar alla modeller av Assistent Original N1-N30.<br \/><\/span>Mixerkannan passar samtliga modeller av Assistent Original N24-N30.<\/strong><\/p>\n<p class=\"MsoNormal\">Vad ing\u00e5r?<\/p>\n<ul>\n<li class=\"MsoNormal\"><strong>Mixer med mixerpinne<\/strong>: Mixerkanna, topplock, m\u00e5ttlock och mixerpinne.<\/li>\n<li class=\"MsoNormal\"><strong>Citruspress:\u00a0<\/strong><span style=\"mso-fareast-font-family: &#039;Times New Roman&#039;; mso-bidi-font-family: &#039;Times New Roman&#039;; mso-font-kerning: 0pt; mso-ligatures: none; mso-fareast-language: SV;\">Genomskinlig beh\u00e5llare och vit citruspress.<\/span><\/li>\n<li class=\"MsoNormal\"><strong>Gr\u00f6nsakssk\u00e4rare:<\/strong> Tre trummor (skivtrumma, grov- och medelgrov rivtrumma), matarpropp, l\u00e5sring och gr\u00f6nsaksk\u00e4rarhus.<\/li>\n<\/ul>","protected":false},"excerpt":{"rendered":"<p>G\u00f6r vardagen enklare och gr\u00f6nare med Go Green-paketet! Med Citruspress, Mixer med Mixerpinne och Gr\u00f6nsakssk\u00e4rare har du allt du beh\u00f6ver f\u00f6r att boosta din dag med frukt och gr\u00f6nt. Mixa smoothies, pressa f\u00e4rsk juice och skiva eller riv gr\u00f6nsaker \u2013 snabbt och smidigt i ett komplett paket.<\/p>\n","protected":false},"featured_media":54570,"comment_status":"open","ping_status":"closed","template":"","meta":{"_acf_changed":false,"content-type":"","editor_notices":[]},"product_brand":[],"product_cat":[139],"product_tag":[],"product-tag":[],"machines":[399,388,393,397],"filter":[412,409,323],"class_list":{"0":"post-17439","1":"product","2":"type-product","3":"status-publish","4":"has-post-thumbnail","6":"product_cat-ankarsrum-tillbehor","7":"machines-15-n24","8":"machines-16-n25-26","9":"machines-17-n28","10":"machines-18-n30","11":"filter-frukt-gront","12":"filter-mat","13":"filter-tillbehorspaket","15":"first","16":"instock","17":"taxable","18":"shipping-taxable","19":"purchasable","20":"product-type-simple"},"bundled_by":[],"bundle_stock_status":"instock","bundle_stock_quantity":null,"bundle_virtual":false,"bundle_layout":"","bundle_add_to_cart_form_location":"","bundle_editable_in_cart":false,"bundle_sold_individually_context":"","bundle_item_grouping":"","bundle_min_size":"","bundle_max_size":"","bundle_price":[],"bundled_items":[],"bundle_sell_ids":[],"acf":[],"_links":{"self":[{"href":"https:\/\/www.ankarsrum.com\/se\/wp-json\/wp\/v2\/product\/17439","targetHints":{"allow":["GET"]}}],"collection":[{"href":"https:\/\/www.ankarsrum.com\/se\/wp-json\/wp\/v2\/product"}],"about":[{"href":"https:\/\/www.ankarsrum.com\/se\/wp-json\/wp\/v2\/types\/product"}],"replies":[{"embeddable":true,"href":"https:\/\/www.ankarsrum.com\/se\/wp-json\/wp\/v2\/comments?post=17439"}],"wp:featuredmedia":[{"embeddable":true,"href":"https:\/\/www.ankarsrum.com\/se\/wp-json\/wp\/v2\/media\/54570"}],"wp:attachment":[{"href":"https:\/\/www.ankarsrum.com\/se\/wp-json\/wp\/v2\/media?parent=17439"}],"wp:term":[{"taxonomy":"product_brand","embeddable":true,"href":"https:\/\/www.ankarsrum.com\/se\/wp-json\/wp\/v2\/product_brand?post=17439"},{"taxonomy":"product_cat","embeddable":true,"href":"https:\/\/www.ankarsrum.com\/se\/wp-json\/wp\/v2\/product_cat?post=17439"},{"taxonomy":"product_tag","embeddable":true,"href":"https:\/\/www.ankarsrum.com\/se\/wp-json\/wp\/v2\/product_tag?post=17439"},{"taxonomy":"product-tag","embeddable":true,"href":"https:\/\/www.ankarsrum.com\/se\/wp-json\/wp\/v2\/product-tag?post=17439"},{"taxonomy":"machines","embeddable":true,"href":"https:\/\/www.ankarsrum.com\/se\/wp-json\/wp\/v2\/machines?post=17439"},{"taxonomy":"filter","embeddable":true,"href":"https:\/\/www.ankarsrum.com\/se\/wp-json\/wp\/v2\/filter?post=17439"}],"curies":[{"name":"wp","href":"https:\/\/api.w.org\/{rel}","templated":true}]}}