{"id":44845,"date":"2024-07-16T11:08:59","date_gmt":"2024-07-16T09:08:59","guid":{"rendered":"https:\/\/www.ankarsrum.com\/se\/produkt\/glassmaskin-med-spatel\/"},"modified":"2026-05-04T14:06:57","modified_gmt":"2026-05-04T12:06:57","slug":"glassmaskin-med-spatel","status":"publish","type":"product","link":"https:\/\/www.ankarsrum.com\/se\/produkt\/glassmaskin-med-spatel\/","title":{"rendered":"Glassmaskin"},"content":{"rendered":"<p>Med Ankarsrums Glassmaskin, som smidigt monteras p\u00e5 din Ankarsrum Assistent, blir det b\u00e5de enkelt och roligt att g\u00f6ra egen glass. Det \u00e4r en aktivitet som hela familjen kan njuta av, b\u00e5de stora och sm\u00e5. Oavsett om du \u00e4r sugen p\u00e5 klassisk vaniljglass, fr\u00e4sch sorbet eller en kr\u00e4mig frozen yoghurt, f\u00e5r du alltid ett perfekt resultat. Glassmaskinen \u00e4r tillverkad i Italien med professionell kvalitet, vilket g\u00f6r att ni kan njuta av hemlagad glass i toppklass.<\/p>\n<p>Fryssk\u00e5len har en kapacitet p\u00e5 upp till 700g ingredienser, vilket ger dig hela 1,5 liter f\u00e4rdig glass. L\u00e4gg Fryssk\u00e5len i frysen i 20-24 timmar innan anv\u00e4ndning, och sedan \u00e4r det bara att b\u00f6rja experimentera med dina favoritsmaker. Gillar du citron, jordgubbe, viol eller pistage? Med Ankarsrums Glassmaskin \u00e4r det bara din fantasi som s\u00e4tter gr\u00e4nserna!<\/p>\n<p>Det b\u00e4sta \u00e4r att paketet inkluderar komplett glasstillbeh\u00f6r och lock, s\u00e5 att du kan servera direkt fr\u00e5n Fryssk\u00e5len. Skapa dina favoritsmaker och l\u00e5t hela familjen njuta av hemlagad glass precis som ni vill ha den. Ankarsrums Glassmaskin \u00e4r perfekt f\u00f6r dig som vill g\u00f6ra glass som proffsen, fast hemma i ditt eget k\u00f6k.<br \/><br \/><strong>Glassmaskinen passar samtliga modeller av Assistent Original N3-N30.<\/strong><\/p>\n<p>Vad ing\u00e5r?<\/p>\n<ul>\n<li>Yttersk\u00e5l Glassmaskin<\/li>\n<li>Bottenplatta glassmaskin<\/li>\n<li>Fryssk\u00e5l (Dimission: 205mm diameter, 135mm h\u00f6g)<\/li>\n<li>Lock till fryssk\u00e5l<\/li>\n<li>Spatel<\/li>\n<li>Blandpaddel<\/li>\n<\/ul>","protected":false},"excerpt":{"rendered":"<p>G\u00f6r din egen glass hemma med Ankarsrums Glassmaskin, det \u00e4r b\u00e5de enkelt och roligt. Skapa allt fr\u00e5n klassisk vanilj till fr\u00e4scha sorbeten \u2013 en aktivitet som hela familjen kan njuta av. G\u00f6r glass som proffsen \u2013 direkt i ditt eget k\u00f6k!<\/p>\n","protected":false},"featured_media":54579,"comment_status":"open","ping_status":"closed","template":"","meta":{"_acf_changed":false,"content-type":"","editor_notices":[]},"product_brand":[],"product_cat":[139],"product_tag":[],"product-tag":[],"machines":[],"filter":[],"class_list":{"0":"post-44845","1":"product","2":"type-product","3":"status-publish","4":"has-post-thumbnail","6":"product_cat-ankarsrum-tillbehor","8":"first","9":"instock","10":"taxable","11":"shipping-taxable","12":"purchasable","13":"product-type-simple"},"bundled_by":["65519","65672","65679","65685","65688","65690","65691","65694","65695","65696","65708","65710","65716","65717","65719","65721","65723","65725","66016","66123","66126","66129","66132","66133","66134","66135","66138","66137","66140","66141","66142","66144","66146","66149","66275","66293"],"bundle_stock_status":"instock","bundle_stock_quantity":null,"bundle_virtual":false,"bundle_layout":"","bundle_add_to_cart_form_location":"","bundle_editable_in_cart":false,"bundle_sold_individually_context":"","bundle_item_grouping":"","bundle_min_size":"","bundle_max_size":"","bundle_price":[],"bundled_items":[],"bundle_sell_ids":[],"acf":[],"_links":{"self":[{"href":"https:\/\/www.ankarsrum.com\/se\/wp-json\/wp\/v2\/product\/44845","targetHints":{"allow":["GET"]}}],"collection":[{"href":"https:\/\/www.ankarsrum.com\/se\/wp-json\/wp\/v2\/product"}],"about":[{"href":"https:\/\/www.ankarsrum.com\/se\/wp-json\/wp\/v2\/types\/product"}],"replies":[{"embeddable":true,"href":"https:\/\/www.ankarsrum.com\/se\/wp-json\/wp\/v2\/comments?post=44845"}],"wp:featuredmedia":[{"embeddable":true,"href":"https:\/\/www.ankarsrum.com\/se\/wp-json\/wp\/v2\/media\/54579"}],"wp:attachment":[{"href":"https:\/\/www.ankarsrum.com\/se\/wp-json\/wp\/v2\/media?parent=44845"}],"wp:term":[{"taxonomy":"product_brand","embeddable":true,"href":"https:\/\/www.ankarsrum.com\/se\/wp-json\/wp\/v2\/product_brand?post=44845"},{"taxonomy":"product_cat","embeddable":true,"href":"https:\/\/www.ankarsrum.com\/se\/wp-json\/wp\/v2\/product_cat?post=44845"},{"taxonomy":"product_tag","embeddable":true,"href":"https:\/\/www.ankarsrum.com\/se\/wp-json\/wp\/v2\/product_tag?post=44845"},{"taxonomy":"product-tag","embeddable":true,"href":"https:\/\/www.ankarsrum.com\/se\/wp-json\/wp\/v2\/product-tag?post=44845"},{"taxonomy":"machines","embeddable":true,"href":"https:\/\/www.ankarsrum.com\/se\/wp-json\/wp\/v2\/machines?post=44845"},{"taxonomy":"filter","embeddable":true,"href":"https:\/\/www.ankarsrum.com\/se\/wp-json\/wp\/v2\/filter?post=44845"}],"curies":[{"name":"wp","href":"https:\/\/api.w.org\/{rel}","templated":true}]}}