{"id":52820,"date":"2024-07-10T11:26:40","date_gmt":"2024-07-10T09:26:40","guid":{"rendered":"https:\/\/www.ankarsrum.com\/se\/produkt\/fot-tass\/"},"modified":"2026-04-16T13:01:07","modified_gmt":"2026-04-16T11:01:07","slug":"fot-tass","status":"publish","type":"product","link":"https:\/\/www.ankarsrum.com\/se\/produkt\/fot-tass\/","title":{"rendered":"Fot\/tass reservdelspaket"},"content":{"rendered":"<p>Pris \u00e4r f\u00f6r fyra f\u00f6tter.\u00a0<\/p>","protected":false},"excerpt":{"rendered":"<p>Komplett reservdelspaket f\u00f6r din Ankarsrum Assistent Originals-f\u00f6tter, som inneh\u00e5ller fyra ers\u00e4ttningsf\u00f6tter, skruvar och brickor. \u00a0Detta set \u00e4r perfekt f\u00f6r att ers\u00e4tta borttappade eller slitna f\u00f6tter p\u00e5 din k\u00f6ksmaskin och s\u00e4kerst\u00e4lla stabilitet, s\u00e5 att din maskin h\u00e5lls s\u00e4kert p\u00e5 plats under anv\u00e4ndning.<br \/>Passar modellerna N23-N30<\/p>\n","protected":false},"featured_media":55526,"comment_status":"open","ping_status":"closed","template":"","meta":{"_acf_changed":false,"content-type":"","editor_notices":[]},"product_brand":[],"product_cat":[636],"product_tag":[150,149],"product-tag":[],"machines":[],"filter":[],"class_list":{"0":"post-52820","1":"product","2":"type-product","3":"status-publish","4":"has-post-thumbnail","6":"product_cat-ankarsrum-reservdelar","7":"product_tag-foot","8":"product_tag-spare-parts","10":"first","11":"instock","12":"taxable","13":"shipping-taxable","14":"purchasable","15":"product-type-simple"},"bundled_by":[],"bundle_stock_status":"instock","bundle_stock_quantity":null,"bundle_virtual":false,"bundle_layout":"","bundle_add_to_cart_form_location":"","bundle_editable_in_cart":false,"bundle_sold_individually_context":"","bundle_item_grouping":"","bundle_min_size":"","bundle_max_size":"","bundle_price":[],"bundled_items":[],"bundle_sell_ids":[],"acf":[],"_links":{"self":[{"href":"https:\/\/www.ankarsrum.com\/se\/wp-json\/wp\/v2\/product\/52820","targetHints":{"allow":["GET"]}}],"collection":[{"href":"https:\/\/www.ankarsrum.com\/se\/wp-json\/wp\/v2\/product"}],"about":[{"href":"https:\/\/www.ankarsrum.com\/se\/wp-json\/wp\/v2\/types\/product"}],"replies":[{"embeddable":true,"href":"https:\/\/www.ankarsrum.com\/se\/wp-json\/wp\/v2\/comments?post=52820"}],"wp:featuredmedia":[{"embeddable":true,"href":"https:\/\/www.ankarsrum.com\/se\/wp-json\/wp\/v2\/media\/55526"}],"wp:attachment":[{"href":"https:\/\/www.ankarsrum.com\/se\/wp-json\/wp\/v2\/media?parent=52820"}],"wp:term":[{"taxonomy":"product_brand","embeddable":true,"href":"https:\/\/www.ankarsrum.com\/se\/wp-json\/wp\/v2\/product_brand?post=52820"},{"taxonomy":"product_cat","embeddable":true,"href":"https:\/\/www.ankarsrum.com\/se\/wp-json\/wp\/v2\/product_cat?post=52820"},{"taxonomy":"product_tag","embeddable":true,"href":"https:\/\/www.ankarsrum.com\/se\/wp-json\/wp\/v2\/product_tag?post=52820"},{"taxonomy":"product-tag","embeddable":true,"href":"https:\/\/www.ankarsrum.com\/se\/wp-json\/wp\/v2\/product-tag?post=52820"},{"taxonomy":"machines","embeddable":true,"href":"https:\/\/www.ankarsrum.com\/se\/wp-json\/wp\/v2\/machines?post=52820"},{"taxonomy":"filter","embeddable":true,"href":"https:\/\/www.ankarsrum.com\/se\/wp-json\/wp\/v2\/filter?post=52820"}],"curies":[{"name":"wp","href":"https:\/\/api.w.org\/{rel}","templated":true}]}}