{"id":55550,"date":"2024-10-14T14:00:39","date_gmt":"2024-10-14T12:00:39","guid":{"rendered":"https:\/\/www.ankarsrum.com\/se\/produkt\/stanger-for-pastavals-och-skarare\/"},"modified":"2026-04-29T13:46:56","modified_gmt":"2026-04-29T11:46:56","slug":"stanger-for-pastavals-och-skarare","status":"publish","type":"product","link":"https:\/\/www.ankarsrum.com\/se\/produkt\/stanger-for-pastavals-och-skarare\/","title":{"rendered":"St\u00e4nger f\u00f6r pastavals och sk\u00e4rare"},"content":{"rendered":"","protected":false},"excerpt":{"rendered":"<p>Ers\u00e4ttningsstavar f\u00f6r pastavalsar och sk\u00e4rare, utformade f\u00f6r att h\u00e5lla skraporna p\u00e5 plats p\u00e5 ett s\u00e4kert s\u00e4tt. Dessa robusta stavar s\u00e4kerst\u00e4ller att skraporna fungerar korrekt och h\u00e5ller pastavalsen ren under anv\u00e4ndning. De \u00e4r idealiska f\u00f6r att ers\u00e4tta borttappade eller skadade stavar.<\/p>\n","protected":false},"featured_media":55547,"comment_status":"open","ping_status":"closed","template":"","meta":{"_acf_changed":false,"content-type":"","editor_notices":[]},"product_brand":[],"product_cat":[636],"product_tag":[],"product-tag":[],"machines":[],"filter":[],"class_list":{"0":"post-55550","1":"product","2":"type-product","3":"status-publish","4":"has-post-thumbnail","6":"product_cat-ankarsrum-reservdelar","8":"first","9":"instock","10":"taxable","11":"shipping-taxable","12":"purchasable","13":"product-type-simple"},"bundled_by":[],"bundle_stock_status":"instock","bundle_stock_quantity":null,"bundle_virtual":false,"bundle_layout":"","bundle_add_to_cart_form_location":"","bundle_editable_in_cart":false,"bundle_sold_individually_context":"","bundle_item_grouping":"","bundle_min_size":"","bundle_max_size":"","bundle_price":[],"bundled_items":[],"bundle_sell_ids":[],"acf":[],"_links":{"self":[{"href":"https:\/\/www.ankarsrum.com\/se\/wp-json\/wp\/v2\/product\/55550","targetHints":{"allow":["GET"]}}],"collection":[{"href":"https:\/\/www.ankarsrum.com\/se\/wp-json\/wp\/v2\/product"}],"about":[{"href":"https:\/\/www.ankarsrum.com\/se\/wp-json\/wp\/v2\/types\/product"}],"replies":[{"embeddable":true,"href":"https:\/\/www.ankarsrum.com\/se\/wp-json\/wp\/v2\/comments?post=55550"}],"wp:featuredmedia":[{"embeddable":true,"href":"https:\/\/www.ankarsrum.com\/se\/wp-json\/wp\/v2\/media\/55547"}],"wp:attachment":[{"href":"https:\/\/www.ankarsrum.com\/se\/wp-json\/wp\/v2\/media?parent=55550"}],"wp:term":[{"taxonomy":"product_brand","embeddable":true,"href":"https:\/\/www.ankarsrum.com\/se\/wp-json\/wp\/v2\/product_brand?post=55550"},{"taxonomy":"product_cat","embeddable":true,"href":"https:\/\/www.ankarsrum.com\/se\/wp-json\/wp\/v2\/product_cat?post=55550"},{"taxonomy":"product_tag","embeddable":true,"href":"https:\/\/www.ankarsrum.com\/se\/wp-json\/wp\/v2\/product_tag?post=55550"},{"taxonomy":"product-tag","embeddable":true,"href":"https:\/\/www.ankarsrum.com\/se\/wp-json\/wp\/v2\/product-tag?post=55550"},{"taxonomy":"machines","embeddable":true,"href":"https:\/\/www.ankarsrum.com\/se\/wp-json\/wp\/v2\/machines?post=55550"},{"taxonomy":"filter","embeddable":true,"href":"https:\/\/www.ankarsrum.com\/se\/wp-json\/wp\/v2\/filter?post=55550"}],"curies":[{"name":"wp","href":"https:\/\/api.w.org\/{rel}","templated":true}]}}