{"id":55568,"date":"2024-10-14T14:26:59","date_gmt":"2024-10-14T12:26:59","guid":{"rendered":"https:\/\/www.ankarsrum.com\/se\/produkt\/skrapa-for-pastavals-spaghetti\/"},"modified":"2026-04-15T13:02:34","modified_gmt":"2026-04-15T11:02:34","slug":"skrapa-for-pastavals-spaghetti","status":"publish","type":"product","link":"https:\/\/www.ankarsrum.com\/se\/produkt\/skrapa-for-pastavals-spaghetti\/","title":{"rendered":"Skrapa f\u00f6r Pastavals Spaghetti"},"content":{"rendered":"","protected":false},"excerpt":{"rendered":"<p>Reservdel: skrapa f\u00f6r din Pastavals Spaghetti. Denna slitstarka skrapa \u00e4r utformad f\u00f6r att ta bort degrester och h\u00e5lla rullen ren under anv\u00e4ndning och s\u00e4kerst\u00e4ller smidig och effektiv pastatillverkning. Den \u00e4r perfekt f\u00f6r att ers\u00e4tta en borttappad eller utsliten skrapa.\u00a0<\/p>\n","protected":false},"featured_media":55565,"comment_status":"open","ping_status":"closed","template":"","meta":{"_acf_changed":false,"content-type":"","editor_notices":[]},"product_brand":[],"product_cat":[636],"product_tag":[],"product-tag":[],"machines":[],"filter":[],"class_list":{"0":"post-55568","1":"product","2":"type-product","3":"status-publish","4":"has-post-thumbnail","6":"product_cat-ankarsrum-reservdelar","8":"first","9":"instock","10":"taxable","11":"shipping-taxable","12":"purchasable","13":"product-type-simple"},"bundled_by":[],"bundle_stock_status":"instock","bundle_stock_quantity":null,"bundle_virtual":false,"bundle_layout":"","bundle_add_to_cart_form_location":"","bundle_editable_in_cart":false,"bundle_sold_individually_context":"","bundle_item_grouping":"","bundle_min_size":"","bundle_max_size":"","bundle_price":[],"bundled_items":[],"bundle_sell_ids":[],"acf":[],"_links":{"self":[{"href":"https:\/\/www.ankarsrum.com\/se\/wp-json\/wp\/v2\/product\/55568","targetHints":{"allow":["GET"]}}],"collection":[{"href":"https:\/\/www.ankarsrum.com\/se\/wp-json\/wp\/v2\/product"}],"about":[{"href":"https:\/\/www.ankarsrum.com\/se\/wp-json\/wp\/v2\/types\/product"}],"replies":[{"embeddable":true,"href":"https:\/\/www.ankarsrum.com\/se\/wp-json\/wp\/v2\/comments?post=55568"}],"wp:featuredmedia":[{"embeddable":true,"href":"https:\/\/www.ankarsrum.com\/se\/wp-json\/wp\/v2\/media\/55565"}],"wp:attachment":[{"href":"https:\/\/www.ankarsrum.com\/se\/wp-json\/wp\/v2\/media?parent=55568"}],"wp:term":[{"taxonomy":"product_brand","embeddable":true,"href":"https:\/\/www.ankarsrum.com\/se\/wp-json\/wp\/v2\/product_brand?post=55568"},{"taxonomy":"product_cat","embeddable":true,"href":"https:\/\/www.ankarsrum.com\/se\/wp-json\/wp\/v2\/product_cat?post=55568"},{"taxonomy":"product_tag","embeddable":true,"href":"https:\/\/www.ankarsrum.com\/se\/wp-json\/wp\/v2\/product_tag?post=55568"},{"taxonomy":"product-tag","embeddable":true,"href":"https:\/\/www.ankarsrum.com\/se\/wp-json\/wp\/v2\/product-tag?post=55568"},{"taxonomy":"machines","embeddable":true,"href":"https:\/\/www.ankarsrum.com\/se\/wp-json\/wp\/v2\/machines?post=55568"},{"taxonomy":"filter","embeddable":true,"href":"https:\/\/www.ankarsrum.com\/se\/wp-json\/wp\/v2\/filter?post=55568"}],"curies":[{"name":"wp","href":"https:\/\/api.w.org\/{rel}","templated":true}]}}